{"id":104,"date":"2020-05-20T13:31:48","date_gmt":"2020-05-20T13:31:48","guid":{"rendered":"https:\/\/sharkfreeapp.com\/?page_id=104"},"modified":"2024-10-02T11:48:34","modified_gmt":"2024-10-02T11:48:34","slug":"politica-de-privacidade","status":"publish","type":"page","link":"https:\/\/sharkfreeapp.com\/bs\/politica-de-privacidade\/","title":{"rendered":"Politika privatnosti"},"content":{"rendered":"<h2 class=\"wp-block-heading\">Politika privatnosti<\/h2>\n\n\n\n<p>Va\u0161a privatnost nam je va\u017ena. Politika SharkFreeApp-a je da po\u0161tuje va\u0161u privatnost u vezi sa svim informacijama koje mo\u017eemo prikupiti od vas putem na\u0161e web stranice.&nbsp;<a href=\"https:\/\/sharkfreeapp.com\/bs\/\">SharkFreeApp<\/a>, i druge web stranice koje posjedujemo i kojima upravljamo.<\/p>\n\n\n\n<p>Li\u010dne podatke tra\u017eimo samo kada su nam zaista potrebni da bismo vam pru\u017eili uslugu. Prikupljamo ih na po\u0161ten i zakonit na\u010din, uz va\u0161e znanje i pristanak. Tako\u0111er vas obavje\u0161tavamo za\u0161to ih prikupljamo i kako \u0107e se koristiti.<\/p>\n\n\n\n<p>Prikupljene podatke \u010duvamo samo onoliko dugo koliko je potrebno da bismo vam pru\u017eili tra\u017eenu uslugu. Podatke koje pohranjujemo za\u0161titit \u0107emo komercijalno prihvatljivim sredstvima kako bismo sprije\u010dili gubitak i kra\u0111u, kao i neovla\u0161teni pristup, otkrivanje, kopiranje, kori\u0161tenje ili izmjenu.<\/p>\n\n\n\n<p>Ne dijelimo nikakve li\u010dne podatke javno ili sa tre\u0107im stranama, osim kada je to zakonski obavezno.<\/p>\n\n\n\n<p>Na\u0161a web stranica mo\u017ee sadr\u017eavati linkove do vanjskih stranica kojima ne upravljamo mi. Imajte na umu da nemamo kontrolu nad sadr\u017eajem i praksama ovih stranica i ne mo\u017eemo preuzeti odgovornost za njihove odgovaraju\u0107e&nbsp;<a href=\"https:\/\/politicaprivacidade.com\/\" target=\"_BLANK\" rel=\"noopener noreferrer\">pravila o privatnosti<\/a>.<\/p>\n\n\n\n<p>Slobodni ste odbiti na\u0161 zahtjev za va\u0161im li\u010dnim podacima, uz razumijevanje da vam mo\u017eda ne\u0107emo mo\u0107i pru\u017eiti neke od \u017eeljenih usluga.<\/p>\n\n\n\n<p>Va\u0161e daljnje kori\u0161tenje na\u0161e web stranice smatrat \u0107e se prihvatanjem na\u0161ih praksi u vezi s privatno\u0161\u0107u i li\u010dnim podacima. Ako imate bilo kakvih pitanja o tome kako rukujemo korisni\u010dkim podacima i li\u010dnim podacima, slobodno nas kontaktirajte.<\/p>\n\n\n\n<h2 class=\"wp-block-heading\">Pravila o kola\u010di\u0107ima SharkFreeApp-a<\/h2>\n\n\n\n<h3 class=\"wp-block-heading\">\u0160ta su kola\u010di\u0107i?<\/h3>\n\n\n\n<p>Kao \u0161to je uobi\u010dajena praksa kod gotovo svih profesionalnih web stranica, ova stranica koristi kola\u010di\u0107e, male datoteke koje se preuzimaju na va\u0161 ra\u010dunar, kako bi pobolj\u0161ale va\u0161e iskustvo. Ova stranica opisuje koje informacije prikupljaju, kako ih koristimo i za\u0161to ponekad trebamo pohranjivati ove kola\u010di\u0107e. Tako\u0111er \u0107emo podijeliti kako mo\u017eete sprije\u010diti pohranjivanje ovih kola\u010di\u0107a, me\u0111utim, to mo\u017ee umanjiti ili &quot;pokvariti&quot; odre\u0111ene elemente funkcionalnosti stranice.<\/p>\n\n\n\n<h3 class=\"wp-block-heading\">Kako koristimo kola\u010di\u0107e?<\/h3>\n\n\n\n<p>Kola\u010di\u0107e koristimo iz razli\u010ditih razloga koji su detaljno opisani u nastavku. Na\u017ealost, u ve\u0107ini slu\u010dajeva ne postoje standardne opcije u industriji za onemogu\u0107avanje kola\u010di\u0107a bez potpunog onemogu\u0107avanja funkcionalnosti i zna\u010dajki koje dodaju ovoj stranici. Preporu\u010duje se da ostavite sve kola\u010di\u0107e uklju\u010dene ako niste sigurni trebaju li vam ili ne, u slu\u010daju da se koriste za pru\u017eanje usluge koju koristite.<\/p>\n\n\n\n<h3 class=\"wp-block-heading\">Onemogu\u0107i kola\u010di\u0107e<\/h3>\n\n\n\n<p>Postavljanje kola\u010di\u0107a mo\u017eete sprije\u010diti pode\u0161avanjem postavki u va\u0161em pregledniku (pogledajte Pomo\u0107 za va\u0161 preglednik za upute). Imajte na umu da \u0107e onemogu\u0107avanje kola\u010di\u0107a utjecati na funkcionalnost ove i mnogih drugih web stranica koje posje\u0107ujete. Onemogu\u0107avanje kola\u010di\u0107a obi\u010dno \u0107e rezultirati i onemogu\u0107avanjem odre\u0111enih funkcionalnosti i zna\u010dajki ove stranice. Stoga se preporu\u010duje da ne onemogu\u0107avate kola\u010di\u0107e.<\/p>\n\n\n\n<h3 class=\"wp-block-heading\">Kola\u010di\u0107i koje postavljamo<\/h3>\n\n\n\n<ul>\n<li>Kola\u010di\u0107i povezani s ra\u010dunomAko kreirate ra\u010dun kod nas, koristit \u0107emo kola\u010di\u0107e za upravljanje procesom registracije i op\u0107u administraciju. Ovi kola\u010di\u0107i \u0107e se obi\u010dno izbrisati kada se odjavite, me\u0111utim u nekim slu\u010dajevima mogu ostati i nakon toga kako bi zapamtili va\u0161e postavke web-mjesta kada se odjavite.<\/li>\n\n\n\n<li>Kola\u010di\u0107i povezani s prijavomKoristimo kola\u010di\u0107e kada ste prijavljeni kako bismo zapamtili ovu \u010dinjenicu. Ovo vas sprje\u010dava da se morate prijavljivati svaki put kada posjetite novu stranicu. Ovi kola\u010di\u0107i se obi\u010dno uklanjaju ili bri\u0161u kada se odjavite kako biste mogli pristupiti samo ograni\u010denim funkcijama i podru\u010djima kada ste prijavljeni.<\/li>\n\n\n\n<li>Kola\u010di\u0107i povezani s e-mail biltenima Ova stranica nudi usluge pretplate na bilten ili e-po\u0161tu, a kola\u010di\u0107i se mogu koristiti za pam\u0107enje da li ste ve\u0107 registrovani i da li da prikazuje odre\u0111ene obavijesti koje mogu biti va\u017ee\u0107e samo za pretpla\u0107ene\/nepretpla\u0107ene korisnike.<\/li>\n\n\n\n<li>Kola\u010di\u0107i vezani za obradu narud\u017ebiOva stranica nudi usluge e-trgovine ili pla\u0107anja, a neki kola\u010di\u0107i su neophodni kako bismo osigurali da se va\u0161a narud\u017eba zapamti izme\u0111u stranica kako bismo je mogli pravilno obraditi.<\/li>\n\n\n\n<li>Kola\u010di\u0107i povezani s anketamaPovremeno nudimo ankete i upitnike kako bismo vam pru\u017eili zanimljive uvide, korisne alate ili preciznije razumjeli na\u0161u korisni\u010dku bazu. Ove ankete mogu koristiti kola\u010di\u0107e kako bi zapamtile ko je ve\u0107 u\u010destvovao u anketi ili kako bi vam pru\u017eile ta\u010dne rezultate nakon \u0161to promijenite stranice.<\/li>\n\n\n\n<li>Kola\u010di\u0107i povezani s obrascima Kada \u0161aljete podatke putem obrasca kao \u0161to su oni koji se nalaze na stranicama za kontakt ili obrascima za komentare, kola\u010di\u0107i se mogu postaviti tako da pamte va\u0161e korisni\u010dke podatke za budu\u0107u korespondenciju.<\/li>\n\n\n\n<li>Kola\u010di\u0107i postavki straniceKako bismo vam pru\u017eili odli\u010dno iskustvo na ovoj stranici, pru\u017eamo funkcionalnost za postavljanje va\u0161ih postavki o tome kako ova stranica funkcionira kada je koristite. Kako bismo zapamtili va\u0161e postavke, moramo postaviti kola\u010di\u0107e kako bi se ove informacije mogle pozvati kad god komunicirate sa stranicom na koju utje\u010du va\u0161e postavke.<\/li>\n<\/ul>\n\n\n\n<h3 class=\"wp-block-heading\">Kola\u010di\u0107i tre\u0107ih strana<\/h3>\n\n\n\n<p>U nekim posebnim slu\u010dajevima koristimo i kola\u010di\u0107e koje pru\u017eaju pouzdane tre\u0107e strane. U sljede\u0107em odjeljku detaljno je opisano na koje kola\u010di\u0107e tre\u0107ih strana mo\u017eete nai\u0107i putem ove stranice.<\/p>\n\n\n\n<ul>\n<li>Ova stranica koristi Google Analytics, jedno od najra\u0161irenijih i najpouzdanijih analiti\u010dkih rje\u0161enja na webu koje nam poma\u017ee da razumijemo kako koristite stranicu i na\u010dine na koje mo\u017eemo pobolj\u0161ati va\u0161e iskustvo. Ovi kola\u010di\u0107i mogu pratiti stvari poput vremena koje provodite na stranici i stranica koje posje\u0107ujete kako bismo mogli nastaviti proizvoditi zanimljiv sadr\u017eaj.<\/li>\n<\/ul>\n\n\n\n<p>Za vi\u0161e informacija o kola\u010di\u0107ima Google Analyticsa, pogledajte slu\u017ebenu stranicu Google Analyticsa.<\/p>\n\n\n\n<ul>\n<li>Analitika tre\u0107ih strana koristi se za pra\u0107enje i mjerenje kori\u0161tenja ove stranice kako bismo mogli nastaviti s kreiranjem zanimljivog sadr\u017eaja. Ovi kola\u010di\u0107i mogu pratiti stvari poput vremena koje provodite na stranici ili stranica koje posje\u0107ujete, \u0161to nam poma\u017ee da shvatimo kako mo\u017eemo pobolj\u0161ati stranicu za vas.<\/li>\n\n\n\n<li>S vremena na vrijeme testiramo nove funkcije i uvodimo suptilne promjene u na\u010dinu na koji se stranica pru\u017ea. Dok jo\u0161 uvijek testiramo nove funkcije, ovi kola\u010di\u0107i se mogu koristiti kako bismo osigurali da imate dosljedno iskustvo dok ste na stranici, a istovremeno osigurali da razumijemo koje optimizacije na\u0161i korisnici najvi\u0161e cijene.<\/li>\n\n\n\n<li>Budu\u0107i da prodajemo proizvode, va\u017eno nam je da razumijemo statistiku o tome koliko posjetilaca na\u0161e stranice zapravo izvr\u0161i kupovinu i kao takvi, to su podaci koje \u0107e ovi kola\u010di\u0107i pratiti. Ovo je va\u017eno za vas jer zna\u010di da mo\u017eemo precizno praviti poslovna predvi\u0111anja koja nam omogu\u0107avaju pra\u0107enje tro\u0161kova ogla\u0161avanja i proizvoda kako bismo osigurali najbolju mogu\u0107u cijenu.<\/li>\n\n\n\n<li>Usluga Google AdSense koju koristimo za prikazivanje oglasa koristi DoubleClick kola\u010di\u0107 kako bi prikazivala relevantnije oglase na webu i ograni\u010dila broj prikazivanja odre\u0111enog oglasa.<br>Za vi\u0161e informacija o Google AdSenseu, pogledajte slu\u017ebena \u010cesto postavljana pitanja o privatnosti za Google AdSense.<\/li>\n\n\n\n<li>Koristimo oglase kako bismo pokrili tro\u0161kove odr\u017eavanja ove stranice i osigurali finansiranje za daljnji razvoj. Kola\u010di\u0107i za bihevioralno ogla\u0161avanje koje koristi ova stranica osmi\u0161ljeni su kako bismo vam osigurali najrelevantnije oglase gdje je to mogu\u0107e anonimnim pra\u0107enjem va\u0161ih interesa i predstavljanjem sli\u010dnih stvari koje bi vas mogle zanimati.<\/li>\n\n\n\n<li>Nekoliko partnera se ogla\u0161ava u na\u0161e ime, a kola\u010di\u0107i za pra\u0107enje pridru\u017eenih partnera nam jednostavno omogu\u0107avaju da vidimo jesu li na\u0161i kupci do\u0161li na stranicu putem neke od partnerskih stranica kako bismo ih mogli na odgovaraju\u0107i na\u010din kreditirati i, gdje je to primjenjivo, omogu\u0107iti na\u0161im pridru\u017eenim partnerima da vam daju bilo kakav bonus koji vam mogu dati za kupovinu.<\/li>\n<\/ul>\n\n\n\n<h3 class=\"wp-block-heading\">Vi\u0161e informacija<\/h3>\n\n\n\n<p>Nadam se da vam je ovo razjasnilo stvari i, kao \u0161to je prethodno spomenuto, ako postoji ne\u0161to za \u0161to niste sigurni da li vam je potrebno ili ne, obi\u010dno je sigurnije ostaviti kola\u010di\u0107e omogu\u0107ene u slu\u010daju da to uti\u010de na neku od funkcija koje koristite na na\u0161oj web stranici.<\/p>\n\n\n\n<p>Ova politika stupa na snagu od&nbsp;<strong>Maj<\/strong>\/<strong>2020<\/strong>.<\/p>","protected":false},"excerpt":{"rendered":"<p>Pol\u00edtica Privacidade A sua privacidade \u00e9 importante para n\u00f3s. \u00c9 pol\u00edtica do SharkFreeApp respeitar a sua privacidade em rela\u00e7\u00e3o a [&hellip;]<\/p>","protected":false},"author":97,"featured_media":0,"parent":0,"menu_order":0,"comment_status":"closed","ping_status":"closed","template":"","meta":{"_uag_custom_page_level_css":"","site-sidebar-layout":"default","site-content-layout":"","ast-site-content-layout":"","site-content-style":"default","site-sidebar-style":"default","ast-global-header-display":"","ast-banner-title-visibility":"","ast-main-header-display":"","ast-hfb-above-header-display":"","ast-hfb-below-header-display":"","ast-hfb-mobile-header-display":"","site-post-title":"","ast-breadcrumbs-content":"","ast-featured-img":"","footer-sml-layout":"","theme-transparent-header-meta":"","adv-header-id-meta":"","stick-header-meta":"","header-above-stick-meta":"","header-main-stick-meta":"","header-below-stick-meta":"","astra-migrate-meta-layouts":"default","ast-page-background-enabled":"default","ast-page-background-meta":{"desktop":{"background-color":"var(--ast-global-color-4)","background-image":"","background-repeat":"repeat","background-position":"center center","background-size":"auto","background-attachment":"scroll","background-type":"","background-media":"","overlay-type":"","overlay-color":"","overlay-opacity":"","overlay-gradient":""},"tablet":{"background-color":"","background-image":"","background-repeat":"repeat","background-position":"center center","background-size":"auto","background-attachment":"scroll","background-type":"","background-media":"","overlay-type":"","overlay-color":"","overlay-opacity":"","overlay-gradient":""},"mobile":{"background-color":"","background-image":"","background-repeat":"repeat","background-position":"center center","background-size":"auto","background-attachment":"scroll","background-type":"","background-media":"","overlay-type":"","overlay-color":"","overlay-opacity":"","overlay-gradient":""}},"ast-content-background-meta":{"desktop":{"background-color":"var(--ast-global-color-5)","background-image":"","background-repeat":"repeat","background-position":"center center","background-size":"auto","background-attachment":"scroll","background-type":"","background-media":"","overlay-type":"","overlay-color":"","overlay-opacity":"","overlay-gradient":""},"tablet":{"background-color":"var(--ast-global-color-5)","background-image":"","background-repeat":"repeat","background-position":"center center","background-size":"auto","background-attachment":"scroll","background-type":"","background-media":"","overlay-type":"","overlay-color":"","overlay-opacity":"","overlay-gradient":""},"mobile":{"background-color":"var(--ast-global-color-5)","background-image":"","background-repeat":"repeat","background-position":"center center","background-size":"auto","background-attachment":"scroll","background-type":"","background-media":"","overlay-type":"","overlay-color":"","overlay-opacity":"","overlay-gradient":""}},"footnotes":""},"yoast_head":"<!-- This site is optimized with the Yoast SEO Premium plugin v18.7 (Yoast SEO v23.3) - https:\/\/yoast.com\/wordpress\/plugins\/seo\/ -->\n<title>Pol\u00edtica de Privacidade - Shark Free App<\/title>\n<meta name=\"robots\" content=\"index, follow, max-snippet:-1, max-image-preview:large, max-video-preview:-1\" \/>\n<link rel=\"canonical\" href=\"https:\/\/sharkfreeapp.com\/bs\/politica-de-privacidade\/\" \/>\n<meta property=\"og:locale\" content=\"bs_BA\" \/>\n<meta property=\"og:type\" content=\"article\" \/>\n<meta property=\"og:title\" content=\"Pol\u00edtica de Privacidade\" \/>\n<meta property=\"og:description\" content=\"Pol\u00edtica Privacidade A sua privacidade \u00e9 importante para n\u00f3s. \u00c9 pol\u00edtica do SharkFreeApp respeitar a sua privacidade em rela\u00e7\u00e3o a [&hellip;]\" \/>\n<meta property=\"og:url\" content=\"https:\/\/sharkfreeapp.com\/bs\/politica-de-privacidade\/\" \/>\n<meta property=\"og:site_name\" content=\"Shark Free App\" \/>\n<meta property=\"article:modified_time\" content=\"2024-10-02T11:48:34+00:00\" \/>\n<meta name=\"twitter:card\" content=\"summary_large_image\" \/>\n<meta name=\"twitter:label1\" content=\"Est. reading time\" \/>\n\t<meta name=\"twitter:data1\" content=\"6 minuta\" \/>\n<script type=\"application\/ld+json\" class=\"yoast-schema-graph\">{\"@context\":\"https:\/\/schema.org\",\"@graph\":[{\"@type\":\"WebPage\",\"@id\":\"https:\/\/sharkfreeapp.com\/politica-de-privacidade\/\",\"url\":\"https:\/\/sharkfreeapp.com\/politica-de-privacidade\/\",\"name\":\"Pol\u00edtica de Privacidade - Shark Free App\",\"isPartOf\":{\"@id\":\"https:\/\/sharkfreeapp.com\/#website\"},\"datePublished\":\"2020-05-20T13:31:48+00:00\",\"dateModified\":\"2024-10-02T11:48:34+00:00\",\"breadcrumb\":{\"@id\":\"https:\/\/sharkfreeapp.com\/politica-de-privacidade\/#breadcrumb\"},\"inLanguage\":\"bs-BA\",\"potentialAction\":[{\"@type\":\"ReadAction\",\"target\":[\"https:\/\/sharkfreeapp.com\/politica-de-privacidade\/\"]}]},{\"@type\":\"BreadcrumbList\",\"@id\":\"https:\/\/sharkfreeapp.com\/politica-de-privacidade\/#breadcrumb\",\"itemListElement\":[{\"@type\":\"ListItem\",\"position\":1,\"name\":\"Home\",\"item\":\"https:\/\/sharkfreeapp.com\/\"},{\"@type\":\"ListItem\",\"position\":2,\"name\":\"Pol\u00edtica de Privacidade\"}]},{\"@type\":\"WebSite\",\"@id\":\"https:\/\/sharkfreeapp.com\/#website\",\"url\":\"https:\/\/sharkfreeapp.com\/\",\"name\":\"Shark Free App\",\"description\":\"\",\"publisher\":{\"@id\":\"https:\/\/sharkfreeapp.com\/#organization\"},\"potentialAction\":[{\"@type\":\"SearchAction\",\"target\":{\"@type\":\"EntryPoint\",\"urlTemplate\":\"https:\/\/sharkfreeapp.com\/?s={search_term_string}\"},\"query-input\":\"required name=search_term_string\"}],\"inLanguage\":\"bs-BA\"},{\"@type\":\"Organization\",\"@id\":\"https:\/\/sharkfreeapp.com\/#organization\",\"name\":\"Shark Free App\",\"url\":\"https:\/\/sharkfreeapp.com\/\",\"logo\":{\"@type\":\"ImageObject\",\"inLanguage\":\"bs-BA\",\"@id\":\"https:\/\/sharkfreeapp.com\/#\/schema\/logo\/image\/\",\"url\":\"https:\/\/sharkfreeapp.com\/wp-content\/uploads\/sites\/99\/2023\/10\/cropped-Shark-Free-App-Logo_600px.png\",\"contentUrl\":\"https:\/\/sharkfreeapp.com\/wp-content\/uploads\/sites\/99\/2023\/10\/cropped-Shark-Free-App-Logo_600px.png\",\"width\":600,\"height\":208,\"caption\":\"Shark Free App\"},\"image\":{\"@id\":\"https:\/\/sharkfreeapp.com\/#\/schema\/logo\/image\/\"}}]}<\/script>\n<!-- \/ Yoast SEO Premium plugin. -->","yoast_head_json":{"title":"Pol\u00edtica de Privacidade - Shark Free App","robots":{"index":"index","follow":"follow","max-snippet":"max-snippet:-1","max-image-preview":"max-image-preview:large","max-video-preview":"max-video-preview:-1"},"canonical":"https:\/\/sharkfreeapp.com\/bs\/politica-de-privacidade\/","og_locale":"bs_BA","og_type":"article","og_title":"Pol\u00edtica de Privacidade","og_description":"Pol\u00edtica Privacidade A sua privacidade \u00e9 importante para n\u00f3s. \u00c9 pol\u00edtica do SharkFreeApp respeitar a sua privacidade em rela\u00e7\u00e3o a [&hellip;]","og_url":"https:\/\/sharkfreeapp.com\/bs\/politica-de-privacidade\/","og_site_name":"Shark Free App","article_modified_time":"2024-10-02T11:48:34+00:00","twitter_card":"summary_large_image","twitter_misc":{"Est. reading time":"6 minuta"},"schema":{"@context":"https:\/\/schema.org","@graph":[{"@type":"WebPage","@id":"https:\/\/sharkfreeapp.com\/politica-de-privacidade\/","url":"https:\/\/sharkfreeapp.com\/politica-de-privacidade\/","name":"Pol\u00edtica de Privacidade - Shark Free App","isPartOf":{"@id":"https:\/\/sharkfreeapp.com\/#website"},"datePublished":"2020-05-20T13:31:48+00:00","dateModified":"2024-10-02T11:48:34+00:00","breadcrumb":{"@id":"https:\/\/sharkfreeapp.com\/politica-de-privacidade\/#breadcrumb"},"inLanguage":"bs-BA","potentialAction":[{"@type":"ReadAction","target":["https:\/\/sharkfreeapp.com\/politica-de-privacidade\/"]}]},{"@type":"BreadcrumbList","@id":"https:\/\/sharkfreeapp.com\/politica-de-privacidade\/#breadcrumb","itemListElement":[{"@type":"ListItem","position":1,"name":"Home","item":"https:\/\/sharkfreeapp.com\/"},{"@type":"ListItem","position":2,"name":"Pol\u00edtica de Privacidade"}]},{"@type":"WebSite","@id":"https:\/\/sharkfreeapp.com\/#website","url":"https:\/\/sharkfreeapp.com\/","name":"Shark Free App","description":"","publisher":{"@id":"https:\/\/sharkfreeapp.com\/#organization"},"potentialAction":[{"@type":"SearchAction","target":{"@type":"EntryPoint","urlTemplate":"https:\/\/sharkfreeapp.com\/?s={search_term_string}"},"query-input":"required name=search_term_string"}],"inLanguage":"bs-BA"},{"@type":"Organization","@id":"https:\/\/sharkfreeapp.com\/#organization","name":"Shark Free App","url":"https:\/\/sharkfreeapp.com\/","logo":{"@type":"ImageObject","inLanguage":"bs-BA","@id":"https:\/\/sharkfreeapp.com\/#\/schema\/logo\/image\/","url":"https:\/\/sharkfreeapp.com\/wp-content\/uploads\/sites\/99\/2023\/10\/cropped-Shark-Free-App-Logo_600px.png","contentUrl":"https:\/\/sharkfreeapp.com\/wp-content\/uploads\/sites\/99\/2023\/10\/cropped-Shark-Free-App-Logo_600px.png","width":600,"height":208,"caption":"Shark Free App"},"image":{"@id":"https:\/\/sharkfreeapp.com\/#\/schema\/logo\/image\/"}}]}},"uagb_featured_image_src":{"full":false,"thumbnail":false,"medium":false,"medium_large":false,"large":false,"1536x1536":false,"2048x2048":false,"trp-custom-language-flag":false},"uagb_author_info":{"display_name":"pedrosantosfirefe","author_link":"https:\/\/sharkfreeapp.com\/bs\/author\/pedrosantosfirefe\/"},"uagb_comment_info":0,"uagb_excerpt":"Pol\u00edtica Privacidade A sua privacidade \u00e9 importante para n\u00f3s. \u00c9 pol\u00edtica do SharkFreeApp respeitar a sua privacidade em rela\u00e7\u00e3o a [&hellip;]","_links":{"self":[{"href":"https:\/\/sharkfreeapp.com\/bs\/wp-json\/wp\/v2\/pages\/104"}],"collection":[{"href":"https:\/\/sharkfreeapp.com\/bs\/wp-json\/wp\/v2\/pages"}],"about":[{"href":"https:\/\/sharkfreeapp.com\/bs\/wp-json\/wp\/v2\/types\/page"}],"author":[{"embeddable":true,"href":"https:\/\/sharkfreeapp.com\/bs\/wp-json\/wp\/v2\/users\/97"}],"replies":[{"embeddable":true,"href":"https:\/\/sharkfreeapp.com\/bs\/wp-json\/wp\/v2\/comments?post=104"}],"version-history":[{"count":2,"href":"https:\/\/sharkfreeapp.com\/bs\/wp-json\/wp\/v2\/pages\/104\/revisions"}],"predecessor-version":[{"id":29029,"href":"https:\/\/sharkfreeapp.com\/bs\/wp-json\/wp\/v2\/pages\/104\/revisions\/29029"}],"wp:attachment":[{"href":"https:\/\/sharkfreeapp.com\/bs\/wp-json\/wp\/v2\/media?parent=104"}],"curies":[{"name":"wp","href":"https:\/\/api.w.org\/{rel}","templated":true}]}}