{"id":23919,"date":"2023-10-25T14:14:58","date_gmt":"2023-10-25T17:14:58","guid":{"rendered":"https:\/\/sharkfreeapp.com\/?page_id=23919"},"modified":"2024-10-01T11:49:18","modified_gmt":"2024-10-01T11:49:18","slug":"sobre-nos","status":"publish","type":"page","link":"https:\/\/sharkfreeapp.com\/bs\/sobre-nos\/","title":{"rendered":"O nama"},"content":{"rendered":"<div class=\"is-style-default wp-block-site-logo\"><a href=\"https:\/\/sharkfreeapp.com\/bs\/\" class=\"custom-logo-link\" rel=\"home\"><img loading=\"lazy\" decoding=\"async\" width=\"500\" height=\"173\" src=\"https:\/\/sharkfreeapp.com\/wp-content\/uploads\/sites\/99\/2023\/10\/cropped-Shark-Free-App-Logo_600px.png\" class=\"custom-logo\" alt=\"Shark Free App\" srcset=\"https:\/\/sharkfreeapp.com\/wp-content\/uploads\/sites\/99\/2023\/10\/cropped-Shark-Free-App-Logo_600px.png 600w, https:\/\/sharkfreeapp.com\/wp-content\/uploads\/sites\/99\/2023\/10\/cropped-Shark-Free-App-Logo_600px-300x104.png 300w, https:\/\/sharkfreeapp.com\/wp-content\/uploads\/sites\/99\/2023\/10\/cropped-Shark-Free-App-Logo_600px-18x6.png 18w\" sizes=\"(max-width: 500px) 100vw, 500px\" \/><\/a><\/div>\n\n\n<h2 class=\"wp-block-heading\">Malo o nama<\/h2>\n\n\n\n<p>Shark Free App je vi\u0161e od obi\u010dne informativne web stranice o tehnologiji, aplikacijama, igrama i svakodnevnim zanimljivostima. Mi smo pouzdan i sveobuhvatan izvor znanja, osmi\u0161ljen da vam pomogne da istra\u017eite i razumijete svijet tehnologije na pristupa\u010dan i pou\u010dan na\u010din.<\/p>\n\n\n\n<p>U svijetu u kojem tehnologija igra sve va\u017eniju ulogu u na\u0161im \u017eivotima, klju\u010dno je ostati informiran i u toku s najnovijim informacijama. Shark Free App posve\u0107en je pru\u017eanju ta\u010dnih i relevantnih informacija o temama koje su najva\u017enije, od najnovijih mobilnih trendova do savjeta i trikova za optimizaciju va\u0161eg tehnolo\u0161kog iskustva.<\/p>\n\n\n\n<p>Na\u0161 glavni fokus je pru\u017eiti vam kvalitetan i vrijedan sadr\u017eaj, a to radimo korak-po-korak pristupom. Dok istra\u017eujete na\u0161u web stranicu, prona\u0107i \u0107ete detaljne tutorijale koji vas vode kroz svaki korak, osiguravaju\u0107i da mo\u017eete lako pratiti \u010dak i ako ste po\u010detnik. Ovdje smo da demistificiramo tehnologiju i osiguramo da svi mogu izvu\u0107i maksimum iz nje.<\/p>\n\n\n\n<p>Tehnologija: Tehnologija se stalno razvija, a mi smo posve\u0107eni tome da vas obavje\u0161tavamo o najnovijim inovacijama. Bilo da se radi o novom pametnom telefonu, proboju u vje\u0161ta\u010dkoj inteligenciji ili a\u017euriranju softvera, pru\u017eamo detaljnu analizu i uvid u najnovije tehnologije. To vam omogu\u0107ava da donosite informirane odluke pri odabiru ure\u0111aja i usluga.<\/p>\n\n\n\n<p>Aplikacije: Aplikacije su fundamentalni dio na\u0161ih mobilnih ure\u0111aja i na\u010dina na koji komuniciramo s tehnologijom. Na Shark Free App-u prona\u0107i \u0107ete detaljne recenzije popularnih aplikacija, preporuke za korisne alate i vodi\u010de o tome kako efikasno koristiti aplikacije. Bez obzira da li ste korisnik Androida ili iOS-a, tu smo da vam pomognemo da prona\u0111ete najbolje aplikacije za va\u0161e potrebe.<\/p>\n\n\n\n<p>Igre: Igre su zabavan oblik zabave i industrija u stalnom rastu. Recenziramo igre na svim platformama, od konzola do mobilnih ure\u0111aja. Bilo da tra\u017eite preporuke za igre, savjete za igranje ili informacije o najnovijim izdanjima, sve to i vi\u0161e prona\u0107i \u0107ete na na\u0161oj stranici.<\/p>\n\n\n\n<p>Svakodnevne zabavne \u010dinjenice: Tehnologija nije jedina stvar koja \u010dini svijet zanimljivim. Na\u0161a stranica tako\u0111er istra\u017euje razne svakodnevne zabavne \u010dinjenice, od intrigantnih \u010dinjenica o svemiru do prakti\u010dnih savjeta koji \u0107e vam olak\u0161ati \u017eivot. Cilj nam je da vas zabavimo i informiramo o svim aspektima \u017eivota.<\/p>\n\n\n\n<p>Na\u0161i tutorijali: Na\u0161i tutorijali su sr\u017e besplatne aplikacije Shark. Svaki vodi\u010d korak po korak izra\u0111en je s pa\u017enjom i posve\u0107eno\u0161\u0107u detaljima. Oni ne samo da obja\u0161njavaju kako ne\u0161to uraditi, ve\u0107 i za\u0161to stoji iza svakog koraka. Ovo vam poma\u017ee da u potpunosti razumijete uklju\u010dene procese i koncepte. Osim toga, otvoreni smo za prijedloge tutorijala, tako da ako imate bilo kakvih konkretnih pitanja ili zahtjeva, slobodno nam se obratite.<\/p>\n\n\n\n<p>Na\u0161a posve\u0107enost zajednici: U Shark Free App-u cijenimo zajednicu \u010ditalaca koji nas podr\u017eavaju. Neprestano tra\u017eimo povratne informacije i prijedloge za pobolj\u0161anje na\u0161eg sadr\u017eaja i usluga. Ako imate bilo kakvih pitanja, komentara ili ideja, voljeli bismo \u010duti od vas. Va\u0161 glas nam je va\u017ean.<\/p>\n\n\n\n<p>Ukratko, Shark Free App je pouzdan i informativan izvor za sve \u0161to je vezano za tehnologiju, aplikacije, igre i svakodnevne zanimljivosti. Na\u0161a misija je da vas osna\u017eimo znanjem, poma\u017eu\u0107i vam da maksimalno iskoristite svoje tehnolo\u0161ko putovanje. Istra\u017eite na\u0161u web stranicu, otkrijte na\u0161e detaljne tutorijale i budite u toku s najnovijim tehnolo\u0161kim vijestima i trendovima. Pridru\u017eite se na\u0161oj zajednici i krenite na ovo uzbudljivo putovanje tehnolo\u0161kih otkri\u0107a. Ovdje smo da tehnologiju u\u010dinimo dostupnom svima.<\/p>\n\n\n\n<h2 class=\"wp-block-heading\">Imate li jo\u0161 pitanja?<\/h2>\n\n\n\n<h2 class=\"wp-block-heading\">Evo nekoliko odgovora na \u010desto postavljana pitanja.<\/h2>\n\n\n\n<p><a>Je li sav sadr\u017eaj besplatan?<\/a><\/p>\n\n\n\n<p>Da, i uvijek \u0107e biti! Na\u0161a misija je da posjetiocima na\u0161e web stranice pru\u017eimo besplatan i kvalitetan sadr\u017eaj.<\/p>\n\n\n\n<p><a>Kako kontaktirati stranicu?<\/a><\/p>\n\n\n\n<p>Mo\u017eete nas kontaktirati putem na\u0161e kontakt stranice:&nbsp;<b><u><a href=\"https:\/\/sharkfreeapp.com\/bs\/contato\/\">https:\/\/sharkfreeapp.com\/contato\/<\/a><\/u><\/b><\/p>\n\n\n\n<p><a>Kako funkcioni\u0161e na\u0161 rad?<\/a><\/p>\n\n\n\n<p>Na\u0161 tim se sastoji od ljudi koji vole istra\u017eivati tehnologiju, igre, zanimljivosti i aktuelne doga\u0111aje op\u0107enito. Sav sadr\u017eaj dostupan na stranici je besplatan i uvijek \u0107e biti! A kako bismo pru\u017eili ovu besplatnu uslugu, na\u0161a stranica pru\u017ea odre\u0111eni prostor ogla\u0161iva\u010dima za ogla\u0161avanje njihovih proizvoda.<\/p>\n\n\n\n<p><a>Je li stranica pouzdana? <\/a><\/p>\n\n\n\n<p>Da! Na\u0161a web stranica ima svu potrebnu tehnologiju za sigurnost na\u0161ih korisnika. Iako se ovdje objavljuju informacije, sve se provjeravaju prije objave.<\/p>","protected":false},"excerpt":{"rendered":"<p>Um Pouco Sobre N\u00f3s O Shark Free App \u00e9 mais do que apenas um site informativo sobre tecnologia, aplicativos, games [&hellip;]<\/p>","protected":false},"author":97,"featured_media":0,"parent":0,"menu_order":0,"comment_status":"closed","ping_status":"closed","template":"page-nosidebar.php","meta":{"_uag_custom_page_level_css":"","site-sidebar-layout":"default","site-content-layout":"","ast-site-content-layout":"","site-content-style":"default","site-sidebar-style":"default","ast-global-header-display":"","ast-banner-title-visibility":"","ast-main-header-display":"","ast-hfb-above-header-display":"","ast-hfb-below-header-display":"","ast-hfb-mobile-header-display":"","site-post-title":"","ast-breadcrumbs-content":"","ast-featured-img":"","footer-sml-layout":"","theme-transparent-header-meta":"","adv-header-id-meta":"","stick-header-meta":"","header-above-stick-meta":"","header-main-stick-meta":"","header-below-stick-meta":"","astra-migrate-meta-layouts":"default","ast-page-background-enabled":"default","ast-page-background-meta":{"desktop":{"background-color":"var(--ast-global-color-4)","background-image":"","background-repeat":"repeat","background-position":"center center","background-size":"auto","background-attachment":"scroll","background-type":"","background-media":"","overlay-type":"","overlay-color":"","overlay-opacity":"","overlay-gradient":""},"tablet":{"background-color":"","background-image":"","background-repeat":"repeat","background-position":"center center","background-size":"auto","background-attachment":"scroll","background-type":"","background-media":"","overlay-type":"","overlay-color":"","overlay-opacity":"","overlay-gradient":""},"mobile":{"background-color":"","background-image":"","background-repeat":"repeat","background-position":"center center","background-size":"auto","background-attachment":"scroll","background-type":"","background-media":"","overlay-type":"","overlay-color":"","overlay-opacity":"","overlay-gradient":""}},"ast-content-background-meta":{"desktop":{"background-color":"var(--ast-global-color-5)","background-image":"","background-repeat":"repeat","background-position":"center center","background-size":"auto","background-attachment":"scroll","background-type":"","background-media":"","overlay-type":"","overlay-color":"","overlay-opacity":"","overlay-gradient":""},"tablet":{"background-color":"var(--ast-global-color-5)","background-image":"","background-repeat":"repeat","background-position":"center center","background-size":"auto","background-attachment":"scroll","background-type":"","background-media":"","overlay-type":"","overlay-color":"","overlay-opacity":"","overlay-gradient":""},"mobile":{"background-color":"var(--ast-global-color-5)","background-image":"","background-repeat":"repeat","background-position":"center center","background-size":"auto","background-attachment":"scroll","background-type":"","background-media":"","overlay-type":"","overlay-color":"","overlay-opacity":"","overlay-gradient":""}},"footnotes":""},"yoast_head":"<!-- This site is optimized with the Yoast SEO Premium plugin v18.7 (Yoast SEO v23.3) - https:\/\/yoast.com\/wordpress\/plugins\/seo\/ -->\n<title>Sobre N\u00f3s - Shark Free App<\/title>\n<meta name=\"robots\" content=\"index, follow, max-snippet:-1, max-image-preview:large, max-video-preview:-1\" \/>\n<link rel=\"canonical\" href=\"https:\/\/sharkfreeapp.com\/bs\/sobre-nos\/\" \/>\n<meta property=\"og:locale\" content=\"bs_BA\" \/>\n<meta property=\"og:type\" content=\"article\" \/>\n<meta property=\"og:title\" content=\"Sobre N\u00f3s\" \/>\n<meta property=\"og:description\" content=\"Um Pouco Sobre N\u00f3s O Shark Free App \u00e9 mais do que apenas um site informativo sobre tecnologia, aplicativos, games [&hellip;]\" \/>\n<meta property=\"og:url\" content=\"https:\/\/sharkfreeapp.com\/bs\/sobre-nos\/\" \/>\n<meta property=\"og:site_name\" content=\"Shark Free App\" \/>\n<meta property=\"article:modified_time\" content=\"2024-10-01T11:49:18+00:00\" \/>\n<meta name=\"twitter:card\" content=\"summary_large_image\" \/>\n<meta name=\"twitter:label1\" content=\"Est. reading time\" \/>\n\t<meta name=\"twitter:data1\" content=\"4 minute\" \/>\n<script type=\"application\/ld+json\" class=\"yoast-schema-graph\">{\"@context\":\"https:\/\/schema.org\",\"@graph\":[{\"@type\":\"WebPage\",\"@id\":\"https:\/\/sharkfreeapp.com\/sobre-nos\/\",\"url\":\"https:\/\/sharkfreeapp.com\/sobre-nos\/\",\"name\":\"Sobre N\u00f3s - Shark Free App\",\"isPartOf\":{\"@id\":\"https:\/\/sharkfreeapp.com\/#website\"},\"datePublished\":\"2023-10-25T17:14:58+00:00\",\"dateModified\":\"2024-10-01T11:49:18+00:00\",\"breadcrumb\":{\"@id\":\"https:\/\/sharkfreeapp.com\/sobre-nos\/#breadcrumb\"},\"inLanguage\":\"bs-BA\",\"potentialAction\":[{\"@type\":\"ReadAction\",\"target\":[\"https:\/\/sharkfreeapp.com\/sobre-nos\/\"]}]},{\"@type\":\"BreadcrumbList\",\"@id\":\"https:\/\/sharkfreeapp.com\/sobre-nos\/#breadcrumb\",\"itemListElement\":[{\"@type\":\"ListItem\",\"position\":1,\"name\":\"Home\",\"item\":\"https:\/\/sharkfreeapp.com\/\"},{\"@type\":\"ListItem\",\"position\":2,\"name\":\"Sobre N\u00f3s\"}]},{\"@type\":\"WebSite\",\"@id\":\"https:\/\/sharkfreeapp.com\/#website\",\"url\":\"https:\/\/sharkfreeapp.com\/\",\"name\":\"Shark Free App\",\"description\":\"\",\"publisher\":{\"@id\":\"https:\/\/sharkfreeapp.com\/#organization\"},\"potentialAction\":[{\"@type\":\"SearchAction\",\"target\":{\"@type\":\"EntryPoint\",\"urlTemplate\":\"https:\/\/sharkfreeapp.com\/?s={search_term_string}\"},\"query-input\":\"required name=search_term_string\"}],\"inLanguage\":\"bs-BA\"},{\"@type\":\"Organization\",\"@id\":\"https:\/\/sharkfreeapp.com\/#organization\",\"name\":\"Shark Free App\",\"url\":\"https:\/\/sharkfreeapp.com\/\",\"logo\":{\"@type\":\"ImageObject\",\"inLanguage\":\"bs-BA\",\"@id\":\"https:\/\/sharkfreeapp.com\/#\/schema\/logo\/image\/\",\"url\":\"https:\/\/sharkfreeapp.com\/wp-content\/uploads\/sites\/99\/2023\/10\/cropped-Shark-Free-App-Logo_600px.png\",\"contentUrl\":\"https:\/\/sharkfreeapp.com\/wp-content\/uploads\/sites\/99\/2023\/10\/cropped-Shark-Free-App-Logo_600px.png\",\"width\":600,\"height\":208,\"caption\":\"Shark Free App\"},\"image\":{\"@id\":\"https:\/\/sharkfreeapp.com\/#\/schema\/logo\/image\/\"}}]}<\/script>\n<!-- \/ Yoast SEO Premium plugin. -->","yoast_head_json":{"title":"Sobre N\u00f3s - Shark Free App","robots":{"index":"index","follow":"follow","max-snippet":"max-snippet:-1","max-image-preview":"max-image-preview:large","max-video-preview":"max-video-preview:-1"},"canonical":"https:\/\/sharkfreeapp.com\/bs\/sobre-nos\/","og_locale":"bs_BA","og_type":"article","og_title":"Sobre N\u00f3s","og_description":"Um Pouco Sobre N\u00f3s O Shark Free App \u00e9 mais do que apenas um site informativo sobre tecnologia, aplicativos, games [&hellip;]","og_url":"https:\/\/sharkfreeapp.com\/bs\/sobre-nos\/","og_site_name":"Shark Free App","article_modified_time":"2024-10-01T11:49:18+00:00","twitter_card":"summary_large_image","twitter_misc":{"Est. reading time":"4 minute"},"schema":{"@context":"https:\/\/schema.org","@graph":[{"@type":"WebPage","@id":"https:\/\/sharkfreeapp.com\/sobre-nos\/","url":"https:\/\/sharkfreeapp.com\/sobre-nos\/","name":"Sobre N\u00f3s - Shark Free App","isPartOf":{"@id":"https:\/\/sharkfreeapp.com\/#website"},"datePublished":"2023-10-25T17:14:58+00:00","dateModified":"2024-10-01T11:49:18+00:00","breadcrumb":{"@id":"https:\/\/sharkfreeapp.com\/sobre-nos\/#breadcrumb"},"inLanguage":"bs-BA","potentialAction":[{"@type":"ReadAction","target":["https:\/\/sharkfreeapp.com\/sobre-nos\/"]}]},{"@type":"BreadcrumbList","@id":"https:\/\/sharkfreeapp.com\/sobre-nos\/#breadcrumb","itemListElement":[{"@type":"ListItem","position":1,"name":"Home","item":"https:\/\/sharkfreeapp.com\/"},{"@type":"ListItem","position":2,"name":"Sobre N\u00f3s"}]},{"@type":"WebSite","@id":"https:\/\/sharkfreeapp.com\/#website","url":"https:\/\/sharkfreeapp.com\/","name":"Shark Free App","description":"","publisher":{"@id":"https:\/\/sharkfreeapp.com\/#organization"},"potentialAction":[{"@type":"SearchAction","target":{"@type":"EntryPoint","urlTemplate":"https:\/\/sharkfreeapp.com\/?s={search_term_string}"},"query-input":"required name=search_term_string"}],"inLanguage":"bs-BA"},{"@type":"Organization","@id":"https:\/\/sharkfreeapp.com\/#organization","name":"Shark Free App","url":"https:\/\/sharkfreeapp.com\/","logo":{"@type":"ImageObject","inLanguage":"bs-BA","@id":"https:\/\/sharkfreeapp.com\/#\/schema\/logo\/image\/","url":"https:\/\/sharkfreeapp.com\/wp-content\/uploads\/sites\/99\/2023\/10\/cropped-Shark-Free-App-Logo_600px.png","contentUrl":"https:\/\/sharkfreeapp.com\/wp-content\/uploads\/sites\/99\/2023\/10\/cropped-Shark-Free-App-Logo_600px.png","width":600,"height":208,"caption":"Shark Free App"},"image":{"@id":"https:\/\/sharkfreeapp.com\/#\/schema\/logo\/image\/"}}]}},"uagb_featured_image_src":{"full":false,"thumbnail":false,"medium":false,"medium_large":false,"large":false,"1536x1536":false,"2048x2048":false,"trp-custom-language-flag":false},"uagb_author_info":{"display_name":"pedrosantosfirefe","author_link":"https:\/\/sharkfreeapp.com\/bs\/author\/pedrosantosfirefe\/"},"uagb_comment_info":0,"uagb_excerpt":"Um Pouco Sobre N\u00f3s O Shark Free App \u00e9 mais do que apenas um site informativo sobre tecnologia, aplicativos, games [&hellip;]","_links":{"self":[{"href":"https:\/\/sharkfreeapp.com\/bs\/wp-json\/wp\/v2\/pages\/23919"}],"collection":[{"href":"https:\/\/sharkfreeapp.com\/bs\/wp-json\/wp\/v2\/pages"}],"about":[{"href":"https:\/\/sharkfreeapp.com\/bs\/wp-json\/wp\/v2\/types\/page"}],"author":[{"embeddable":true,"href":"https:\/\/sharkfreeapp.com\/bs\/wp-json\/wp\/v2\/users\/97"}],"replies":[{"embeddable":true,"href":"https:\/\/sharkfreeapp.com\/bs\/wp-json\/wp\/v2\/comments?post=23919"}],"version-history":[{"count":2,"href":"https:\/\/sharkfreeapp.com\/bs\/wp-json\/wp\/v2\/pages\/23919\/revisions"}],"predecessor-version":[{"id":29021,"href":"https:\/\/sharkfreeapp.com\/bs\/wp-json\/wp\/v2\/pages\/23919\/revisions\/29021"}],"wp:attachment":[{"href":"https:\/\/sharkfreeapp.com\/bs\/wp-json\/wp\/v2\/media?parent=23919"}],"curies":[{"name":"wp","href":"https:\/\/api.w.org\/{rel}","templated":true}]}}