{"id":6969,"date":"2023-08-07T12:50:16","date_gmt":"2023-08-07T12:50:16","guid":{"rendered":"https:\/\/sharkfreeapp.com\/?page_id=6969"},"modified":"2024-10-01T11:49:48","modified_gmt":"2024-10-01T11:49:48","slug":"termos-de-servico","status":"publish","type":"page","link":"https:\/\/sharkfreeapp.com\/bs\/termos-de-servico\/","title":{"rendered":"Uslovi kori\u0161tenja usluge"},"content":{"rendered":"<h2 class=\"wp-block-heading\">1. Uslovi<\/h2>\n\n\n\n<p>Prilikom pristupa web stranici <a href=\"https:\/\/sharkfreeapp.com\/bs\/\">SharkFreeApp <\/a>, sla\u017eete se da \u0107ete se pridr\u017eavati ovih uslova kori\u0161tenja, svih va\u017ee\u0107ih zakona i propisa, te sla\u017eete se da ste odgovorni za po\u0161tivanje svih va\u017ee\u0107ih lokalnih zakona. Ako se ne sla\u017eete s bilo kojim od ovih uslova, zabranjeno vam je kori\u0161tenje ili pristup ovoj stranici. Materijali sadr\u017eani na ovoj web stranici za\u0161ti\u0107eni su va\u017ee\u0107im zakonima o autorskim pravima i za\u0161titnim znakovima.<\/p>\n\n\n\n<h2 class=\"wp-block-heading\">2. Koristite licencu<\/h2>\n\n\n\n<p>Dozvoljeno je privremeno preuzimanje jedne kopije materijala (informacija ili softvera) sa SharkFreeApp web stranice isklju\u010divo za li\u010dno, nekomercijalno i privremeno pregledanje. Ovo je dodjela licence, a ne prijenos vlasni\u0161tva, i pod ovom licencom ne smijete:<\/p>\n\n\n\n<ol>\n<li>mijenjati ili kopirati materijale;<\/li>\n\n\n\n<li>koristiti materijale u bilo koju komercijalnu svrhu ili za bilo kakvo javno prikazivanje (komercijalno ili nekomercijalno);<\/li>\n\n\n\n<li>poku\u0161avati dekompilirati ili vr\u0161iti reverzni in\u017eenjering bilo kojeg softvera koji se nalazi na web stranici SharkFreeApp;<\/li>\n\n\n\n<li>uklonite sve napomene o autorskim pravima ili drugim vlasni\u010dkim pravima iz materijala; ili<\/li>\n\n\n\n<li>prenijeti materijale drugoj osobi ili &#039;preslikati&#039; materijale na bilo koji drugi server.<\/li>\n<\/ol>\n\n\n\n<p>Ova licenca \u0107e automatski prestati ako prekr\u0161ite bilo koje od ovih ograni\u010denja i mo\u017ee biti ukinuta od strane SharkFreeApp-a u bilo kojem trenutku. Po prestanku pregledavanja ovih materijala ili po prestanku ove licence, morate uni\u0161titi sve preuzete materijale u va\u0161em posjedu, bilo u elektronskom ili \u0161tampanom formatu.<\/p>\n\n\n\n<h2 class=\"wp-block-heading\">3. Odricanje od odgovornosti<\/h2>\n\n\n\n<ol>\n<li>Materijali na web stranici SharkFreeApp-a se pru\u017eaju &quot;kakvi jesu&quot;. SharkFreeApp ne daje nikakve garancije, izri\u010dite ili implicitne, i ovim se odri\u010de i negira sve druge garancije, uklju\u010duju\u0107i, bez ograni\u010denja, implicitne garancije ili uslove prodajnosti, pogodnosti za odre\u0111enu svrhu ili nekr\u0161enja intelektualnog vlasni\u0161tva ili drugog kr\u0161enja prava.<\/li>\n\n\n\n<li>Nadalje, SharkFreeApp ne garantuje niti daje bilo kakve izjave u vezi s ta\u010dno\u0161\u0107u, vjerovatnim rezultatima ili pouzdano\u0161\u0107u kori\u0161tenja materijala na svojoj web stranici ili na drugi na\u010din koji se odnose na takve materijale ili na bilo kojim stranicama povezanim s ovom stranicom.<\/li>\n<\/ol>\n\n\n\n<h2 class=\"wp-block-heading\">4. Ograni\u010denja<\/h2>\n\n\n\n<p>Ni u kom slu\u010daju SharkFreeApp ili njegovi dobavlja\u010di ne\u0107e biti odgovorni za bilo kakvu \u0161tetu (uklju\u010duju\u0107i, bez ograni\u010denja, \u0161tetu zbog gubitka podataka ili profita ili zbog prekida poslovanja) koja nastane iz kori\u0161tenja ili nemogu\u0107nosti kori\u0161tenja materijala na SharkFreeApp internet stranici, \u010dak i ako je SharkFreeApp ili ovla\u0161teni predstavnik SharkFreeApp-a usmeno ili pismeno obavije\u0161ten o mogu\u0107nosti takve \u0161tete. Budu\u0107i da neke jurisdikcije ne dozvoljavaju ograni\u010denja implicitnih garancija ili ograni\u010denja odgovornosti za posljedi\u010dnu ili slu\u010dajnu \u0161tetu, ova ograni\u010denja se mo\u017eda ne\u0107e odnositi na vas.<\/p>\n\n\n\n<h2 class=\"wp-block-heading\">5. Ta\u010dnost materijala<\/h2>\n\n\n\n<p>Materijali prikazani na web stranici SharkFreeApp-a mogu sadr\u017eavati tehni\u010dke, tipografske ili fotografske gre\u0161ke. SharkFreeApp ne garantuje da su bilo koji od materijala na njegovoj web stranici ta\u010dni, potpuni ili a\u017eurni. SharkFreeApp mo\u017ee izvr\u0161iti izmjene materijala sadr\u017eanih na svojoj web stranici u bilo kojem trenutku bez prethodne najave. Me\u0111utim, SharkFreeApp se ne obavezuje da \u0107e a\u017eurirati materijale.<\/p>\n\n\n\n<h2 class=\"wp-block-heading\">6. Linkovi<\/h2>\n\n\n\n<p>SharkFreeApp nije pregledao sve stranice povezane s njegovom web stranicom i nije odgovoran za sadr\u017eaj bilo koje takve povezane stranice. Uklju\u010divanje bilo kojeg linka ne podrazumijeva odobravanje stranice od strane SharkFreeApp-a. Kori\u0161tenje bilo koje takve povezane web stranice je na vlastiti rizik korisnika.<\/p>\n\n\n\n<h3 class=\"wp-block-heading\">Modifikacije<\/h3>\n\n\n\n<p>SharkFreeApp mo\u017ee revidirati ove uslove kori\u0161tenja za svoju web stranicu u bilo kojem trenutku bez prethodne najave. Kori\u0161tenjem ove web stranice pristajete na va\u017ee\u0107u verziju ovih uslova kori\u0161tenja.<\/p>\n\n\n\n<h3 class=\"wp-block-heading\">Primjenjivo pravo<\/h3>\n\n\n\n<p>Ovi uslovi i odredbe regulisani su i tuma\u010de se u skladu sa zakonima SharkFreeApp-a i vi se neopozivo podvrgavate isklju\u010divoj nadle\u017enosti sudova u toj dr\u017eavi ili lokaciji.<\/p>","protected":false},"excerpt":{"rendered":"<p>1. Termos Ao acessar ao site SharkFreeApp , concorda em cumprir estes termos de servi\u00e7o, todas as leis e regulamentos [&hellip;]<\/p>","protected":false},"author":97,"featured_media":0,"parent":0,"menu_order":0,"comment_status":"closed","ping_status":"closed","template":"page-nosidebar.php","meta":{"_uag_custom_page_level_css":"","site-sidebar-layout":"default","site-content-layout":"","ast-site-content-layout":"","site-content-style":"default","site-sidebar-style":"default","ast-global-header-display":"","ast-banner-title-visibility":"","ast-main-header-display":"","ast-hfb-above-header-display":"","ast-hfb-below-header-display":"","ast-hfb-mobile-header-display":"","site-post-title":"","ast-breadcrumbs-content":"","ast-featured-img":"","footer-sml-layout":"","theme-transparent-header-meta":"","adv-header-id-meta":"","stick-header-meta":"","header-above-stick-meta":"","header-main-stick-meta":"","header-below-stick-meta":"","astra-migrate-meta-layouts":"default","ast-page-background-enabled":"default","ast-page-background-meta":{"desktop":{"background-color":"var(--ast-global-color-4)","background-image":"","background-repeat":"repeat","background-position":"center center","background-size":"auto","background-attachment":"scroll","background-type":"","background-media":"","overlay-type":"","overlay-color":"","overlay-opacity":"","overlay-gradient":""},"tablet":{"background-color":"","background-image":"","background-repeat":"repeat","background-position":"center center","background-size":"auto","background-attachment":"scroll","background-type":"","background-media":"","overlay-type":"","overlay-color":"","overlay-opacity":"","overlay-gradient":""},"mobile":{"background-color":"","background-image":"","background-repeat":"repeat","background-position":"center center","background-size":"auto","background-attachment":"scroll","background-type":"","background-media":"","overlay-type":"","overlay-color":"","overlay-opacity":"","overlay-gradient":""}},"ast-content-background-meta":{"desktop":{"background-color":"var(--ast-global-color-5)","background-image":"","background-repeat":"repeat","background-position":"center center","background-size":"auto","background-attachment":"scroll","background-type":"","background-media":"","overlay-type":"","overlay-color":"","overlay-opacity":"","overlay-gradient":""},"tablet":{"background-color":"var(--ast-global-color-5)","background-image":"","background-repeat":"repeat","background-position":"center center","background-size":"auto","background-attachment":"scroll","background-type":"","background-media":"","overlay-type":"","overlay-color":"","overlay-opacity":"","overlay-gradient":""},"mobile":{"background-color":"var(--ast-global-color-5)","background-image":"","background-repeat":"repeat","background-position":"center center","background-size":"auto","background-attachment":"scroll","background-type":"","background-media":"","overlay-type":"","overlay-color":"","overlay-opacity":"","overlay-gradient":""}},"footnotes":""},"yoast_head":"<!-- This site is optimized with the Yoast SEO Premium plugin v18.7 (Yoast SEO v23.3) - https:\/\/yoast.com\/wordpress\/plugins\/seo\/ -->\n<title>Termos de Servi\u00e7o - Shark Free App<\/title>\n<meta name=\"robots\" content=\"index, follow, max-snippet:-1, max-image-preview:large, max-video-preview:-1\" \/>\n<link rel=\"canonical\" href=\"https:\/\/sharkfreeapp.com\/bs\/termos-de-servico\/\" \/>\n<meta property=\"og:locale\" content=\"bs_BA\" \/>\n<meta property=\"og:type\" content=\"article\" \/>\n<meta property=\"og:title\" content=\"Termos de Servi\u00e7o\" \/>\n<meta property=\"og:description\" content=\"1. Termos Ao acessar ao site SharkFreeApp , concorda em cumprir estes termos de servi\u00e7o, todas as leis e regulamentos [&hellip;]\" \/>\n<meta property=\"og:url\" content=\"https:\/\/sharkfreeapp.com\/bs\/termos-de-servico\/\" \/>\n<meta property=\"og:site_name\" content=\"Shark Free App\" \/>\n<meta property=\"article:modified_time\" content=\"2024-10-01T11:49:48+00:00\" \/>\n<meta name=\"twitter:card\" content=\"summary_large_image\" \/>\n<meta name=\"twitter:label1\" content=\"Est. reading time\" \/>\n\t<meta name=\"twitter:data1\" content=\"3 minute\" \/>\n<script type=\"application\/ld+json\" class=\"yoast-schema-graph\">{\"@context\":\"https:\/\/schema.org\",\"@graph\":[{\"@type\":\"WebPage\",\"@id\":\"https:\/\/sharkfreeapp.com\/termos-de-servico\/\",\"url\":\"https:\/\/sharkfreeapp.com\/termos-de-servico\/\",\"name\":\"Termos de Servi\u00e7o - Shark Free App\",\"isPartOf\":{\"@id\":\"https:\/\/sharkfreeapp.com\/#website\"},\"datePublished\":\"2023-08-07T12:50:16+00:00\",\"dateModified\":\"2024-10-01T11:49:48+00:00\",\"breadcrumb\":{\"@id\":\"https:\/\/sharkfreeapp.com\/termos-de-servico\/#breadcrumb\"},\"inLanguage\":\"bs-BA\",\"potentialAction\":[{\"@type\":\"ReadAction\",\"target\":[\"https:\/\/sharkfreeapp.com\/termos-de-servico\/\"]}]},{\"@type\":\"BreadcrumbList\",\"@id\":\"https:\/\/sharkfreeapp.com\/termos-de-servico\/#breadcrumb\",\"itemListElement\":[{\"@type\":\"ListItem\",\"position\":1,\"name\":\"Home\",\"item\":\"https:\/\/sharkfreeapp.com\/\"},{\"@type\":\"ListItem\",\"position\":2,\"name\":\"Termos de Servi\u00e7o\"}]},{\"@type\":\"WebSite\",\"@id\":\"https:\/\/sharkfreeapp.com\/#website\",\"url\":\"https:\/\/sharkfreeapp.com\/\",\"name\":\"Shark Free App\",\"description\":\"\",\"publisher\":{\"@id\":\"https:\/\/sharkfreeapp.com\/#organization\"},\"potentialAction\":[{\"@type\":\"SearchAction\",\"target\":{\"@type\":\"EntryPoint\",\"urlTemplate\":\"https:\/\/sharkfreeapp.com\/?s={search_term_string}\"},\"query-input\":\"required name=search_term_string\"}],\"inLanguage\":\"bs-BA\"},{\"@type\":\"Organization\",\"@id\":\"https:\/\/sharkfreeapp.com\/#organization\",\"name\":\"Shark Free App\",\"url\":\"https:\/\/sharkfreeapp.com\/\",\"logo\":{\"@type\":\"ImageObject\",\"inLanguage\":\"bs-BA\",\"@id\":\"https:\/\/sharkfreeapp.com\/#\/schema\/logo\/image\/\",\"url\":\"https:\/\/sharkfreeapp.com\/wp-content\/uploads\/sites\/99\/2023\/10\/cropped-Shark-Free-App-Logo_600px.png\",\"contentUrl\":\"https:\/\/sharkfreeapp.com\/wp-content\/uploads\/sites\/99\/2023\/10\/cropped-Shark-Free-App-Logo_600px.png\",\"width\":600,\"height\":208,\"caption\":\"Shark Free App\"},\"image\":{\"@id\":\"https:\/\/sharkfreeapp.com\/#\/schema\/logo\/image\/\"}}]}<\/script>\n<!-- \/ Yoast SEO Premium plugin. -->","yoast_head_json":{"title":"Termos de Servi\u00e7o - Shark Free App","robots":{"index":"index","follow":"follow","max-snippet":"max-snippet:-1","max-image-preview":"max-image-preview:large","max-video-preview":"max-video-preview:-1"},"canonical":"https:\/\/sharkfreeapp.com\/bs\/termos-de-servico\/","og_locale":"bs_BA","og_type":"article","og_title":"Termos de Servi\u00e7o","og_description":"1. Termos Ao acessar ao site SharkFreeApp , concorda em cumprir estes termos de servi\u00e7o, todas as leis e regulamentos [&hellip;]","og_url":"https:\/\/sharkfreeapp.com\/bs\/termos-de-servico\/","og_site_name":"Shark Free App","article_modified_time":"2024-10-01T11:49:48+00:00","twitter_card":"summary_large_image","twitter_misc":{"Est. reading time":"3 minute"},"schema":{"@context":"https:\/\/schema.org","@graph":[{"@type":"WebPage","@id":"https:\/\/sharkfreeapp.com\/termos-de-servico\/","url":"https:\/\/sharkfreeapp.com\/termos-de-servico\/","name":"Termos de Servi\u00e7o - Shark Free App","isPartOf":{"@id":"https:\/\/sharkfreeapp.com\/#website"},"datePublished":"2023-08-07T12:50:16+00:00","dateModified":"2024-10-01T11:49:48+00:00","breadcrumb":{"@id":"https:\/\/sharkfreeapp.com\/termos-de-servico\/#breadcrumb"},"inLanguage":"bs-BA","potentialAction":[{"@type":"ReadAction","target":["https:\/\/sharkfreeapp.com\/termos-de-servico\/"]}]},{"@type":"BreadcrumbList","@id":"https:\/\/sharkfreeapp.com\/termos-de-servico\/#breadcrumb","itemListElement":[{"@type":"ListItem","position":1,"name":"Home","item":"https:\/\/sharkfreeapp.com\/"},{"@type":"ListItem","position":2,"name":"Termos de Servi\u00e7o"}]},{"@type":"WebSite","@id":"https:\/\/sharkfreeapp.com\/#website","url":"https:\/\/sharkfreeapp.com\/","name":"Shark Free App","description":"","publisher":{"@id":"https:\/\/sharkfreeapp.com\/#organization"},"potentialAction":[{"@type":"SearchAction","target":{"@type":"EntryPoint","urlTemplate":"https:\/\/sharkfreeapp.com\/?s={search_term_string}"},"query-input":"required name=search_term_string"}],"inLanguage":"bs-BA"},{"@type":"Organization","@id":"https:\/\/sharkfreeapp.com\/#organization","name":"Shark Free App","url":"https:\/\/sharkfreeapp.com\/","logo":{"@type":"ImageObject","inLanguage":"bs-BA","@id":"https:\/\/sharkfreeapp.com\/#\/schema\/logo\/image\/","url":"https:\/\/sharkfreeapp.com\/wp-content\/uploads\/sites\/99\/2023\/10\/cropped-Shark-Free-App-Logo_600px.png","contentUrl":"https:\/\/sharkfreeapp.com\/wp-content\/uploads\/sites\/99\/2023\/10\/cropped-Shark-Free-App-Logo_600px.png","width":600,"height":208,"caption":"Shark Free App"},"image":{"@id":"https:\/\/sharkfreeapp.com\/#\/schema\/logo\/image\/"}}]}},"uagb_featured_image_src":{"full":false,"thumbnail":false,"medium":false,"medium_large":false,"large":false,"1536x1536":false,"2048x2048":false,"trp-custom-language-flag":false},"uagb_author_info":{"display_name":"pedrosantosfirefe","author_link":"https:\/\/sharkfreeapp.com\/bs\/author\/pedrosantosfirefe\/"},"uagb_comment_info":0,"uagb_excerpt":"1. Termos Ao acessar ao site SharkFreeApp , concorda em cumprir estes termos de servi\u00e7o, todas as leis e regulamentos [&hellip;]","_links":{"self":[{"href":"https:\/\/sharkfreeapp.com\/bs\/wp-json\/wp\/v2\/pages\/6969"}],"collection":[{"href":"https:\/\/sharkfreeapp.com\/bs\/wp-json\/wp\/v2\/pages"}],"about":[{"href":"https:\/\/sharkfreeapp.com\/bs\/wp-json\/wp\/v2\/types\/page"}],"author":[{"embeddable":true,"href":"https:\/\/sharkfreeapp.com\/bs\/wp-json\/wp\/v2\/users\/97"}],"replies":[{"embeddable":true,"href":"https:\/\/sharkfreeapp.com\/bs\/wp-json\/wp\/v2\/comments?post=6969"}],"version-history":[{"count":1,"href":"https:\/\/sharkfreeapp.com\/bs\/wp-json\/wp\/v2\/pages\/6969\/revisions"}],"predecessor-version":[{"id":29023,"href":"https:\/\/sharkfreeapp.com\/bs\/wp-json\/wp\/v2\/pages\/6969\/revisions\/29023"}],"wp:attachment":[{"href":"https:\/\/sharkfreeapp.com\/bs\/wp-json\/wp\/v2\/media?parent=6969"}],"curies":[{"name":"wp","href":"https:\/\/api.w.org\/{rel}","templated":true}]}}