{"id":104,"date":"2020-05-20T13:31:48","date_gmt":"2020-05-20T13:31:48","guid":{"rendered":"https:\/\/sharkfreeapp.com\/?page_id=104"},"modified":"2024-10-02T11:48:34","modified_gmt":"2024-10-02T11:48:34","slug":"politica-de-privacidade","status":"publish","type":"page","link":"https:\/\/sharkfreeapp.com\/da\/politica-de-privacidade\/","title":{"rendered":"Privatlivspolitik"},"content":{"rendered":"<h2 class=\"wp-block-heading\">Privatlivspolitik<\/h2>\n\n\n\n<p>Dit privatliv er vigtigt for os. Det er SharkFreeApps politik at respektere dit privatliv vedr\u00f8rende enhver information, vi m\u00e5tte indsamle fra dig p\u00e5 vores hjemmeside.&nbsp;<a href=\"https:\/\/sharkfreeapp.com\/da\/\">SharkFreeApp<\/a>, og andre websteder, vi ejer og driver.<\/p>\n\n\n\n<p>Vi beder kun om personlige oplysninger, n\u00e5r vi virkelig har brug for dem for at levere en service til dig. Vi g\u00f8r det p\u00e5 retf\u00e6rdige og lovlige m\u00e5der, med din viden og samtykke. Vi fort\u00e6ller dig ogs\u00e5, hvorfor vi indsamler det, og hvordan det vil blive brugt.<\/p>\n\n\n\n<p>Vi opbevarer kun indsamlede oplysninger, s\u00e5 l\u00e6nge det er n\u00f8dvendigt for at give dig den \u00f8nskede service. Hvilke data vi gemmer, vil vi beskytte inden for kommercielt acceptable midler for at forhindre tab og tyveri samt uautoriseret adgang, offentligg\u00f8relse, kopiering, brug eller \u00e6ndring.<\/p>\n\n\n\n<p>Vi deler ingen personligt identificerende oplysninger offentligt eller med tredjeparter, undtagen n\u00e5r det er p\u00e5kr\u00e6vet ved lov.<\/p>\n\n\n\n<p>Vores hjemmeside kan indeholde links til eksterne hjemmesider, som ikke drives af os. V\u00e6r opm\u00e6rksom p\u00e5, at vi ikke har nogen kontrol over indholdet og praksis p\u00e5 disse sider og ikke kan p\u00e5tage os ansvar for deres respektive&nbsp;<a href=\"https:\/\/politicaprivacidade.com\/\" target=\"_BLANK\" rel=\"noopener noreferrer\">privatlivspolitikker<\/a>.<\/p>\n\n\n\n<p>Du kan frit afvise vores anmodning om dine personlige oplysninger, med den forst\u00e5else, at vi muligvis ikke kan give dig nogle af dine \u00f8nskede tjenester.<\/p>\n\n\n\n<p>Din fortsatte brug af vores hjemmeside vil blive betragtet som accept af vores praksis omkring privatliv og personlige oplysninger. Hvis du har sp\u00f8rgsm\u00e5l til, hvordan vi h\u00e5ndterer brugerdata og personoplysninger, er du velkommen til at kontakte os.<\/p>\n\n\n\n<h2 class=\"wp-block-heading\">SharkFreeApp Cookie-politik<\/h2>\n\n\n\n<h3 class=\"wp-block-heading\">Hvad er cookies?<\/h3>\n\n\n\n<p>Som det er almindelig praksis med n\u00e6sten alle professionelle websteder, bruger dette websted cookies, som er sm\u00e5 filer, der downloades til din computer for at forbedre din oplevelse. Denne side beskriver, hvilke oplysninger de indsamler, hvordan vi bruger dem, og hvorfor vi nogle gange har brug for at gemme disse cookies. Vi vil ogs\u00e5 dele, hvordan du kan forhindre, at disse cookies gemmes, men dette kan nedgradere eller &#039;\u00f8del\u00e6gge&#039; visse elementer af webstedets funktionalitet.<\/p>\n\n\n\n<h3 class=\"wp-block-heading\">Hvordan bruger vi cookies?<\/h3>\n\n\n\n<p>Vi bruger cookies af en r\u00e6kke forskellige \u00e5rsager, beskrevet nedenfor. Desv\u00e6rre er der i de fleste tilf\u00e6lde ingen industristandard muligheder for at deaktivere cookies uden helt at deaktivere den funktionalitet og de funktioner, de tilf\u00f8jer til denne side. Det anbefales, at du efterlader alle cookies, hvis du ikke er sikker p\u00e5, om du har brug for dem eller ej, hvis de bruges til at levere en tjeneste, du bruger.<\/p>\n\n\n\n<h3 class=\"wp-block-heading\">Deaktiver cookies<\/h3>\n\n\n\n<p>Du kan forhindre indstilling af cookies ved at justere indstillingerne p\u00e5 din browser (se din browserhj\u00e6lp for, hvordan du g\u00f8r dette). V\u00e6r opm\u00e6rksom p\u00e5, at deaktivering af cookies vil p\u00e5virke funktionaliteten af denne og mange andre websteder, du bes\u00f8ger. Deaktivering af cookies vil normalt resultere i ogs\u00e5 at deaktivere visse funktioner og funktioner p\u00e5 dette websted. Derfor anbefales det, at du ikke deaktiverer cookies.<\/p>\n\n\n\n<h3 class=\"wp-block-heading\">Cookies vi s\u00e6tter<\/h3>\n\n\n\n<ul>\n<li>Kontorelaterede cookies Hvis du opretter en konto hos os, vil vi bruge cookies til styring af tilmeldingsprocessen og generel administration. Disse cookies vil normalt blive slettet, n\u00e5r du logger ud, men i nogle tilf\u00e6lde kan de forblive bagefter for at huske dine webstedspr\u00e6ferencer, n\u00e5r du logger ud.<\/li>\n\n\n\n<li>Login-relaterede cookies Vi bruger cookies, n\u00e5r du er logget ind, s\u00e5 vi kan huske denne handling. Dette sparer dig for at skulle logge ind, hver gang du bes\u00f8ger en ny side. Disse cookies fjernes eller ryddes typisk, n\u00e5r du logger ud for at sikre, at du kun kan f\u00e5 adgang til begr\u00e6nsede funktioner og omr\u00e5der, n\u00e5r du er logget ind.<\/li>\n\n\n\n<li>E-mail nyhedsbreve relaterede cookies Dette websted tilbyder nyhedsbrev eller e-mail abonnementstjenester, og cookies kan bruges til at huske, om du allerede er registreret, og om du skal vise visse meddelelser, som muligvis kun er gyldige for tilmeldte\/afmeldte brugere.<\/li>\n\n\n\n<li>Ordrebehandlingsrelaterede cookies Denne side tilbyder e-handel eller betalingsfaciliteter, og nogle cookies er vigtige for at sikre, at din ordre huskes mellem siderne, s\u00e5 vi kan behandle den korrekt.<\/li>\n\n\n\n<li>Unders\u00f8gelsesrelaterede cookiesVi tilbyder periodisk unders\u00f8gelser og sp\u00f8rgeskemaer for at give dig interessant indsigt, nyttige v\u00e6rkt\u00f8jer eller for at forst\u00e5 vores brugerbase mere pr\u00e6cist. Disse unders\u00f8gelser kan bruge cookies til at huske, hvem der allerede har deltaget i en unders\u00f8gelse, eller for at give dig n\u00f8jagtige resultater, efter du har skiftet side.<\/li>\n\n\n\n<li>Formularrelaterede cookies N\u00e5r du indsender data til via en formular som dem, der findes p\u00e5 kontaktsider eller kommentarformularer, kan cookies indstilles til at huske dine brugeroplysninger til fremtidig korrespondance.<\/li>\n\n\n\n<li>Webstedspr\u00e6ferencer Cookies For at give dig en god oplevelse p\u00e5 dette websted tilbyder vi funktionaliteten til at indstille dine pr\u00e6ferencer for, hvordan dette websted k\u00f8rer, n\u00e5r du bruger det. For at huske dine pr\u00e6ferencer skal vi indstille cookies, s\u00e5 disse oplysninger kan kaldes, n\u00e5r du interagerer med en side, der er p\u00e5virket af dine pr\u00e6ferencer.<\/li>\n<\/ul>\n\n\n\n<h3 class=\"wp-block-heading\">Tredjepartscookies<\/h3>\n\n\n\n<p>I nogle s\u00e6rlige tilf\u00e6lde bruger vi ogs\u00e5 cookies leveret af betroede tredjeparter. Det f\u00f8lgende afsnit beskriver, hvilke tredjepartscookies du kan st\u00f8de p\u00e5 via dette websted.<\/p>\n\n\n\n<ul>\n<li>Dette websted bruger Google Analytics, som er en af \u200b\u200bde mest udbredte og p\u00e5lidelige analysel\u00f8sninger p\u00e5 nettet for at hj\u00e6lpe os med at forst\u00e5, hvordan du bruger webstedet og m\u00e5der, hvorp\u00e5 vi kan forbedre din oplevelse. Disse cookies kan spore ting, s\u00e5som hvor lang tid du bruger p\u00e5 webstedet og de sider, du bes\u00f8ger, s\u00e5 vi kan forts\u00e6tte med at producere engagerende indhold.<\/li>\n<\/ul>\n\n\n\n<p>For mere information om Google Analytics-cookies, se den officielle Google Analytics-side.<\/p>\n\n\n\n<ul>\n<li>Tredjepartsanalyser bruges til at spore og m\u00e5le brugen af dette websted, s\u00e5 vi kan forts\u00e6tte med at producere engagerende indhold. Disse cookies kan spore ting, s\u00e5som hvor lang tid du bruger p\u00e5 webstedet eller de sider, du bes\u00f8ger, hvilket hj\u00e6lper os med at forst\u00e5, hvordan vi kan forbedre webstedet for dig.<\/li>\n\n\n\n<li>Vi tester med j\u00e6vne mellemrum nye funktioner og laver subtile \u00e6ndringer i den m\u00e5de, siden ser ud p\u00e5. N\u00e5r vi stadig tester nye funktioner, kan disse cookies blive brugt til at sikre, at du f\u00e5r en ensartet oplevelse, mens du er p\u00e5 siden, samtidig med at vi sikrer, at vi forst\u00e5r, hvilke optimeringer vores brugere s\u00e6tter mest pris p\u00e5.<\/li>\n\n\n\n<li>Da vi s\u00e6lger produkter, er det vigtigt for os at forst\u00e5 statistik om, hvor mange af de bes\u00f8gende p\u00e5 vores side, der rent faktisk foretager et k\u00f8b, og som s\u00e5dan er det den slags data, som disse cookies vil spore. Dette er vigtigt for dig, da det betyder, at vi n\u00f8jagtigt kan lave forretningsforudsigelser, der giver os mulighed for at overv\u00e5ge vores annoncerings- og produktomkostninger for at sikre den bedst mulige pris.<\/li>\n\n\n\n<li>Google AdSense-tjenesten, vi bruger til at vise annoncering, bruger en DoubleClick-cookie til at vise mere relevante annoncer p\u00e5 tv\u00e6rs af nettet og begr\u00e6nse antallet af gange, en given annonce vises til dig.<br>For mere information om Google AdSense, se de officielle Google AdSense-privatlivssp\u00f8rgsm\u00e5l.<\/li>\n\n\n\n<li>Vi bruger annoncer til at kompensere for omkostningerne ved driften af \u200b\u200bdenne hjemmeside og yde finansiering til fremtidig udvikling. De adf\u00e6rdsm\u00e6ssige annonceringscookies, der bruges af dette websted, er designet til at sikre, at vi giver dig de mest relevante annoncer, hvor det er muligt, ved anonymt at spore dine interesser og pr\u00e6sentere lignende ting, der kan v\u00e6re af interesse.<\/li>\n\n\n\n<li>Adskillige partnere annoncerer p\u00e5 vores vegne, og tilknyttede sporingscookies giver os blot mulighed for at se, om vores kunder er kommet til webstedet gennem et af vores partnerwebsteder, s\u00e5 vi kan kreditere dem p\u00e5 passende vis og, hvor det er relevant, tillade vores tilknyttede partnere at give enhver bonus, de m\u00e5tte give dig til at foretage et k\u00f8b.<\/li>\n<\/ul>\n\n\n\n<h3 class=\"wp-block-heading\">Mere information<\/h3>\n\n\n\n<p>Forh\u00e5bentlig har det afklaret tingene for dig, og som tidligere n\u00e6vnt, hvis der er noget, du ikke er sikker p\u00e5, om du har brug for eller ej, er det normalt sikrere at lade cookies v\u00e6re aktiveret, hvis det interagerer med en af de funktioner, du bruger p\u00e5 vores side.<\/p>\n\n\n\n<p>Denne politik tr\u00e6der i kraft pr&nbsp;<strong>maj<\/strong>\/<strong>2020<\/strong>.<\/p>","protected":false},"excerpt":{"rendered":"<p>Pol\u00edtica Privacidade A sua privacidade \u00e9 importante para n\u00f3s. \u00c9 pol\u00edtica do SharkFreeApp respeitar a sua privacidade em rela\u00e7\u00e3o a [&hellip;]<\/p>","protected":false},"author":97,"featured_media":0,"parent":0,"menu_order":0,"comment_status":"closed","ping_status":"closed","template":"","meta":{"_uag_custom_page_level_css":"","site-sidebar-layout":"default","site-content-layout":"","ast-site-content-layout":"","site-content-style":"default","site-sidebar-style":"default","ast-global-header-display":"","ast-banner-title-visibility":"","ast-main-header-display":"","ast-hfb-above-header-display":"","ast-hfb-below-header-display":"","ast-hfb-mobile-header-display":"","site-post-title":"","ast-breadcrumbs-content":"","ast-featured-img":"","footer-sml-layout":"","theme-transparent-header-meta":"","adv-header-id-meta":"","stick-header-meta":"","header-above-stick-meta":"","header-main-stick-meta":"","header-below-stick-meta":"","astra-migrate-meta-layouts":"default","ast-page-background-enabled":"default","ast-page-background-meta":{"desktop":{"background-color":"var(--ast-global-color-4)","background-image":"","background-repeat":"repeat","background-position":"center center","background-size":"auto","background-attachment":"scroll","background-type":"","background-media":"","overlay-type":"","overlay-color":"","overlay-opacity":"","overlay-gradient":""},"tablet":{"background-color":"","background-image":"","background-repeat":"repeat","background-position":"center center","background-size":"auto","background-attachment":"scroll","background-type":"","background-media":"","overlay-type":"","overlay-color":"","overlay-opacity":"","overlay-gradient":""},"mobile":{"background-color":"","background-image":"","background-repeat":"repeat","background-position":"center center","background-size":"auto","background-attachment":"scroll","background-type":"","background-media":"","overlay-type":"","overlay-color":"","overlay-opacity":"","overlay-gradient":""}},"ast-content-background-meta":{"desktop":{"background-color":"var(--ast-global-color-5)","background-image":"","background-repeat":"repeat","background-position":"center center","background-size":"auto","background-attachment":"scroll","background-type":"","background-media":"","overlay-type":"","overlay-color":"","overlay-opacity":"","overlay-gradient":""},"tablet":{"background-color":"var(--ast-global-color-5)","background-image":"","background-repeat":"repeat","background-position":"center center","background-size":"auto","background-attachment":"scroll","background-type":"","background-media":"","overlay-type":"","overlay-color":"","overlay-opacity":"","overlay-gradient":""},"mobile":{"background-color":"var(--ast-global-color-5)","background-image":"","background-repeat":"repeat","background-position":"center center","background-size":"auto","background-attachment":"scroll","background-type":"","background-media":"","overlay-type":"","overlay-color":"","overlay-opacity":"","overlay-gradient":""}},"footnotes":""},"yoast_head":"<!-- This site is optimized with the Yoast SEO Premium plugin v18.7 (Yoast SEO v23.3) - https:\/\/yoast.com\/wordpress\/plugins\/seo\/ -->\n<title>Pol\u00edtica de Privacidade - Shark Free App<\/title>\n<meta name=\"robots\" content=\"index, follow, max-snippet:-1, max-image-preview:large, max-video-preview:-1\" \/>\n<link rel=\"canonical\" href=\"https:\/\/sharkfreeapp.com\/da\/politica-de-privacidade\/\" \/>\n<meta property=\"og:locale\" content=\"da_DK\" \/>\n<meta property=\"og:type\" content=\"article\" \/>\n<meta property=\"og:title\" content=\"Pol\u00edtica de Privacidade\" \/>\n<meta property=\"og:description\" content=\"Pol\u00edtica Privacidade A sua privacidade \u00e9 importante para n\u00f3s. \u00c9 pol\u00edtica do SharkFreeApp respeitar a sua privacidade em rela\u00e7\u00e3o a [&hellip;]\" \/>\n<meta property=\"og:url\" content=\"https:\/\/sharkfreeapp.com\/da\/politica-de-privacidade\/\" \/>\n<meta property=\"og:site_name\" content=\"Shark Free App\" \/>\n<meta property=\"article:modified_time\" content=\"2024-10-02T11:48:34+00:00\" \/>\n<meta name=\"twitter:card\" content=\"summary_large_image\" \/>\n<meta name=\"twitter:label1\" content=\"Est. reading time\" \/>\n\t<meta name=\"twitter:data1\" content=\"6 minutter\" \/>\n<script type=\"application\/ld+json\" class=\"yoast-schema-graph\">{\"@context\":\"https:\/\/schema.org\",\"@graph\":[{\"@type\":\"WebPage\",\"@id\":\"https:\/\/sharkfreeapp.com\/politica-de-privacidade\/\",\"url\":\"https:\/\/sharkfreeapp.com\/politica-de-privacidade\/\",\"name\":\"Pol\u00edtica de Privacidade - Shark Free App\",\"isPartOf\":{\"@id\":\"https:\/\/sharkfreeapp.com\/#website\"},\"datePublished\":\"2020-05-20T13:31:48+00:00\",\"dateModified\":\"2024-10-02T11:48:34+00:00\",\"breadcrumb\":{\"@id\":\"https:\/\/sharkfreeapp.com\/politica-de-privacidade\/#breadcrumb\"},\"inLanguage\":\"da-DK\",\"potentialAction\":[{\"@type\":\"ReadAction\",\"target\":[\"https:\/\/sharkfreeapp.com\/politica-de-privacidade\/\"]}]},{\"@type\":\"BreadcrumbList\",\"@id\":\"https:\/\/sharkfreeapp.com\/politica-de-privacidade\/#breadcrumb\",\"itemListElement\":[{\"@type\":\"ListItem\",\"position\":1,\"name\":\"Home\",\"item\":\"https:\/\/sharkfreeapp.com\/\"},{\"@type\":\"ListItem\",\"position\":2,\"name\":\"Pol\u00edtica de Privacidade\"}]},{\"@type\":\"WebSite\",\"@id\":\"https:\/\/sharkfreeapp.com\/#website\",\"url\":\"https:\/\/sharkfreeapp.com\/\",\"name\":\"Shark Free App\",\"description\":\"\",\"publisher\":{\"@id\":\"https:\/\/sharkfreeapp.com\/#organization\"},\"potentialAction\":[{\"@type\":\"SearchAction\",\"target\":{\"@type\":\"EntryPoint\",\"urlTemplate\":\"https:\/\/sharkfreeapp.com\/?s={search_term_string}\"},\"query-input\":\"required name=search_term_string\"}],\"inLanguage\":\"da-DK\"},{\"@type\":\"Organization\",\"@id\":\"https:\/\/sharkfreeapp.com\/#organization\",\"name\":\"Shark Free App\",\"url\":\"https:\/\/sharkfreeapp.com\/\",\"logo\":{\"@type\":\"ImageObject\",\"inLanguage\":\"da-DK\",\"@id\":\"https:\/\/sharkfreeapp.com\/#\/schema\/logo\/image\/\",\"url\":\"https:\/\/sharkfreeapp.com\/wp-content\/uploads\/sites\/99\/2023\/10\/cropped-Shark-Free-App-Logo_600px.png\",\"contentUrl\":\"https:\/\/sharkfreeapp.com\/wp-content\/uploads\/sites\/99\/2023\/10\/cropped-Shark-Free-App-Logo_600px.png\",\"width\":600,\"height\":208,\"caption\":\"Shark Free App\"},\"image\":{\"@id\":\"https:\/\/sharkfreeapp.com\/#\/schema\/logo\/image\/\"}}]}<\/script>\n<!-- \/ Yoast SEO Premium plugin. -->","yoast_head_json":{"title":"Pol\u00edtica de Privacidade - Shark Free App","robots":{"index":"index","follow":"follow","max-snippet":"max-snippet:-1","max-image-preview":"max-image-preview:large","max-video-preview":"max-video-preview:-1"},"canonical":"https:\/\/sharkfreeapp.com\/da\/politica-de-privacidade\/","og_locale":"da_DK","og_type":"article","og_title":"Pol\u00edtica de Privacidade","og_description":"Pol\u00edtica Privacidade A sua privacidade \u00e9 importante para n\u00f3s. \u00c9 pol\u00edtica do SharkFreeApp respeitar a sua privacidade em rela\u00e7\u00e3o a [&hellip;]","og_url":"https:\/\/sharkfreeapp.com\/da\/politica-de-privacidade\/","og_site_name":"Shark Free App","article_modified_time":"2024-10-02T11:48:34+00:00","twitter_card":"summary_large_image","twitter_misc":{"Est. reading time":"6 minutter"},"schema":{"@context":"https:\/\/schema.org","@graph":[{"@type":"WebPage","@id":"https:\/\/sharkfreeapp.com\/politica-de-privacidade\/","url":"https:\/\/sharkfreeapp.com\/politica-de-privacidade\/","name":"Pol\u00edtica de Privacidade - Shark Free App","isPartOf":{"@id":"https:\/\/sharkfreeapp.com\/#website"},"datePublished":"2020-05-20T13:31:48+00:00","dateModified":"2024-10-02T11:48:34+00:00","breadcrumb":{"@id":"https:\/\/sharkfreeapp.com\/politica-de-privacidade\/#breadcrumb"},"inLanguage":"da-DK","potentialAction":[{"@type":"ReadAction","target":["https:\/\/sharkfreeapp.com\/politica-de-privacidade\/"]}]},{"@type":"BreadcrumbList","@id":"https:\/\/sharkfreeapp.com\/politica-de-privacidade\/#breadcrumb","itemListElement":[{"@type":"ListItem","position":1,"name":"Home","item":"https:\/\/sharkfreeapp.com\/"},{"@type":"ListItem","position":2,"name":"Pol\u00edtica de Privacidade"}]},{"@type":"WebSite","@id":"https:\/\/sharkfreeapp.com\/#website","url":"https:\/\/sharkfreeapp.com\/","name":"Shark Free App","description":"","publisher":{"@id":"https:\/\/sharkfreeapp.com\/#organization"},"potentialAction":[{"@type":"SearchAction","target":{"@type":"EntryPoint","urlTemplate":"https:\/\/sharkfreeapp.com\/?s={search_term_string}"},"query-input":"required name=search_term_string"}],"inLanguage":"da-DK"},{"@type":"Organization","@id":"https:\/\/sharkfreeapp.com\/#organization","name":"Shark Free App","url":"https:\/\/sharkfreeapp.com\/","logo":{"@type":"ImageObject","inLanguage":"da-DK","@id":"https:\/\/sharkfreeapp.com\/#\/schema\/logo\/image\/","url":"https:\/\/sharkfreeapp.com\/wp-content\/uploads\/sites\/99\/2023\/10\/cropped-Shark-Free-App-Logo_600px.png","contentUrl":"https:\/\/sharkfreeapp.com\/wp-content\/uploads\/sites\/99\/2023\/10\/cropped-Shark-Free-App-Logo_600px.png","width":600,"height":208,"caption":"Shark Free App"},"image":{"@id":"https:\/\/sharkfreeapp.com\/#\/schema\/logo\/image\/"}}]}},"uagb_featured_image_src":{"full":false,"thumbnail":false,"medium":false,"medium_large":false,"large":false,"1536x1536":false,"2048x2048":false,"trp-custom-language-flag":false},"uagb_author_info":{"display_name":"pedrosantosfirefe","author_link":"https:\/\/sharkfreeapp.com\/da\/author\/pedrosantosfirefe\/"},"uagb_comment_info":0,"uagb_excerpt":"Pol\u00edtica Privacidade A sua privacidade \u00e9 importante para n\u00f3s. \u00c9 pol\u00edtica do SharkFreeApp respeitar a sua privacidade em rela\u00e7\u00e3o a [&hellip;]","_links":{"self":[{"href":"https:\/\/sharkfreeapp.com\/da\/wp-json\/wp\/v2\/pages\/104"}],"collection":[{"href":"https:\/\/sharkfreeapp.com\/da\/wp-json\/wp\/v2\/pages"}],"about":[{"href":"https:\/\/sharkfreeapp.com\/da\/wp-json\/wp\/v2\/types\/page"}],"author":[{"embeddable":true,"href":"https:\/\/sharkfreeapp.com\/da\/wp-json\/wp\/v2\/users\/97"}],"replies":[{"embeddable":true,"href":"https:\/\/sharkfreeapp.com\/da\/wp-json\/wp\/v2\/comments?post=104"}],"version-history":[{"count":2,"href":"https:\/\/sharkfreeapp.com\/da\/wp-json\/wp\/v2\/pages\/104\/revisions"}],"predecessor-version":[{"id":29029,"href":"https:\/\/sharkfreeapp.com\/da\/wp-json\/wp\/v2\/pages\/104\/revisions\/29029"}],"wp:attachment":[{"href":"https:\/\/sharkfreeapp.com\/da\/wp-json\/wp\/v2\/media?parent=104"}],"curies":[{"name":"wp","href":"https:\/\/api.w.org\/{rel}","templated":true}]}}