{"id":23919,"date":"2023-10-25T14:14:58","date_gmt":"2023-10-25T17:14:58","guid":{"rendered":"https:\/\/sharkfreeapp.com\/?page_id=23919"},"modified":"2024-10-01T11:49:18","modified_gmt":"2024-10-01T11:49:18","slug":"sobre-nos","status":"publish","type":"page","link":"https:\/\/sharkfreeapp.com\/da\/sobre-nos\/","title":{"rendered":"Om os"},"content":{"rendered":"<div class=\"is-style-default wp-block-site-logo\"><a href=\"https:\/\/sharkfreeapp.com\/da\/\" class=\"custom-logo-link\" rel=\"home\"><img loading=\"lazy\" decoding=\"async\" width=\"500\" height=\"173\" src=\"https:\/\/sharkfreeapp.com\/wp-content\/uploads\/sites\/99\/2023\/10\/cropped-Shark-Free-App-Logo_600px.png\" class=\"custom-logo\" alt=\"Shark Free App\" srcset=\"https:\/\/sharkfreeapp.com\/wp-content\/uploads\/sites\/99\/2023\/10\/cropped-Shark-Free-App-Logo_600px.png 600w, https:\/\/sharkfreeapp.com\/wp-content\/uploads\/sites\/99\/2023\/10\/cropped-Shark-Free-App-Logo_600px-300x104.png 300w, https:\/\/sharkfreeapp.com\/wp-content\/uploads\/sites\/99\/2023\/10\/cropped-Shark-Free-App-Logo_600px-18x6.png 18w\" sizes=\"(max-width: 500px) 100vw, 500px\" \/><\/a><\/div>\n\n\n<h2 class=\"wp-block-heading\">Lidt om os<\/h2>\n\n\n\n<p>Shark Free App er mere end blot en informativ hjemmeside om teknologi, apps, spil og hverdagens nysgerrigheder. Vi er en p\u00e5lidelig og omfattende kilde til viden, designet til at hj\u00e6lpe dig med at udforske og forst\u00e5 teknologiens verden p\u00e5 en tilg\u00e6ngelig og oplysende m\u00e5de.<\/p>\n\n\n\n<p>I en verden, hvor teknologi spiller en stadig vigtigere rolle i vores liv, er det afg\u00f8rende at v\u00e6re velinformeret og opdateret. Shark Free App er forpligtet til at give dig n\u00f8jagtige og relevante oplysninger om de emner, der betyder mest, fra de seneste mobiltrends til tips og tricks til at optimere din tekniske oplevelse.<\/p>\n\n\n\n<p>Vores hovedfokus er at bringe dig kvalitet og v\u00e6rdifuldt indhold, og vi g\u00f8r dette med en trin-for-trin tilgang. Mens du udforsker vores hjemmeside, vil du finde detaljerede tutorials, der leder dig gennem hvert trin, hvilket sikrer, at du nemt kan f\u00f8lge med, selvom du er nybegynder. Vi er her for at afmystificere teknologi og sikre, at alle kan f\u00e5 mest muligt ud af det.<\/p>\n\n\n\n<p>Teknologi: Teknologien udvikler sig konstant, og det er vores forpligtelse at holde dig opdateret p\u00e5 de seneste innovationer. Uanset om det er en ny smartphone, et gennembrud inden for kunstig intelligens eller en softwareopdatering, giver vi dybdeg\u00e5ende analyser og indsigt i det nyeste inden for teknologi. Dette giver dig mulighed for at tr\u00e6ffe informerede beslutninger, n\u00e5r du v\u00e6lger dine enheder og tjenester.<\/p>\n\n\n\n<p>Apps: Apps er en grundl\u00e6ggende del af vores mobile enheder og den m\u00e5de, vi interagerer med teknologi p\u00e5. Hos Shark Free App finder du detaljerede anmeldelser af popul\u00e6re apps, anbefalinger til nyttige v\u00e6rkt\u00f8jer og guider til, hvordan du bruger appsene effektivt. Uanset om du er Android- eller iOS-bruger, er vi her for at hj\u00e6lpe dig med at finde de bedste apps til dine behov.<\/p>\n\n\n\n<p>Spil: Spil er en sjov form for underholdning og en konstant voksende industri. Vi gennemg\u00e5r spil p\u00e5 tv\u00e6rs af alle platforme, fra konsoller til mobilspil. Uanset om du leder efter spilanbefalinger, gameplaytip eller information om de seneste udgivelser, finder du alt det og mere p\u00e5 vores hjemmeside.<\/p>\n\n\n\n<p>Hverdagens kuriositeter: Teknologi er ikke det eneste, der g\u00f8r verden interessant. Vores websted udforsker ogs\u00e5 en r\u00e6kke dagligdags nysgerrigheder lige fra sp\u00e6ndende fakta om universet til praktiske tips til at g\u00f8re dit liv lettere. Vi \u00f8nsker at holde dig underholdt og informeret i alle aspekter af livet.<\/p>\n\n\n\n<p>Vores tutorials: Vores tutorials er hjertet i Shark Free-appen. Hver trin-for-trin guide er udformet med omhu og sans for detaljer. De forklarer ikke kun, hvordan man g\u00f8r noget, men ogs\u00e5 hvorfor bag hvert trin. Dette hj\u00e6lper dig med fuldt ud at forst\u00e5 de involverede processer og koncepter. Derudover er vi \u00e5bne for tutorialforslag, s\u00e5 hvis du har specifikke sp\u00f8rgsm\u00e5l eller \u00f8nsker, er du velkommen til at kontakte os.<\/p>\n\n\n\n<p>Vores forpligtelse til F\u00e6llesskabet: Hos Shark Free App v\u00e6rds\u00e6tter vi f\u00e6llesskabet af l\u00e6sere, der st\u00f8tter os. Vi s\u00f8ger konstant feedback og forslag til at forbedre vores indhold og tjenester. Hvis du har sp\u00f8rgsm\u00e5l, kommentarer eller ideer, h\u00f8rer vi meget gerne fra dig. Din stemme er vigtig for os.<\/p>\n\n\n\n<p>Kort sagt, Shark Free App er en p\u00e5lidelig og informativ kilde til alt relateret til teknologi, apps, spil og hverdagens kuriositeter. Vores mission er at give dig viden og hj\u00e6lpe dig med at f\u00e5 mest muligt ud af din teknologirejse. Udforsk vores hjemmeside, opdag vores dybdeg\u00e5ende tutorials og hold dig opdateret med de seneste teknologinyheder og -tendenser. Slut dig til vores f\u00e6llesskab og begiv dig ud p\u00e5 denne sp\u00e6ndende teknologiske opdagelsesrejse. Vi er her for at g\u00f8re teknologi tilg\u00e6ngelig for alle.<\/p>\n\n\n\n<h2 class=\"wp-block-heading\">Har du stadig sp\u00f8rgsm\u00e5l?<\/h2>\n\n\n\n<h2 class=\"wp-block-heading\">Her er nogle svar p\u00e5 ofte stillede sp\u00f8rgsm\u00e5l.<\/h2>\n\n\n\n<p><a>Er alt indhold gratis?<\/a><\/p>\n\n\n\n<p>Ja, og vil altid v\u00e6re! Vores mission er at give vores hjemmesidebes\u00f8gende gratis kvalitetsindhold.<\/p>\n\n\n\n<p><a>Hvordan kontakter man siden?<\/a><\/p>\n\n\n\n<p>Du kan kontakte os via vores kontaktside:&nbsp;<b><u><a href=\"https:\/\/sharkfreeapp.com\/da\/contato\/\">https:\/\/sharkfreeapp.com\/contato\/<\/a><\/u><\/b><\/p>\n\n\n\n<p><a>Hvordan fungerer vores arbejde?<\/a><\/p>\n\n\n\n<p>Vores team best\u00e5r af mennesker, der elsker at forske i teknologi, spil, kuriositeter og aktuelle anliggender generelt. Alt indhold tilg\u00e6ngeligt p\u00e5 siden er gratis og vil altid v\u00e6re det! Og for at levere denne gratis service, tilbyder vores hjemmeside nogle steder, hvor annonc\u00f8rer kan annoncere for deres produkter.<\/p>\n\n\n\n<p><a>Er webstedet p\u00e5lideligt? <\/a><\/p>\n\n\n\n<p>Ja! Vores hjemmeside har al den n\u00f8dvendige teknologi til sikkerheden for vores brugere. Mens de oplysninger, der offentligg\u00f8res her, er alle kontrolleret, f\u00f8r de offentligg\u00f8res.<\/p>","protected":false},"excerpt":{"rendered":"<p>Um Pouco Sobre N\u00f3s O Shark Free App \u00e9 mais do que apenas um site informativo sobre tecnologia, aplicativos, games [&hellip;]<\/p>","protected":false},"author":97,"featured_media":0,"parent":0,"menu_order":0,"comment_status":"closed","ping_status":"closed","template":"page-nosidebar.php","meta":{"_uag_custom_page_level_css":"","site-sidebar-layout":"default","site-content-layout":"","ast-site-content-layout":"","site-content-style":"default","site-sidebar-style":"default","ast-global-header-display":"","ast-banner-title-visibility":"","ast-main-header-display":"","ast-hfb-above-header-display":"","ast-hfb-below-header-display":"","ast-hfb-mobile-header-display":"","site-post-title":"","ast-breadcrumbs-content":"","ast-featured-img":"","footer-sml-layout":"","theme-transparent-header-meta":"","adv-header-id-meta":"","stick-header-meta":"","header-above-stick-meta":"","header-main-stick-meta":"","header-below-stick-meta":"","astra-migrate-meta-layouts":"default","ast-page-background-enabled":"default","ast-page-background-meta":{"desktop":{"background-color":"var(--ast-global-color-4)","background-image":"","background-repeat":"repeat","background-position":"center center","background-size":"auto","background-attachment":"scroll","background-type":"","background-media":"","overlay-type":"","overlay-color":"","overlay-opacity":"","overlay-gradient":""},"tablet":{"background-color":"","background-image":"","background-repeat":"repeat","background-position":"center center","background-size":"auto","background-attachment":"scroll","background-type":"","background-media":"","overlay-type":"","overlay-color":"","overlay-opacity":"","overlay-gradient":""},"mobile":{"background-color":"","background-image":"","background-repeat":"repeat","background-position":"center center","background-size":"auto","background-attachment":"scroll","background-type":"","background-media":"","overlay-type":"","overlay-color":"","overlay-opacity":"","overlay-gradient":""}},"ast-content-background-meta":{"desktop":{"background-color":"var(--ast-global-color-5)","background-image":"","background-repeat":"repeat","background-position":"center center","background-size":"auto","background-attachment":"scroll","background-type":"","background-media":"","overlay-type":"","overlay-color":"","overlay-opacity":"","overlay-gradient":""},"tablet":{"background-color":"var(--ast-global-color-5)","background-image":"","background-repeat":"repeat","background-position":"center center","background-size":"auto","background-attachment":"scroll","background-type":"","background-media":"","overlay-type":"","overlay-color":"","overlay-opacity":"","overlay-gradient":""},"mobile":{"background-color":"var(--ast-global-color-5)","background-image":"","background-repeat":"repeat","background-position":"center center","background-size":"auto","background-attachment":"scroll","background-type":"","background-media":"","overlay-type":"","overlay-color":"","overlay-opacity":"","overlay-gradient":""}},"footnotes":""},"yoast_head":"<!-- This site is optimized with the Yoast SEO Premium plugin v18.7 (Yoast SEO v23.3) - https:\/\/yoast.com\/wordpress\/plugins\/seo\/ -->\n<title>Sobre N\u00f3s - Shark Free App<\/title>\n<meta name=\"robots\" content=\"index, follow, max-snippet:-1, max-image-preview:large, max-video-preview:-1\" \/>\n<link rel=\"canonical\" href=\"https:\/\/sharkfreeapp.com\/da\/sobre-nos\/\" \/>\n<meta property=\"og:locale\" content=\"da_DK\" \/>\n<meta property=\"og:type\" content=\"article\" \/>\n<meta property=\"og:title\" content=\"Sobre N\u00f3s\" \/>\n<meta property=\"og:description\" content=\"Um Pouco Sobre N\u00f3s O Shark Free App \u00e9 mais do que apenas um site informativo sobre tecnologia, aplicativos, games [&hellip;]\" \/>\n<meta property=\"og:url\" content=\"https:\/\/sharkfreeapp.com\/da\/sobre-nos\/\" \/>\n<meta property=\"og:site_name\" content=\"Shark Free App\" \/>\n<meta property=\"article:modified_time\" content=\"2024-10-01T11:49:18+00:00\" \/>\n<meta name=\"twitter:card\" content=\"summary_large_image\" \/>\n<meta name=\"twitter:label1\" content=\"Est. reading time\" \/>\n\t<meta name=\"twitter:data1\" content=\"4 minutter\" \/>\n<script type=\"application\/ld+json\" class=\"yoast-schema-graph\">{\"@context\":\"https:\/\/schema.org\",\"@graph\":[{\"@type\":\"WebPage\",\"@id\":\"https:\/\/sharkfreeapp.com\/sobre-nos\/\",\"url\":\"https:\/\/sharkfreeapp.com\/sobre-nos\/\",\"name\":\"Sobre N\u00f3s - Shark Free App\",\"isPartOf\":{\"@id\":\"https:\/\/sharkfreeapp.com\/#website\"},\"datePublished\":\"2023-10-25T17:14:58+00:00\",\"dateModified\":\"2024-10-01T11:49:18+00:00\",\"breadcrumb\":{\"@id\":\"https:\/\/sharkfreeapp.com\/sobre-nos\/#breadcrumb\"},\"inLanguage\":\"da-DK\",\"potentialAction\":[{\"@type\":\"ReadAction\",\"target\":[\"https:\/\/sharkfreeapp.com\/sobre-nos\/\"]}]},{\"@type\":\"BreadcrumbList\",\"@id\":\"https:\/\/sharkfreeapp.com\/sobre-nos\/#breadcrumb\",\"itemListElement\":[{\"@type\":\"ListItem\",\"position\":1,\"name\":\"Home\",\"item\":\"https:\/\/sharkfreeapp.com\/\"},{\"@type\":\"ListItem\",\"position\":2,\"name\":\"Sobre N\u00f3s\"}]},{\"@type\":\"WebSite\",\"@id\":\"https:\/\/sharkfreeapp.com\/#website\",\"url\":\"https:\/\/sharkfreeapp.com\/\",\"name\":\"Shark Free App\",\"description\":\"\",\"publisher\":{\"@id\":\"https:\/\/sharkfreeapp.com\/#organization\"},\"potentialAction\":[{\"@type\":\"SearchAction\",\"target\":{\"@type\":\"EntryPoint\",\"urlTemplate\":\"https:\/\/sharkfreeapp.com\/?s={search_term_string}\"},\"query-input\":\"required name=search_term_string\"}],\"inLanguage\":\"da-DK\"},{\"@type\":\"Organization\",\"@id\":\"https:\/\/sharkfreeapp.com\/#organization\",\"name\":\"Shark Free App\",\"url\":\"https:\/\/sharkfreeapp.com\/\",\"logo\":{\"@type\":\"ImageObject\",\"inLanguage\":\"da-DK\",\"@id\":\"https:\/\/sharkfreeapp.com\/#\/schema\/logo\/image\/\",\"url\":\"https:\/\/sharkfreeapp.com\/wp-content\/uploads\/sites\/99\/2023\/10\/cropped-Shark-Free-App-Logo_600px.png\",\"contentUrl\":\"https:\/\/sharkfreeapp.com\/wp-content\/uploads\/sites\/99\/2023\/10\/cropped-Shark-Free-App-Logo_600px.png\",\"width\":600,\"height\":208,\"caption\":\"Shark Free App\"},\"image\":{\"@id\":\"https:\/\/sharkfreeapp.com\/#\/schema\/logo\/image\/\"}}]}<\/script>\n<!-- \/ Yoast SEO Premium plugin. -->","yoast_head_json":{"title":"Sobre N\u00f3s - Shark Free App","robots":{"index":"index","follow":"follow","max-snippet":"max-snippet:-1","max-image-preview":"max-image-preview:large","max-video-preview":"max-video-preview:-1"},"canonical":"https:\/\/sharkfreeapp.com\/da\/sobre-nos\/","og_locale":"da_DK","og_type":"article","og_title":"Sobre N\u00f3s","og_description":"Um Pouco Sobre N\u00f3s O Shark Free App \u00e9 mais do que apenas um site informativo sobre tecnologia, aplicativos, games [&hellip;]","og_url":"https:\/\/sharkfreeapp.com\/da\/sobre-nos\/","og_site_name":"Shark Free App","article_modified_time":"2024-10-01T11:49:18+00:00","twitter_card":"summary_large_image","twitter_misc":{"Est. reading time":"4 minutter"},"schema":{"@context":"https:\/\/schema.org","@graph":[{"@type":"WebPage","@id":"https:\/\/sharkfreeapp.com\/sobre-nos\/","url":"https:\/\/sharkfreeapp.com\/sobre-nos\/","name":"Sobre N\u00f3s - Shark Free App","isPartOf":{"@id":"https:\/\/sharkfreeapp.com\/#website"},"datePublished":"2023-10-25T17:14:58+00:00","dateModified":"2024-10-01T11:49:18+00:00","breadcrumb":{"@id":"https:\/\/sharkfreeapp.com\/sobre-nos\/#breadcrumb"},"inLanguage":"da-DK","potentialAction":[{"@type":"ReadAction","target":["https:\/\/sharkfreeapp.com\/sobre-nos\/"]}]},{"@type":"BreadcrumbList","@id":"https:\/\/sharkfreeapp.com\/sobre-nos\/#breadcrumb","itemListElement":[{"@type":"ListItem","position":1,"name":"Home","item":"https:\/\/sharkfreeapp.com\/"},{"@type":"ListItem","position":2,"name":"Sobre N\u00f3s"}]},{"@type":"WebSite","@id":"https:\/\/sharkfreeapp.com\/#website","url":"https:\/\/sharkfreeapp.com\/","name":"Shark Free App","description":"","publisher":{"@id":"https:\/\/sharkfreeapp.com\/#organization"},"potentialAction":[{"@type":"SearchAction","target":{"@type":"EntryPoint","urlTemplate":"https:\/\/sharkfreeapp.com\/?s={search_term_string}"},"query-input":"required name=search_term_string"}],"inLanguage":"da-DK"},{"@type":"Organization","@id":"https:\/\/sharkfreeapp.com\/#organization","name":"Shark Free App","url":"https:\/\/sharkfreeapp.com\/","logo":{"@type":"ImageObject","inLanguage":"da-DK","@id":"https:\/\/sharkfreeapp.com\/#\/schema\/logo\/image\/","url":"https:\/\/sharkfreeapp.com\/wp-content\/uploads\/sites\/99\/2023\/10\/cropped-Shark-Free-App-Logo_600px.png","contentUrl":"https:\/\/sharkfreeapp.com\/wp-content\/uploads\/sites\/99\/2023\/10\/cropped-Shark-Free-App-Logo_600px.png","width":600,"height":208,"caption":"Shark Free App"},"image":{"@id":"https:\/\/sharkfreeapp.com\/#\/schema\/logo\/image\/"}}]}},"uagb_featured_image_src":{"full":false,"thumbnail":false,"medium":false,"medium_large":false,"large":false,"1536x1536":false,"2048x2048":false,"trp-custom-language-flag":false},"uagb_author_info":{"display_name":"pedrosantosfirefe","author_link":"https:\/\/sharkfreeapp.com\/da\/author\/pedrosantosfirefe\/"},"uagb_comment_info":0,"uagb_excerpt":"Um Pouco Sobre N\u00f3s O Shark Free App \u00e9 mais do que apenas um site informativo sobre tecnologia, aplicativos, games [&hellip;]","_links":{"self":[{"href":"https:\/\/sharkfreeapp.com\/da\/wp-json\/wp\/v2\/pages\/23919"}],"collection":[{"href":"https:\/\/sharkfreeapp.com\/da\/wp-json\/wp\/v2\/pages"}],"about":[{"href":"https:\/\/sharkfreeapp.com\/da\/wp-json\/wp\/v2\/types\/page"}],"author":[{"embeddable":true,"href":"https:\/\/sharkfreeapp.com\/da\/wp-json\/wp\/v2\/users\/97"}],"replies":[{"embeddable":true,"href":"https:\/\/sharkfreeapp.com\/da\/wp-json\/wp\/v2\/comments?post=23919"}],"version-history":[{"count":2,"href":"https:\/\/sharkfreeapp.com\/da\/wp-json\/wp\/v2\/pages\/23919\/revisions"}],"predecessor-version":[{"id":29021,"href":"https:\/\/sharkfreeapp.com\/da\/wp-json\/wp\/v2\/pages\/23919\/revisions\/29021"}],"wp:attachment":[{"href":"https:\/\/sharkfreeapp.com\/da\/wp-json\/wp\/v2\/media?parent=23919"}],"curies":[{"name":"wp","href":"https:\/\/api.w.org\/{rel}","templated":true}]}}