{"id":8,"date":"2025-09-16T07:23:13","date_gmt":"2025-09-16T07:23:13","guid":{"rendered":"https:\/\/sharkfreeapp.com\/services\/"},"modified":"2025-09-16T07:23:21","modified_gmt":"2025-09-16T07:23:21","slug":"services","status":"publish","type":"page","link":"https:\/\/sharkfreeapp.com\/da\/services\/","title":{"rendered":"Tjenester"},"content":{"rendered":"<div class=\"wp-block-uagb-container uag-blocks-common-selector uagb-block-d8b2f056 alignfull uagb-is-root-container\"><div class=\"uagb-container-inner-blocks-wrap\">\n<div class=\"wp-block-uagb-advanced-heading uagb-block-6ff4f5ff\"><h1 class=\"uagb-heading-text\">Vores tjenester<\/h1><\/div>\n\n\n\n<div class=\"wp-block-uagb-image uagb-block-c43d2685 wp-block-uagb-image--layout-default wp-block-uagb-image--effect-static wp-block-uagb-image--align-none uag-blocks-common-selector\" style=\"--z-index-desktop:undefined;;--z-index-tablet:1;;--z-index-mobile:undefined;\"><figure class=\"wp-block-uagb-image__figure\"><img decoding=\"async\" srcset=\"https:\/\/sharkfreeapp.com\/wp-content\/uploads\/sites\/99\/2021\/05\/inner-page-hero-img.jpg ,https:\/\/sharkfreeapp.com\/wp-content\/uploads\/sites\/99\/2021\/05\/inner-page-hero-img.jpg 780w, https:\/\/sharkfreeapp.com\/wp-content\/uploads\/sites\/99\/2021\/05\/inner-page-hero-img.jpg 360w\" sizes=\"(max-width: 480px) 150px\" src=\"https:\/\/sharkfreeapp.com\/wp-content\/uploads\/sites\/99\/2021\/05\/inner-page-hero-img.jpg\" alt=\"\" class=\"uag-image-135\" width=\"600\" height=\"319\" title=\"\" loading=\"lazy\" role=\"img\"\/><\/figure><\/div>\n<\/div><\/div>\n\n\n\n<div class=\"wp-block-uagb-container uag-blocks-common-selector uagb-block-a66c3ec6 alignfull uagb-is-root-container\"><div class=\"uagb-container-inner-blocks-wrap\">\n<div class=\"wp-block-uagb-advanced-heading uagb-block-c33598ae\"><h2 class=\"uagb-heading-text\">Hvordan kan vi hj\u00e6lpe dig?<\/h2><\/div>\n\n\n\n<div class=\"wp-block-uagb-container uagb-layout-grid uagb-block-d8cb1004 alignfull uagb-is-root-container\"><div class=\"uagb-container-inner-blocks-wrap\">\n<div class=\"wp-block-uagb-advanced-heading uagb-block-7ed9e7ca\"><h4 class=\"uagb-heading-text\">Iv\u00e6rks\u00e6ttercoaching<\/h4><\/div>\n\n\n\n<div class=\"wp-block-uagb-advanced-heading uagb-block-bfc193eb\"><p class=\"uagb-heading-text\">Som professionelle iv\u00e6rks\u00e6ttercoaches specialiserer vi os i at balancere mellem at v\u00e6re cheerleader og barsk realist. Vi presser dig til nye h\u00f8jder, der til tider kan v\u00e6re ubehagelige, men som er n\u00f8dvendige for at v\u00e6kste og skalere din virksomhed. Vi f\u00f8lger dig i tykt og tyndt og s\u00f8rger for, at alle m\u00e5l er v\u00e6kstdrevne, s\u00e5 du hurtigt begynder at se resultater.<\/p><\/div>\n<\/div><\/div>\n\n\n\n<div class=\"wp-block-uagb-container uagb-layout-grid uagb-block-22ca80e3 alignfull uagb-is-root-container\"><div class=\"uagb-container-inner-blocks-wrap\">\n<div class=\"wp-block-uagb-advanced-heading uagb-block-3f370dc9\"><h4 class=\"uagb-heading-text\">Penge- og finanscoaching<\/h4><\/div>\n\n\n\n<div class=\"wp-block-uagb-advanced-heading uagb-block-982b4080\"><p class=\"uagb-heading-text\">Vi er p\u00e5lidelige penge- og finanscoaches, der fokuserer p\u00e5 at forbedre den \u00f8konomiske situation for b\u00e5de private og erhvervsklienter. Vores hovedm\u00e5l er at adressere b\u00e5de de sorte og hvide tal samt det f\u00f8lelsesm\u00e6ssige forhold til penge. Vi hj\u00e6lper dig ogs\u00e5 med at udarbejde en trin-for-trin-plan, der hj\u00e6lper dig med at n\u00e5 specifikke \u00f8konomiske m\u00e5l og til at have den tankegang og de vaner, der skal til for at underst\u00f8tte langsigtet \u00f8konomisk succes.<\/p><\/div>\n<\/div><\/div>\n\n\n\n<div class=\"wp-block-uagb-container uagb-layout-grid uagb-block-b233ec9c alignfull uagb-is-root-container\"><div class=\"uagb-container-inner-blocks-wrap\">\n<div class=\"wp-block-uagb-advanced-heading uagb-block-d7fb928e\"><h4 class=\"uagb-heading-text\">Holdcoaching<\/h4><\/div>\n\n\n\n<div class=\"wp-block-uagb-advanced-heading uagb-block-1bab5a13\"><p class=\"uagb-heading-text\">Som teamcoach driver vi dit team mod at n\u00e5 et m\u00e5l, uanset om det drejer sig om at f\u00e6rdigg\u00f8re et bestemt projekt, starte en ny forretningsenhed eller opfylde salgsindsatsen. Vi hj\u00e6lper dig med at konfrontere og h\u00e5ndtere teambusters som gruppet\u00e6nkning, mikromanagement og ul\u00f8ste konflikter for at opbygge et bedre team for din organisation. Vi stiller sp\u00f8rgsm\u00e5l, der hj\u00e6lper dit team med at beslutte, hvad der er bedst for dem.<\/p><\/div>\n<\/div><\/div>\n<\/div><\/div>\n\n\n\n<div class=\"wp-block-uagb-container uagb-block-05fd2311 alignfull uagb-is-root-container\"><div class=\"uagb-container-inner-blocks-wrap\">\n<div class=\"wp-block-uagb-info-box uagb-block-5f43401b uagb-infobox__content-wrap  uagb-infobox-icon-above-title uagb-infobox-image-valign-top wp-block-uagb-info-box--has-margin\"><div class=\"uagb-infobox-margin-wrapper\"><div class=\"uagb-ifb-content\"><div class=\"uagb-ifb-title-wrap\"><h2 class=\"uagb-ifb-title\">Overvind dine forhindringer. F\u00e5 forretningscoaching i dag!<\/h2><\/div><div class=\"uagb-ifb-button-wrapper wp-block-button\"><a href=\"#\" class=\"uagb-infobox-cta-link wp-block-button__link\" target=\"_self\" rel=\"noopener noreferrer\" onclick=\"return false;\"><span class=\"uagb-inline-editing\">bogkonsultation<\/span><\/a><\/div><\/div><\/div><\/div>\n<\/div><\/div>","protected":false},"excerpt":{"rendered":"<p>Our Services How can we help you?\u200b Entrepreneurship Coaching\u200b As professional entrepreneurship coaches we specialize in walking the line between [&hellip;]<\/p>","protected":false},"author":2,"featured_media":0,"parent":0,"menu_order":0,"comment_status":"closed","ping_status":"closed","template":"","meta":{"_uag_custom_page_level_css":"","site-sidebar-layout":"no-sidebar","site-content-layout":"plain-container","ast-site-content-layout":"normal-width-container","site-content-style":"unboxed","site-sidebar-style":"unboxed","ast-global-header-display":"","ast-banner-title-visibility":"","ast-main-header-display":"","ast-hfb-above-header-display":"","ast-hfb-below-header-display":"","ast-hfb-mobile-header-display":"","site-post-title":"disabled","ast-breadcrumbs-content":"","ast-featured-img":"","footer-sml-layout":"","theme-transparent-header-meta":"default","adv-header-id-meta":"","stick-header-meta":"","header-above-stick-meta":"","header-main-stick-meta":"","header-below-stick-meta":"","astra-migrate-meta-layouts":"set","ast-page-background-enabled":"default","ast-page-background-meta":{"desktop":{"background-color":"var(--ast-global-color-4)","background-image":"","background-repeat":"repeat","background-position":"center center","background-size":"auto","background-attachment":"scroll","background-type":"","background-media":"","overlay-type":"","overlay-color":"","overlay-opacity":"","overlay-gradient":""},"tablet":{"background-color":"","background-image":"","background-repeat":"repeat","background-position":"center center","background-size":"auto","background-attachment":"scroll","background-type":"","background-media":"","overlay-type":"","overlay-color":"","overlay-opacity":"","overlay-gradient":""},"mobile":{"background-color":"","background-image":"","background-repeat":"repeat","background-position":"center center","background-size":"auto","background-attachment":"scroll","background-type":"","background-media":"","overlay-type":"","overlay-color":"","overlay-opacity":"","overlay-gradient":""}},"ast-content-background-meta":{"desktop":{"background-color":"var(--ast-global-color-5)","background-image":"","background-repeat":"repeat","background-position":"center center","background-size":"auto","background-attachment":"scroll","background-type":"","background-media":"","overlay-type":"","overlay-color":"","overlay-opacity":"","overlay-gradient":""},"tablet":{"background-color":"var(--ast-global-color-5)","background-image":"","background-repeat":"repeat","background-position":"center center","background-size":"auto","background-attachment":"scroll","background-type":"","background-media":"","overlay-type":"","overlay-color":"","overlay-opacity":"","overlay-gradient":""},"mobile":{"background-color":"var(--ast-global-color-5)","background-image":"","background-repeat":"repeat","background-position":"center center","background-size":"auto","background-attachment":"scroll","background-type":"","background-media":"","overlay-type":"","overlay-color":"","overlay-opacity":"","overlay-gradient":""}},"footnotes":""},"yoast_head":"<!-- This site is optimized with the Yoast SEO Premium plugin v18.7 (Yoast SEO v23.3) - https:\/\/yoast.com\/wordpress\/plugins\/seo\/ -->\n<title>Services - Shark Free App<\/title>\n<meta name=\"robots\" content=\"index, follow, max-snippet:-1, max-image-preview:large, max-video-preview:-1\" \/>\n<link rel=\"canonical\" href=\"https:\/\/sharkfreeapp.com\/da\/services\/\" \/>\n<meta property=\"og:locale\" content=\"da_DK\" \/>\n<meta property=\"og:type\" content=\"article\" \/>\n<meta property=\"og:title\" content=\"Services\" \/>\n<meta property=\"og:description\" content=\"Our Services How can we help you?\u200b Entrepreneurship Coaching\u200b As professional entrepreneurship coaches we specialize in walking the line between [&hellip;]\" \/>\n<meta property=\"og:url\" content=\"https:\/\/sharkfreeapp.com\/da\/services\/\" \/>\n<meta property=\"og:site_name\" content=\"Shark Free App\" \/>\n<meta property=\"article:modified_time\" content=\"2025-09-16T07:23:21+00:00\" \/>\n<meta property=\"og:image\" content=\"https:\/\/sharkfreeapp.com\/wp-content\/uploads\/sites\/99\/2021\/05\/inner-page-hero-img.jpg\" \/>\n<meta name=\"twitter:card\" content=\"summary_large_image\" \/>\n<meta name=\"twitter:label1\" content=\"Est. reading time\" \/>\n\t<meta name=\"twitter:data1\" content=\"2 minutter\" \/>\n<script type=\"application\/ld+json\" class=\"yoast-schema-graph\">{\"@context\":\"https:\/\/schema.org\",\"@graph\":[{\"@type\":\"WebPage\",\"@id\":\"https:\/\/sharkfreeapp.com\/services\/\",\"url\":\"https:\/\/sharkfreeapp.com\/services\/\",\"name\":\"Services - Shark Free App\",\"isPartOf\":{\"@id\":\"https:\/\/sharkfreeapp.com\/#website\"},\"primaryImageOfPage\":{\"@id\":\"https:\/\/sharkfreeapp.com\/services\/#primaryimage\"},\"image\":{\"@id\":\"https:\/\/sharkfreeapp.com\/services\/#primaryimage\"},\"thumbnailUrl\":\"https:\/\/sharkfreeapp.com\/wp-content\/uploads\/sites\/99\/2021\/05\/inner-page-hero-img.jpg\",\"datePublished\":\"2025-09-16T07:23:13+00:00\",\"dateModified\":\"2025-09-16T07:23:21+00:00\",\"breadcrumb\":{\"@id\":\"https:\/\/sharkfreeapp.com\/services\/#breadcrumb\"},\"inLanguage\":\"da-DK\",\"potentialAction\":[{\"@type\":\"ReadAction\",\"target\":[\"https:\/\/sharkfreeapp.com\/services\/\"]}]},{\"@type\":\"ImageObject\",\"inLanguage\":\"da-DK\",\"@id\":\"https:\/\/sharkfreeapp.com\/services\/#primaryimage\",\"url\":\"https:\/\/sharkfreeapp.com\/wp-content\/uploads\/sites\/99\/2021\/05\/inner-page-hero-img.jpg\",\"contentUrl\":\"https:\/\/sharkfreeapp.com\/wp-content\/uploads\/sites\/99\/2021\/05\/inner-page-hero-img.jpg\"},{\"@type\":\"BreadcrumbList\",\"@id\":\"https:\/\/sharkfreeapp.com\/services\/#breadcrumb\",\"itemListElement\":[{\"@type\":\"ListItem\",\"position\":1,\"name\":\"Home\",\"item\":\"https:\/\/sharkfreeapp.com\/\"},{\"@type\":\"ListItem\",\"position\":2,\"name\":\"Services\"}]},{\"@type\":\"WebSite\",\"@id\":\"https:\/\/sharkfreeapp.com\/#website\",\"url\":\"https:\/\/sharkfreeapp.com\/\",\"name\":\"Shark Free App\",\"description\":\"\",\"publisher\":{\"@id\":\"https:\/\/sharkfreeapp.com\/#organization\"},\"potentialAction\":[{\"@type\":\"SearchAction\",\"target\":{\"@type\":\"EntryPoint\",\"urlTemplate\":\"https:\/\/sharkfreeapp.com\/?s={search_term_string}\"},\"query-input\":\"required name=search_term_string\"}],\"inLanguage\":\"da-DK\"},{\"@type\":\"Organization\",\"@id\":\"https:\/\/sharkfreeapp.com\/#organization\",\"name\":\"Shark Free App\",\"url\":\"https:\/\/sharkfreeapp.com\/\",\"logo\":{\"@type\":\"ImageObject\",\"inLanguage\":\"da-DK\",\"@id\":\"https:\/\/sharkfreeapp.com\/#\/schema\/logo\/image\/\",\"url\":\"https:\/\/sharkfreeapp.com\/wp-content\/uploads\/sites\/99\/2023\/10\/cropped-Shark-Free-App-Logo_600px.png\",\"contentUrl\":\"https:\/\/sharkfreeapp.com\/wp-content\/uploads\/sites\/99\/2023\/10\/cropped-Shark-Free-App-Logo_600px.png\",\"width\":600,\"height\":208,\"caption\":\"Shark Free App\"},\"image\":{\"@id\":\"https:\/\/sharkfreeapp.com\/#\/schema\/logo\/image\/\"}}]}<\/script>\n<!-- \/ Yoast SEO Premium plugin. -->","yoast_head_json":{"title":"Services - Shark Free App","robots":{"index":"index","follow":"follow","max-snippet":"max-snippet:-1","max-image-preview":"max-image-preview:large","max-video-preview":"max-video-preview:-1"},"canonical":"https:\/\/sharkfreeapp.com\/da\/services\/","og_locale":"da_DK","og_type":"article","og_title":"Services","og_description":"Our Services How can we help you?\u200b Entrepreneurship Coaching\u200b As professional entrepreneurship coaches we specialize in walking the line between [&hellip;]","og_url":"https:\/\/sharkfreeapp.com\/da\/services\/","og_site_name":"Shark Free App","article_modified_time":"2025-09-16T07:23:21+00:00","og_image":[{"url":"https:\/\/sharkfreeapp.com\/wp-content\/uploads\/sites\/99\/2021\/05\/inner-page-hero-img.jpg"}],"twitter_card":"summary_large_image","twitter_misc":{"Est. reading time":"2 minutter"},"schema":{"@context":"https:\/\/schema.org","@graph":[{"@type":"WebPage","@id":"https:\/\/sharkfreeapp.com\/services\/","url":"https:\/\/sharkfreeapp.com\/services\/","name":"Services - Shark Free App","isPartOf":{"@id":"https:\/\/sharkfreeapp.com\/#website"},"primaryImageOfPage":{"@id":"https:\/\/sharkfreeapp.com\/services\/#primaryimage"},"image":{"@id":"https:\/\/sharkfreeapp.com\/services\/#primaryimage"},"thumbnailUrl":"https:\/\/sharkfreeapp.com\/wp-content\/uploads\/sites\/99\/2021\/05\/inner-page-hero-img.jpg","datePublished":"2025-09-16T07:23:13+00:00","dateModified":"2025-09-16T07:23:21+00:00","breadcrumb":{"@id":"https:\/\/sharkfreeapp.com\/services\/#breadcrumb"},"inLanguage":"da-DK","potentialAction":[{"@type":"ReadAction","target":["https:\/\/sharkfreeapp.com\/services\/"]}]},{"@type":"ImageObject","inLanguage":"da-DK","@id":"https:\/\/sharkfreeapp.com\/services\/#primaryimage","url":"https:\/\/sharkfreeapp.com\/wp-content\/uploads\/sites\/99\/2021\/05\/inner-page-hero-img.jpg","contentUrl":"https:\/\/sharkfreeapp.com\/wp-content\/uploads\/sites\/99\/2021\/05\/inner-page-hero-img.jpg"},{"@type":"BreadcrumbList","@id":"https:\/\/sharkfreeapp.com\/services\/#breadcrumb","itemListElement":[{"@type":"ListItem","position":1,"name":"Home","item":"https:\/\/sharkfreeapp.com\/"},{"@type":"ListItem","position":2,"name":"Services"}]},{"@type":"WebSite","@id":"https:\/\/sharkfreeapp.com\/#website","url":"https:\/\/sharkfreeapp.com\/","name":"Shark Free App","description":"","publisher":{"@id":"https:\/\/sharkfreeapp.com\/#organization"},"potentialAction":[{"@type":"SearchAction","target":{"@type":"EntryPoint","urlTemplate":"https:\/\/sharkfreeapp.com\/?s={search_term_string}"},"query-input":"required name=search_term_string"}],"inLanguage":"da-DK"},{"@type":"Organization","@id":"https:\/\/sharkfreeapp.com\/#organization","name":"Shark Free App","url":"https:\/\/sharkfreeapp.com\/","logo":{"@type":"ImageObject","inLanguage":"da-DK","@id":"https:\/\/sharkfreeapp.com\/#\/schema\/logo\/image\/","url":"https:\/\/sharkfreeapp.com\/wp-content\/uploads\/sites\/99\/2023\/10\/cropped-Shark-Free-App-Logo_600px.png","contentUrl":"https:\/\/sharkfreeapp.com\/wp-content\/uploads\/sites\/99\/2023\/10\/cropped-Shark-Free-App-Logo_600px.png","width":600,"height":208,"caption":"Shark Free App"},"image":{"@id":"https:\/\/sharkfreeapp.com\/#\/schema\/logo\/image\/"}}]}},"uagb_featured_image_src":{"full":false,"thumbnail":false,"medium":false,"medium_large":false,"large":false,"1536x1536":false,"2048x2048":false,"trp-custom-language-flag":false},"uagb_author_info":{"display_name":"lcgianni","author_link":"https:\/\/sharkfreeapp.com\/da\/author\/lcgianni\/"},"uagb_comment_info":0,"uagb_excerpt":"Our Services How can we help you?\u200b Entrepreneurship Coaching\u200b As professional entrepreneurship coaches we specialize in walking the line between [&hellip;]","_links":{"self":[{"href":"https:\/\/sharkfreeapp.com\/da\/wp-json\/wp\/v2\/pages\/8"}],"collection":[{"href":"https:\/\/sharkfreeapp.com\/da\/wp-json\/wp\/v2\/pages"}],"about":[{"href":"https:\/\/sharkfreeapp.com\/da\/wp-json\/wp\/v2\/types\/page"}],"author":[{"embeddable":true,"href":"https:\/\/sharkfreeapp.com\/da\/wp-json\/wp\/v2\/users\/2"}],"replies":[{"embeddable":true,"href":"https:\/\/sharkfreeapp.com\/da\/wp-json\/wp\/v2\/comments?post=8"}],"version-history":[{"count":1,"href":"https:\/\/sharkfreeapp.com\/da\/wp-json\/wp\/v2\/pages\/8\/revisions"}],"predecessor-version":[{"id":31107,"href":"https:\/\/sharkfreeapp.com\/da\/wp-json\/wp\/v2\/pages\/8\/revisions\/31107"}],"wp:attachment":[{"href":"https:\/\/sharkfreeapp.com\/da\/wp-json\/wp\/v2\/media?parent=8"}],"curies":[{"name":"wp","href":"https:\/\/api.w.org\/{rel}","templated":true}]}}