{"id":9709,"date":"2022-12-22T09:09:06","date_gmt":"2022-12-22T09:09:06","guid":{"rendered":"https:\/\/stwsports.com\/?page_id=9709"},"modified":"2025-04-08T14:11:37","modified_gmt":"2025-04-08T14:11:37","slug":"dmca","status":"publish","type":"page","link":"https:\/\/sharkfreeapp.com\/da\/dmca\/","title":{"rendered":"DMCA"},"content":{"rendered":"<h3 class=\"wp-block-heading\">Politik om ophavsret (Digital Millennium Copyright Act)<\/h3>\n\n\n\n<p>Velkommen til (&quot;Hjemmesiden&quot;). Vi respekterer andres immaterielle rettigheder, ligesom vi forventer, at andre respekterer vores rettigheder. I henhold til Digital Millennium Copyright Act, Title 17, United States Code, Section 512(c), kan en ophavsretsindehaver eller dennes agent indsende en meddelelse om fjernelse til os via vores DMCA-agent, der er anf\u00f8rt nedenfor. Som internetudbyder er vi berettiget til at g\u00f8re krav p\u00e5 immunitet fra n\u00e6vnte kr\u00e6nkelseskrav i henhold til &quot;safe harbor&quot;-bestemmelserne i DMCA. For at indsende en klage over kr\u00e6nkelse af retten til god tro til os, skal du indsende en meddelelse til os, der indeholder f\u00f8lgende oplysninger:<\/p>\n\n\n\n<p><strong>Meddelelse om kr\u00e6nkelse \u2013 Krav<\/strong><\/p>\n\n\n\n<p>1. En fysisk eller elektronisk underskrift fra ophavsretsindehaveren (eller en person, der er bemyndiget til at handle p\u00e5 vegne af ejeren);<br>2. Identifikation af det ophavsretligt beskyttede v\u00e6rk, der h\u00e6vdes at v\u00e6re kr\u00e6nket;<br>3. Identifikation af det kr\u00e6nkende materiale, der skal fjernes, og oplysninger, der er rimeligt tilstr\u00e6kkelige til, at tjenesteudbyderen kan lokalisere materialet. [Indsend venligst URL&#039;en p\u00e5 den p\u00e5g\u00e6ldende side for at hj\u00e6lpe os med at identificere det tilsyneladende kr\u00e6nkende v\u00e6rk];<br>4. Oplysninger, der er rimeligt tilstr\u00e6kkelige til, at tjenesteudbyderen kan kontakte den klagende part, herunder dit navn, fysiske adresse, e-mailadresse, telefonnummer og faxnummer;<br>5. En erkl\u00e6ring om, at den klagende part i god tro mener, at brugen af materialet er uautoriseret af ophavsretsagenten; og<br>6. En erkl\u00e6ring om, at oplysningerne i meddelelsen er n\u00f8jagtige, og at den klagende part under straf for mened er bemyndiget til at handle p\u00e5 vegne af indehaveren af ophavsretten.<\/p>\n\n\n\n<p>Titel 17 USC \u00a7512(f) fasts\u00e6tter b\u00f8der for civilretlige erstatninger, herunder sagsomkostninger og advokatsal\u00e6rer, mod enhver person, der bevidst og v\u00e6sentligt giver forkerte oplysninger i en anmeldelse af overtr\u00e6delse i henhold til 17 USC \u00a7512(c)(3).<\/p>\n\n\n\n<p>Send alle meddelelser om fjernelse via vores kontaktside. Send venligst via e-mail for hurtig behandling.<\/p>\n\n\n\n<p>Bem\u00e6rk venligst, at vi kan dele identiteten og oplysningerne i enhver klage over ophavsretskr\u00e6nkelse, vi modtager, med den p\u00e5st\u00e5ede kr\u00e6nker. Ved at indsende et krav forst\u00e5r og accepterer du, at din identitet og dit krav kan blive meddelt den p\u00e5st\u00e5ede kr\u00e6nker.<\/p>\n\n\n\n<p><strong>Modmeddelelse \u2013 Restaurering af materiale<\/strong><\/p>\n\n\n\n<p>Hvis du har modtaget en meddelelse om, at materiale fjernes p\u00e5 grund af en p\u00e5stand om kr\u00e6nkelse af ophavsretten, kan du sende os en modmeddelelse i et fors\u00f8g p\u00e5 at f\u00e5 det p\u00e5g\u00e6ldende materiale gendannet p\u00e5 webstedet. N\u00e6vnte meddelelse skal gives skriftligt til vores DMCA-agent og skal i det v\u00e6sentlige indeholde f\u00f8lgende elementer i henhold til 17 USC Section 512(g)(3):<\/p>\n\n\n\n<p>1. Din fysiske eller elektroniske underskrift.<br>2. En beskrivelse af det materiale, der er blevet fjernet, og materialets oprindelige placering f\u00f8r det blev fjernet.<br>3. En erkl\u00e6ring under straf for mened om, at du i god tro mener, at materialet blev fjernet eller deaktiveret som f\u00f8lge af en fejltagelse eller fejlagtig identifikation af det materiale, der skal fjernes eller deaktiveres.<br>4. Dit navn, adresse og telefonnummer samt en erkl\u00e6ring om, at du accepterer den f\u00f8derale distriktsdomstols jurisdiktion i den retskreds, hvor adressen er beliggende (eller hvis du befinder dig uden for USA, at du accepterer jurisdiktionen i enhver retskreds, hvor tjenesteudbyderen m\u00e5tte v\u00e6re placeret), og at du vil acceptere forkyndelse af st\u00e6vning fra den person eller virksomhed, der indsendte den oprindelige anmeldelse af kr\u00e6nkelsen.<br>5. Send din modanmeldelse via vores kontaktside. E-mail anbefales p\u00e5 det kraftigste.<\/p>\n\n\n\n<p><strong>Politik om gentagne overtr\u00e6delser<\/strong><\/p>\n\n\n\n<p>Vi tager kr\u00e6nkelse af ophavsret meget alvorligt. I henhold til kravene i Digital Millennium Copyright Act vedr\u00f8rende gentagne kr\u00e6nkelser vedligeholder vi en liste over DMCA-meddelelser fra ophavsretsindehavere og g\u00f8r vores bedste for at identificere eventuelle gentagne kr\u00e6nkere. De, der overtr\u00e6der vores interne politik for gentagne overtr\u00e6delser, vil f\u00e5 deres konti lukket.<\/p>\n\n\n\n<p><strong>\u00c6ndringer<\/strong><\/p>\n\n\n\n<p>Vi forbeholder os retten til at \u00e6ndre indholdet af denne side og dens politik for h\u00e5ndtering af DMCA-krav n\u00e5r som helst og af en hvilken som helst grund. Du opfordres til at tjekke denne politik ofte for at se om der er \u00e6ndringer.<\/p>","protected":false},"excerpt":{"rendered":"<p>Digital Millennium Copyright Act Policy Welcome to (the \u201dSite\u201d).We respect the intellectual property rights of others just as we expect [&hellip;]<\/p>","protected":false},"author":127,"featured_media":0,"parent":0,"menu_order":0,"comment_status":"closed","ping_status":"closed","template":"page-nosidebar.php","meta":{"_uag_custom_page_level_css":"","site-sidebar-layout":"default","site-content-layout":"","ast-site-content-layout":"","site-content-style":"default","site-sidebar-style":"default","ast-global-header-display":"","ast-banner-title-visibility":"","ast-main-header-display":"","ast-hfb-above-header-display":"","ast-hfb-below-header-display":"","ast-hfb-mobile-header-display":"","site-post-title":"","ast-breadcrumbs-content":"","ast-featured-img":"","footer-sml-layout":"","theme-transparent-header-meta":"","adv-header-id-meta":"","stick-header-meta":"","header-above-stick-meta":"","header-main-stick-meta":"","header-below-stick-meta":"","astra-migrate-meta-layouts":"default","ast-page-background-enabled":"default","ast-page-background-meta":{"desktop":{"background-color":"var(--ast-global-color-4)","background-image":"","background-repeat":"repeat","background-position":"center center","background-size":"auto","background-attachment":"scroll","background-type":"","background-media":"","overlay-type":"","overlay-color":"","overlay-opacity":"","overlay-gradient":""},"tablet":{"background-color":"","background-image":"","background-repeat":"repeat","background-position":"center center","background-size":"auto","background-attachment":"scroll","background-type":"","background-media":"","overlay-type":"","overlay-color":"","overlay-opacity":"","overlay-gradient":""},"mobile":{"background-color":"","background-image":"","background-repeat":"repeat","background-position":"center center","background-size":"auto","background-attachment":"scroll","background-type":"","background-media":"","overlay-type":"","overlay-color":"","overlay-opacity":"","overlay-gradient":""}},"ast-content-background-meta":{"desktop":{"background-color":"var(--ast-global-color-5)","background-image":"","background-repeat":"repeat","background-position":"center center","background-size":"auto","background-attachment":"scroll","background-type":"","background-media":"","overlay-type":"","overlay-color":"","overlay-opacity":"","overlay-gradient":""},"tablet":{"background-color":"var(--ast-global-color-5)","background-image":"","background-repeat":"repeat","background-position":"center center","background-size":"auto","background-attachment":"scroll","background-type":"","background-media":"","overlay-type":"","overlay-color":"","overlay-opacity":"","overlay-gradient":""},"mobile":{"background-color":"var(--ast-global-color-5)","background-image":"","background-repeat":"repeat","background-position":"center center","background-size":"auto","background-attachment":"scroll","background-type":"","background-media":"","overlay-type":"","overlay-color":"","overlay-opacity":"","overlay-gradient":""}},"footnotes":""},"yoast_head":"<!-- This site is optimized with the Yoast SEO Premium plugin v18.7 (Yoast SEO v23.3) - https:\/\/yoast.com\/wordpress\/plugins\/seo\/ -->\n<title>DMCA - Shark Free App<\/title>\n<meta name=\"robots\" content=\"index, follow, max-snippet:-1, max-image-preview:large, max-video-preview:-1\" \/>\n<link rel=\"canonical\" href=\"https:\/\/sharkfreeapp.com\/da\/dmca\/\" \/>\n<meta property=\"og:locale\" content=\"da_DK\" \/>\n<meta property=\"og:type\" content=\"article\" \/>\n<meta property=\"og:title\" content=\"DMCA\" \/>\n<meta property=\"og:description\" content=\"Digital Millennium Copyright Act Policy Welcome to (the \u201dSite\u201d).We respect the intellectual property rights of others just as we expect [&hellip;]\" \/>\n<meta property=\"og:url\" content=\"https:\/\/sharkfreeapp.com\/da\/dmca\/\" \/>\n<meta property=\"og:site_name\" content=\"Shark Free App\" \/>\n<meta property=\"article:modified_time\" content=\"2025-04-08T14:11:37+00:00\" \/>\n<meta name=\"twitter:card\" content=\"summary_large_image\" \/>\n<meta name=\"twitter:label1\" content=\"Est. reading time\" \/>\n\t<meta name=\"twitter:data1\" content=\"4 minutter\" \/>\n<script type=\"application\/ld+json\" class=\"yoast-schema-graph\">{\"@context\":\"https:\/\/schema.org\",\"@graph\":[{\"@type\":\"WebPage\",\"@id\":\"https:\/\/sharkfreeapp.com\/dmca\/\",\"url\":\"https:\/\/sharkfreeapp.com\/dmca\/\",\"name\":\"DMCA - Shark Free App\",\"isPartOf\":{\"@id\":\"https:\/\/sharkfreeapp.com\/#website\"},\"datePublished\":\"2022-12-22T09:09:06+00:00\",\"dateModified\":\"2025-04-08T14:11:37+00:00\",\"breadcrumb\":{\"@id\":\"https:\/\/sharkfreeapp.com\/dmca\/#breadcrumb\"},\"inLanguage\":\"da-DK\",\"potentialAction\":[{\"@type\":\"ReadAction\",\"target\":[\"https:\/\/sharkfreeapp.com\/dmca\/\"]}]},{\"@type\":\"BreadcrumbList\",\"@id\":\"https:\/\/sharkfreeapp.com\/dmca\/#breadcrumb\",\"itemListElement\":[{\"@type\":\"ListItem\",\"position\":1,\"name\":\"Home\",\"item\":\"https:\/\/sharkfreeapp.com\/\"},{\"@type\":\"ListItem\",\"position\":2,\"name\":\"DMCA\"}]},{\"@type\":\"WebSite\",\"@id\":\"https:\/\/sharkfreeapp.com\/#website\",\"url\":\"https:\/\/sharkfreeapp.com\/\",\"name\":\"Shark Free App\",\"description\":\"\",\"publisher\":{\"@id\":\"https:\/\/sharkfreeapp.com\/#organization\"},\"potentialAction\":[{\"@type\":\"SearchAction\",\"target\":{\"@type\":\"EntryPoint\",\"urlTemplate\":\"https:\/\/sharkfreeapp.com\/?s={search_term_string}\"},\"query-input\":\"required name=search_term_string\"}],\"inLanguage\":\"da-DK\"},{\"@type\":\"Organization\",\"@id\":\"https:\/\/sharkfreeapp.com\/#organization\",\"name\":\"Shark Free App\",\"url\":\"https:\/\/sharkfreeapp.com\/\",\"logo\":{\"@type\":\"ImageObject\",\"inLanguage\":\"da-DK\",\"@id\":\"https:\/\/sharkfreeapp.com\/#\/schema\/logo\/image\/\",\"url\":\"https:\/\/sharkfreeapp.com\/wp-content\/uploads\/sites\/99\/2023\/10\/cropped-Shark-Free-App-Logo_600px.png\",\"contentUrl\":\"https:\/\/sharkfreeapp.com\/wp-content\/uploads\/sites\/99\/2023\/10\/cropped-Shark-Free-App-Logo_600px.png\",\"width\":600,\"height\":208,\"caption\":\"Shark Free App\"},\"image\":{\"@id\":\"https:\/\/sharkfreeapp.com\/#\/schema\/logo\/image\/\"}}]}<\/script>\n<!-- \/ Yoast SEO Premium plugin. -->","yoast_head_json":{"title":"DMCA - Shark Free App","robots":{"index":"index","follow":"follow","max-snippet":"max-snippet:-1","max-image-preview":"max-image-preview:large","max-video-preview":"max-video-preview:-1"},"canonical":"https:\/\/sharkfreeapp.com\/da\/dmca\/","og_locale":"da_DK","og_type":"article","og_title":"DMCA","og_description":"Digital Millennium Copyright Act Policy Welcome to (the \u201dSite\u201d).We respect the intellectual property rights of others just as we expect [&hellip;]","og_url":"https:\/\/sharkfreeapp.com\/da\/dmca\/","og_site_name":"Shark Free App","article_modified_time":"2025-04-08T14:11:37+00:00","twitter_card":"summary_large_image","twitter_misc":{"Est. reading time":"4 minutter"},"schema":{"@context":"https:\/\/schema.org","@graph":[{"@type":"WebPage","@id":"https:\/\/sharkfreeapp.com\/dmca\/","url":"https:\/\/sharkfreeapp.com\/dmca\/","name":"DMCA - Shark Free App","isPartOf":{"@id":"https:\/\/sharkfreeapp.com\/#website"},"datePublished":"2022-12-22T09:09:06+00:00","dateModified":"2025-04-08T14:11:37+00:00","breadcrumb":{"@id":"https:\/\/sharkfreeapp.com\/dmca\/#breadcrumb"},"inLanguage":"da-DK","potentialAction":[{"@type":"ReadAction","target":["https:\/\/sharkfreeapp.com\/dmca\/"]}]},{"@type":"BreadcrumbList","@id":"https:\/\/sharkfreeapp.com\/dmca\/#breadcrumb","itemListElement":[{"@type":"ListItem","position":1,"name":"Home","item":"https:\/\/sharkfreeapp.com\/"},{"@type":"ListItem","position":2,"name":"DMCA"}]},{"@type":"WebSite","@id":"https:\/\/sharkfreeapp.com\/#website","url":"https:\/\/sharkfreeapp.com\/","name":"Shark Free App","description":"","publisher":{"@id":"https:\/\/sharkfreeapp.com\/#organization"},"potentialAction":[{"@type":"SearchAction","target":{"@type":"EntryPoint","urlTemplate":"https:\/\/sharkfreeapp.com\/?s={search_term_string}"},"query-input":"required name=search_term_string"}],"inLanguage":"da-DK"},{"@type":"Organization","@id":"https:\/\/sharkfreeapp.com\/#organization","name":"Shark Free App","url":"https:\/\/sharkfreeapp.com\/","logo":{"@type":"ImageObject","inLanguage":"da-DK","@id":"https:\/\/sharkfreeapp.com\/#\/schema\/logo\/image\/","url":"https:\/\/sharkfreeapp.com\/wp-content\/uploads\/sites\/99\/2023\/10\/cropped-Shark-Free-App-Logo_600px.png","contentUrl":"https:\/\/sharkfreeapp.com\/wp-content\/uploads\/sites\/99\/2023\/10\/cropped-Shark-Free-App-Logo_600px.png","width":600,"height":208,"caption":"Shark Free App"},"image":{"@id":"https:\/\/sharkfreeapp.com\/#\/schema\/logo\/image\/"}}]}},"uagb_featured_image_src":{"full":false,"thumbnail":false,"medium":false,"medium_large":false,"large":false,"1536x1536":false,"2048x2048":false,"trp-custom-language-flag":false},"uagb_author_info":{"display_name":"tais","author_link":"https:\/\/sharkfreeapp.com\/da\/author\/tais\/"},"uagb_comment_info":0,"uagb_excerpt":"Digital Millennium Copyright Act Policy Welcome to (the \u201dSite\u201d).We respect the intellectual property rights of others just as we expect [&hellip;]","_links":{"self":[{"href":"https:\/\/sharkfreeapp.com\/da\/wp-json\/wp\/v2\/pages\/9709"}],"collection":[{"href":"https:\/\/sharkfreeapp.com\/da\/wp-json\/wp\/v2\/pages"}],"about":[{"href":"https:\/\/sharkfreeapp.com\/da\/wp-json\/wp\/v2\/types\/page"}],"author":[{"embeddable":true,"href":"https:\/\/sharkfreeapp.com\/da\/wp-json\/wp\/v2\/users\/127"}],"replies":[{"embeddable":true,"href":"https:\/\/sharkfreeapp.com\/da\/wp-json\/wp\/v2\/comments?post=9709"}],"version-history":[{"count":1,"href":"https:\/\/sharkfreeapp.com\/da\/wp-json\/wp\/v2\/pages\/9709\/revisions"}],"predecessor-version":[{"id":30682,"href":"https:\/\/sharkfreeapp.com\/da\/wp-json\/wp\/v2\/pages\/9709\/revisions\/30682"}],"wp:attachment":[{"href":"https:\/\/sharkfreeapp.com\/da\/wp-json\/wp\/v2\/media?parent=9709"}],"curies":[{"name":"wp","href":"https:\/\/api.w.org\/{rel}","templated":true}]}}