{"id":23843,"date":"2023-10-19T10:45:56","date_gmt":"2023-10-19T13:45:56","guid":{"rendered":"https:\/\/sharkfreeapp.com\/?page_id=23843"},"modified":"2025-11-20T18:42:55","modified_gmt":"2025-11-20T18:42:55","slug":"contato","status":"publish","type":"page","link":"https:\/\/sharkfreeapp.com\/de\/contato\/","title":{"rendered":"Kontakt"},"content":{"rendered":"<figure class=\"wp-block-image\"><img decoding=\"async\" src=\"http:\/\/sharkfreeapp.com\/wp-content\/uploads\/sites\/99\/2023\/10\/Prancheta-2-copia-1024x356.png\" alt=\"\" \/><\/figure>\n\n\n\n<h2 class=\"wp-block-heading\">Kontakt<\/h2>\n\n\n\n<h2 class=\"wp-block-heading\">Sie haben noch Fragen?<\/h2>\n\n\n\n<h2 class=\"wp-block-heading\">Hier finden Sie einige Antworten auf h\u00e4ufig gestellte Fragen.<\/h2>\n\n\n\n<p><a>Sind alle Inhalte kostenlos?<\/a><\/p>\n\n\n\n<p>Ja, und das wird auch immer so sein! Unsere Mission ist es, den Besuchern unserer Website kostenlose, qualitativ hochwertige Inhalte bereitzustellen.<\/p>\n\n\n\n<p><a>Wie kann ich die Website kontaktieren?<\/a><\/p>\n\n\n\n<p>Sie erreichen uns \u00fcber unsere Kontaktseite:&nbsp;<b><u><a href=\"https:\/\/sharkfreeapp.com\/de\/contato\/\">https:\/\/sharkfreeapp.com\/contato\/<\/a><\/u><\/b><\/p>\n\n\n\n<p><a>Wie funktioniert unsere Arbeit?<\/a><\/p>\n\n\n\n<p>Unser Team besteht aus Menschen, die es lieben, Technologie, Spiele, Kuriosit\u00e4ten und aktuelle Ereignisse im Allgemeinen zu erforschen. Alle auf der Website verf\u00fcgbaren Inhalte sind kostenlos und werden es auch immer bleiben! Und um dies kostenlos zur Verf\u00fcgung zu stellen, bietet unsere Website Werbetreibenden einige Bereiche an, auf denen sie f\u00fcr ihre Produkte werben k\u00f6nnen.<\/p>\n\n\n\n<p><a>Ist die Website zuverl\u00e4ssig? <\/a><\/p>\n\n\n\n<p>Ja! Unsere Website verf\u00fcgt \u00fcber alle f\u00fcr die Sicherheit unserer Benutzer erforderlichen Technologien. Dabei werden alle hier ver\u00f6ffentlichten Informationen vor der Ver\u00f6ffentlichung \u00fcberpr\u00fcft.<\/p>\n\n\n<div class=\"wpforms-container wpforms-block wpforms-block-cc234a93-021f-4047-902f-b9462d53c933\" id=\"wpforms-31203\"><form id=\"wpforms-form-31203\" class=\"wpforms-validate wpforms-form wpforms-ajax-form\" data-formid=\"31203\" method=\"post\" enctype=\"multipart\/form-data\" action=\"\/de\/wp-json\/wp\/v2\/pages\/23843\" data-token=\"a6e649b1e6bb6728b75b8db142b4b0a8\" data-token-time=\"1775965345\" data-trp-original-action=\"\/de\/wp-json\/wp\/v2\/pages\/23843\"><noscript class=\"wpforms-error-noscript\">Bitte aktivieren Sie JavaScript in Ihrem Browser, um dieses Formular fertigzustellen.<\/noscript><div class=\"wpforms-field-container\">\t\t<div id=\"wpforms-31203-field_4-container\"\n\t\t\tclass=\"wpforms-field wpforms-field-text\"\n\t\t\tdata-field-type=\"text\"\n\t\t\tdata-field-id=\"4\"\n\t\t\t>\n\t\t\t<label class=\"wpforms-field-label\" for=\"wpforms-31203-field_4\" >Name oder E-Mail-Adresse<\/label>\n\t\t\t<input type=\"text\" id=\"wpforms-31203-field_4\" class=\"wpforms-field-medium\" name=\"wpforms[fields][4]\" >\n\t\t<\/div>\n\t\t<div id=\"wpforms-31203-field_1-container\" class=\"wpforms-field wpforms-field-name\" data-field-id=\"1\"><label class=\"wpforms-field-label\">Name <span class=\"wpforms-required-label\">*<\/span><\/label><div class=\"wpforms-field-row wpforms-field-medium\"><div class=\"wpforms-field-row-block wpforms-first wpforms-one-half\"><input type=\"text\" id=\"wpforms-31203-field_1\" class=\"wpforms-field-name-first wpforms-field-required\" name=\"wpforms[fields][1][first]\" required><label for=\"wpforms-31203-field_1\" class=\"wpforms-field-sublabel after\">Vorname<\/label><\/div><div class=\"wpforms-field-row-block wpforms-one-half\"><input type=\"text\" id=\"wpforms-31203-field_1-last\" class=\"wpforms-field-name-last wpforms-field-required\" name=\"wpforms[fields][1][last]\" required><label for=\"wpforms-31203-field_1-last\" class=\"wpforms-field-sublabel after\">Nachname<\/label><\/div><\/div><\/div><div id=\"wpforms-31203-field_2-container\" class=\"wpforms-field wpforms-field-email\" data-field-id=\"2\"><label class=\"wpforms-field-label\" for=\"wpforms-31203-field_2\">E-Mail <span class=\"wpforms-required-label\">*<\/span><\/label><input type=\"email\" id=\"wpforms-31203-field_2\" class=\"wpforms-field-medium wpforms-field-required\" name=\"wpforms[fields][2]\" spellcheck=\"false\" required><\/div><div id=\"wpforms-31203-field_3-container\" class=\"wpforms-field wpforms-field-textarea\" data-field-id=\"3\"><label class=\"wpforms-field-label\" for=\"wpforms-31203-field_3\">Kommentar oder Nachricht<\/label><textarea id=\"wpforms-31203-field_3\" class=\"wpforms-field-medium\" name=\"wpforms[fields][3]\" ><\/textarea><\/div><script>\n\t\t\t\t( function() {\n\t\t\t\t\tconst style = document.createElement( 'style' );\n\t\t\t\t\tstyle.appendChild( document.createTextNode( '#wpforms-31203-field_4-container { position: absolute !important; overflow: hidden !important; display: inline !important; height: 1px !important; width: 1px !important; z-index: -1000 !important; padding: 0 !important; } #wpforms-31203-field_4-container input { visibility: hidden; } #wpforms-conversational-form-page #wpforms-31203-field_4-container label { counter-increment: none; }' ) );\n\t\t\t\t\tdocument.head.appendChild( style );\n\t\t\t\t\tdocument.currentScript?.remove();\n\t\t\t\t} )();\n\t\t\t<\/script><\/div><!-- .wpforms-field-container --><div class=\"wpforms-submit-container\" ><input type=\"hidden\" name=\"wpforms[id]\" value=\"31203\"><input type=\"hidden\" name=\"page_title\" value=\"\"><input type=\"hidden\" name=\"page_url\" value=\"https:\/\/sharkfreeapp.com\/de\/wp-json\/wp\/v2\/pages\/23843\"><input type=\"hidden\" name=\"url_referer\" value=\"\"><button type=\"submit\" name=\"wpforms[submit]\" id=\"wpforms-submit-31203\" class=\"wpforms-submit\" data-alt-text=\"Enviando\u2026\" data-submit-text=\"Enviar\" aria-live=\"assertive\" value=\"wpforms-submit\">Zum Versenden<\/button><img loading=\"lazy\" decoding=\"async\" src=\"https:\/\/sharkfreeapp.com\/wp-content\/plugins\/wpforms-lite\/assets\/images\/submit-spin.svg\" class=\"wpforms-submit-spinner\" style=\"display: none;\" width=\"26\" height=\"26\" alt=\"Wird geladen\"><\/div><input type=\"hidden\" name=\"trp-form-language\" value=\"de\"\/><\/form><\/div>  <!-- .wpforms-container -->","protected":false},"excerpt":{"rendered":"<p>Kontaktieren Sie uns! Haben Sie noch Fragen? Hier finden Sie Antworten auf h\u00e4ufig gestellte Fragen. Sind alle Inhalte kostenlos? Ja, und das wird auch immer so bleiben! [\u2026]<\/p>","protected":false},"author":97,"featured_media":0,"parent":0,"menu_order":0,"comment_status":"closed","ping_status":"closed","template":"","meta":{"_uag_custom_page_level_css":"","site-sidebar-layout":"default","site-content-layout":"","ast-site-content-layout":"default","site-content-style":"default","site-sidebar-style":"default","ast-global-header-display":"","ast-banner-title-visibility":"","ast-main-header-display":"","ast-hfb-above-header-display":"","ast-hfb-below-header-display":"","ast-hfb-mobile-header-display":"","site-post-title":"","ast-breadcrumbs-content":"","ast-featured-img":"","footer-sml-layout":"","theme-transparent-header-meta":"","adv-header-id-meta":"","stick-header-meta":"","header-above-stick-meta":"","header-main-stick-meta":"","header-below-stick-meta":"","astra-migrate-meta-layouts":"set","ast-page-background-enabled":"default","ast-page-background-meta":{"desktop":{"background-color":"var(--ast-global-color-4)","background-image":"","background-repeat":"repeat","background-position":"center center","background-size":"auto","background-attachment":"scroll","background-type":"","background-media":"","overlay-type":"","overlay-color":"","overlay-opacity":"","overlay-gradient":""},"tablet":{"background-color":"","background-image":"","background-repeat":"repeat","background-position":"center center","background-size":"auto","background-attachment":"scroll","background-type":"","background-media":"","overlay-type":"","overlay-color":"","overlay-opacity":"","overlay-gradient":""},"mobile":{"background-color":"","background-image":"","background-repeat":"repeat","background-position":"center center","background-size":"auto","background-attachment":"scroll","background-type":"","background-media":"","overlay-type":"","overlay-color":"","overlay-opacity":"","overlay-gradient":""}},"ast-content-background-meta":{"desktop":{"background-color":"var(--ast-global-color-5)","background-image":"","background-repeat":"repeat","background-position":"center center","background-size":"auto","background-attachment":"scroll","background-type":"","background-media":"","overlay-type":"","overlay-color":"","overlay-opacity":"","overlay-gradient":""},"tablet":{"background-color":"var(--ast-global-color-5)","background-image":"","background-repeat":"repeat","background-position":"center center","background-size":"auto","background-attachment":"scroll","background-type":"","background-media":"","overlay-type":"","overlay-color":"","overlay-opacity":"","overlay-gradient":""},"mobile":{"background-color":"var(--ast-global-color-5)","background-image":"","background-repeat":"repeat","background-position":"center center","background-size":"auto","background-attachment":"scroll","background-type":"","background-media":"","overlay-type":"","overlay-color":"","overlay-opacity":"","overlay-gradient":""}},"footnotes":""},"yoast_head":"<!-- This site is optimized with the Yoast SEO Premium plugin v18.7 (Yoast SEO v23.3) - https:\/\/yoast.com\/wordpress\/plugins\/seo\/ -->\n<title>Contato - Shark Free App<\/title>\n<meta name=\"robots\" content=\"index, follow, max-snippet:-1, max-image-preview:large, max-video-preview:-1\" \/>\n<link rel=\"canonical\" href=\"https:\/\/sharkfreeapp.com\/de\/contato\/\" \/>\n<meta property=\"og:locale\" content=\"de_DE\" \/>\n<meta property=\"og:type\" content=\"article\" \/>\n<meta property=\"og:title\" content=\"Contato\" \/>\n<meta property=\"og:description\" content=\"Contato Voc\u00ea ainda tem d\u00favidas? Aqui est\u00e3o algumas respostas para d\u00favidas frequentes. Todo Conteudo \u00e9 Gratuito? Sim, e sempre ser\u00e1! [&hellip;]\" \/>\n<meta property=\"og:url\" content=\"https:\/\/sharkfreeapp.com\/de\/contato\/\" \/>\n<meta property=\"og:site_name\" content=\"Shark Free App\" \/>\n<meta property=\"article:modified_time\" content=\"2025-11-20T18:42:55+00:00\" \/>\n<meta property=\"og:image\" content=\"http:\/\/sharkfreeapp.com\/wp-content\/uploads\/sites\/99\/2023\/10\/Prancheta-2-copia-1024x356.png\" \/>\n<meta name=\"twitter:card\" content=\"summary_large_image\" \/>\n<meta name=\"twitter:label1\" content=\"Est. reading time\" \/>\n\t<meta name=\"twitter:data1\" content=\"1 Minute\" \/>\n<script type=\"application\/ld+json\" class=\"yoast-schema-graph\">{\"@context\":\"https:\/\/schema.org\",\"@graph\":[{\"@type\":\"WebPage\",\"@id\":\"https:\/\/sharkfreeapp.com\/contato\/\",\"url\":\"https:\/\/sharkfreeapp.com\/contato\/\",\"name\":\"Contato - Shark Free App\",\"isPartOf\":{\"@id\":\"https:\/\/sharkfreeapp.com\/#website\"},\"primaryImageOfPage\":{\"@id\":\"https:\/\/sharkfreeapp.com\/contato\/#primaryimage\"},\"image\":{\"@id\":\"https:\/\/sharkfreeapp.com\/contato\/#primaryimage\"},\"thumbnailUrl\":\"http:\/\/sharkfreeapp.com\/wp-content\/uploads\/sites\/99\/2023\/10\/Prancheta-2-copia-1024x356.png\",\"datePublished\":\"2023-10-19T13:45:56+00:00\",\"dateModified\":\"2025-11-20T18:42:55+00:00\",\"breadcrumb\":{\"@id\":\"https:\/\/sharkfreeapp.com\/contato\/#breadcrumb\"},\"inLanguage\":\"de-DE\",\"potentialAction\":[{\"@type\":\"ReadAction\",\"target\":[\"https:\/\/sharkfreeapp.com\/contato\/\"]}]},{\"@type\":\"ImageObject\",\"inLanguage\":\"de-DE\",\"@id\":\"https:\/\/sharkfreeapp.com\/contato\/#primaryimage\",\"url\":\"http:\/\/sharkfreeapp.com\/wp-content\/uploads\/sites\/99\/2023\/10\/Prancheta-2-copia-1024x356.png\",\"contentUrl\":\"http:\/\/sharkfreeapp.com\/wp-content\/uploads\/sites\/99\/2023\/10\/Prancheta-2-copia-1024x356.png\"},{\"@type\":\"BreadcrumbList\",\"@id\":\"https:\/\/sharkfreeapp.com\/contato\/#breadcrumb\",\"itemListElement\":[{\"@type\":\"ListItem\",\"position\":1,\"name\":\"Home\",\"item\":\"https:\/\/sharkfreeapp.com\/\"},{\"@type\":\"ListItem\",\"position\":2,\"name\":\"Contato\"}]},{\"@type\":\"WebSite\",\"@id\":\"https:\/\/sharkfreeapp.com\/#website\",\"url\":\"https:\/\/sharkfreeapp.com\/\",\"name\":\"Shark Free App\",\"description\":\"\",\"publisher\":{\"@id\":\"https:\/\/sharkfreeapp.com\/#organization\"},\"potentialAction\":[{\"@type\":\"SearchAction\",\"target\":{\"@type\":\"EntryPoint\",\"urlTemplate\":\"https:\/\/sharkfreeapp.com\/?s={search_term_string}\"},\"query-input\":\"required name=search_term_string\"}],\"inLanguage\":\"de-DE\"},{\"@type\":\"Organization\",\"@id\":\"https:\/\/sharkfreeapp.com\/#organization\",\"name\":\"Shark Free App\",\"url\":\"https:\/\/sharkfreeapp.com\/\",\"logo\":{\"@type\":\"ImageObject\",\"inLanguage\":\"de-DE\",\"@id\":\"https:\/\/sharkfreeapp.com\/#\/schema\/logo\/image\/\",\"url\":\"https:\/\/sharkfreeapp.com\/wp-content\/uploads\/sites\/99\/2023\/10\/cropped-Shark-Free-App-Logo_600px.png\",\"contentUrl\":\"https:\/\/sharkfreeapp.com\/wp-content\/uploads\/sites\/99\/2023\/10\/cropped-Shark-Free-App-Logo_600px.png\",\"width\":600,\"height\":208,\"caption\":\"Shark Free App\"},\"image\":{\"@id\":\"https:\/\/sharkfreeapp.com\/#\/schema\/logo\/image\/\"}}]}<\/script>\n<!-- \/ Yoast SEO Premium plugin. -->","yoast_head_json":{"title":"Contato - Shark Free App","robots":{"index":"index","follow":"follow","max-snippet":"max-snippet:-1","max-image-preview":"max-image-preview:large","max-video-preview":"max-video-preview:-1"},"canonical":"https:\/\/sharkfreeapp.com\/de\/contato\/","og_locale":"de_DE","og_type":"article","og_title":"Contato","og_description":"Contato Voc\u00ea ainda tem d\u00favidas? Aqui est\u00e3o algumas respostas para d\u00favidas frequentes. Todo Conteudo \u00e9 Gratuito? Sim, e sempre ser\u00e1! [&hellip;]","og_url":"https:\/\/sharkfreeapp.com\/de\/contato\/","og_site_name":"Shark Free App","article_modified_time":"2025-11-20T18:42:55+00:00","og_image":[{"url":"http:\/\/sharkfreeapp.com\/wp-content\/uploads\/sites\/99\/2023\/10\/Prancheta-2-copia-1024x356.png"}],"twitter_card":"summary_large_image","twitter_misc":{"Est. reading time":"1 Minute"},"schema":{"@context":"https:\/\/schema.org","@graph":[{"@type":"WebPage","@id":"https:\/\/sharkfreeapp.com\/contato\/","url":"https:\/\/sharkfreeapp.com\/contato\/","name":"Contato - Shark Free App","isPartOf":{"@id":"https:\/\/sharkfreeapp.com\/#website"},"primaryImageOfPage":{"@id":"https:\/\/sharkfreeapp.com\/contato\/#primaryimage"},"image":{"@id":"https:\/\/sharkfreeapp.com\/contato\/#primaryimage"},"thumbnailUrl":"http:\/\/sharkfreeapp.com\/wp-content\/uploads\/sites\/99\/2023\/10\/Prancheta-2-copia-1024x356.png","datePublished":"2023-10-19T13:45:56+00:00","dateModified":"2025-11-20T18:42:55+00:00","breadcrumb":{"@id":"https:\/\/sharkfreeapp.com\/contato\/#breadcrumb"},"inLanguage":"de-DE","potentialAction":[{"@type":"ReadAction","target":["https:\/\/sharkfreeapp.com\/contato\/"]}]},{"@type":"ImageObject","inLanguage":"de-DE","@id":"https:\/\/sharkfreeapp.com\/contato\/#primaryimage","url":"http:\/\/sharkfreeapp.com\/wp-content\/uploads\/sites\/99\/2023\/10\/Prancheta-2-copia-1024x356.png","contentUrl":"http:\/\/sharkfreeapp.com\/wp-content\/uploads\/sites\/99\/2023\/10\/Prancheta-2-copia-1024x356.png"},{"@type":"BreadcrumbList","@id":"https:\/\/sharkfreeapp.com\/contato\/#breadcrumb","itemListElement":[{"@type":"ListItem","position":1,"name":"Home","item":"https:\/\/sharkfreeapp.com\/"},{"@type":"ListItem","position":2,"name":"Contato"}]},{"@type":"WebSite","@id":"https:\/\/sharkfreeapp.com\/#website","url":"https:\/\/sharkfreeapp.com\/","name":"Shark Free App","description":"","publisher":{"@id":"https:\/\/sharkfreeapp.com\/#organization"},"potentialAction":[{"@type":"SearchAction","target":{"@type":"EntryPoint","urlTemplate":"https:\/\/sharkfreeapp.com\/?s={search_term_string}"},"query-input":"required name=search_term_string"}],"inLanguage":"de-DE"},{"@type":"Organization","@id":"https:\/\/sharkfreeapp.com\/#organization","name":"Shark Free App","url":"https:\/\/sharkfreeapp.com\/","logo":{"@type":"ImageObject","inLanguage":"de-DE","@id":"https:\/\/sharkfreeapp.com\/#\/schema\/logo\/image\/","url":"https:\/\/sharkfreeapp.com\/wp-content\/uploads\/sites\/99\/2023\/10\/cropped-Shark-Free-App-Logo_600px.png","contentUrl":"https:\/\/sharkfreeapp.com\/wp-content\/uploads\/sites\/99\/2023\/10\/cropped-Shark-Free-App-Logo_600px.png","width":600,"height":208,"caption":"Shark Free App"},"image":{"@id":"https:\/\/sharkfreeapp.com\/#\/schema\/logo\/image\/"}}]}},"uagb_featured_image_src":{"full":false,"thumbnail":false,"medium":false,"medium_large":false,"large":false,"1536x1536":false,"2048x2048":false,"trp-custom-language-flag":false},"uagb_author_info":{"display_name":"pedrosantosfirefe","author_link":"https:\/\/sharkfreeapp.com\/de\/author\/pedrosantosfirefe\/"},"uagb_comment_info":0,"uagb_excerpt":"Contato Voc\u00ea ainda tem d\u00favidas? Aqui est\u00e3o algumas respostas para d\u00favidas frequentes. Todo Conteudo \u00e9 Gratuito? Sim, e sempre ser\u00e1! [&hellip;]","_links":{"self":[{"href":"https:\/\/sharkfreeapp.com\/de\/wp-json\/wp\/v2\/pages\/23843"}],"collection":[{"href":"https:\/\/sharkfreeapp.com\/de\/wp-json\/wp\/v2\/pages"}],"about":[{"href":"https:\/\/sharkfreeapp.com\/de\/wp-json\/wp\/v2\/types\/page"}],"author":[{"embeddable":true,"href":"https:\/\/sharkfreeapp.com\/de\/wp-json\/wp\/v2\/users\/97"}],"replies":[{"embeddable":true,"href":"https:\/\/sharkfreeapp.com\/de\/wp-json\/wp\/v2\/comments?post=23843"}],"version-history":[{"count":3,"href":"https:\/\/sharkfreeapp.com\/de\/wp-json\/wp\/v2\/pages\/23843\/revisions"}],"predecessor-version":[{"id":31205,"href":"https:\/\/sharkfreeapp.com\/de\/wp-json\/wp\/v2\/pages\/23843\/revisions\/31205"}],"wp:attachment":[{"href":"https:\/\/sharkfreeapp.com\/de\/wp-json\/wp\/v2\/media?parent=23843"}],"curies":[{"name":"wp","href":"https:\/\/api.w.org\/{rel}","templated":true}]}}