{"id":9709,"date":"2022-12-22T09:09:06","date_gmt":"2022-12-22T09:09:06","guid":{"rendered":"https:\/\/stwsports.com\/?page_id=9709"},"modified":"2025-04-08T14:11:37","modified_gmt":"2025-04-08T14:11:37","slug":"dmca","status":"publish","type":"page","link":"https:\/\/sharkfreeapp.com\/de\/dmca\/","title":{"rendered":"DMCA"},"content":{"rendered":"<h3 class=\"wp-block-heading\">Richtlinie zum Digital Millennium Copyright Act<\/h3>\n\n\n\n<p>Willkommen auf (der \u201eWebsite\u201c). Wir respektieren die geistigen Eigentumsrechte anderer, genauso wie wir von anderen erwarten, dass sie unsere Rechte respektieren. Gem\u00e4\u00df Digital Millennium Copyright Act, Titel 17, United States Code, Abschnitt 512(c), kann ein Urheberrechtsinhaber oder sein Vertreter \u00fcber unseren unten aufgef\u00fchrten DMCA-Agenten eine Deaktivierungsmitteilung an uns senden. Als Internetdienstleister haben wir Anspruch auf Immunit\u00e4t von diesen Verletzungsklagen gem\u00e4\u00df den \u201eSafe Harbor\u201c-Bestimmungen des DMCA. Um eine Klage wegen Verletzung von Treu und Glauben bei uns einzureichen, m\u00fcssen Sie uns eine Mitteilung mit den folgenden Informationen \u00fcbermitteln:<\/p>\n\n\n\n<p><strong>Mitteilung \u00fcber Verst\u00f6\u00dfe \u2013 Anspruch<\/strong><\/p>\n\n\n\n<p>1. Eine physische oder elektronische Unterschrift des Urheberrechtsinhabers (oder einer Person, die befugt ist, im Namen des Eigent\u00fcmers zu handeln);<br>2. Identifizierung des urheberrechtlich gesch\u00fctzten Werks, von dem behauptet wird, dass es verletzt wurde;<br>3. Identifizierung des verletzenden Materials, das entfernt werden soll, und ausreichende Informationen, die es dem Dienstanbieter erm\u00f6glichen, das Material zu lokalisieren. [Bitte geben Sie die URL der betreffenden Seite an, um uns bei der Identifizierung des scheinbar anst\u00f6\u00dfigen Werks zu helfen];<br>4. Ausreichende Informationen, die es dem Dienstanbieter erm\u00f6glichen, die beschwerdef\u00fchrende Partei zu kontaktieren, einschlie\u00dflich Ihres Namens, Ihrer Anschrift, E-Mail-Adresse, Telefonnummer und Faxnummer;<br>5. Eine Erkl\u00e4rung, dass die beschwerdef\u00fchrende Partei in gutem Glauben davon ausgeht, dass die Nutzung des Materials durch den Urheberrechtsvertreter nicht autorisiert ist; Und<br>6. Eine Erkl\u00e4rung, dass die Informationen in der Benachrichtigung korrekt sind und, unter Strafe des Meineids, dass die beschwerdef\u00fchrende Partei berechtigt ist, im Namen des Urheberrechtsinhabers zu handeln.<\/p>\n\n\n\n<p>Titel 17 USC \u00a7512(f) sieht zivilrechtliche Schadensersatzstrafen, einschlie\u00dflich Kosten und Anwaltsgeb\u00fchren, gegen jede Person vor, die bestimmte Informationen in einer Mitteilung \u00fcber einen Versto\u00df gem\u00e4\u00df 17 USC \u00a7512(c)(3) wissentlich und erheblich falsch darstellt.<\/p>\n\n\n\n<p>Senden Sie alle Deaktivierungsmitteilungen \u00fcber unsere Kontaktseite. F\u00fcr sofortige Aufmerksamkeit senden Sie bitte eine E-Mail.<\/p>\n\n\n\n<p>Bitte beachten Sie, dass wir die Identit\u00e4t und Informationen in allen Urheberrechtsverletzungsklagen, die wir erhalten, m\u00f6glicherweise an den mutma\u00dflichen Rechtsverletzer weitergeben. Wenn Sie einen Anspruch geltend machen, erkl\u00e4ren Sie sich damit einverstanden, dass Ihre Identit\u00e4t und Ihr Anspruch dem mutma\u00dflichen Rechtsverletzer mitgeteilt werden d\u00fcrfen.<\/p>\n\n\n\n<p><strong>Gegendarstellung \u2013 Wiederherstellung von Material<\/strong><\/p>\n\n\n\n<p>Wenn Sie eine Mitteilung \u00fcber die Entfernung von Material aufgrund einer Urheberrechtsverletzung erhalten haben, k\u00f6nnen Sie uns eine Gegendarstellung zukommen lassen, um die Wiederherstellung des betreffenden Materials auf der Website zu erreichen. Diese Benachrichtigung muss schriftlich an unseren DMCA-Agenten erfolgen und im Wesentlichen die folgenden Elemente gem\u00e4\u00df 17 USC Abschnitt 512(g)(3) enthalten:<\/p>\n\n\n\n<p>1. Ihre physische oder elektronische Unterschrift.<br>2. Eine Beschreibung des abgebauten Materials und der urspr\u00fcngliche Standort des Materials vor dem Abtransport.<br>3. Eine eidesstattliche Erkl\u00e4rung, dass Sie in gutem Glauben davon ausgehen, dass das Material aufgrund eines Fehlers oder einer falschen Identifizierung des zu entfernenden oder zu deaktivierenden Materials entfernt oder deaktiviert wurde.<br>4. Ihr Name, Ihre Adresse und Ihre Telefonnummer sowie eine Erkl\u00e4rung, dass Sie der Zust\u00e4ndigkeit des Bundesbezirksgerichts f\u00fcr den Gerichtsbezirk zustimmen, in dem sich die Adresse befindet (oder, dass Sie damit einverstanden sind, wenn Sie sich au\u00dferhalb der Vereinigten Staaten befinden). Gerichtsstand eines Gerichtsbezirks, in dem sich der Dienstleister befindet), und dass Sie die Zustellung der Klage von der Person oder dem Unternehmen akzeptieren, die die urspr\u00fcngliche Verletzungsmitteilung \u00fcbermittelt hat.<br>5. Senden Sie Ihre Gegendarstellung \u00fcber unsere Kontaktseite. E-Mail wird dringend empfohlen.<\/p>\n\n\n\n<p><strong>Wiederholen Sie die Verletzungsrichtlinie<\/strong><\/p>\n\n\n\n<p>Wir nehmen Urheberrechtsverletzungen sehr ernst. Gem\u00e4\u00df den Anforderungen des Digital Millennium Copyright Act zu wiederholten Urheberrechtsverletzungen f\u00fchren wir eine Liste mit DMCA-Mitteilungen von Urheberrechtsinhabern und bem\u00fchen uns nach Treu und Glauben, etwaige Wiederholungst\u00e4ter zu identifizieren. Bei Verst\u00f6\u00dfen gegen unsere interne Richtlinie zu Wiederholungst\u00e4tern werden die Konten gek\u00fcndigt.<\/p>\n\n\n\n<p><strong>\u00c4nderungen<\/strong><\/p>\n\n\n\n<p>Wir behalten uns das Recht vor, den Inhalt dieser Seite und ihre Richtlinien zur Bearbeitung von DMCA-Anspr\u00fcchen jederzeit und aus beliebigem Grund zu \u00e4ndern. Wir empfehlen Ihnen, diese Richtlinie regelm\u00e4\u00dfig auf etwaige \u00c4nderungen zu \u00fcberpr\u00fcfen.<\/p>","protected":false},"excerpt":{"rendered":"<p>Digital Millennium Copyright Act Policy Welcome to (the \u201dSite\u201d).We respect the intellectual property rights of others just as we expect [&hellip;]<\/p>","protected":false},"author":127,"featured_media":0,"parent":0,"menu_order":0,"comment_status":"closed","ping_status":"closed","template":"page-nosidebar.php","meta":{"_uag_custom_page_level_css":"","site-sidebar-layout":"default","site-content-layout":"","ast-site-content-layout":"","site-content-style":"default","site-sidebar-style":"default","ast-global-header-display":"","ast-banner-title-visibility":"","ast-main-header-display":"","ast-hfb-above-header-display":"","ast-hfb-below-header-display":"","ast-hfb-mobile-header-display":"","site-post-title":"","ast-breadcrumbs-content":"","ast-featured-img":"","footer-sml-layout":"","theme-transparent-header-meta":"","adv-header-id-meta":"","stick-header-meta":"","header-above-stick-meta":"","header-main-stick-meta":"","header-below-stick-meta":"","astra-migrate-meta-layouts":"default","ast-page-background-enabled":"default","ast-page-background-meta":{"desktop":{"background-color":"var(--ast-global-color-4)","background-image":"","background-repeat":"repeat","background-position":"center center","background-size":"auto","background-attachment":"scroll","background-type":"","background-media":"","overlay-type":"","overlay-color":"","overlay-opacity":"","overlay-gradient":""},"tablet":{"background-color":"","background-image":"","background-repeat":"repeat","background-position":"center center","background-size":"auto","background-attachment":"scroll","background-type":"","background-media":"","overlay-type":"","overlay-color":"","overlay-opacity":"","overlay-gradient":""},"mobile":{"background-color":"","background-image":"","background-repeat":"repeat","background-position":"center center","background-size":"auto","background-attachment":"scroll","background-type":"","background-media":"","overlay-type":"","overlay-color":"","overlay-opacity":"","overlay-gradient":""}},"ast-content-background-meta":{"desktop":{"background-color":"var(--ast-global-color-5)","background-image":"","background-repeat":"repeat","background-position":"center center","background-size":"auto","background-attachment":"scroll","background-type":"","background-media":"","overlay-type":"","overlay-color":"","overlay-opacity":"","overlay-gradient":""},"tablet":{"background-color":"var(--ast-global-color-5)","background-image":"","background-repeat":"repeat","background-position":"center center","background-size":"auto","background-attachment":"scroll","background-type":"","background-media":"","overlay-type":"","overlay-color":"","overlay-opacity":"","overlay-gradient":""},"mobile":{"background-color":"var(--ast-global-color-5)","background-image":"","background-repeat":"repeat","background-position":"center center","background-size":"auto","background-attachment":"scroll","background-type":"","background-media":"","overlay-type":"","overlay-color":"","overlay-opacity":"","overlay-gradient":""}},"footnotes":""},"yoast_head":"<!-- This site is optimized with the Yoast SEO Premium plugin v18.7 (Yoast SEO v23.3) - https:\/\/yoast.com\/wordpress\/plugins\/seo\/ -->\n<title>DMCA - Shark Free App<\/title>\n<meta name=\"robots\" content=\"index, follow, max-snippet:-1, max-image-preview:large, max-video-preview:-1\" \/>\n<link rel=\"canonical\" href=\"https:\/\/sharkfreeapp.com\/de\/dmca\/\" \/>\n<meta property=\"og:locale\" content=\"de_DE\" \/>\n<meta property=\"og:type\" content=\"article\" \/>\n<meta property=\"og:title\" content=\"DMCA\" \/>\n<meta property=\"og:description\" content=\"Digital Millennium Copyright Act Policy Welcome to (the \u201dSite\u201d).We respect the intellectual property rights of others just as we expect [&hellip;]\" \/>\n<meta property=\"og:url\" content=\"https:\/\/sharkfreeapp.com\/de\/dmca\/\" \/>\n<meta property=\"og:site_name\" content=\"Shark Free App\" \/>\n<meta property=\"article:modified_time\" content=\"2025-04-08T14:11:37+00:00\" \/>\n<meta name=\"twitter:card\" content=\"summary_large_image\" \/>\n<meta name=\"twitter:label1\" content=\"Est. reading time\" \/>\n\t<meta name=\"twitter:data1\" content=\"4 Minuten\" \/>\n<script type=\"application\/ld+json\" class=\"yoast-schema-graph\">{\"@context\":\"https:\/\/schema.org\",\"@graph\":[{\"@type\":\"WebPage\",\"@id\":\"https:\/\/sharkfreeapp.com\/dmca\/\",\"url\":\"https:\/\/sharkfreeapp.com\/dmca\/\",\"name\":\"DMCA - Shark Free App\",\"isPartOf\":{\"@id\":\"https:\/\/sharkfreeapp.com\/#website\"},\"datePublished\":\"2022-12-22T09:09:06+00:00\",\"dateModified\":\"2025-04-08T14:11:37+00:00\",\"breadcrumb\":{\"@id\":\"https:\/\/sharkfreeapp.com\/dmca\/#breadcrumb\"},\"inLanguage\":\"de-DE\",\"potentialAction\":[{\"@type\":\"ReadAction\",\"target\":[\"https:\/\/sharkfreeapp.com\/dmca\/\"]}]},{\"@type\":\"BreadcrumbList\",\"@id\":\"https:\/\/sharkfreeapp.com\/dmca\/#breadcrumb\",\"itemListElement\":[{\"@type\":\"ListItem\",\"position\":1,\"name\":\"Home\",\"item\":\"https:\/\/sharkfreeapp.com\/\"},{\"@type\":\"ListItem\",\"position\":2,\"name\":\"DMCA\"}]},{\"@type\":\"WebSite\",\"@id\":\"https:\/\/sharkfreeapp.com\/#website\",\"url\":\"https:\/\/sharkfreeapp.com\/\",\"name\":\"Shark Free App\",\"description\":\"\",\"publisher\":{\"@id\":\"https:\/\/sharkfreeapp.com\/#organization\"},\"potentialAction\":[{\"@type\":\"SearchAction\",\"target\":{\"@type\":\"EntryPoint\",\"urlTemplate\":\"https:\/\/sharkfreeapp.com\/?s={search_term_string}\"},\"query-input\":\"required name=search_term_string\"}],\"inLanguage\":\"de-DE\"},{\"@type\":\"Organization\",\"@id\":\"https:\/\/sharkfreeapp.com\/#organization\",\"name\":\"Shark Free App\",\"url\":\"https:\/\/sharkfreeapp.com\/\",\"logo\":{\"@type\":\"ImageObject\",\"inLanguage\":\"de-DE\",\"@id\":\"https:\/\/sharkfreeapp.com\/#\/schema\/logo\/image\/\",\"url\":\"https:\/\/sharkfreeapp.com\/wp-content\/uploads\/sites\/99\/2023\/10\/cropped-Shark-Free-App-Logo_600px.png\",\"contentUrl\":\"https:\/\/sharkfreeapp.com\/wp-content\/uploads\/sites\/99\/2023\/10\/cropped-Shark-Free-App-Logo_600px.png\",\"width\":600,\"height\":208,\"caption\":\"Shark Free App\"},\"image\":{\"@id\":\"https:\/\/sharkfreeapp.com\/#\/schema\/logo\/image\/\"}}]}<\/script>\n<!-- \/ Yoast SEO Premium plugin. -->","yoast_head_json":{"title":"DMCA - Shark Free App","robots":{"index":"index","follow":"follow","max-snippet":"max-snippet:-1","max-image-preview":"max-image-preview:large","max-video-preview":"max-video-preview:-1"},"canonical":"https:\/\/sharkfreeapp.com\/de\/dmca\/","og_locale":"de_DE","og_type":"article","og_title":"DMCA","og_description":"Digital Millennium Copyright Act Policy Welcome to (the \u201dSite\u201d).We respect the intellectual property rights of others just as we expect [&hellip;]","og_url":"https:\/\/sharkfreeapp.com\/de\/dmca\/","og_site_name":"Shark Free App","article_modified_time":"2025-04-08T14:11:37+00:00","twitter_card":"summary_large_image","twitter_misc":{"Est. reading time":"4 Minuten"},"schema":{"@context":"https:\/\/schema.org","@graph":[{"@type":"WebPage","@id":"https:\/\/sharkfreeapp.com\/dmca\/","url":"https:\/\/sharkfreeapp.com\/dmca\/","name":"DMCA - Shark Free App","isPartOf":{"@id":"https:\/\/sharkfreeapp.com\/#website"},"datePublished":"2022-12-22T09:09:06+00:00","dateModified":"2025-04-08T14:11:37+00:00","breadcrumb":{"@id":"https:\/\/sharkfreeapp.com\/dmca\/#breadcrumb"},"inLanguage":"de-DE","potentialAction":[{"@type":"ReadAction","target":["https:\/\/sharkfreeapp.com\/dmca\/"]}]},{"@type":"BreadcrumbList","@id":"https:\/\/sharkfreeapp.com\/dmca\/#breadcrumb","itemListElement":[{"@type":"ListItem","position":1,"name":"Home","item":"https:\/\/sharkfreeapp.com\/"},{"@type":"ListItem","position":2,"name":"DMCA"}]},{"@type":"WebSite","@id":"https:\/\/sharkfreeapp.com\/#website","url":"https:\/\/sharkfreeapp.com\/","name":"Shark Free App","description":"","publisher":{"@id":"https:\/\/sharkfreeapp.com\/#organization"},"potentialAction":[{"@type":"SearchAction","target":{"@type":"EntryPoint","urlTemplate":"https:\/\/sharkfreeapp.com\/?s={search_term_string}"},"query-input":"required name=search_term_string"}],"inLanguage":"de-DE"},{"@type":"Organization","@id":"https:\/\/sharkfreeapp.com\/#organization","name":"Shark Free App","url":"https:\/\/sharkfreeapp.com\/","logo":{"@type":"ImageObject","inLanguage":"de-DE","@id":"https:\/\/sharkfreeapp.com\/#\/schema\/logo\/image\/","url":"https:\/\/sharkfreeapp.com\/wp-content\/uploads\/sites\/99\/2023\/10\/cropped-Shark-Free-App-Logo_600px.png","contentUrl":"https:\/\/sharkfreeapp.com\/wp-content\/uploads\/sites\/99\/2023\/10\/cropped-Shark-Free-App-Logo_600px.png","width":600,"height":208,"caption":"Shark Free App"},"image":{"@id":"https:\/\/sharkfreeapp.com\/#\/schema\/logo\/image\/"}}]}},"uagb_featured_image_src":{"full":false,"thumbnail":false,"medium":false,"medium_large":false,"large":false,"1536x1536":false,"2048x2048":false,"trp-custom-language-flag":false},"uagb_author_info":{"display_name":"tais","author_link":"https:\/\/sharkfreeapp.com\/de\/author\/tais\/"},"uagb_comment_info":0,"uagb_excerpt":"Digital Millennium Copyright Act Policy Welcome to (the \u201dSite\u201d).We respect the intellectual property rights of others just as we expect [&hellip;]","_links":{"self":[{"href":"https:\/\/sharkfreeapp.com\/de\/wp-json\/wp\/v2\/pages\/9709"}],"collection":[{"href":"https:\/\/sharkfreeapp.com\/de\/wp-json\/wp\/v2\/pages"}],"about":[{"href":"https:\/\/sharkfreeapp.com\/de\/wp-json\/wp\/v2\/types\/page"}],"author":[{"embeddable":true,"href":"https:\/\/sharkfreeapp.com\/de\/wp-json\/wp\/v2\/users\/127"}],"replies":[{"embeddable":true,"href":"https:\/\/sharkfreeapp.com\/de\/wp-json\/wp\/v2\/comments?post=9709"}],"version-history":[{"count":1,"href":"https:\/\/sharkfreeapp.com\/de\/wp-json\/wp\/v2\/pages\/9709\/revisions"}],"predecessor-version":[{"id":30682,"href":"https:\/\/sharkfreeapp.com\/de\/wp-json\/wp\/v2\/pages\/9709\/revisions\/30682"}],"wp:attachment":[{"href":"https:\/\/sharkfreeapp.com\/de\/wp-json\/wp\/v2\/media?parent=9709"}],"curies":[{"name":"wp","href":"https:\/\/api.w.org\/{rel}","templated":true}]}}