{"id":9711,"date":"2022-12-22T09:12:02","date_gmt":"2022-12-22T09:12:02","guid":{"rendered":"https:\/\/stwsports.com\/?page_id=9711"},"modified":"2024-10-01T11:48:03","modified_gmt":"2024-10-01T11:48:03","slug":"politica-de-cookies","status":"publish","type":"page","link":"https:\/\/sharkfreeapp.com\/de\/politica-de-cookies\/","title":{"rendered":"Cookie-Richtlinie"},"content":{"rendered":"<p>Wir verpflichten uns, Ihre Privatsph\u00e4re im Internet zu sch\u00fctzen. Welche Informationen sammeln wir? Wir erfassen Informationen von Ihnen, wenn Sie unsere Website besuchen. Beim Absenden oder Registrieren auf unserer Website werden Sie m\u00f6glicherweise aufgefordert, Ihren Namen oder Ihre E-Mail-Adresse einzugeben. Sie k\u00f6nnen unsere Website jedoch anonym besuchen. Wof\u00fcr verwenden wir Ihre Informationen? Alle Informationen, die wir von Ihnen sammeln, k\u00f6nnen auf eine der folgenden Arten verwendet werden: Um unsere Website zu verbessern. Um den Kundenservice zu verbessern. Wie sch\u00fctzen wir Ihre Daten? Wir implementieren verschiedene Sicherheitsma\u00dfnahmen, um die Sicherheit Ihrer pers\u00f6nlichen Daten zu gew\u00e4hrleisten, wenn Sie eine Bestellung aufgeben oder Ihre pers\u00f6nlichen Daten eingeben, \u00fcbermitteln oder darauf zugreifen. Cookies sind kleine Dateien, die eine Website oder ihr Dienstanbieter \u00fcber Ihren Browser auf die Festplatte Ihres Computers \u00fcbertr\u00e4gt (sofern Sie dies zulassen) und die es den Websites oder Dienstanbietersystemen erm\u00f6glichen, Ihren Browser zu erkennen und bestimmte Informationen zu erfassen und zu speichern Ihre Pr\u00e4ferenzen verstehen und f\u00fcr zuk\u00fcnftige Besuche speichern. Nur diese Online-Datenschutzrichtlinie. Diese Online-Datenschutzrichtlinie gilt nur f\u00fcr Informationen, die \u00fcber unsere Website erfasst werden, und nicht f\u00fcr Informationen, die offline erfasst werden. \u00c4nderungen unserer Datenschutzrichtlinie Wenn wir beschlie\u00dfen, unsere Datenschutzrichtlinie zu \u00e4ndern, werden wir diese \u00c4nderungen auf dieser Seite ver\u00f6ffentlichen. Wenn Sie Fragen oder Anregungen zu unserer Datenschutzrichtlinie haben, kontaktieren Sie uns bitte und wir werden uns in K\u00fcrze bei Ihnen melden.<\/p>\n\n\n\n<h2 class=\"wp-block-heading\">KONTAKTINFORMATIONEN<\/h2>\n\n\n\n<p>Korrespondenzadresse: Rua das ac\u00e1cias, Sumar\u00e9, SP, Brasilien<br \/>Telefon: +55929996-5008<\/p>\n\n\n\n<p>Kontakt-E-Mail: contato@sharkfreeapp.com<\/p>\n\n\n\n<p>&nbsp;<\/p>","protected":false},"excerpt":{"rendered":"<p>Est\u00e1 empenhada em proteger sua privacidade on-line. Que informa\u00e7\u00f5es coletamos? Coletamos informa\u00e7\u00f5es de voc\u00ea quando visita nosso site. Ao enviar [&hellip;]<\/p>","protected":false},"author":97,"featured_media":0,"parent":0,"menu_order":0,"comment_status":"closed","ping_status":"closed","template":"page-nosidebar.php","meta":{"_uag_custom_page_level_css":"","site-sidebar-layout":"default","site-content-layout":"","ast-site-content-layout":"","site-content-style":"default","site-sidebar-style":"default","ast-global-header-display":"","ast-banner-title-visibility":"","ast-main-header-display":"","ast-hfb-above-header-display":"","ast-hfb-below-header-display":"","ast-hfb-mobile-header-display":"","site-post-title":"","ast-breadcrumbs-content":"","ast-featured-img":"","footer-sml-layout":"","theme-transparent-header-meta":"","adv-header-id-meta":"","stick-header-meta":"","header-above-stick-meta":"","header-main-stick-meta":"","header-below-stick-meta":"","astra-migrate-meta-layouts":"default","ast-page-background-enabled":"default","ast-page-background-meta":{"desktop":{"background-color":"var(--ast-global-color-4)","background-image":"","background-repeat":"repeat","background-position":"center center","background-size":"auto","background-attachment":"scroll","background-type":"","background-media":"","overlay-type":"","overlay-color":"","overlay-opacity":"","overlay-gradient":""},"tablet":{"background-color":"","background-image":"","background-repeat":"repeat","background-position":"center center","background-size":"auto","background-attachment":"scroll","background-type":"","background-media":"","overlay-type":"","overlay-color":"","overlay-opacity":"","overlay-gradient":""},"mobile":{"background-color":"","background-image":"","background-repeat":"repeat","background-position":"center center","background-size":"auto","background-attachment":"scroll","background-type":"","background-media":"","overlay-type":"","overlay-color":"","overlay-opacity":"","overlay-gradient":""}},"ast-content-background-meta":{"desktop":{"background-color":"var(--ast-global-color-5)","background-image":"","background-repeat":"repeat","background-position":"center center","background-size":"auto","background-attachment":"scroll","background-type":"","background-media":"","overlay-type":"","overlay-color":"","overlay-opacity":"","overlay-gradient":""},"tablet":{"background-color":"var(--ast-global-color-5)","background-image":"","background-repeat":"repeat","background-position":"center center","background-size":"auto","background-attachment":"scroll","background-type":"","background-media":"","overlay-type":"","overlay-color":"","overlay-opacity":"","overlay-gradient":""},"mobile":{"background-color":"var(--ast-global-color-5)","background-image":"","background-repeat":"repeat","background-position":"center center","background-size":"auto","background-attachment":"scroll","background-type":"","background-media":"","overlay-type":"","overlay-color":"","overlay-opacity":"","overlay-gradient":""}},"footnotes":""},"yoast_head":"<!-- This site is optimized with the Yoast SEO Premium plugin v18.7 (Yoast SEO v23.3) - https:\/\/yoast.com\/wordpress\/plugins\/seo\/ -->\n<title>Pol\u00edtica de Cookies - Shark Free App<\/title>\n<meta name=\"robots\" content=\"index, follow, max-snippet:-1, max-image-preview:large, max-video-preview:-1\" \/>\n<link rel=\"canonical\" href=\"https:\/\/sharkfreeapp.com\/de\/politica-de-cookies\/\" \/>\n<meta property=\"og:locale\" content=\"de_DE\" \/>\n<meta property=\"og:type\" content=\"article\" \/>\n<meta property=\"og:title\" content=\"Pol\u00edtica de Cookies\" \/>\n<meta property=\"og:description\" content=\"Est\u00e1 empenhada em proteger sua privacidade on-line. Que informa\u00e7\u00f5es coletamos? Coletamos informa\u00e7\u00f5es de voc\u00ea quando visita nosso site. Ao enviar [&hellip;]\" \/>\n<meta property=\"og:url\" content=\"https:\/\/sharkfreeapp.com\/de\/politica-de-cookies\/\" \/>\n<meta property=\"og:site_name\" content=\"Shark Free App\" \/>\n<meta property=\"article:modified_time\" content=\"2024-10-01T11:48:03+00:00\" \/>\n<meta name=\"twitter:card\" content=\"summary_large_image\" \/>\n<meta name=\"twitter:label1\" content=\"Est. reading time\" \/>\n\t<meta name=\"twitter:data1\" content=\"2 Minuten\" \/>\n<script type=\"application\/ld+json\" class=\"yoast-schema-graph\">{\"@context\":\"https:\/\/schema.org\",\"@graph\":[{\"@type\":\"WebPage\",\"@id\":\"https:\/\/sharkfreeapp.com\/politica-de-cookies\/\",\"url\":\"https:\/\/sharkfreeapp.com\/politica-de-cookies\/\",\"name\":\"Pol\u00edtica de Cookies - Shark Free App\",\"isPartOf\":{\"@id\":\"https:\/\/sharkfreeapp.com\/#website\"},\"datePublished\":\"2022-12-22T09:12:02+00:00\",\"dateModified\":\"2024-10-01T11:48:03+00:00\",\"breadcrumb\":{\"@id\":\"https:\/\/sharkfreeapp.com\/politica-de-cookies\/#breadcrumb\"},\"inLanguage\":\"de-DE\",\"potentialAction\":[{\"@type\":\"ReadAction\",\"target\":[\"https:\/\/sharkfreeapp.com\/politica-de-cookies\/\"]}]},{\"@type\":\"BreadcrumbList\",\"@id\":\"https:\/\/sharkfreeapp.com\/politica-de-cookies\/#breadcrumb\",\"itemListElement\":[{\"@type\":\"ListItem\",\"position\":1,\"name\":\"Home\",\"item\":\"https:\/\/sharkfreeapp.com\/\"},{\"@type\":\"ListItem\",\"position\":2,\"name\":\"Pol\u00edtica de Cookies\"}]},{\"@type\":\"WebSite\",\"@id\":\"https:\/\/sharkfreeapp.com\/#website\",\"url\":\"https:\/\/sharkfreeapp.com\/\",\"name\":\"Shark Free App\",\"description\":\"\",\"publisher\":{\"@id\":\"https:\/\/sharkfreeapp.com\/#organization\"},\"potentialAction\":[{\"@type\":\"SearchAction\",\"target\":{\"@type\":\"EntryPoint\",\"urlTemplate\":\"https:\/\/sharkfreeapp.com\/?s={search_term_string}\"},\"query-input\":\"required name=search_term_string\"}],\"inLanguage\":\"de-DE\"},{\"@type\":\"Organization\",\"@id\":\"https:\/\/sharkfreeapp.com\/#organization\",\"name\":\"Shark Free App\",\"url\":\"https:\/\/sharkfreeapp.com\/\",\"logo\":{\"@type\":\"ImageObject\",\"inLanguage\":\"de-DE\",\"@id\":\"https:\/\/sharkfreeapp.com\/#\/schema\/logo\/image\/\",\"url\":\"https:\/\/sharkfreeapp.com\/wp-content\/uploads\/sites\/99\/2023\/10\/cropped-Shark-Free-App-Logo_600px.png\",\"contentUrl\":\"https:\/\/sharkfreeapp.com\/wp-content\/uploads\/sites\/99\/2023\/10\/cropped-Shark-Free-App-Logo_600px.png\",\"width\":600,\"height\":208,\"caption\":\"Shark Free App\"},\"image\":{\"@id\":\"https:\/\/sharkfreeapp.com\/#\/schema\/logo\/image\/\"}}]}<\/script>\n<!-- \/ Yoast SEO Premium plugin. -->","yoast_head_json":{"title":"Pol\u00edtica de Cookies - Shark Free App","robots":{"index":"index","follow":"follow","max-snippet":"max-snippet:-1","max-image-preview":"max-image-preview:large","max-video-preview":"max-video-preview:-1"},"canonical":"https:\/\/sharkfreeapp.com\/de\/politica-de-cookies\/","og_locale":"de_DE","og_type":"article","og_title":"Pol\u00edtica de Cookies","og_description":"Est\u00e1 empenhada em proteger sua privacidade on-line. Que informa\u00e7\u00f5es coletamos? Coletamos informa\u00e7\u00f5es de voc\u00ea quando visita nosso site. Ao enviar [&hellip;]","og_url":"https:\/\/sharkfreeapp.com\/de\/politica-de-cookies\/","og_site_name":"Shark Free App","article_modified_time":"2024-10-01T11:48:03+00:00","twitter_card":"summary_large_image","twitter_misc":{"Est. reading time":"2 Minuten"},"schema":{"@context":"https:\/\/schema.org","@graph":[{"@type":"WebPage","@id":"https:\/\/sharkfreeapp.com\/politica-de-cookies\/","url":"https:\/\/sharkfreeapp.com\/politica-de-cookies\/","name":"Pol\u00edtica de Cookies - Shark Free App","isPartOf":{"@id":"https:\/\/sharkfreeapp.com\/#website"},"datePublished":"2022-12-22T09:12:02+00:00","dateModified":"2024-10-01T11:48:03+00:00","breadcrumb":{"@id":"https:\/\/sharkfreeapp.com\/politica-de-cookies\/#breadcrumb"},"inLanguage":"de-DE","potentialAction":[{"@type":"ReadAction","target":["https:\/\/sharkfreeapp.com\/politica-de-cookies\/"]}]},{"@type":"BreadcrumbList","@id":"https:\/\/sharkfreeapp.com\/politica-de-cookies\/#breadcrumb","itemListElement":[{"@type":"ListItem","position":1,"name":"Home","item":"https:\/\/sharkfreeapp.com\/"},{"@type":"ListItem","position":2,"name":"Pol\u00edtica de Cookies"}]},{"@type":"WebSite","@id":"https:\/\/sharkfreeapp.com\/#website","url":"https:\/\/sharkfreeapp.com\/","name":"Shark Free App","description":"","publisher":{"@id":"https:\/\/sharkfreeapp.com\/#organization"},"potentialAction":[{"@type":"SearchAction","target":{"@type":"EntryPoint","urlTemplate":"https:\/\/sharkfreeapp.com\/?s={search_term_string}"},"query-input":"required name=search_term_string"}],"inLanguage":"de-DE"},{"@type":"Organization","@id":"https:\/\/sharkfreeapp.com\/#organization","name":"Shark Free App","url":"https:\/\/sharkfreeapp.com\/","logo":{"@type":"ImageObject","inLanguage":"de-DE","@id":"https:\/\/sharkfreeapp.com\/#\/schema\/logo\/image\/","url":"https:\/\/sharkfreeapp.com\/wp-content\/uploads\/sites\/99\/2023\/10\/cropped-Shark-Free-App-Logo_600px.png","contentUrl":"https:\/\/sharkfreeapp.com\/wp-content\/uploads\/sites\/99\/2023\/10\/cropped-Shark-Free-App-Logo_600px.png","width":600,"height":208,"caption":"Shark Free App"},"image":{"@id":"https:\/\/sharkfreeapp.com\/#\/schema\/logo\/image\/"}}]}},"uagb_featured_image_src":{"full":false,"thumbnail":false,"medium":false,"medium_large":false,"large":false,"1536x1536":false,"2048x2048":false,"trp-custom-language-flag":false},"uagb_author_info":{"display_name":"pedrosantosfirefe","author_link":"https:\/\/sharkfreeapp.com\/de\/author\/pedrosantosfirefe\/"},"uagb_comment_info":0,"uagb_excerpt":"Est\u00e1 empenhada em proteger sua privacidade on-line. Que informa\u00e7\u00f5es coletamos? Coletamos informa\u00e7\u00f5es de voc\u00ea quando visita nosso site. Ao enviar [&hellip;]","_links":{"self":[{"href":"https:\/\/sharkfreeapp.com\/de\/wp-json\/wp\/v2\/pages\/9711"}],"collection":[{"href":"https:\/\/sharkfreeapp.com\/de\/wp-json\/wp\/v2\/pages"}],"about":[{"href":"https:\/\/sharkfreeapp.com\/de\/wp-json\/wp\/v2\/types\/page"}],"author":[{"embeddable":true,"href":"https:\/\/sharkfreeapp.com\/de\/wp-json\/wp\/v2\/users\/97"}],"replies":[{"embeddable":true,"href":"https:\/\/sharkfreeapp.com\/de\/wp-json\/wp\/v2\/comments?post=9711"}],"version-history":[{"count":1,"href":"https:\/\/sharkfreeapp.com\/de\/wp-json\/wp\/v2\/pages\/9711\/revisions"}],"predecessor-version":[{"id":29018,"href":"https:\/\/sharkfreeapp.com\/de\/wp-json\/wp\/v2\/pages\/9711\/revisions\/29018"}],"wp:attachment":[{"href":"https:\/\/sharkfreeapp.com\/de\/wp-json\/wp\/v2\/media?parent=9711"}],"curies":[{"name":"wp","href":"https:\/\/api.w.org\/{rel}","templated":true}]}}