{"id":23843,"date":"2023-10-19T10:45:56","date_gmt":"2023-10-19T13:45:56","guid":{"rendered":"https:\/\/sharkfreeapp.com\/?page_id=23843"},"modified":"2025-11-20T18:42:55","modified_gmt":"2025-11-20T18:42:55","slug":"contato","status":"publish","type":"page","link":"https:\/\/sharkfreeapp.com\/en\/contato\/","title":{"rendered":"Contact"},"content":{"rendered":"<figure class=\"wp-block-image\"><img decoding=\"async\" src=\"http:\/\/sharkfreeapp.com\/wp-content\/uploads\/sites\/99\/2023\/10\/Prancheta-2-copia-1024x356.png\" alt=\"\" \/><\/figure>\n\n\n\n<h2 class=\"wp-block-heading\">Contact<\/h2>\n\n\n\n<h2 class=\"wp-block-heading\">Do you still have questions?<\/h2>\n\n\n\n<h2 class=\"wp-block-heading\">Here are some answers to frequently asked questions.<\/h2>\n\n\n\n<p><a>Is All Content Free?<\/a><\/p>\n\n\n\n<p>Yes, and it always will be! Our mission is to provide our website visitors with free, quality content.<\/p>\n\n\n\n<p><a>How to Contact the Site?<\/a><\/p>\n\n\n\n<p>You can contact us through our contact page:&nbsp;<b><u><a href=\"https:\/\/sharkfreeapp.com\/en\/contato\/\">https:\/\/sharkfreeapp.com\/contato\/<\/a><\/u><\/b><\/p>\n\n\n\n<p><a>How does our work work?<\/a><\/p>\n\n\n\n<p>Our team is made up of people who love researching technology, games, curiosities and current affairs in general. All content available on the site is free and always will be! And to provide this free service, our site provides some spaces for advertisers to advertise their products.<\/p>\n\n\n\n<p><a>Is the Site Reliable? <\/a><\/p>\n\n\n\n<p>Yes! Our website has all the necessary technology for the security of our users. While the information published here, all is checked before being published.<\/p>\n\n\n<div class=\"wpforms-container wpforms-block wpforms-block-cc234a93-021f-4047-902f-b9462d53c933\" id=\"wpforms-31203\"><form id=\"wpforms-form-31203\" class=\"wpforms-validate wpforms-form wpforms-ajax-form\" data-formid=\"31203\" method=\"post\" enctype=\"multipart\/form-data\" action=\"\/en\/wp-json\/wp\/v2\/pages\/23843\" data-token=\"7af2aeb86f05b1436a333c12ea0a8158\" data-token-time=\"1775410896\" data-trp-original-action=\"\/en\/wp-json\/wp\/v2\/pages\/23843\"><noscript class=\"wpforms-error-noscript\">Please enable JavaScript in your browser to complete this form.<\/noscript><div class=\"wpforms-field-container\"><div id=\"wpforms-31203-field_1-container\" class=\"wpforms-field wpforms-field-name\" data-field-id=\"1\"><label class=\"wpforms-field-label\">Name <span class=\"wpforms-required-label\">*<\/span><\/label><div class=\"wpforms-field-row wpforms-field-medium\"><div class=\"wpforms-field-row-block wpforms-first wpforms-one-half\"><input type=\"text\" id=\"wpforms-31203-field_1\" class=\"wpforms-field-name-first wpforms-field-required\" name=\"wpforms[fields][1][first]\" required><label for=\"wpforms-31203-field_1\" class=\"wpforms-field-sublabel after\">First<\/label><\/div><div class=\"wpforms-field-row-block wpforms-one-half\"><input type=\"text\" id=\"wpforms-31203-field_1-last\" class=\"wpforms-field-name-last wpforms-field-required\" name=\"wpforms[fields][1][last]\" required><label for=\"wpforms-31203-field_1-last\" class=\"wpforms-field-sublabel after\">Last<\/label><\/div><\/div><\/div>\t\t<div id=\"wpforms-31203-field_4-container\"\n\t\t\tclass=\"wpforms-field wpforms-field-text\"\n\t\t\tdata-field-type=\"text\"\n\t\t\tdata-field-id=\"4\"\n\t\t\t>\n\t\t\t<label class=\"wpforms-field-label\" for=\"wpforms-31203-field_4\" >E-mail ou Mensagem<\/label>\n\t\t\t<input type=\"text\" id=\"wpforms-31203-field_4\" class=\"wpforms-field-medium\" name=\"wpforms[fields][4]\" >\n\t\t<\/div>\n\t\t<div id=\"wpforms-31203-field_2-container\" class=\"wpforms-field wpforms-field-email\" data-field-id=\"2\"><label class=\"wpforms-field-label\" for=\"wpforms-31203-field_2\">E-mail <span class=\"wpforms-required-label\">*<\/span><\/label><input type=\"email\" id=\"wpforms-31203-field_2\" class=\"wpforms-field-medium wpforms-field-required\" name=\"wpforms[fields][2]\" spellcheck=\"false\" required><\/div><div id=\"wpforms-31203-field_3-container\" class=\"wpforms-field wpforms-field-textarea\" data-field-id=\"3\"><label class=\"wpforms-field-label\" for=\"wpforms-31203-field_3\">Comment or Message<\/label><textarea id=\"wpforms-31203-field_3\" class=\"wpforms-field-medium\" name=\"wpforms[fields][3]\" ><\/textarea><\/div><script>\n\t\t\t\t( function() {\n\t\t\t\t\tconst style = document.createElement( 'style' );\n\t\t\t\t\tstyle.appendChild( document.createTextNode( '#wpforms-31203-field_4-container { position: absolute !important; overflow: hidden !important; display: inline !important; height: 1px !important; width: 1px !important; z-index: -1000 !important; padding: 0 !important; } #wpforms-31203-field_4-container input { visibility: hidden; } #wpforms-conversational-form-page #wpforms-31203-field_4-container label { counter-increment: none; }' ) );\n\t\t\t\t\tdocument.head.appendChild( style );\n\t\t\t\t\tdocument.currentScript?.remove();\n\t\t\t\t} )();\n\t\t\t<\/script><\/div><!-- .wpforms-field-container --><div class=\"wpforms-submit-container\" ><input type=\"hidden\" name=\"wpforms[id]\" value=\"31203\"><input type=\"hidden\" name=\"page_title\" value=\"\"><input type=\"hidden\" name=\"page_url\" value=\"https:\/\/sharkfreeapp.com\/en\/wp-json\/wp\/v2\/pages\/23843\"><input type=\"hidden\" name=\"url_referer\" value=\"\"><button type=\"submit\" name=\"wpforms[submit]\" id=\"wpforms-submit-31203\" class=\"wpforms-submit\" data-alt-text=\"Enviando\u2026\" data-submit-text=\"Enviar\" aria-live=\"assertive\" value=\"wpforms-submit\">To send<\/button><img loading=\"lazy\" decoding=\"async\" src=\"https:\/\/sharkfreeapp.com\/wp-content\/plugins\/wpforms-lite\/assets\/images\/submit-spin.svg\" class=\"wpforms-submit-spinner\" style=\"display: none;\" width=\"26\" height=\"26\" alt=\"Loading\"><\/div><input type=\"hidden\" name=\"trp-form-language\" value=\"en\"\/><\/form><\/div>  <!-- .wpforms-container -->","protected":false},"excerpt":{"rendered":"<p>Contact Us Still have questions? Here are some answers to frequently asked questions. Is all content free? Yes, and it always will be! [\u2026]<\/p>","protected":false},"author":97,"featured_media":0,"parent":0,"menu_order":0,"comment_status":"closed","ping_status":"closed","template":"","meta":{"_uag_custom_page_level_css":"","site-sidebar-layout":"default","site-content-layout":"","ast-site-content-layout":"default","site-content-style":"default","site-sidebar-style":"default","ast-global-header-display":"","ast-banner-title-visibility":"","ast-main-header-display":"","ast-hfb-above-header-display":"","ast-hfb-below-header-display":"","ast-hfb-mobile-header-display":"","site-post-title":"","ast-breadcrumbs-content":"","ast-featured-img":"","footer-sml-layout":"","theme-transparent-header-meta":"","adv-header-id-meta":"","stick-header-meta":"","header-above-stick-meta":"","header-main-stick-meta":"","header-below-stick-meta":"","astra-migrate-meta-layouts":"set","ast-page-background-enabled":"default","ast-page-background-meta":{"desktop":{"background-color":"var(--ast-global-color-4)","background-image":"","background-repeat":"repeat","background-position":"center center","background-size":"auto","background-attachment":"scroll","background-type":"","background-media":"","overlay-type":"","overlay-color":"","overlay-opacity":"","overlay-gradient":""},"tablet":{"background-color":"","background-image":"","background-repeat":"repeat","background-position":"center center","background-size":"auto","background-attachment":"scroll","background-type":"","background-media":"","overlay-type":"","overlay-color":"","overlay-opacity":"","overlay-gradient":""},"mobile":{"background-color":"","background-image":"","background-repeat":"repeat","background-position":"center center","background-size":"auto","background-attachment":"scroll","background-type":"","background-media":"","overlay-type":"","overlay-color":"","overlay-opacity":"","overlay-gradient":""}},"ast-content-background-meta":{"desktop":{"background-color":"var(--ast-global-color-5)","background-image":"","background-repeat":"repeat","background-position":"center center","background-size":"auto","background-attachment":"scroll","background-type":"","background-media":"","overlay-type":"","overlay-color":"","overlay-opacity":"","overlay-gradient":""},"tablet":{"background-color":"var(--ast-global-color-5)","background-image":"","background-repeat":"repeat","background-position":"center center","background-size":"auto","background-attachment":"scroll","background-type":"","background-media":"","overlay-type":"","overlay-color":"","overlay-opacity":"","overlay-gradient":""},"mobile":{"background-color":"var(--ast-global-color-5)","background-image":"","background-repeat":"repeat","background-position":"center center","background-size":"auto","background-attachment":"scroll","background-type":"","background-media":"","overlay-type":"","overlay-color":"","overlay-opacity":"","overlay-gradient":""}},"footnotes":""},"yoast_head":"<!-- This site is optimized with the Yoast SEO Premium plugin v18.7 (Yoast SEO v23.3) - https:\/\/yoast.com\/wordpress\/plugins\/seo\/ -->\n<title>Contato - Shark Free App<\/title>\n<meta name=\"robots\" content=\"index, follow, max-snippet:-1, max-image-preview:large, max-video-preview:-1\" \/>\n<link rel=\"canonical\" href=\"https:\/\/sharkfreeapp.com\/en\/contato\/\" \/>\n<meta property=\"og:locale\" content=\"en_US\" \/>\n<meta property=\"og:type\" content=\"article\" \/>\n<meta property=\"og:title\" content=\"Contato\" \/>\n<meta property=\"og:description\" content=\"Contato Voc\u00ea ainda tem d\u00favidas? Aqui est\u00e3o algumas respostas para d\u00favidas frequentes. Todo Conteudo \u00e9 Gratuito? Sim, e sempre ser\u00e1! [&hellip;]\" \/>\n<meta property=\"og:url\" content=\"https:\/\/sharkfreeapp.com\/en\/contato\/\" \/>\n<meta property=\"og:site_name\" content=\"Shark Free App\" \/>\n<meta property=\"article:modified_time\" content=\"2025-11-20T18:42:55+00:00\" \/>\n<meta property=\"og:image\" content=\"http:\/\/sharkfreeapp.com\/wp-content\/uploads\/sites\/99\/2023\/10\/Prancheta-2-copia-1024x356.png\" \/>\n<meta name=\"twitter:card\" content=\"summary_large_image\" \/>\n<meta name=\"twitter:label1\" content=\"Est. reading time\" \/>\n\t<meta name=\"twitter:data1\" content=\"1 minute\" \/>\n<script type=\"application\/ld+json\" class=\"yoast-schema-graph\">{\"@context\":\"https:\/\/schema.org\",\"@graph\":[{\"@type\":\"WebPage\",\"@id\":\"https:\/\/sharkfreeapp.com\/contato\/\",\"url\":\"https:\/\/sharkfreeapp.com\/contato\/\",\"name\":\"Contato - Shark Free App\",\"isPartOf\":{\"@id\":\"https:\/\/sharkfreeapp.com\/#website\"},\"primaryImageOfPage\":{\"@id\":\"https:\/\/sharkfreeapp.com\/contato\/#primaryimage\"},\"image\":{\"@id\":\"https:\/\/sharkfreeapp.com\/contato\/#primaryimage\"},\"thumbnailUrl\":\"http:\/\/sharkfreeapp.com\/wp-content\/uploads\/sites\/99\/2023\/10\/Prancheta-2-copia-1024x356.png\",\"datePublished\":\"2023-10-19T13:45:56+00:00\",\"dateModified\":\"2025-11-20T18:42:55+00:00\",\"breadcrumb\":{\"@id\":\"https:\/\/sharkfreeapp.com\/contato\/#breadcrumb\"},\"inLanguage\":\"en-US\",\"potentialAction\":[{\"@type\":\"ReadAction\",\"target\":[\"https:\/\/sharkfreeapp.com\/contato\/\"]}]},{\"@type\":\"ImageObject\",\"inLanguage\":\"en-US\",\"@id\":\"https:\/\/sharkfreeapp.com\/contato\/#primaryimage\",\"url\":\"http:\/\/sharkfreeapp.com\/wp-content\/uploads\/sites\/99\/2023\/10\/Prancheta-2-copia-1024x356.png\",\"contentUrl\":\"http:\/\/sharkfreeapp.com\/wp-content\/uploads\/sites\/99\/2023\/10\/Prancheta-2-copia-1024x356.png\"},{\"@type\":\"BreadcrumbList\",\"@id\":\"https:\/\/sharkfreeapp.com\/contato\/#breadcrumb\",\"itemListElement\":[{\"@type\":\"ListItem\",\"position\":1,\"name\":\"Home\",\"item\":\"https:\/\/sharkfreeapp.com\/\"},{\"@type\":\"ListItem\",\"position\":2,\"name\":\"Contato\"}]},{\"@type\":\"WebSite\",\"@id\":\"https:\/\/sharkfreeapp.com\/#website\",\"url\":\"https:\/\/sharkfreeapp.com\/\",\"name\":\"Shark Free App\",\"description\":\"\",\"publisher\":{\"@id\":\"https:\/\/sharkfreeapp.com\/#organization\"},\"potentialAction\":[{\"@type\":\"SearchAction\",\"target\":{\"@type\":\"EntryPoint\",\"urlTemplate\":\"https:\/\/sharkfreeapp.com\/?s={search_term_string}\"},\"query-input\":\"required name=search_term_string\"}],\"inLanguage\":\"en-US\"},{\"@type\":\"Organization\",\"@id\":\"https:\/\/sharkfreeapp.com\/#organization\",\"name\":\"Shark Free App\",\"url\":\"https:\/\/sharkfreeapp.com\/\",\"logo\":{\"@type\":\"ImageObject\",\"inLanguage\":\"en-US\",\"@id\":\"https:\/\/sharkfreeapp.com\/#\/schema\/logo\/image\/\",\"url\":\"https:\/\/sharkfreeapp.com\/wp-content\/uploads\/sites\/99\/2023\/10\/cropped-Shark-Free-App-Logo_600px.png\",\"contentUrl\":\"https:\/\/sharkfreeapp.com\/wp-content\/uploads\/sites\/99\/2023\/10\/cropped-Shark-Free-App-Logo_600px.png\",\"width\":600,\"height\":208,\"caption\":\"Shark Free App\"},\"image\":{\"@id\":\"https:\/\/sharkfreeapp.com\/#\/schema\/logo\/image\/\"}}]}<\/script>\n<!-- \/ Yoast SEO Premium plugin. -->","yoast_head_json":{"title":"Contato - Shark Free App","robots":{"index":"index","follow":"follow","max-snippet":"max-snippet:-1","max-image-preview":"max-image-preview:large","max-video-preview":"max-video-preview:-1"},"canonical":"https:\/\/sharkfreeapp.com\/en\/contato\/","og_locale":"en_US","og_type":"article","og_title":"Contato","og_description":"Contato Voc\u00ea ainda tem d\u00favidas? Aqui est\u00e3o algumas respostas para d\u00favidas frequentes. Todo Conteudo \u00e9 Gratuito? Sim, e sempre ser\u00e1! [&hellip;]","og_url":"https:\/\/sharkfreeapp.com\/en\/contato\/","og_site_name":"Shark Free App","article_modified_time":"2025-11-20T18:42:55+00:00","og_image":[{"url":"http:\/\/sharkfreeapp.com\/wp-content\/uploads\/sites\/99\/2023\/10\/Prancheta-2-copia-1024x356.png"}],"twitter_card":"summary_large_image","twitter_misc":{"Est. reading time":"1 minute"},"schema":{"@context":"https:\/\/schema.org","@graph":[{"@type":"WebPage","@id":"https:\/\/sharkfreeapp.com\/contato\/","url":"https:\/\/sharkfreeapp.com\/contato\/","name":"Contato - Shark Free App","isPartOf":{"@id":"https:\/\/sharkfreeapp.com\/#website"},"primaryImageOfPage":{"@id":"https:\/\/sharkfreeapp.com\/contato\/#primaryimage"},"image":{"@id":"https:\/\/sharkfreeapp.com\/contato\/#primaryimage"},"thumbnailUrl":"http:\/\/sharkfreeapp.com\/wp-content\/uploads\/sites\/99\/2023\/10\/Prancheta-2-copia-1024x356.png","datePublished":"2023-10-19T13:45:56+00:00","dateModified":"2025-11-20T18:42:55+00:00","breadcrumb":{"@id":"https:\/\/sharkfreeapp.com\/contato\/#breadcrumb"},"inLanguage":"en-US","potentialAction":[{"@type":"ReadAction","target":["https:\/\/sharkfreeapp.com\/contato\/"]}]},{"@type":"ImageObject","inLanguage":"en-US","@id":"https:\/\/sharkfreeapp.com\/contato\/#primaryimage","url":"http:\/\/sharkfreeapp.com\/wp-content\/uploads\/sites\/99\/2023\/10\/Prancheta-2-copia-1024x356.png","contentUrl":"http:\/\/sharkfreeapp.com\/wp-content\/uploads\/sites\/99\/2023\/10\/Prancheta-2-copia-1024x356.png"},{"@type":"BreadcrumbList","@id":"https:\/\/sharkfreeapp.com\/contato\/#breadcrumb","itemListElement":[{"@type":"ListItem","position":1,"name":"Home","item":"https:\/\/sharkfreeapp.com\/"},{"@type":"ListItem","position":2,"name":"Contato"}]},{"@type":"WebSite","@id":"https:\/\/sharkfreeapp.com\/#website","url":"https:\/\/sharkfreeapp.com\/","name":"Shark Free App","description":"","publisher":{"@id":"https:\/\/sharkfreeapp.com\/#organization"},"potentialAction":[{"@type":"SearchAction","target":{"@type":"EntryPoint","urlTemplate":"https:\/\/sharkfreeapp.com\/?s={search_term_string}"},"query-input":"required name=search_term_string"}],"inLanguage":"en-US"},{"@type":"Organization","@id":"https:\/\/sharkfreeapp.com\/#organization","name":"Shark Free App","url":"https:\/\/sharkfreeapp.com\/","logo":{"@type":"ImageObject","inLanguage":"en-US","@id":"https:\/\/sharkfreeapp.com\/#\/schema\/logo\/image\/","url":"https:\/\/sharkfreeapp.com\/wp-content\/uploads\/sites\/99\/2023\/10\/cropped-Shark-Free-App-Logo_600px.png","contentUrl":"https:\/\/sharkfreeapp.com\/wp-content\/uploads\/sites\/99\/2023\/10\/cropped-Shark-Free-App-Logo_600px.png","width":600,"height":208,"caption":"Shark Free App"},"image":{"@id":"https:\/\/sharkfreeapp.com\/#\/schema\/logo\/image\/"}}]}},"uagb_featured_image_src":{"full":false,"thumbnail":false,"medium":false,"medium_large":false,"large":false,"1536x1536":false,"2048x2048":false,"trp-custom-language-flag":false},"uagb_author_info":{"display_name":"pedrosantosfirefe","author_link":"https:\/\/sharkfreeapp.com\/en\/author\/pedrosantosfirefe\/"},"uagb_comment_info":0,"uagb_excerpt":"Contato Voc\u00ea ainda tem d\u00favidas? Aqui est\u00e3o algumas respostas para d\u00favidas frequentes. Todo Conteudo \u00e9 Gratuito? Sim, e sempre ser\u00e1! [&hellip;]","_links":{"self":[{"href":"https:\/\/sharkfreeapp.com\/en\/wp-json\/wp\/v2\/pages\/23843"}],"collection":[{"href":"https:\/\/sharkfreeapp.com\/en\/wp-json\/wp\/v2\/pages"}],"about":[{"href":"https:\/\/sharkfreeapp.com\/en\/wp-json\/wp\/v2\/types\/page"}],"author":[{"embeddable":true,"href":"https:\/\/sharkfreeapp.com\/en\/wp-json\/wp\/v2\/users\/97"}],"replies":[{"embeddable":true,"href":"https:\/\/sharkfreeapp.com\/en\/wp-json\/wp\/v2\/comments?post=23843"}],"version-history":[{"count":3,"href":"https:\/\/sharkfreeapp.com\/en\/wp-json\/wp\/v2\/pages\/23843\/revisions"}],"predecessor-version":[{"id":31205,"href":"https:\/\/sharkfreeapp.com\/en\/wp-json\/wp\/v2\/pages\/23843\/revisions\/31205"}],"wp:attachment":[{"href":"https:\/\/sharkfreeapp.com\/en\/wp-json\/wp\/v2\/media?parent=23843"}],"curies":[{"name":"wp","href":"https:\/\/api.w.org\/{rel}","templated":true}]}}