{"id":23919,"date":"2023-10-25T14:14:58","date_gmt":"2023-10-25T17:14:58","guid":{"rendered":"https:\/\/sharkfreeapp.com\/?page_id=23919"},"modified":"2024-10-01T11:49:18","modified_gmt":"2024-10-01T11:49:18","slug":"sobre-nos","status":"publish","type":"page","link":"https:\/\/sharkfreeapp.com\/es\/sobre-nos\/","title":{"rendered":"Sobre nosotros"},"content":{"rendered":"<div class=\"is-style-default wp-block-site-logo\"><a href=\"https:\/\/sharkfreeapp.com\/es\/\" class=\"custom-logo-link\" rel=\"home\"><img loading=\"lazy\" decoding=\"async\" width=\"500\" height=\"173\" src=\"https:\/\/sharkfreeapp.com\/wp-content\/uploads\/sites\/99\/2023\/10\/cropped-Shark-Free-App-Logo_600px.png\" class=\"custom-logo\" alt=\"Shark Free App\" srcset=\"https:\/\/sharkfreeapp.com\/wp-content\/uploads\/sites\/99\/2023\/10\/cropped-Shark-Free-App-Logo_600px.png 600w, https:\/\/sharkfreeapp.com\/wp-content\/uploads\/sites\/99\/2023\/10\/cropped-Shark-Free-App-Logo_600px-300x104.png 300w, https:\/\/sharkfreeapp.com\/wp-content\/uploads\/sites\/99\/2023\/10\/cropped-Shark-Free-App-Logo_600px-18x6.png 18w\" sizes=\"(max-width: 500px) 100vw, 500px\" \/><\/a><\/div>\n\n\n<h2 class=\"wp-block-heading\">Un poco sobre nosotros<\/h2>\n\n\n\n<p>La Shark Free App es m\u00e1s que un simple sitio web informativo sobre tecnolog\u00eda, aplicaciones, juegos y curiosidades cotidianas. Somos una fuente integral y confiable de conocimiento dise\u00f1ada para ayudarlo a explorar y comprender el mundo de la tecnolog\u00eda de una manera accesible y esclarecedora.<\/p>\n\n\n\n<p>En un mundo donde la tecnolog\u00eda juega un papel cada vez m\u00e1s importante en nuestras vidas, es fundamental estar bien informado y actualizado. La aplicaci\u00f3n Shark Free se compromete a brindarle informaci\u00f3n precisa y relevante sobre los temas que m\u00e1s importan, desde las \u00faltimas tendencias m\u00f3viles hasta consejos y trucos para optimizar su experiencia tecnol\u00f3gica.<\/p>\n\n\n\n<p>Nuestro objetivo principal es brindarle contenido valioso y de calidad, y lo hacemos con un enfoque paso a paso. A medida que explora nuestro sitio, encontrar\u00e1 tutoriales detallados que lo guiar\u00e1n a trav\u00e9s de cada paso, lo que le permitir\u00e1 seguirlos f\u00e1cilmente, incluso si es un principiante. Estamos aqu\u00ed para desmitificar la tecnolog\u00eda y garantizar que todos puedan aprovecharla al m\u00e1ximo.<\/p>\n\n\n\n<p>Tecnolog\u00eda: La tecnolog\u00eda est\u00e1 en constante evoluci\u00f3n y es nuestro compromiso mantenerlo actualizado sobre las \u00faltimas innovaciones. Ya sea un nuevo tel\u00e9fono inteligente, un gran avance en inteligencia artificial o una actualizaci\u00f3n de software, brindamos an\u00e1lisis e informaci\u00f3n en profundidad sobre lo \u00faltimo en el mundo de la tecnolog\u00eda. Esto le permite tomar decisiones informadas al elegir sus dispositivos y servicios.<\/p>\n\n\n\n<p>Aplicaciones: Las aplicaciones son parte fundamental de nuestros dispositivos m\u00f3viles y de la forma en que interactuamos con la tecnolog\u00eda. En la aplicaci\u00f3n Shark Free, encontrar\u00e1 rese\u00f1as detalladas de aplicaciones populares, recomendaciones de herramientas \u00fatiles y gu\u00edas sobre c\u00f3mo utilizar las aplicaciones de forma eficaz. Ya sea que sea usuario de Android o iOS, estamos aqu\u00ed para ayudarlo a encontrar las mejores aplicaciones para sus necesidades.<\/p>\n\n\n\n<p>Juegos: Los juegos son una forma divertida de entretenimiento y una industria en constante crecimiento. Analizamos juegos en todas las plataformas, desde consolas hasta juegos para m\u00f3viles. Ya sea que est\u00e9s buscando recomendaciones de juegos, consejos de juego o informaci\u00f3n sobre los \u00faltimos lanzamientos, encontrar\u00e1s todo eso y m\u00e1s en nuestro sitio.<\/p>\n\n\n\n<p>Curiosidades cotidianas: la tecnolog\u00eda no es lo \u00fanico que hace que el mundo sea interesante. Nuestro sitio tambi\u00e9n explora una variedad de hechos cotidianos que van desde datos intrigantes sobre el universo hasta consejos pr\u00e1cticos para hacerle la vida m\u00e1s f\u00e1cil. Queremos mantenerte entretenido e informado en todos los aspectos de la vida.<\/p>\n\n\n\n<p>Nuestros tutoriales: Nuestros tutoriales son el coraz\u00f3n de la aplicaci\u00f3n Shark Free. Cada gu\u00eda paso a paso est\u00e1 elaborada con cuidado y atenci\u00f3n al detalle. No s\u00f3lo explican c\u00f3mo hacer algo, sino tambi\u00e9n el por qu\u00e9 detr\u00e1s de cada paso. Esto le ayuda a comprender completamente los procesos y conceptos involucrados. Adem\u00e1s, estamos abiertos a sugerencias de tutoriales, por lo que si tiene alguna pregunta o solicitud espec\u00edfica, no dude en contactarnos.<\/p>\n\n\n\n<p>Nuestro compromiso con la comunidad: en Shark Free App, valoramos la comunidad de lectores que nos apoyan. Buscamos constantemente comentarios y sugerencias para mejorar nuestro contenido y servicios. Si tiene preguntas, comentarios o ideas, nos encantar\u00eda saber de usted. Tu voz es importante para nosotros.<\/p>\n\n\n\n<p>En resumen, Shark Free App es una fuente confiable e informativa para todo lo relacionado con tecnolog\u00eda, aplicaciones, juegos y curiosidades cotidianas. Nuestra misi\u00f3n es brindarle conocimientos y ayudarlo a aprovechar al m\u00e1ximo su viaje tecnol\u00f3gico. Explore nuestro sitio web, descubra nuestros tutoriales detallados y mant\u00e9ngase actualizado con las \u00faltimas noticias y tendencias en tecnolog\u00eda. \u00danase a nuestra comunidad y emb\u00e1rquese en este emocionante viaje de descubrimiento tecnol\u00f3gico. Estamos aqu\u00ed para hacer que la tecnolog\u00eda sea accesible para todos.<\/p>\n\n\n\n<h2 class=\"wp-block-heading\">\u00bfA\u00fan tienes preguntas?<\/h2>\n\n\n\n<h2 class=\"wp-block-heading\">Aqu\u00ed hay algunas respuestas a preguntas frecuentes.<\/h2>\n\n\n\n<p><a>\u00bfTodo el contenido es gratuito?<\/a><\/p>\n\n\n\n<p>\u00a1S\u00ed, y siempre lo ser\u00e1! Nuestra misi\u00f3n es proporcionar a los visitantes de nuestro sitio web contenido gratuito y de calidad.<\/p>\n\n\n\n<p><a>\u00bfC\u00f3mo contactar al Sitio?<\/a><\/p>\n\n\n\n<p>Puede contactarnos a trav\u00e9s de nuestra p\u00e1gina de contacto:&nbsp;<b><u><a href=\"https:\/\/sharkfreeapp.com\/es\/contato\/\">https:\/\/sharkfreeapp.com\/contato\/<\/a><\/u><\/b><\/p>\n\n\n\n<p><a>\u00bfC\u00f3mo funciona nuestro trabajo?<\/a><\/p>\n\n\n\n<p>Nuestro equipo est\u00e1 formado por personas amantes de investigar sobre tecnolog\u00eda, juegos, curiosidades y actualidad en general. \u00a1Todo el contenido disponible en el sitio web es gratuito y siempre lo ser\u00e1! Y para brindar esto de forma gratuita, nuestro sitio web ofrece algunos espacios para que los anunciantes anuncien sus productos.<\/p>\n\n\n\n<p><a>\u00bfEs el sitio confiable? <\/a><\/p>\n\n\n\n<p>\u00a1S\u00ed! Nuestro sitio web cuenta con toda la tecnolog\u00eda necesaria para la seguridad de nuestros usuarios. Si bien la informaci\u00f3n aqu\u00ed publicada se verifica toda antes de ser publicada.<\/p>","protected":false},"excerpt":{"rendered":"<p>Un poco sobre nosotros La aplicaci\u00f3n Shark Free es m\u00e1s que un sitio web informativo sobre tecnolog\u00eda, aplicaciones, juegos [\u2026]<\/p>","protected":false},"author":97,"featured_media":0,"parent":0,"menu_order":0,"comment_status":"closed","ping_status":"closed","template":"page-nosidebar.php","meta":{"_uag_custom_page_level_css":"","site-sidebar-layout":"default","site-content-layout":"","ast-site-content-layout":"","site-content-style":"default","site-sidebar-style":"default","ast-global-header-display":"","ast-banner-title-visibility":"","ast-main-header-display":"","ast-hfb-above-header-display":"","ast-hfb-below-header-display":"","ast-hfb-mobile-header-display":"","site-post-title":"","ast-breadcrumbs-content":"","ast-featured-img":"","footer-sml-layout":"","theme-transparent-header-meta":"","adv-header-id-meta":"","stick-header-meta":"","header-above-stick-meta":"","header-main-stick-meta":"","header-below-stick-meta":"","astra-migrate-meta-layouts":"default","ast-page-background-enabled":"default","ast-page-background-meta":{"desktop":{"background-color":"var(--ast-global-color-4)","background-image":"","background-repeat":"repeat","background-position":"center center","background-size":"auto","background-attachment":"scroll","background-type":"","background-media":"","overlay-type":"","overlay-color":"","overlay-opacity":"","overlay-gradient":""},"tablet":{"background-color":"","background-image":"","background-repeat":"repeat","background-position":"center center","background-size":"auto","background-attachment":"scroll","background-type":"","background-media":"","overlay-type":"","overlay-color":"","overlay-opacity":"","overlay-gradient":""},"mobile":{"background-color":"","background-image":"","background-repeat":"repeat","background-position":"center center","background-size":"auto","background-attachment":"scroll","background-type":"","background-media":"","overlay-type":"","overlay-color":"","overlay-opacity":"","overlay-gradient":""}},"ast-content-background-meta":{"desktop":{"background-color":"var(--ast-global-color-5)","background-image":"","background-repeat":"repeat","background-position":"center center","background-size":"auto","background-attachment":"scroll","background-type":"","background-media":"","overlay-type":"","overlay-color":"","overlay-opacity":"","overlay-gradient":""},"tablet":{"background-color":"var(--ast-global-color-5)","background-image":"","background-repeat":"repeat","background-position":"center center","background-size":"auto","background-attachment":"scroll","background-type":"","background-media":"","overlay-type":"","overlay-color":"","overlay-opacity":"","overlay-gradient":""},"mobile":{"background-color":"var(--ast-global-color-5)","background-image":"","background-repeat":"repeat","background-position":"center center","background-size":"auto","background-attachment":"scroll","background-type":"","background-media":"","overlay-type":"","overlay-color":"","overlay-opacity":"","overlay-gradient":""}},"footnotes":""},"yoast_head":"<!-- This site is optimized with the Yoast SEO Premium plugin v18.7 (Yoast SEO v23.3) - https:\/\/yoast.com\/wordpress\/plugins\/seo\/ -->\n<title>Sobre N\u00f3s - Shark Free App<\/title>\n<meta name=\"robots\" content=\"index, follow, max-snippet:-1, max-image-preview:large, max-video-preview:-1\" \/>\n<link rel=\"canonical\" href=\"https:\/\/sharkfreeapp.com\/es\/sobre-nos\/\" \/>\n<meta property=\"og:locale\" content=\"es_ES\" \/>\n<meta property=\"og:type\" content=\"article\" \/>\n<meta property=\"og:title\" content=\"Sobre N\u00f3s\" \/>\n<meta property=\"og:description\" content=\"Um Pouco Sobre N\u00f3s O Shark Free App \u00e9 mais do que apenas um site informativo sobre tecnologia, aplicativos, games [&hellip;]\" \/>\n<meta property=\"og:url\" content=\"https:\/\/sharkfreeapp.com\/es\/sobre-nos\/\" \/>\n<meta property=\"og:site_name\" content=\"Shark Free App\" \/>\n<meta property=\"article:modified_time\" content=\"2024-10-01T11:49:18+00:00\" \/>\n<meta name=\"twitter:card\" content=\"summary_large_image\" \/>\n<meta name=\"twitter:label1\" content=\"Est. reading time\" \/>\n\t<meta name=\"twitter:data1\" content=\"4 minutos\" \/>\n<script type=\"application\/ld+json\" class=\"yoast-schema-graph\">{\"@context\":\"https:\/\/schema.org\",\"@graph\":[{\"@type\":\"WebPage\",\"@id\":\"https:\/\/sharkfreeapp.com\/sobre-nos\/\",\"url\":\"https:\/\/sharkfreeapp.com\/sobre-nos\/\",\"name\":\"Sobre N\u00f3s - Shark Free App\",\"isPartOf\":{\"@id\":\"https:\/\/sharkfreeapp.com\/#website\"},\"datePublished\":\"2023-10-25T17:14:58+00:00\",\"dateModified\":\"2024-10-01T11:49:18+00:00\",\"breadcrumb\":{\"@id\":\"https:\/\/sharkfreeapp.com\/sobre-nos\/#breadcrumb\"},\"inLanguage\":\"es\",\"potentialAction\":[{\"@type\":\"ReadAction\",\"target\":[\"https:\/\/sharkfreeapp.com\/sobre-nos\/\"]}]},{\"@type\":\"BreadcrumbList\",\"@id\":\"https:\/\/sharkfreeapp.com\/sobre-nos\/#breadcrumb\",\"itemListElement\":[{\"@type\":\"ListItem\",\"position\":1,\"name\":\"Home\",\"item\":\"https:\/\/sharkfreeapp.com\/\"},{\"@type\":\"ListItem\",\"position\":2,\"name\":\"Sobre N\u00f3s\"}]},{\"@type\":\"WebSite\",\"@id\":\"https:\/\/sharkfreeapp.com\/#website\",\"url\":\"https:\/\/sharkfreeapp.com\/\",\"name\":\"Shark Free App\",\"description\":\"\",\"publisher\":{\"@id\":\"https:\/\/sharkfreeapp.com\/#organization\"},\"potentialAction\":[{\"@type\":\"SearchAction\",\"target\":{\"@type\":\"EntryPoint\",\"urlTemplate\":\"https:\/\/sharkfreeapp.com\/?s={search_term_string}\"},\"query-input\":\"required name=search_term_string\"}],\"inLanguage\":\"es\"},{\"@type\":\"Organization\",\"@id\":\"https:\/\/sharkfreeapp.com\/#organization\",\"name\":\"Shark Free App\",\"url\":\"https:\/\/sharkfreeapp.com\/\",\"logo\":{\"@type\":\"ImageObject\",\"inLanguage\":\"es\",\"@id\":\"https:\/\/sharkfreeapp.com\/#\/schema\/logo\/image\/\",\"url\":\"https:\/\/sharkfreeapp.com\/wp-content\/uploads\/sites\/99\/2023\/10\/cropped-Shark-Free-App-Logo_600px.png\",\"contentUrl\":\"https:\/\/sharkfreeapp.com\/wp-content\/uploads\/sites\/99\/2023\/10\/cropped-Shark-Free-App-Logo_600px.png\",\"width\":600,\"height\":208,\"caption\":\"Shark Free App\"},\"image\":{\"@id\":\"https:\/\/sharkfreeapp.com\/#\/schema\/logo\/image\/\"}}]}<\/script>\n<!-- \/ Yoast SEO Premium plugin. -->","yoast_head_json":{"title":"Sobre N\u00f3s - Shark Free App","robots":{"index":"index","follow":"follow","max-snippet":"max-snippet:-1","max-image-preview":"max-image-preview:large","max-video-preview":"max-video-preview:-1"},"canonical":"https:\/\/sharkfreeapp.com\/es\/sobre-nos\/","og_locale":"es_ES","og_type":"article","og_title":"Sobre N\u00f3s","og_description":"Um Pouco Sobre N\u00f3s O Shark Free App \u00e9 mais do que apenas um site informativo sobre tecnologia, aplicativos, games [&hellip;]","og_url":"https:\/\/sharkfreeapp.com\/es\/sobre-nos\/","og_site_name":"Shark Free App","article_modified_time":"2024-10-01T11:49:18+00:00","twitter_card":"summary_large_image","twitter_misc":{"Est. reading time":"4 minutos"},"schema":{"@context":"https:\/\/schema.org","@graph":[{"@type":"WebPage","@id":"https:\/\/sharkfreeapp.com\/sobre-nos\/","url":"https:\/\/sharkfreeapp.com\/sobre-nos\/","name":"Sobre N\u00f3s - Shark Free App","isPartOf":{"@id":"https:\/\/sharkfreeapp.com\/#website"},"datePublished":"2023-10-25T17:14:58+00:00","dateModified":"2024-10-01T11:49:18+00:00","breadcrumb":{"@id":"https:\/\/sharkfreeapp.com\/sobre-nos\/#breadcrumb"},"inLanguage":"es","potentialAction":[{"@type":"ReadAction","target":["https:\/\/sharkfreeapp.com\/sobre-nos\/"]}]},{"@type":"BreadcrumbList","@id":"https:\/\/sharkfreeapp.com\/sobre-nos\/#breadcrumb","itemListElement":[{"@type":"ListItem","position":1,"name":"Home","item":"https:\/\/sharkfreeapp.com\/"},{"@type":"ListItem","position":2,"name":"Sobre N\u00f3s"}]},{"@type":"WebSite","@id":"https:\/\/sharkfreeapp.com\/#website","url":"https:\/\/sharkfreeapp.com\/","name":"Shark Free App","description":"","publisher":{"@id":"https:\/\/sharkfreeapp.com\/#organization"},"potentialAction":[{"@type":"SearchAction","target":{"@type":"EntryPoint","urlTemplate":"https:\/\/sharkfreeapp.com\/?s={search_term_string}"},"query-input":"required name=search_term_string"}],"inLanguage":"es"},{"@type":"Organization","@id":"https:\/\/sharkfreeapp.com\/#organization","name":"Shark Free App","url":"https:\/\/sharkfreeapp.com\/","logo":{"@type":"ImageObject","inLanguage":"es","@id":"https:\/\/sharkfreeapp.com\/#\/schema\/logo\/image\/","url":"https:\/\/sharkfreeapp.com\/wp-content\/uploads\/sites\/99\/2023\/10\/cropped-Shark-Free-App-Logo_600px.png","contentUrl":"https:\/\/sharkfreeapp.com\/wp-content\/uploads\/sites\/99\/2023\/10\/cropped-Shark-Free-App-Logo_600px.png","width":600,"height":208,"caption":"Shark Free App"},"image":{"@id":"https:\/\/sharkfreeapp.com\/#\/schema\/logo\/image\/"}}]}},"uagb_featured_image_src":{"full":false,"thumbnail":false,"medium":false,"medium_large":false,"large":false,"1536x1536":false,"2048x2048":false,"trp-custom-language-flag":false},"uagb_author_info":{"display_name":"pedrosantosfirefe","author_link":"https:\/\/sharkfreeapp.com\/es\/author\/pedrosantosfirefe\/"},"uagb_comment_info":0,"uagb_excerpt":"Um Pouco Sobre N\u00f3s O Shark Free App \u00e9 mais do que apenas um site informativo sobre tecnologia, aplicativos, games [&hellip;]","_links":{"self":[{"href":"https:\/\/sharkfreeapp.com\/es\/wp-json\/wp\/v2\/pages\/23919"}],"collection":[{"href":"https:\/\/sharkfreeapp.com\/es\/wp-json\/wp\/v2\/pages"}],"about":[{"href":"https:\/\/sharkfreeapp.com\/es\/wp-json\/wp\/v2\/types\/page"}],"author":[{"embeddable":true,"href":"https:\/\/sharkfreeapp.com\/es\/wp-json\/wp\/v2\/users\/97"}],"replies":[{"embeddable":true,"href":"https:\/\/sharkfreeapp.com\/es\/wp-json\/wp\/v2\/comments?post=23919"}],"version-history":[{"count":2,"href":"https:\/\/sharkfreeapp.com\/es\/wp-json\/wp\/v2\/pages\/23919\/revisions"}],"predecessor-version":[{"id":29021,"href":"https:\/\/sharkfreeapp.com\/es\/wp-json\/wp\/v2\/pages\/23919\/revisions\/29021"}],"wp:attachment":[{"href":"https:\/\/sharkfreeapp.com\/es\/wp-json\/wp\/v2\/media?parent=23919"}],"curies":[{"name":"wp","href":"https:\/\/api.w.org\/{rel}","templated":true}]}}