{"id":9709,"date":"2022-12-22T09:09:06","date_gmt":"2022-12-22T09:09:06","guid":{"rendered":"https:\/\/stwsports.com\/?page_id=9709"},"modified":"2025-04-08T14:11:37","modified_gmt":"2025-04-08T14:11:37","slug":"dmca","status":"publish","type":"page","link":"https:\/\/sharkfreeapp.com\/es\/dmca\/","title":{"rendered":"DMCA"},"content":{"rendered":"<h3 class=\"wp-block-heading\">Pol\u00edtica de la Ley de Derechos de Autor del Milenio Digital<\/h3>\n\n\n\n<p>Bienvenido a (el &quot;Sitio&quot;). Respetamos los derechos de propiedad intelectual de otros del mismo modo que esperamos que otros respeten los nuestros. De conformidad con la Ley de Derechos de Autor del Milenio Digital, T\u00edtulo 17, C\u00f3digo de los Estados Unidos, Secci\u00f3n 512(c), un propietario de derechos de autor o su agente puede enviarnos un aviso de eliminaci\u00f3n a trav\u00e9s de nuestro Agente de DMCA que se detalla a continuaci\u00f3n. Como proveedor de servicios de Internet, tenemos derecho a reclamar inmunidad frente a dichos reclamos por infracci\u00f3n de conformidad con las disposiciones de &quot;puerto seguro&quot; de la DMCA. Para presentarnos un reclamo por infracci\u00f3n de buena fe, debe enviarnos un aviso que establezca la siguiente informaci\u00f3n:<\/p>\n\n\n\n<p><strong>Aviso de Infracci\u00f3n \u2013 Reclamaci\u00f3n<\/strong><\/p>\n\n\n\n<p>1. Una firma f\u00edsica o electr\u00f3nica del propietario de los derechos de autor (o alguien autorizado para actuar en nombre del propietario);<br>2. Identificaci\u00f3n de la obra protegida por derechos de autor que se alega ha sido infringida;<br>3. Identificaci\u00f3n del material infractor que se eliminar\u00e1 e informaci\u00f3n razonablemente suficiente para permitir al proveedor de servicios localizar el material. [Env\u00ede la URL de la p\u00e1gina en cuesti\u00f3n para ayudarnos a identificar el trabajo aparentemente infractor];<br>4. Informaci\u00f3n razonablemente suficiente para permitir que el proveedor de servicios se comunique con la parte reclamante, incluido su nombre, direcci\u00f3n f\u00edsica, direcci\u00f3n de correo electr\u00f3nico, n\u00famero de tel\u00e9fono y n\u00famero de fax;<br>5. Una declaraci\u00f3n de que la parte reclamante cree de buena fe que el uso del material no est\u00e1 autorizado por el agente de derechos de autor; y<br>6. Una declaraci\u00f3n de que la informaci\u00f3n contenida en la notificaci\u00f3n es exacta y, bajo pena de perjurio, que la parte reclamante est\u00e1 autorizada a actuar en nombre del propietario de los derechos de autor.<\/p>\n\n\n\n<p>El T\u00edtulo 17 USC \u00a7512(f) establece sanciones por da\u00f1os civiles, incluidos costos y honorarios de abogados, contra cualquier persona que, a sabiendas y materialmente tergiverse, cierta informaci\u00f3n en una notificaci\u00f3n de infracci\u00f3n seg\u00fan 17 USC \u00a7512(c)(3).<\/p>\n\n\n\n<p>Env\u00ede todos los avisos de eliminaci\u00f3n a trav\u00e9s de nuestra p\u00e1gina de Contacto. Por favor env\u00ede por correo electr\u00f3nico para una pronta atenci\u00f3n.<\/p>\n\n\n\n<p>Tenga en cuenta que podemos compartir la identidad y la informaci\u00f3n en cualquier reclamo por infracci\u00f3n de derechos de autor que recibamos con el presunto infractor. Al presentar un reclamo, usted entiende aceptar y aceptar que su identidad y reclamo puedan ser comunicados al presunto infractor.<\/p>\n\n\n\n<p><strong>Contranotificaci\u00f3n \u2013 Restauraci\u00f3n de Material<\/strong><\/p>\n\n\n\n<p>Si ha recibido una notificaci\u00f3n sobre la eliminaci\u00f3n de material debido a un reclamo por infracci\u00f3n de derechos de autor, puede proporcionarnos una contranotificaci\u00f3n en un esfuerzo por restaurar el material en cuesti\u00f3n en el sitio. Dicha notificaci\u00f3n debe entregarse por escrito a nuestro Agente de DMCA y debe contener sustancialmente los siguientes elementos de conformidad con 17 USC Secci\u00f3n 512(g)(3):<\/p>\n\n\n\n<p>1. Su firma f\u00edsica o electr\u00f3nica.<br>2. Una descripci\u00f3n del material que ha sido retirado y la ubicaci\u00f3n original del material antes de su retiro.<br>3. Una declaraci\u00f3n bajo pena de perjurio de que usted cree de buena fe que el material fue eliminado o deshabilitado como resultado de un error o identificaci\u00f3n err\u00f3nea del material que se eliminar\u00e1 o deshabilitar\u00e1.<br>4. Su nombre, direcci\u00f3n y n\u00famero de tel\u00e9fono, y una declaraci\u00f3n de que acepta la jurisdicci\u00f3n del tribunal de distrito federal para el distrito judicial en el que se encuentra la direcci\u00f3n (o, si se encuentra fuera de los Estados Unidos, que acepta jurisdicci\u00f3n de cualquier distrito judicial en el que se pueda encontrar el proveedor de servicios), y que aceptar\u00e1 la notificaci\u00f3n del proceso de la persona o empresa que proporcion\u00f3 la notificaci\u00f3n de infracci\u00f3n original.<br>5. Env\u00ede su contraaviso a trav\u00e9s de nuestra p\u00e1gina de Contacto. Se recomienda encarecidamente el correo electr\u00f3nico.<\/p>\n\n\n\n<p><strong>Pol\u00edtica de infractores reincidentes<\/strong><\/p>\n\n\n\n<p>Nos tomamos muy en serio la infracci\u00f3n de derechos de autor. De conformidad con los requisitos de la pol\u00edtica de infractores reincidentes de la Ley de Derechos de Autor del Milenio Digital, mantenemos una lista de avisos DMCA de los titulares de derechos de autor y hacemos un esfuerzo de buena fe para identificar a los infractores reincidentes. A aquellos que violen nuestra pol\u00edtica interna de infractores reincidentes se les cancelar\u00e1n sus cuentas.<\/p>\n\n\n\n<p><strong>Modificaciones<\/strong><\/p>\n\n\n\n<p>Nos reservamos el derecho de modificar el contenido de esta p\u00e1gina y su pol\u00edtica para manejar reclamos DMCA en cualquier momento y por cualquier motivo. Le recomendamos que vuelva a consultar esta pol\u00edtica con frecuencia para detectar cualquier cambio.<\/p>","protected":false},"excerpt":{"rendered":"<p>Pol\u00edtica de la Ley de Derechos de Autor de la Era Digital Bienvenido a (el &quot;Sitio&quot;). Respetamos los derechos de propiedad intelectual de terceros tal como esperamos [\u2026]<\/p>","protected":false},"author":127,"featured_media":0,"parent":0,"menu_order":0,"comment_status":"closed","ping_status":"closed","template":"page-nosidebar.php","meta":{"_uag_custom_page_level_css":"","site-sidebar-layout":"default","site-content-layout":"","ast-site-content-layout":"","site-content-style":"default","site-sidebar-style":"default","ast-global-header-display":"","ast-banner-title-visibility":"","ast-main-header-display":"","ast-hfb-above-header-display":"","ast-hfb-below-header-display":"","ast-hfb-mobile-header-display":"","site-post-title":"","ast-breadcrumbs-content":"","ast-featured-img":"","footer-sml-layout":"","theme-transparent-header-meta":"","adv-header-id-meta":"","stick-header-meta":"","header-above-stick-meta":"","header-main-stick-meta":"","header-below-stick-meta":"","astra-migrate-meta-layouts":"default","ast-page-background-enabled":"default","ast-page-background-meta":{"desktop":{"background-color":"var(--ast-global-color-4)","background-image":"","background-repeat":"repeat","background-position":"center center","background-size":"auto","background-attachment":"scroll","background-type":"","background-media":"","overlay-type":"","overlay-color":"","overlay-opacity":"","overlay-gradient":""},"tablet":{"background-color":"","background-image":"","background-repeat":"repeat","background-position":"center center","background-size":"auto","background-attachment":"scroll","background-type":"","background-media":"","overlay-type":"","overlay-color":"","overlay-opacity":"","overlay-gradient":""},"mobile":{"background-color":"","background-image":"","background-repeat":"repeat","background-position":"center center","background-size":"auto","background-attachment":"scroll","background-type":"","background-media":"","overlay-type":"","overlay-color":"","overlay-opacity":"","overlay-gradient":""}},"ast-content-background-meta":{"desktop":{"background-color":"var(--ast-global-color-5)","background-image":"","background-repeat":"repeat","background-position":"center center","background-size":"auto","background-attachment":"scroll","background-type":"","background-media":"","overlay-type":"","overlay-color":"","overlay-opacity":"","overlay-gradient":""},"tablet":{"background-color":"var(--ast-global-color-5)","background-image":"","background-repeat":"repeat","background-position":"center center","background-size":"auto","background-attachment":"scroll","background-type":"","background-media":"","overlay-type":"","overlay-color":"","overlay-opacity":"","overlay-gradient":""},"mobile":{"background-color":"var(--ast-global-color-5)","background-image":"","background-repeat":"repeat","background-position":"center center","background-size":"auto","background-attachment":"scroll","background-type":"","background-media":"","overlay-type":"","overlay-color":"","overlay-opacity":"","overlay-gradient":""}},"footnotes":""},"yoast_head":"<!-- This site is optimized with the Yoast SEO Premium plugin v18.7 (Yoast SEO v23.3) - https:\/\/yoast.com\/wordpress\/plugins\/seo\/ -->\n<title>DMCA - Shark Free App<\/title>\n<meta name=\"robots\" content=\"index, follow, max-snippet:-1, max-image-preview:large, max-video-preview:-1\" \/>\n<link rel=\"canonical\" href=\"https:\/\/sharkfreeapp.com\/es\/dmca\/\" \/>\n<meta property=\"og:locale\" content=\"es_ES\" \/>\n<meta property=\"og:type\" content=\"article\" \/>\n<meta property=\"og:title\" content=\"DMCA\" \/>\n<meta property=\"og:description\" content=\"Digital Millennium Copyright Act Policy Welcome to (the \u201dSite\u201d).We respect the intellectual property rights of others just as we expect [&hellip;]\" \/>\n<meta property=\"og:url\" content=\"https:\/\/sharkfreeapp.com\/es\/dmca\/\" \/>\n<meta property=\"og:site_name\" content=\"Shark Free App\" \/>\n<meta property=\"article:modified_time\" content=\"2025-04-08T14:11:37+00:00\" \/>\n<meta name=\"twitter:card\" content=\"summary_large_image\" \/>\n<meta name=\"twitter:label1\" content=\"Est. reading time\" \/>\n\t<meta name=\"twitter:data1\" content=\"4 minutos\" \/>\n<script type=\"application\/ld+json\" class=\"yoast-schema-graph\">{\"@context\":\"https:\/\/schema.org\",\"@graph\":[{\"@type\":\"WebPage\",\"@id\":\"https:\/\/sharkfreeapp.com\/dmca\/\",\"url\":\"https:\/\/sharkfreeapp.com\/dmca\/\",\"name\":\"DMCA - Shark Free App\",\"isPartOf\":{\"@id\":\"https:\/\/sharkfreeapp.com\/#website\"},\"datePublished\":\"2022-12-22T09:09:06+00:00\",\"dateModified\":\"2025-04-08T14:11:37+00:00\",\"breadcrumb\":{\"@id\":\"https:\/\/sharkfreeapp.com\/dmca\/#breadcrumb\"},\"inLanguage\":\"es\",\"potentialAction\":[{\"@type\":\"ReadAction\",\"target\":[\"https:\/\/sharkfreeapp.com\/dmca\/\"]}]},{\"@type\":\"BreadcrumbList\",\"@id\":\"https:\/\/sharkfreeapp.com\/dmca\/#breadcrumb\",\"itemListElement\":[{\"@type\":\"ListItem\",\"position\":1,\"name\":\"Home\",\"item\":\"https:\/\/sharkfreeapp.com\/\"},{\"@type\":\"ListItem\",\"position\":2,\"name\":\"DMCA\"}]},{\"@type\":\"WebSite\",\"@id\":\"https:\/\/sharkfreeapp.com\/#website\",\"url\":\"https:\/\/sharkfreeapp.com\/\",\"name\":\"Shark Free App\",\"description\":\"\",\"publisher\":{\"@id\":\"https:\/\/sharkfreeapp.com\/#organization\"},\"potentialAction\":[{\"@type\":\"SearchAction\",\"target\":{\"@type\":\"EntryPoint\",\"urlTemplate\":\"https:\/\/sharkfreeapp.com\/?s={search_term_string}\"},\"query-input\":\"required name=search_term_string\"}],\"inLanguage\":\"es\"},{\"@type\":\"Organization\",\"@id\":\"https:\/\/sharkfreeapp.com\/#organization\",\"name\":\"Shark Free App\",\"url\":\"https:\/\/sharkfreeapp.com\/\",\"logo\":{\"@type\":\"ImageObject\",\"inLanguage\":\"es\",\"@id\":\"https:\/\/sharkfreeapp.com\/#\/schema\/logo\/image\/\",\"url\":\"https:\/\/sharkfreeapp.com\/wp-content\/uploads\/sites\/99\/2023\/10\/cropped-Shark-Free-App-Logo_600px.png\",\"contentUrl\":\"https:\/\/sharkfreeapp.com\/wp-content\/uploads\/sites\/99\/2023\/10\/cropped-Shark-Free-App-Logo_600px.png\",\"width\":600,\"height\":208,\"caption\":\"Shark Free App\"},\"image\":{\"@id\":\"https:\/\/sharkfreeapp.com\/#\/schema\/logo\/image\/\"}}]}<\/script>\n<!-- \/ Yoast SEO Premium plugin. -->","yoast_head_json":{"title":"DMCA - Shark Free App","robots":{"index":"index","follow":"follow","max-snippet":"max-snippet:-1","max-image-preview":"max-image-preview:large","max-video-preview":"max-video-preview:-1"},"canonical":"https:\/\/sharkfreeapp.com\/es\/dmca\/","og_locale":"es_ES","og_type":"article","og_title":"DMCA","og_description":"Digital Millennium Copyright Act Policy Welcome to (the \u201dSite\u201d).We respect the intellectual property rights of others just as we expect [&hellip;]","og_url":"https:\/\/sharkfreeapp.com\/es\/dmca\/","og_site_name":"Shark Free App","article_modified_time":"2025-04-08T14:11:37+00:00","twitter_card":"summary_large_image","twitter_misc":{"Est. reading time":"4 minutos"},"schema":{"@context":"https:\/\/schema.org","@graph":[{"@type":"WebPage","@id":"https:\/\/sharkfreeapp.com\/dmca\/","url":"https:\/\/sharkfreeapp.com\/dmca\/","name":"DMCA - Shark Free App","isPartOf":{"@id":"https:\/\/sharkfreeapp.com\/#website"},"datePublished":"2022-12-22T09:09:06+00:00","dateModified":"2025-04-08T14:11:37+00:00","breadcrumb":{"@id":"https:\/\/sharkfreeapp.com\/dmca\/#breadcrumb"},"inLanguage":"es","potentialAction":[{"@type":"ReadAction","target":["https:\/\/sharkfreeapp.com\/dmca\/"]}]},{"@type":"BreadcrumbList","@id":"https:\/\/sharkfreeapp.com\/dmca\/#breadcrumb","itemListElement":[{"@type":"ListItem","position":1,"name":"Home","item":"https:\/\/sharkfreeapp.com\/"},{"@type":"ListItem","position":2,"name":"DMCA"}]},{"@type":"WebSite","@id":"https:\/\/sharkfreeapp.com\/#website","url":"https:\/\/sharkfreeapp.com\/","name":"Shark Free App","description":"","publisher":{"@id":"https:\/\/sharkfreeapp.com\/#organization"},"potentialAction":[{"@type":"SearchAction","target":{"@type":"EntryPoint","urlTemplate":"https:\/\/sharkfreeapp.com\/?s={search_term_string}"},"query-input":"required name=search_term_string"}],"inLanguage":"es"},{"@type":"Organization","@id":"https:\/\/sharkfreeapp.com\/#organization","name":"Shark Free App","url":"https:\/\/sharkfreeapp.com\/","logo":{"@type":"ImageObject","inLanguage":"es","@id":"https:\/\/sharkfreeapp.com\/#\/schema\/logo\/image\/","url":"https:\/\/sharkfreeapp.com\/wp-content\/uploads\/sites\/99\/2023\/10\/cropped-Shark-Free-App-Logo_600px.png","contentUrl":"https:\/\/sharkfreeapp.com\/wp-content\/uploads\/sites\/99\/2023\/10\/cropped-Shark-Free-App-Logo_600px.png","width":600,"height":208,"caption":"Shark Free App"},"image":{"@id":"https:\/\/sharkfreeapp.com\/#\/schema\/logo\/image\/"}}]}},"uagb_featured_image_src":{"full":false,"thumbnail":false,"medium":false,"medium_large":false,"large":false,"1536x1536":false,"2048x2048":false,"trp-custom-language-flag":false},"uagb_author_info":{"display_name":"tais","author_link":"https:\/\/sharkfreeapp.com\/es\/author\/tais\/"},"uagb_comment_info":0,"uagb_excerpt":"Digital Millennium Copyright Act Policy Welcome to (the \u201dSite\u201d).We respect the intellectual property rights of others just as we expect [&hellip;]","_links":{"self":[{"href":"https:\/\/sharkfreeapp.com\/es\/wp-json\/wp\/v2\/pages\/9709"}],"collection":[{"href":"https:\/\/sharkfreeapp.com\/es\/wp-json\/wp\/v2\/pages"}],"about":[{"href":"https:\/\/sharkfreeapp.com\/es\/wp-json\/wp\/v2\/types\/page"}],"author":[{"embeddable":true,"href":"https:\/\/sharkfreeapp.com\/es\/wp-json\/wp\/v2\/users\/127"}],"replies":[{"embeddable":true,"href":"https:\/\/sharkfreeapp.com\/es\/wp-json\/wp\/v2\/comments?post=9709"}],"version-history":[{"count":1,"href":"https:\/\/sharkfreeapp.com\/es\/wp-json\/wp\/v2\/pages\/9709\/revisions"}],"predecessor-version":[{"id":30682,"href":"https:\/\/sharkfreeapp.com\/es\/wp-json\/wp\/v2\/pages\/9709\/revisions\/30682"}],"wp:attachment":[{"href":"https:\/\/sharkfreeapp.com\/es\/wp-json\/wp\/v2\/media?parent=9709"}],"curies":[{"name":"wp","href":"https:\/\/api.w.org\/{rel}","templated":true}]}}