{"id":23919,"date":"2023-10-25T14:14:58","date_gmt":"2023-10-25T17:14:58","guid":{"rendered":"https:\/\/sharkfreeapp.com\/?page_id=23919"},"modified":"2024-10-01T11:49:18","modified_gmt":"2024-10-01T11:49:18","slug":"sobre-nos","status":"publish","type":"page","link":"https:\/\/sharkfreeapp.com\/fr\/sobre-nos\/","title":{"rendered":"\u00c0 propos de nous"},"content":{"rendered":"<div class=\"is-style-default wp-block-site-logo\"><a href=\"https:\/\/sharkfreeapp.com\/fr\/\" class=\"custom-logo-link\" rel=\"home\"><img loading=\"lazy\" decoding=\"async\" width=\"500\" height=\"173\" src=\"https:\/\/sharkfreeapp.com\/wp-content\/uploads\/sites\/99\/2023\/10\/cropped-Shark-Free-App-Logo_600px.png\" class=\"custom-logo\" alt=\"Shark Free App\" srcset=\"https:\/\/sharkfreeapp.com\/wp-content\/uploads\/sites\/99\/2023\/10\/cropped-Shark-Free-App-Logo_600px.png 600w, https:\/\/sharkfreeapp.com\/wp-content\/uploads\/sites\/99\/2023\/10\/cropped-Shark-Free-App-Logo_600px-300x104.png 300w, https:\/\/sharkfreeapp.com\/wp-content\/uploads\/sites\/99\/2023\/10\/cropped-Shark-Free-App-Logo_600px-18x6.png 18w\" sizes=\"(max-width: 500px) 100vw, 500px\" \/><\/a><\/div>\n\n\n<h2 class=\"wp-block-heading\">Un peu sur nous<\/h2>\n\n\n\n<p>Shark Free App est plus qu&#039;un simple site Web informatif sur la technologie, les applications, les jeux et les curiosit\u00e9s quotidiennes. Nous sommes une source de connaissances fiable et compl\u00e8te, con\u00e7ue pour vous aider \u00e0 explorer et \u00e0 comprendre le monde de la technologie de mani\u00e8re accessible et \u00e9clairante.<\/p>\n\n\n\n<p>Dans un monde o\u00f9 la technologie joue un r\u00f4le de plus en plus important dans nos vies, il est crucial d\u2019\u00eatre bien inform\u00e9 et \u00e0 jour. Shark Free App s&#039;engage \u00e0 vous fournir des informations pr\u00e9cises et pertinentes sur les sujets qui comptent le plus, des derni\u00e8res tendances mobiles aux trucs et astuces pour optimiser votre exp\u00e9rience technologique.<\/p>\n\n\n\n<p>Notre objectif principal est de vous apporter un contenu de qualit\u00e9 et de valeur, et nous le faisons avec une approche \u00e9tape par \u00e9tape. En explorant notre site Web, vous trouverez des didacticiels d\u00e9taill\u00e9s qui vous guideront \u00e0 travers chaque \u00e9tape, vous permettant ainsi de suivre facilement m\u00eame si vous \u00eates d\u00e9butant. Nous sommes l\u00e0 pour d\u00e9mystifier la technologie et garantir que chacun puisse en tirer le meilleur parti.<\/p>\n\n\n\n<p>Technologie : La technologie \u00e9volue constamment et nous nous engageons \u00e0 vous tenir au courant des derni\u00e8res innovations. Qu&#039;il s&#039;agisse d&#039;un nouveau smartphone, d&#039;une avanc\u00e9e dans l&#039;intelligence artificielle ou d&#039;une mise \u00e0 jour logicielle, nous fournissons une analyse approfondie et des informations sur les derni\u00e8res technologies. Cela vous permet de prendre des d\u00e9cisions \u00e9clair\u00e9es lors du choix de vos appareils et services.<\/p>\n\n\n\n<p>Applications : Les applications sont un \u00e9l\u00e9ment fondamental de nos appareils mobiles et de la fa\u00e7on dont nous interagissons avec la technologie. Sur Shark Free App, vous trouverez des critiques d\u00e9taill\u00e9es d&#039;applications populaires, des recommandations d&#039;outils utiles et des guides sur la fa\u00e7on d&#039;utiliser efficacement les applications. Que vous soyez un utilisateur Android ou iOS, nous sommes l\u00e0 pour vous aider \u00e0 trouver les meilleures applications pour vos besoins.<\/p>\n\n\n\n<p>Jeux : Les jeux sont une forme de divertissement amusante et une industrie en constante croissance. Nous examinons les jeux sur toutes les plateformes, des consoles aux jeux mobiles. Que vous recherchiez des recommandations de jeux, des conseils de gameplay ou des informations sur les derni\u00e8res sorties, vous trouverez tout cela et plus encore sur notre site Web.<\/p>\n\n\n\n<p>Curiosit\u00e9s du quotidien : la technologie n\u2019est pas la seule chose qui rend le monde int\u00e9ressant. Notre site explore \u00e9galement une vari\u00e9t\u00e9 de curiosit\u00e9s quotidiennes allant des faits intrigants sur l&#039;univers aux conseils pratiques pour vous faciliter la vie. Nous voulons vous divertir et vous informer sur tous les aspects de la vie.<\/p>\n\n\n\n<p>Nos tutoriels\u00a0: Nos tutoriels sont au c\u0153ur de l&#039;application gratuite Shark. Chaque guide \u00e9tape par \u00e9tape est \u00e9labor\u00e9 avec soin et souci du d\u00e9tail. Ils expliquent non seulement comment faire quelque chose, mais aussi le pourquoi derri\u00e8re chaque \u00e9tape. Cela vous aide \u00e0 bien comprendre les processus et les concepts impliqu\u00e9s. De plus, nous sommes ouverts aux suggestions de tutoriels, donc si vous avez des questions ou des demandes sp\u00e9cifiques, n&#039;h\u00e9sitez pas \u00e0 nous contacter.<\/p>\n\n\n\n<p>Notre engagement envers la communaut\u00e9 : Chez Shark Free App, nous appr\u00e9cions la communaut\u00e9 de lecteurs qui nous soutiennent. Nous recherchons constamment des commentaires et des suggestions pour am\u00e9liorer notre contenu et nos services. Si vous avez des questions, des commentaires ou des id\u00e9es, nous aimerions avoir de vos nouvelles. Votre voix est importante pour nous.<\/p>\n\n\n\n<p>En bref, Shark Free App est une source fiable et informative pour tout ce qui concerne la technologie, les applications, les jeux et les curiosit\u00e9s quotidiennes. Notre mission est de vous donner les moyens d&#039;acqu\u00e9rir des connaissances et de vous aider \u00e0 tirer le meilleur parti de votre parcours technologique. Explorez notre site Web, d\u00e9couvrez nos tutoriels approfondis et restez au courant des derni\u00e8res nouvelles et tendances technologiques. Rejoignez notre communaut\u00e9 et embarquez pour ce passionnant voyage de d\u00e9couverte technologique. Nous sommes l\u00e0 pour rendre la technologie accessible \u00e0 tous.<\/p>\n\n\n\n<h2 class=\"wp-block-heading\">Avez-vous encore des questions ?<\/h2>\n\n\n\n<h2 class=\"wp-block-heading\">Voici quelques r\u00e9ponses aux questions fr\u00e9quemment pos\u00e9es.<\/h2>\n\n\n\n<p><a>Tout le contenu est-il gratuit\u00a0?<\/a><\/p>\n\n\n\n<p>Oui, et ce sera toujours le cas ! Notre mission est de fournir aux visiteurs de notre site Web un contenu gratuit et de qualit\u00e9.<\/p>\n\n\n\n<p><a>Comment contacter le site ?<\/a><\/p>\n\n\n\n<p>Vous pouvez nous contacter via notre page contact :&nbsp;<b><u><a href=\"https:\/\/sharkfreeapp.com\/fr\/contato\/\">https:\/\/sharkfreeapp.com\/contato\/<\/a><\/u><\/b><\/p>\n\n\n\n<p><a>Comment fonctionne notre travail ?<\/a><\/p>\n\n\n\n<p>Notre \u00e9quipe est compos\u00e9e de personnes qui aiment faire des recherches sur la technologie, les jeux, les curiosit\u00e9s et l&#039;actualit\u00e9 en g\u00e9n\u00e9ral. Tout le contenu disponible sur le site est gratuit et le sera toujours ! Et pour fournir ce service gratuit, notre site Web met \u00e0 disposition des espaces permettant aux annonceurs de faire la publicit\u00e9 de leurs produits.<\/p>\n\n\n\n<p><a>Le site est-il fiable ? <\/a><\/p>\n\n\n\n<p>Oui! Notre site Web dispose de toute la technologie n\u00e9cessaire \u00e0 la s\u00e9curit\u00e9 de nos utilisateurs. Bien que les informations publi\u00e9es ici soient toutes v\u00e9rifi\u00e9es avant d&#039;\u00eatre publi\u00e9es.<\/p>","protected":false},"excerpt":{"rendered":"<p>Um Pouco Sobre N\u00f3s O Shark Free App \u00e9 mais do que apenas um site informativo sobre tecnologia, aplicativos, games [&hellip;]<\/p>","protected":false},"author":97,"featured_media":0,"parent":0,"menu_order":0,"comment_status":"closed","ping_status":"closed","template":"page-nosidebar.php","meta":{"_uag_custom_page_level_css":"","site-sidebar-layout":"default","site-content-layout":"","ast-site-content-layout":"","site-content-style":"default","site-sidebar-style":"default","ast-global-header-display":"","ast-banner-title-visibility":"","ast-main-header-display":"","ast-hfb-above-header-display":"","ast-hfb-below-header-display":"","ast-hfb-mobile-header-display":"","site-post-title":"","ast-breadcrumbs-content":"","ast-featured-img":"","footer-sml-layout":"","theme-transparent-header-meta":"","adv-header-id-meta":"","stick-header-meta":"","header-above-stick-meta":"","header-main-stick-meta":"","header-below-stick-meta":"","astra-migrate-meta-layouts":"default","ast-page-background-enabled":"default","ast-page-background-meta":{"desktop":{"background-color":"var(--ast-global-color-4)","background-image":"","background-repeat":"repeat","background-position":"center center","background-size":"auto","background-attachment":"scroll","background-type":"","background-media":"","overlay-type":"","overlay-color":"","overlay-opacity":"","overlay-gradient":""},"tablet":{"background-color":"","background-image":"","background-repeat":"repeat","background-position":"center center","background-size":"auto","background-attachment":"scroll","background-type":"","background-media":"","overlay-type":"","overlay-color":"","overlay-opacity":"","overlay-gradient":""},"mobile":{"background-color":"","background-image":"","background-repeat":"repeat","background-position":"center center","background-size":"auto","background-attachment":"scroll","background-type":"","background-media":"","overlay-type":"","overlay-color":"","overlay-opacity":"","overlay-gradient":""}},"ast-content-background-meta":{"desktop":{"background-color":"var(--ast-global-color-5)","background-image":"","background-repeat":"repeat","background-position":"center center","background-size":"auto","background-attachment":"scroll","background-type":"","background-media":"","overlay-type":"","overlay-color":"","overlay-opacity":"","overlay-gradient":""},"tablet":{"background-color":"var(--ast-global-color-5)","background-image":"","background-repeat":"repeat","background-position":"center center","background-size":"auto","background-attachment":"scroll","background-type":"","background-media":"","overlay-type":"","overlay-color":"","overlay-opacity":"","overlay-gradient":""},"mobile":{"background-color":"var(--ast-global-color-5)","background-image":"","background-repeat":"repeat","background-position":"center center","background-size":"auto","background-attachment":"scroll","background-type":"","background-media":"","overlay-type":"","overlay-color":"","overlay-opacity":"","overlay-gradient":""}},"footnotes":""},"yoast_head":"<!-- This site is optimized with the Yoast SEO Premium plugin v18.7 (Yoast SEO v23.3) - https:\/\/yoast.com\/wordpress\/plugins\/seo\/ -->\n<title>Sobre N\u00f3s - Shark Free App<\/title>\n<meta name=\"robots\" content=\"index, follow, max-snippet:-1, max-image-preview:large, max-video-preview:-1\" \/>\n<link rel=\"canonical\" href=\"https:\/\/sharkfreeapp.com\/fr\/sobre-nos\/\" \/>\n<meta property=\"og:locale\" content=\"fr_FR\" \/>\n<meta property=\"og:type\" content=\"article\" \/>\n<meta property=\"og:title\" content=\"Sobre N\u00f3s\" \/>\n<meta property=\"og:description\" content=\"Um Pouco Sobre N\u00f3s O Shark Free App \u00e9 mais do que apenas um site informativo sobre tecnologia, aplicativos, games [&hellip;]\" \/>\n<meta property=\"og:url\" content=\"https:\/\/sharkfreeapp.com\/fr\/sobre-nos\/\" \/>\n<meta property=\"og:site_name\" content=\"Shark Free App\" \/>\n<meta property=\"article:modified_time\" content=\"2024-10-01T11:49:18+00:00\" \/>\n<meta name=\"twitter:card\" content=\"summary_large_image\" \/>\n<meta name=\"twitter:label1\" content=\"Est. reading time\" \/>\n\t<meta name=\"twitter:data1\" content=\"4 minutes\" \/>\n<script type=\"application\/ld+json\" class=\"yoast-schema-graph\">{\"@context\":\"https:\/\/schema.org\",\"@graph\":[{\"@type\":\"WebPage\",\"@id\":\"https:\/\/sharkfreeapp.com\/sobre-nos\/\",\"url\":\"https:\/\/sharkfreeapp.com\/sobre-nos\/\",\"name\":\"Sobre N\u00f3s - Shark Free App\",\"isPartOf\":{\"@id\":\"https:\/\/sharkfreeapp.com\/#website\"},\"datePublished\":\"2023-10-25T17:14:58+00:00\",\"dateModified\":\"2024-10-01T11:49:18+00:00\",\"breadcrumb\":{\"@id\":\"https:\/\/sharkfreeapp.com\/sobre-nos\/#breadcrumb\"},\"inLanguage\":\"fr-FR\",\"potentialAction\":[{\"@type\":\"ReadAction\",\"target\":[\"https:\/\/sharkfreeapp.com\/sobre-nos\/\"]}]},{\"@type\":\"BreadcrumbList\",\"@id\":\"https:\/\/sharkfreeapp.com\/sobre-nos\/#breadcrumb\",\"itemListElement\":[{\"@type\":\"ListItem\",\"position\":1,\"name\":\"Home\",\"item\":\"https:\/\/sharkfreeapp.com\/\"},{\"@type\":\"ListItem\",\"position\":2,\"name\":\"Sobre N\u00f3s\"}]},{\"@type\":\"WebSite\",\"@id\":\"https:\/\/sharkfreeapp.com\/#website\",\"url\":\"https:\/\/sharkfreeapp.com\/\",\"name\":\"Shark Free App\",\"description\":\"\",\"publisher\":{\"@id\":\"https:\/\/sharkfreeapp.com\/#organization\"},\"potentialAction\":[{\"@type\":\"SearchAction\",\"target\":{\"@type\":\"EntryPoint\",\"urlTemplate\":\"https:\/\/sharkfreeapp.com\/?s={search_term_string}\"},\"query-input\":\"required name=search_term_string\"}],\"inLanguage\":\"fr-FR\"},{\"@type\":\"Organization\",\"@id\":\"https:\/\/sharkfreeapp.com\/#organization\",\"name\":\"Shark Free App\",\"url\":\"https:\/\/sharkfreeapp.com\/\",\"logo\":{\"@type\":\"ImageObject\",\"inLanguage\":\"fr-FR\",\"@id\":\"https:\/\/sharkfreeapp.com\/#\/schema\/logo\/image\/\",\"url\":\"https:\/\/sharkfreeapp.com\/wp-content\/uploads\/sites\/99\/2023\/10\/cropped-Shark-Free-App-Logo_600px.png\",\"contentUrl\":\"https:\/\/sharkfreeapp.com\/wp-content\/uploads\/sites\/99\/2023\/10\/cropped-Shark-Free-App-Logo_600px.png\",\"width\":600,\"height\":208,\"caption\":\"Shark Free App\"},\"image\":{\"@id\":\"https:\/\/sharkfreeapp.com\/#\/schema\/logo\/image\/\"}}]}<\/script>\n<!-- \/ Yoast SEO Premium plugin. -->","yoast_head_json":{"title":"Sobre N\u00f3s - Shark Free App","robots":{"index":"index","follow":"follow","max-snippet":"max-snippet:-1","max-image-preview":"max-image-preview:large","max-video-preview":"max-video-preview:-1"},"canonical":"https:\/\/sharkfreeapp.com\/fr\/sobre-nos\/","og_locale":"fr_FR","og_type":"article","og_title":"Sobre N\u00f3s","og_description":"Um Pouco Sobre N\u00f3s O Shark Free App \u00e9 mais do que apenas um site informativo sobre tecnologia, aplicativos, games [&hellip;]","og_url":"https:\/\/sharkfreeapp.com\/fr\/sobre-nos\/","og_site_name":"Shark Free App","article_modified_time":"2024-10-01T11:49:18+00:00","twitter_card":"summary_large_image","twitter_misc":{"Est. reading time":"4 minutes"},"schema":{"@context":"https:\/\/schema.org","@graph":[{"@type":"WebPage","@id":"https:\/\/sharkfreeapp.com\/sobre-nos\/","url":"https:\/\/sharkfreeapp.com\/sobre-nos\/","name":"Sobre N\u00f3s - Shark Free App","isPartOf":{"@id":"https:\/\/sharkfreeapp.com\/#website"},"datePublished":"2023-10-25T17:14:58+00:00","dateModified":"2024-10-01T11:49:18+00:00","breadcrumb":{"@id":"https:\/\/sharkfreeapp.com\/sobre-nos\/#breadcrumb"},"inLanguage":"fr-FR","potentialAction":[{"@type":"ReadAction","target":["https:\/\/sharkfreeapp.com\/sobre-nos\/"]}]},{"@type":"BreadcrumbList","@id":"https:\/\/sharkfreeapp.com\/sobre-nos\/#breadcrumb","itemListElement":[{"@type":"ListItem","position":1,"name":"Home","item":"https:\/\/sharkfreeapp.com\/"},{"@type":"ListItem","position":2,"name":"Sobre N\u00f3s"}]},{"@type":"WebSite","@id":"https:\/\/sharkfreeapp.com\/#website","url":"https:\/\/sharkfreeapp.com\/","name":"Shark Free App","description":"","publisher":{"@id":"https:\/\/sharkfreeapp.com\/#organization"},"potentialAction":[{"@type":"SearchAction","target":{"@type":"EntryPoint","urlTemplate":"https:\/\/sharkfreeapp.com\/?s={search_term_string}"},"query-input":"required name=search_term_string"}],"inLanguage":"fr-FR"},{"@type":"Organization","@id":"https:\/\/sharkfreeapp.com\/#organization","name":"Shark Free App","url":"https:\/\/sharkfreeapp.com\/","logo":{"@type":"ImageObject","inLanguage":"fr-FR","@id":"https:\/\/sharkfreeapp.com\/#\/schema\/logo\/image\/","url":"https:\/\/sharkfreeapp.com\/wp-content\/uploads\/sites\/99\/2023\/10\/cropped-Shark-Free-App-Logo_600px.png","contentUrl":"https:\/\/sharkfreeapp.com\/wp-content\/uploads\/sites\/99\/2023\/10\/cropped-Shark-Free-App-Logo_600px.png","width":600,"height":208,"caption":"Shark Free App"},"image":{"@id":"https:\/\/sharkfreeapp.com\/#\/schema\/logo\/image\/"}}]}},"uagb_featured_image_src":{"full":false,"thumbnail":false,"medium":false,"medium_large":false,"large":false,"1536x1536":false,"2048x2048":false,"trp-custom-language-flag":false},"uagb_author_info":{"display_name":"pedrosantosfirefe","author_link":"https:\/\/sharkfreeapp.com\/fr\/author\/pedrosantosfirefe\/"},"uagb_comment_info":0,"uagb_excerpt":"Um Pouco Sobre N\u00f3s O Shark Free App \u00e9 mais do que apenas um site informativo sobre tecnologia, aplicativos, games [&hellip;]","_links":{"self":[{"href":"https:\/\/sharkfreeapp.com\/fr\/wp-json\/wp\/v2\/pages\/23919"}],"collection":[{"href":"https:\/\/sharkfreeapp.com\/fr\/wp-json\/wp\/v2\/pages"}],"about":[{"href":"https:\/\/sharkfreeapp.com\/fr\/wp-json\/wp\/v2\/types\/page"}],"author":[{"embeddable":true,"href":"https:\/\/sharkfreeapp.com\/fr\/wp-json\/wp\/v2\/users\/97"}],"replies":[{"embeddable":true,"href":"https:\/\/sharkfreeapp.com\/fr\/wp-json\/wp\/v2\/comments?post=23919"}],"version-history":[{"count":2,"href":"https:\/\/sharkfreeapp.com\/fr\/wp-json\/wp\/v2\/pages\/23919\/revisions"}],"predecessor-version":[{"id":29021,"href":"https:\/\/sharkfreeapp.com\/fr\/wp-json\/wp\/v2\/pages\/23919\/revisions\/29021"}],"wp:attachment":[{"href":"https:\/\/sharkfreeapp.com\/fr\/wp-json\/wp\/v2\/media?parent=23919"}],"curies":[{"name":"wp","href":"https:\/\/api.w.org\/{rel}","templated":true}]}}