{"id":8,"date":"2025-09-16T07:23:13","date_gmt":"2025-09-16T07:23:13","guid":{"rendered":"https:\/\/sharkfreeapp.com\/services\/"},"modified":"2025-09-16T07:23:21","modified_gmt":"2025-09-16T07:23:21","slug":"services","status":"publish","type":"page","link":"https:\/\/sharkfreeapp.com\/fr\/services\/","title":{"rendered":"Services"},"content":{"rendered":"<div class=\"wp-block-uagb-container uag-blocks-common-selector uagb-block-d8b2f056 alignfull uagb-is-root-container\"><div class=\"uagb-container-inner-blocks-wrap\">\n<div class=\"wp-block-uagb-advanced-heading uagb-block-6ff4f5ff\"><h1 class=\"uagb-heading-text\">Nos services<\/h1><\/div>\n\n\n\n<div class=\"wp-block-uagb-image uagb-block-c43d2685 wp-block-uagb-image--layout-default wp-block-uagb-image--effect-static wp-block-uagb-image--align-none uag-blocks-common-selector\" style=\"--z-index-desktop:undefined;;--z-index-tablet:1;;--z-index-mobile:undefined;\"><figure class=\"wp-block-uagb-image__figure\"><img decoding=\"async\" srcset=\"https:\/\/sharkfreeapp.com\/wp-content\/uploads\/sites\/99\/2021\/05\/inner-page-hero-img.jpg ,https:\/\/sharkfreeapp.com\/wp-content\/uploads\/sites\/99\/2021\/05\/inner-page-hero-img.jpg 780w, https:\/\/sharkfreeapp.com\/wp-content\/uploads\/sites\/99\/2021\/05\/inner-page-hero-img.jpg 360w\" sizes=\"(max-width: 480px) 150px\" src=\"https:\/\/sharkfreeapp.com\/wp-content\/uploads\/sites\/99\/2021\/05\/inner-page-hero-img.jpg\" alt=\"\" class=\"uag-image-135\" width=\"600\" height=\"319\" title=\"\" loading=\"lazy\" role=\"img\"\/><\/figure><\/div>\n<\/div><\/div>\n\n\n\n<div class=\"wp-block-uagb-container uag-blocks-common-selector uagb-block-a66c3ec6 alignfull uagb-is-root-container\"><div class=\"uagb-container-inner-blocks-wrap\">\n<div class=\"wp-block-uagb-advanced-heading uagb-block-c33598ae\"><h2 class=\"uagb-heading-text\">Comment pouvons-nous vous aider ?<\/h2><\/div>\n\n\n\n<div class=\"wp-block-uagb-container uagb-layout-grid uagb-block-d8cb1004 alignfull uagb-is-root-container\"><div class=\"uagb-container-inner-blocks-wrap\">\n<div class=\"wp-block-uagb-advanced-heading uagb-block-7ed9e7ca\"><h4 class=\"uagb-heading-text\">Coaching en entrepreneuriat<\/h4><\/div>\n\n\n\n<div class=\"wp-block-uagb-advanced-heading uagb-block-bfc193eb\"><p class=\"uagb-heading-text\">En tant que coachs professionnels en entrepreneuriat, nous savons trouver le juste \u00e9quilibre entre enthousiasme et r\u00e9alisme. Nous vous encourageons \u00e0 atteindre de nouveaux sommets, parfois inconfortables, mais indispensables \u00e0 la croissance et au d\u00e9veloppement de votre entreprise. Nous restons \u00e0 vos c\u00f4t\u00e9s dans les bons comme dans les mauvais moments et veillons \u00e0 ce que tous les objectifs soient ax\u00e9s sur la croissance afin que vous obteniez rapidement des r\u00e9sultats.<\/p><\/div>\n<\/div><\/div>\n\n\n\n<div class=\"wp-block-uagb-container uagb-layout-grid uagb-block-22ca80e3 alignfull uagb-is-root-container\"><div class=\"uagb-container-inner-blocks-wrap\">\n<div class=\"wp-block-uagb-advanced-heading uagb-block-3f370dc9\"><h4 class=\"uagb-heading-text\">Coaching en argent et finances<\/h4><\/div>\n\n\n\n<div class=\"wp-block-uagb-advanced-heading uagb-block-982b4080\"><p class=\"uagb-heading-text\">Nous sommes des conseillers financiers de confiance, sp\u00e9cialis\u00e9s dans l&#039;am\u00e9lioration de la situation financi\u00e8re des particuliers et des entreprises. Notre objectif principal est d&#039;aborder aussi bien les aspects financiers que la relation \u00e9motionnelle \u00e0 l&#039;argent. Nous vous aiderons \u00e9galement \u00e0 \u00e9laborer un plan d&#039;action d\u00e9taill\u00e9 pour atteindre vos objectifs financiers pr\u00e9cis et adopter l&#039;\u00e9tat d&#039;esprit et les habitudes n\u00e9cessaires \u00e0 une r\u00e9ussite financi\u00e8re durable.<\/p><\/div>\n<\/div><\/div>\n\n\n\n<div class=\"wp-block-uagb-container uagb-layout-grid uagb-block-b233ec9c alignfull uagb-is-root-container\"><div class=\"uagb-container-inner-blocks-wrap\">\n<div class=\"wp-block-uagb-advanced-heading uagb-block-d7fb928e\"><h4 class=\"uagb-heading-text\">Coaching d&#039;\u00e9quipe<\/h4><\/div>\n\n\n\n<div class=\"wp-block-uagb-advanced-heading uagb-block-1bab5a13\"><p class=\"uagb-heading-text\">En tant que coach d&#039;\u00e9quipe, nous accompagnons votre \u00e9quipe vers l&#039;atteinte de ses objectifs, qu&#039;il s&#039;agisse de mener \u00e0 bien un projet sp\u00e9cifique, de lancer une nouvelle unit\u00e9 commerciale ou d&#039;optimiser ses efforts de vente. Nous vous aidons \u00e0 identifier et \u00e0 r\u00e9soudre les obstacles \u00e0 la coh\u00e9sion d&#039;\u00e9quipe, tels que la pens\u00e9e de groupe, le micromanagement et les conflits non r\u00e9solus, afin de b\u00e2tir une \u00e9quipe plus performante pour votre organisation. Nous posons les questions qui permettent \u00e0 votre \u00e9quipe de prendre les d\u00e9cisions les plus pertinentes.<\/p><\/div>\n<\/div><\/div>\n<\/div><\/div>\n\n\n\n<div class=\"wp-block-uagb-container uagb-block-05fd2311 alignfull uagb-is-root-container\"><div class=\"uagb-container-inner-blocks-wrap\">\n<div class=\"wp-block-uagb-info-box uagb-block-5f43401b uagb-infobox__content-wrap  uagb-infobox-icon-above-title uagb-infobox-image-valign-top wp-block-uagb-info-box--has-margin\"><div class=\"uagb-infobox-margin-wrapper\"><div class=\"uagb-ifb-content\"><div class=\"uagb-ifb-title-wrap\"><h2 class=\"uagb-ifb-title\">Surmontez vos obstacles. Obtenez un coaching d&#039;affaires d\u00e8s aujourd&#039;hui\u00a0!<\/h2><\/div><div class=\"uagb-ifb-button-wrapper wp-block-button\"><a href=\"#\" class=\"uagb-infobox-cta-link wp-block-button__link\" target=\"_self\" rel=\"noopener noreferrer\" onclick=\"return false;\"><span class=\"uagb-inline-editing\">consultation de livres<\/span><\/a><\/div><\/div><\/div><\/div>\n<\/div><\/div>","protected":false},"excerpt":{"rendered":"<p>Our Services How can we help you?\u200b Entrepreneurship Coaching\u200b As professional entrepreneurship coaches we specialize in walking the line between [&hellip;]<\/p>","protected":false},"author":2,"featured_media":0,"parent":0,"menu_order":0,"comment_status":"closed","ping_status":"closed","template":"","meta":{"_uag_custom_page_level_css":"","site-sidebar-layout":"no-sidebar","site-content-layout":"plain-container","ast-site-content-layout":"normal-width-container","site-content-style":"unboxed","site-sidebar-style":"unboxed","ast-global-header-display":"","ast-banner-title-visibility":"","ast-main-header-display":"","ast-hfb-above-header-display":"","ast-hfb-below-header-display":"","ast-hfb-mobile-header-display":"","site-post-title":"disabled","ast-breadcrumbs-content":"","ast-featured-img":"","footer-sml-layout":"","theme-transparent-header-meta":"default","adv-header-id-meta":"","stick-header-meta":"","header-above-stick-meta":"","header-main-stick-meta":"","header-below-stick-meta":"","astra-migrate-meta-layouts":"set","ast-page-background-enabled":"default","ast-page-background-meta":{"desktop":{"background-color":"var(--ast-global-color-4)","background-image":"","background-repeat":"repeat","background-position":"center center","background-size":"auto","background-attachment":"scroll","background-type":"","background-media":"","overlay-type":"","overlay-color":"","overlay-opacity":"","overlay-gradient":""},"tablet":{"background-color":"","background-image":"","background-repeat":"repeat","background-position":"center center","background-size":"auto","background-attachment":"scroll","background-type":"","background-media":"","overlay-type":"","overlay-color":"","overlay-opacity":"","overlay-gradient":""},"mobile":{"background-color":"","background-image":"","background-repeat":"repeat","background-position":"center center","background-size":"auto","background-attachment":"scroll","background-type":"","background-media":"","overlay-type":"","overlay-color":"","overlay-opacity":"","overlay-gradient":""}},"ast-content-background-meta":{"desktop":{"background-color":"var(--ast-global-color-5)","background-image":"","background-repeat":"repeat","background-position":"center center","background-size":"auto","background-attachment":"scroll","background-type":"","background-media":"","overlay-type":"","overlay-color":"","overlay-opacity":"","overlay-gradient":""},"tablet":{"background-color":"var(--ast-global-color-5)","background-image":"","background-repeat":"repeat","background-position":"center center","background-size":"auto","background-attachment":"scroll","background-type":"","background-media":"","overlay-type":"","overlay-color":"","overlay-opacity":"","overlay-gradient":""},"mobile":{"background-color":"var(--ast-global-color-5)","background-image":"","background-repeat":"repeat","background-position":"center center","background-size":"auto","background-attachment":"scroll","background-type":"","background-media":"","overlay-type":"","overlay-color":"","overlay-opacity":"","overlay-gradient":""}},"footnotes":""},"yoast_head":"<!-- This site is optimized with the Yoast SEO Premium plugin v18.7 (Yoast SEO v23.3) - https:\/\/yoast.com\/wordpress\/plugins\/seo\/ -->\n<title>Services - Shark Free App<\/title>\n<meta name=\"robots\" content=\"index, follow, max-snippet:-1, max-image-preview:large, max-video-preview:-1\" \/>\n<link rel=\"canonical\" href=\"https:\/\/sharkfreeapp.com\/fr\/services\/\" \/>\n<meta property=\"og:locale\" content=\"fr_FR\" \/>\n<meta property=\"og:type\" content=\"article\" \/>\n<meta property=\"og:title\" content=\"Services\" \/>\n<meta property=\"og:description\" content=\"Our Services How can we help you?\u200b Entrepreneurship Coaching\u200b As professional entrepreneurship coaches we specialize in walking the line between [&hellip;]\" \/>\n<meta property=\"og:url\" content=\"https:\/\/sharkfreeapp.com\/fr\/services\/\" \/>\n<meta property=\"og:site_name\" content=\"Shark Free App\" \/>\n<meta property=\"article:modified_time\" content=\"2025-09-16T07:23:21+00:00\" \/>\n<meta property=\"og:image\" content=\"https:\/\/sharkfreeapp.com\/wp-content\/uploads\/sites\/99\/2021\/05\/inner-page-hero-img.jpg\" \/>\n<meta name=\"twitter:card\" content=\"summary_large_image\" \/>\n<meta name=\"twitter:label1\" content=\"Est. reading time\" \/>\n\t<meta name=\"twitter:data1\" content=\"2 minutes\" \/>\n<script type=\"application\/ld+json\" class=\"yoast-schema-graph\">{\"@context\":\"https:\/\/schema.org\",\"@graph\":[{\"@type\":\"WebPage\",\"@id\":\"https:\/\/sharkfreeapp.com\/services\/\",\"url\":\"https:\/\/sharkfreeapp.com\/services\/\",\"name\":\"Services - Shark Free App\",\"isPartOf\":{\"@id\":\"https:\/\/sharkfreeapp.com\/#website\"},\"primaryImageOfPage\":{\"@id\":\"https:\/\/sharkfreeapp.com\/services\/#primaryimage\"},\"image\":{\"@id\":\"https:\/\/sharkfreeapp.com\/services\/#primaryimage\"},\"thumbnailUrl\":\"https:\/\/sharkfreeapp.com\/wp-content\/uploads\/sites\/99\/2021\/05\/inner-page-hero-img.jpg\",\"datePublished\":\"2025-09-16T07:23:13+00:00\",\"dateModified\":\"2025-09-16T07:23:21+00:00\",\"breadcrumb\":{\"@id\":\"https:\/\/sharkfreeapp.com\/services\/#breadcrumb\"},\"inLanguage\":\"fr-FR\",\"potentialAction\":[{\"@type\":\"ReadAction\",\"target\":[\"https:\/\/sharkfreeapp.com\/services\/\"]}]},{\"@type\":\"ImageObject\",\"inLanguage\":\"fr-FR\",\"@id\":\"https:\/\/sharkfreeapp.com\/services\/#primaryimage\",\"url\":\"https:\/\/sharkfreeapp.com\/wp-content\/uploads\/sites\/99\/2021\/05\/inner-page-hero-img.jpg\",\"contentUrl\":\"https:\/\/sharkfreeapp.com\/wp-content\/uploads\/sites\/99\/2021\/05\/inner-page-hero-img.jpg\"},{\"@type\":\"BreadcrumbList\",\"@id\":\"https:\/\/sharkfreeapp.com\/services\/#breadcrumb\",\"itemListElement\":[{\"@type\":\"ListItem\",\"position\":1,\"name\":\"Home\",\"item\":\"https:\/\/sharkfreeapp.com\/\"},{\"@type\":\"ListItem\",\"position\":2,\"name\":\"Services\"}]},{\"@type\":\"WebSite\",\"@id\":\"https:\/\/sharkfreeapp.com\/#website\",\"url\":\"https:\/\/sharkfreeapp.com\/\",\"name\":\"Shark Free App\",\"description\":\"\",\"publisher\":{\"@id\":\"https:\/\/sharkfreeapp.com\/#organization\"},\"potentialAction\":[{\"@type\":\"SearchAction\",\"target\":{\"@type\":\"EntryPoint\",\"urlTemplate\":\"https:\/\/sharkfreeapp.com\/?s={search_term_string}\"},\"query-input\":\"required name=search_term_string\"}],\"inLanguage\":\"fr-FR\"},{\"@type\":\"Organization\",\"@id\":\"https:\/\/sharkfreeapp.com\/#organization\",\"name\":\"Shark Free App\",\"url\":\"https:\/\/sharkfreeapp.com\/\",\"logo\":{\"@type\":\"ImageObject\",\"inLanguage\":\"fr-FR\",\"@id\":\"https:\/\/sharkfreeapp.com\/#\/schema\/logo\/image\/\",\"url\":\"https:\/\/sharkfreeapp.com\/wp-content\/uploads\/sites\/99\/2023\/10\/cropped-Shark-Free-App-Logo_600px.png\",\"contentUrl\":\"https:\/\/sharkfreeapp.com\/wp-content\/uploads\/sites\/99\/2023\/10\/cropped-Shark-Free-App-Logo_600px.png\",\"width\":600,\"height\":208,\"caption\":\"Shark Free App\"},\"image\":{\"@id\":\"https:\/\/sharkfreeapp.com\/#\/schema\/logo\/image\/\"}}]}<\/script>\n<!-- \/ Yoast SEO Premium plugin. -->","yoast_head_json":{"title":"Services - Shark Free App","robots":{"index":"index","follow":"follow","max-snippet":"max-snippet:-1","max-image-preview":"max-image-preview:large","max-video-preview":"max-video-preview:-1"},"canonical":"https:\/\/sharkfreeapp.com\/fr\/services\/","og_locale":"fr_FR","og_type":"article","og_title":"Services","og_description":"Our Services How can we help you?\u200b Entrepreneurship Coaching\u200b As professional entrepreneurship coaches we specialize in walking the line between [&hellip;]","og_url":"https:\/\/sharkfreeapp.com\/fr\/services\/","og_site_name":"Shark Free App","article_modified_time":"2025-09-16T07:23:21+00:00","og_image":[{"url":"https:\/\/sharkfreeapp.com\/wp-content\/uploads\/sites\/99\/2021\/05\/inner-page-hero-img.jpg"}],"twitter_card":"summary_large_image","twitter_misc":{"Est. reading time":"2 minutes"},"schema":{"@context":"https:\/\/schema.org","@graph":[{"@type":"WebPage","@id":"https:\/\/sharkfreeapp.com\/services\/","url":"https:\/\/sharkfreeapp.com\/services\/","name":"Services - Shark Free App","isPartOf":{"@id":"https:\/\/sharkfreeapp.com\/#website"},"primaryImageOfPage":{"@id":"https:\/\/sharkfreeapp.com\/services\/#primaryimage"},"image":{"@id":"https:\/\/sharkfreeapp.com\/services\/#primaryimage"},"thumbnailUrl":"https:\/\/sharkfreeapp.com\/wp-content\/uploads\/sites\/99\/2021\/05\/inner-page-hero-img.jpg","datePublished":"2025-09-16T07:23:13+00:00","dateModified":"2025-09-16T07:23:21+00:00","breadcrumb":{"@id":"https:\/\/sharkfreeapp.com\/services\/#breadcrumb"},"inLanguage":"fr-FR","potentialAction":[{"@type":"ReadAction","target":["https:\/\/sharkfreeapp.com\/services\/"]}]},{"@type":"ImageObject","inLanguage":"fr-FR","@id":"https:\/\/sharkfreeapp.com\/services\/#primaryimage","url":"https:\/\/sharkfreeapp.com\/wp-content\/uploads\/sites\/99\/2021\/05\/inner-page-hero-img.jpg","contentUrl":"https:\/\/sharkfreeapp.com\/wp-content\/uploads\/sites\/99\/2021\/05\/inner-page-hero-img.jpg"},{"@type":"BreadcrumbList","@id":"https:\/\/sharkfreeapp.com\/services\/#breadcrumb","itemListElement":[{"@type":"ListItem","position":1,"name":"Home","item":"https:\/\/sharkfreeapp.com\/"},{"@type":"ListItem","position":2,"name":"Services"}]},{"@type":"WebSite","@id":"https:\/\/sharkfreeapp.com\/#website","url":"https:\/\/sharkfreeapp.com\/","name":"Shark Free App","description":"","publisher":{"@id":"https:\/\/sharkfreeapp.com\/#organization"},"potentialAction":[{"@type":"SearchAction","target":{"@type":"EntryPoint","urlTemplate":"https:\/\/sharkfreeapp.com\/?s={search_term_string}"},"query-input":"required name=search_term_string"}],"inLanguage":"fr-FR"},{"@type":"Organization","@id":"https:\/\/sharkfreeapp.com\/#organization","name":"Shark Free App","url":"https:\/\/sharkfreeapp.com\/","logo":{"@type":"ImageObject","inLanguage":"fr-FR","@id":"https:\/\/sharkfreeapp.com\/#\/schema\/logo\/image\/","url":"https:\/\/sharkfreeapp.com\/wp-content\/uploads\/sites\/99\/2023\/10\/cropped-Shark-Free-App-Logo_600px.png","contentUrl":"https:\/\/sharkfreeapp.com\/wp-content\/uploads\/sites\/99\/2023\/10\/cropped-Shark-Free-App-Logo_600px.png","width":600,"height":208,"caption":"Shark Free App"},"image":{"@id":"https:\/\/sharkfreeapp.com\/#\/schema\/logo\/image\/"}}]}},"uagb_featured_image_src":{"full":false,"thumbnail":false,"medium":false,"medium_large":false,"large":false,"1536x1536":false,"2048x2048":false,"trp-custom-language-flag":false},"uagb_author_info":{"display_name":"lcgianni","author_link":"https:\/\/sharkfreeapp.com\/fr\/author\/lcgianni\/"},"uagb_comment_info":0,"uagb_excerpt":"Our Services How can we help you?\u200b Entrepreneurship Coaching\u200b As professional entrepreneurship coaches we specialize in walking the line between [&hellip;]","_links":{"self":[{"href":"https:\/\/sharkfreeapp.com\/fr\/wp-json\/wp\/v2\/pages\/8"}],"collection":[{"href":"https:\/\/sharkfreeapp.com\/fr\/wp-json\/wp\/v2\/pages"}],"about":[{"href":"https:\/\/sharkfreeapp.com\/fr\/wp-json\/wp\/v2\/types\/page"}],"author":[{"embeddable":true,"href":"https:\/\/sharkfreeapp.com\/fr\/wp-json\/wp\/v2\/users\/2"}],"replies":[{"embeddable":true,"href":"https:\/\/sharkfreeapp.com\/fr\/wp-json\/wp\/v2\/comments?post=8"}],"version-history":[{"count":1,"href":"https:\/\/sharkfreeapp.com\/fr\/wp-json\/wp\/v2\/pages\/8\/revisions"}],"predecessor-version":[{"id":31107,"href":"https:\/\/sharkfreeapp.com\/fr\/wp-json\/wp\/v2\/pages\/8\/revisions\/31107"}],"wp:attachment":[{"href":"https:\/\/sharkfreeapp.com\/fr\/wp-json\/wp\/v2\/media?parent=8"}],"curies":[{"name":"wp","href":"https:\/\/api.w.org\/{rel}","templated":true}]}}