{"id":9709,"date":"2022-12-22T09:09:06","date_gmt":"2022-12-22T09:09:06","guid":{"rendered":"https:\/\/stwsports.com\/?page_id=9709"},"modified":"2025-04-08T14:11:37","modified_gmt":"2025-04-08T14:11:37","slug":"dmca","status":"publish","type":"page","link":"https:\/\/sharkfreeapp.com\/fr\/dmca\/","title":{"rendered":"DMCA"},"content":{"rendered":"<h3 class=\"wp-block-heading\">Politique relative \u00e0 la loi sur le droit d&#039;auteur du mill\u00e9naire num\u00e9rique<\/h3>\n\n\n\n<p>Bienvenue sur (le \u00ab Site \u00bb). Nous respectons les droits de propri\u00e9t\u00e9 intellectuelle d\u2019autrui tout comme nous attendons des autres qu\u2019ils respectent nos droits. Conform\u00e9ment au Digital Millennium Copyright Act, Titre 17, Code des \u00c9tats-Unis, Section 512(c), un titulaire de droits d&#039;auteur ou son agent peut nous soumettre un avis de retrait via notre agent DMCA r\u00e9pertori\u00e9 ci-dessous. En tant que fournisseur de services Internet, nous sommes en droit de revendiquer l&#039;immunit\u00e9 contre ces r\u00e9clamations pour violation conform\u00e9ment aux dispositions de \u00ab sph\u00e8re de s\u00e9curit\u00e9 \u00bb du DMCA. Pour nous soumettre une r\u00e9clamation pour violation de bonne foi, vous devez nous soumettre un avis contenant les informations suivantes :<\/p>\n\n\n\n<p><strong>Avis de violation \u2013 R\u00e9clamation<\/strong><\/p>\n\n\n\n<p>1. Une signature physique ou \u00e9lectronique du titulaire du droit d\u2019auteur (ou d\u2019une personne autoris\u00e9e \u00e0 agir au nom du titulaire)\u00a0;<br>2. Identification de l\u2019\u0153uvre prot\u00e9g\u00e9e par le droit d\u2019auteur qui aurait \u00e9t\u00e9 viol\u00e9e ;<br>3. Identification du mat\u00e9riel contrefaisant \u00e0 supprimer et informations raisonnablement suffisantes pour permettre au fournisseur de services de localiser le mat\u00e9riel. [Veuillez soumettre l\u2019URL de la page en question pour nous aider \u00e0 identifier l\u2019\u0153uvre pr\u00e9tendument offensante] ;<br>4. Des informations raisonnablement suffisantes pour permettre au prestataire de services de contacter la partie plaignante, y compris votre nom, votre adresse physique, votre adresse \u00e9lectronique, votre num\u00e9ro de t\u00e9l\u00e9phone et votre num\u00e9ro de fax ;<br>5. Une d\u00e9claration selon laquelle la partie plaignante croit de bonne foi que l\u2019utilisation du mat\u00e9riel n\u2019est pas autoris\u00e9e par l\u2019agent des droits d\u2019auteur\u00a0; et<br>6. Une d\u00e9claration selon laquelle les informations contenues dans la notification sont exactes et, sous peine de parjure, que la partie plaignante est autoris\u00e9e \u00e0 agir au nom du titulaire du droit d\u2019auteur.<\/p>\n\n\n\n<p>Le titre 17 USC \u00a7512(f) pr\u00e9voit des sanctions pour dommages civils, y compris les frais et les honoraires d&#039;avocat, contre toute personne qui d\u00e9forme sciemment et mat\u00e9riellement certaines informations dans une notification d&#039;infraction en vertu de 17 USC \u00a7512(c)(3).<\/p>\n\n\n\n<p>Envoyez tous les avis de retrait via notre page Contact. Veuillez envoyer par e-mail pour une attention rapide.<\/p>\n\n\n\n<p>Veuillez noter que nous pouvons partager l&#039;identit\u00e9 et les informations contenues dans toute r\u00e9clamation pour violation du droit d&#039;auteur que nous recevons avec le contrevenant pr\u00e9sum\u00e9. En soumettant une r\u00e9clamation, vous comprenez, acceptez et convenez que votre identit\u00e9 et votre r\u00e9clamation peuvent \u00eatre communiqu\u00e9es au contrevenant pr\u00e9sum\u00e9.<\/p>\n\n\n\n<p><strong>Contre-notification \u2013 Restitution du mat\u00e9riel<\/strong><\/p>\n\n\n\n<p>Si vous avez re\u00e7u un avis de suppression de contenu en raison d&#039;une r\u00e9clamation pour violation du droit d&#039;auteur, vous pouvez nous fournir une contre-notification afin que le contenu en question soit restaur\u00e9 sur le site. Ladite notification doit \u00eatre adress\u00e9e par \u00e9crit \u00e0 notre agent DMCA et doit contenir essentiellement les \u00e9l\u00e9ments suivants conform\u00e9ment \u00e0 la section 512(g)(3) du titre 17 du Code des \u00c9tats-Unis\u00a0:<\/p>\n\n\n\n<p>1. Votre signature physique ou \u00e9lectronique.<br>2. Une description du mat\u00e9riel qui a \u00e9t\u00e9 retir\u00e9 et l\u2019emplacement d\u2019origine du mat\u00e9riel avant son retrait.<br>3. Une d\u00e9claration sous peine de parjure selon laquelle vous croyez de bonne foi que le mat\u00e9riel a \u00e9t\u00e9 supprim\u00e9 ou d\u00e9sactiv\u00e9 \u00e0 la suite d&#039;une erreur ou d&#039;une identification erron\u00e9e du mat\u00e9riel \u00e0 supprimer ou \u00e0 d\u00e9sactiver.<br>4. Votre nom, votre adresse et votre num\u00e9ro de t\u00e9l\u00e9phone, ainsi qu&#039;une d\u00e9claration selon laquelle vous consentez \u00e0 la juridiction du tribunal f\u00e9d\u00e9ral de district pour le district judiciaire dans lequel l&#039;adresse est situ\u00e9e (ou si vous \u00eates en dehors des \u00c9tats-Unis, que vous consentez \u00e0 la juridiction de tout district judiciaire dans lequel le fournisseur de services peut \u00eatre trouv\u00e9), et que vous accepterez la signification d&#039;un acte de proc\u00e9dure de la part de la personne ou de la soci\u00e9t\u00e9 qui a fourni la notification d&#039;infraction initiale.<br>5. Envoyez votre contre-avis via notre page Contact. Le courrier \u00e9lectronique est fortement recommand\u00e9.<\/p>\n\n\n\n<p><strong>Politique relative aux r\u00e9cidivistes<\/strong><\/p>\n\n\n\n<p>Nous prenons tr\u00e8s au s\u00e9rieux la violation du droit d\u2019auteur. Conform\u00e9ment aux exigences de la politique relative aux r\u00e9cidivistes du Digital Millennium Copyright Act, nous maintenons une liste des avis DMCA des titulaires de droits d&#039;auteur et faisons un effort de bonne foi pour identifier les r\u00e9cidivistes. Les personnes qui enfreignent notre politique interne relative aux r\u00e9cidivistes verront leurs comptes r\u00e9sili\u00e9s.<\/p>\n\n\n\n<p><strong>Modifications<\/strong><\/p>\n\n\n\n<p>Nous nous r\u00e9servons le droit de modifier le contenu de cette page et sa politique de traitement des r\u00e9clamations DMCA \u00e0 tout moment et pour quelque raison que ce soit. Nous vous encourageons \u00e0 consulter r\u00e9guli\u00e8rement cette politique pour prendre connaissance de tout changement.<\/p>","protected":false},"excerpt":{"rendered":"<p>Digital Millennium Copyright Act Policy Welcome to (the \u201dSite\u201d).We respect the intellectual property rights of others just as we expect [&hellip;]<\/p>","protected":false},"author":127,"featured_media":0,"parent":0,"menu_order":0,"comment_status":"closed","ping_status":"closed","template":"page-nosidebar.php","meta":{"_uag_custom_page_level_css":"","site-sidebar-layout":"default","site-content-layout":"","ast-site-content-layout":"","site-content-style":"default","site-sidebar-style":"default","ast-global-header-display":"","ast-banner-title-visibility":"","ast-main-header-display":"","ast-hfb-above-header-display":"","ast-hfb-below-header-display":"","ast-hfb-mobile-header-display":"","site-post-title":"","ast-breadcrumbs-content":"","ast-featured-img":"","footer-sml-layout":"","theme-transparent-header-meta":"","adv-header-id-meta":"","stick-header-meta":"","header-above-stick-meta":"","header-main-stick-meta":"","header-below-stick-meta":"","astra-migrate-meta-layouts":"default","ast-page-background-enabled":"default","ast-page-background-meta":{"desktop":{"background-color":"var(--ast-global-color-4)","background-image":"","background-repeat":"repeat","background-position":"center center","background-size":"auto","background-attachment":"scroll","background-type":"","background-media":"","overlay-type":"","overlay-color":"","overlay-opacity":"","overlay-gradient":""},"tablet":{"background-color":"","background-image":"","background-repeat":"repeat","background-position":"center center","background-size":"auto","background-attachment":"scroll","background-type":"","background-media":"","overlay-type":"","overlay-color":"","overlay-opacity":"","overlay-gradient":""},"mobile":{"background-color":"","background-image":"","background-repeat":"repeat","background-position":"center center","background-size":"auto","background-attachment":"scroll","background-type":"","background-media":"","overlay-type":"","overlay-color":"","overlay-opacity":"","overlay-gradient":""}},"ast-content-background-meta":{"desktop":{"background-color":"var(--ast-global-color-5)","background-image":"","background-repeat":"repeat","background-position":"center center","background-size":"auto","background-attachment":"scroll","background-type":"","background-media":"","overlay-type":"","overlay-color":"","overlay-opacity":"","overlay-gradient":""},"tablet":{"background-color":"var(--ast-global-color-5)","background-image":"","background-repeat":"repeat","background-position":"center center","background-size":"auto","background-attachment":"scroll","background-type":"","background-media":"","overlay-type":"","overlay-color":"","overlay-opacity":"","overlay-gradient":""},"mobile":{"background-color":"var(--ast-global-color-5)","background-image":"","background-repeat":"repeat","background-position":"center center","background-size":"auto","background-attachment":"scroll","background-type":"","background-media":"","overlay-type":"","overlay-color":"","overlay-opacity":"","overlay-gradient":""}},"footnotes":""},"yoast_head":"<!-- This site is optimized with the Yoast SEO Premium plugin v18.7 (Yoast SEO v23.3) - https:\/\/yoast.com\/wordpress\/plugins\/seo\/ -->\n<title>DMCA - Shark Free App<\/title>\n<meta name=\"robots\" content=\"index, follow, max-snippet:-1, max-image-preview:large, max-video-preview:-1\" \/>\n<link rel=\"canonical\" href=\"https:\/\/sharkfreeapp.com\/fr\/dmca\/\" \/>\n<meta property=\"og:locale\" content=\"fr_FR\" \/>\n<meta property=\"og:type\" content=\"article\" \/>\n<meta property=\"og:title\" content=\"DMCA\" \/>\n<meta property=\"og:description\" content=\"Digital Millennium Copyright Act Policy Welcome to (the \u201dSite\u201d).We respect the intellectual property rights of others just as we expect [&hellip;]\" \/>\n<meta property=\"og:url\" content=\"https:\/\/sharkfreeapp.com\/fr\/dmca\/\" \/>\n<meta property=\"og:site_name\" content=\"Shark Free App\" \/>\n<meta property=\"article:modified_time\" content=\"2025-04-08T14:11:37+00:00\" \/>\n<meta name=\"twitter:card\" content=\"summary_large_image\" \/>\n<meta name=\"twitter:label1\" content=\"Est. reading time\" \/>\n\t<meta name=\"twitter:data1\" content=\"4 minutes\" \/>\n<script type=\"application\/ld+json\" class=\"yoast-schema-graph\">{\"@context\":\"https:\/\/schema.org\",\"@graph\":[{\"@type\":\"WebPage\",\"@id\":\"https:\/\/sharkfreeapp.com\/dmca\/\",\"url\":\"https:\/\/sharkfreeapp.com\/dmca\/\",\"name\":\"DMCA - Shark Free App\",\"isPartOf\":{\"@id\":\"https:\/\/sharkfreeapp.com\/#website\"},\"datePublished\":\"2022-12-22T09:09:06+00:00\",\"dateModified\":\"2025-04-08T14:11:37+00:00\",\"breadcrumb\":{\"@id\":\"https:\/\/sharkfreeapp.com\/dmca\/#breadcrumb\"},\"inLanguage\":\"fr-FR\",\"potentialAction\":[{\"@type\":\"ReadAction\",\"target\":[\"https:\/\/sharkfreeapp.com\/dmca\/\"]}]},{\"@type\":\"BreadcrumbList\",\"@id\":\"https:\/\/sharkfreeapp.com\/dmca\/#breadcrumb\",\"itemListElement\":[{\"@type\":\"ListItem\",\"position\":1,\"name\":\"Home\",\"item\":\"https:\/\/sharkfreeapp.com\/\"},{\"@type\":\"ListItem\",\"position\":2,\"name\":\"DMCA\"}]},{\"@type\":\"WebSite\",\"@id\":\"https:\/\/sharkfreeapp.com\/#website\",\"url\":\"https:\/\/sharkfreeapp.com\/\",\"name\":\"Shark Free App\",\"description\":\"\",\"publisher\":{\"@id\":\"https:\/\/sharkfreeapp.com\/#organization\"},\"potentialAction\":[{\"@type\":\"SearchAction\",\"target\":{\"@type\":\"EntryPoint\",\"urlTemplate\":\"https:\/\/sharkfreeapp.com\/?s={search_term_string}\"},\"query-input\":\"required name=search_term_string\"}],\"inLanguage\":\"fr-FR\"},{\"@type\":\"Organization\",\"@id\":\"https:\/\/sharkfreeapp.com\/#organization\",\"name\":\"Shark Free App\",\"url\":\"https:\/\/sharkfreeapp.com\/\",\"logo\":{\"@type\":\"ImageObject\",\"inLanguage\":\"fr-FR\",\"@id\":\"https:\/\/sharkfreeapp.com\/#\/schema\/logo\/image\/\",\"url\":\"https:\/\/sharkfreeapp.com\/wp-content\/uploads\/sites\/99\/2023\/10\/cropped-Shark-Free-App-Logo_600px.png\",\"contentUrl\":\"https:\/\/sharkfreeapp.com\/wp-content\/uploads\/sites\/99\/2023\/10\/cropped-Shark-Free-App-Logo_600px.png\",\"width\":600,\"height\":208,\"caption\":\"Shark Free App\"},\"image\":{\"@id\":\"https:\/\/sharkfreeapp.com\/#\/schema\/logo\/image\/\"}}]}<\/script>\n<!-- \/ Yoast SEO Premium plugin. -->","yoast_head_json":{"title":"DMCA - Shark Free App","robots":{"index":"index","follow":"follow","max-snippet":"max-snippet:-1","max-image-preview":"max-image-preview:large","max-video-preview":"max-video-preview:-1"},"canonical":"https:\/\/sharkfreeapp.com\/fr\/dmca\/","og_locale":"fr_FR","og_type":"article","og_title":"DMCA","og_description":"Digital Millennium Copyright Act Policy Welcome to (the \u201dSite\u201d).We respect the intellectual property rights of others just as we expect [&hellip;]","og_url":"https:\/\/sharkfreeapp.com\/fr\/dmca\/","og_site_name":"Shark Free App","article_modified_time":"2025-04-08T14:11:37+00:00","twitter_card":"summary_large_image","twitter_misc":{"Est. reading time":"4 minutes"},"schema":{"@context":"https:\/\/schema.org","@graph":[{"@type":"WebPage","@id":"https:\/\/sharkfreeapp.com\/dmca\/","url":"https:\/\/sharkfreeapp.com\/dmca\/","name":"DMCA - Shark Free App","isPartOf":{"@id":"https:\/\/sharkfreeapp.com\/#website"},"datePublished":"2022-12-22T09:09:06+00:00","dateModified":"2025-04-08T14:11:37+00:00","breadcrumb":{"@id":"https:\/\/sharkfreeapp.com\/dmca\/#breadcrumb"},"inLanguage":"fr-FR","potentialAction":[{"@type":"ReadAction","target":["https:\/\/sharkfreeapp.com\/dmca\/"]}]},{"@type":"BreadcrumbList","@id":"https:\/\/sharkfreeapp.com\/dmca\/#breadcrumb","itemListElement":[{"@type":"ListItem","position":1,"name":"Home","item":"https:\/\/sharkfreeapp.com\/"},{"@type":"ListItem","position":2,"name":"DMCA"}]},{"@type":"WebSite","@id":"https:\/\/sharkfreeapp.com\/#website","url":"https:\/\/sharkfreeapp.com\/","name":"Shark Free App","description":"","publisher":{"@id":"https:\/\/sharkfreeapp.com\/#organization"},"potentialAction":[{"@type":"SearchAction","target":{"@type":"EntryPoint","urlTemplate":"https:\/\/sharkfreeapp.com\/?s={search_term_string}"},"query-input":"required name=search_term_string"}],"inLanguage":"fr-FR"},{"@type":"Organization","@id":"https:\/\/sharkfreeapp.com\/#organization","name":"Shark Free App","url":"https:\/\/sharkfreeapp.com\/","logo":{"@type":"ImageObject","inLanguage":"fr-FR","@id":"https:\/\/sharkfreeapp.com\/#\/schema\/logo\/image\/","url":"https:\/\/sharkfreeapp.com\/wp-content\/uploads\/sites\/99\/2023\/10\/cropped-Shark-Free-App-Logo_600px.png","contentUrl":"https:\/\/sharkfreeapp.com\/wp-content\/uploads\/sites\/99\/2023\/10\/cropped-Shark-Free-App-Logo_600px.png","width":600,"height":208,"caption":"Shark Free App"},"image":{"@id":"https:\/\/sharkfreeapp.com\/#\/schema\/logo\/image\/"}}]}},"uagb_featured_image_src":{"full":false,"thumbnail":false,"medium":false,"medium_large":false,"large":false,"1536x1536":false,"2048x2048":false,"trp-custom-language-flag":false},"uagb_author_info":{"display_name":"tais","author_link":"https:\/\/sharkfreeapp.com\/fr\/author\/tais\/"},"uagb_comment_info":0,"uagb_excerpt":"Digital Millennium Copyright Act Policy Welcome to (the \u201dSite\u201d).We respect the intellectual property rights of others just as we expect [&hellip;]","_links":{"self":[{"href":"https:\/\/sharkfreeapp.com\/fr\/wp-json\/wp\/v2\/pages\/9709"}],"collection":[{"href":"https:\/\/sharkfreeapp.com\/fr\/wp-json\/wp\/v2\/pages"}],"about":[{"href":"https:\/\/sharkfreeapp.com\/fr\/wp-json\/wp\/v2\/types\/page"}],"author":[{"embeddable":true,"href":"https:\/\/sharkfreeapp.com\/fr\/wp-json\/wp\/v2\/users\/127"}],"replies":[{"embeddable":true,"href":"https:\/\/sharkfreeapp.com\/fr\/wp-json\/wp\/v2\/comments?post=9709"}],"version-history":[{"count":1,"href":"https:\/\/sharkfreeapp.com\/fr\/wp-json\/wp\/v2\/pages\/9709\/revisions"}],"predecessor-version":[{"id":30682,"href":"https:\/\/sharkfreeapp.com\/fr\/wp-json\/wp\/v2\/pages\/9709\/revisions\/30682"}],"wp:attachment":[{"href":"https:\/\/sharkfreeapp.com\/fr\/wp-json\/wp\/v2\/media?parent=9709"}],"curies":[{"name":"wp","href":"https:\/\/api.w.org\/{rel}","templated":true}]}}