{"id":22336,"date":"2021-10-11T04:05:47","date_gmt":"2021-10-11T07:05:47","guid":{"rendered":"https:\/\/stwsports.com\/?page_id=2145"},"modified":"2024-10-01T11:52:49","modified_gmt":"2024-10-01T11:52:49","slug":"termos-de-uso","status":"publish","type":"page","link":"https:\/\/sharkfreeapp.com\/hr\/termos-de-uso\/","title":{"rendered":"Uvjeti kori\u0161tenja"},"content":{"rendered":"<p>1. Uvjeti Pristupom web stranici SharkFreeApp pristajete na po\u0161tivanje ovih uvjeta pru\u017eanja usluge, svih va\u017ee\u0107ih zakona i propisa te pristajete da ste odgovorni za po\u0161tivanje svih va\u017ee\u0107ih lokalnih zakona. Ako se ne sla\u017eete s bilo kojim od ovih uvjeta, zabranjeno vam je kori\u0161tenje ili pristup ovoj stranici. Materijali sadr\u017eani na ovoj web stranici za\u0161ti\u0107eni su va\u017ee\u0107im zakonima o autorskim pravima i za\u0161titnim znakovima.<\/p>\n\n\n\n<p>2. Licenca za kori\u0161tenje Dozvoljeno je privremeno preuzimanje jedne kopije materijala (informacija ili softvera) na web stranici SharkFreeApp-a isklju\u010divo za osobno, nekomercijalno i privremeno pregledavanje. Ovo je dodjela licence, a ne prijenos vlasni\u0161tva, i prema ovoj licenci ne smijete: mijenjati ili kopirati materijale; koristiti materijale u bilo koju komercijalnu svrhu ili za bilo kakvo javno prikazivanje (komercijalno ili nekomercijalno); poku\u0161avati dekompilirati ili obrnutim in\u017eenjeringom rekonstruirati bilo koji softver sadr\u017ean na web stranici SharkFreeApp-a; uklanjati bilo kakve oznake autorskih prava ili druge vlasni\u010dke oznake s materijala; ili prenositi materijale drugoj osobi ili &quot;zrcaliti&quot; materijale na bilo kojem drugom poslu\u017eitelju. Ova licenca automatski prestaje ako prekr\u0161ite bilo koje od ovih ograni\u010denja i SharkFreeApp je mo\u017ee raskinuti u bilo kojem trenutku. Nakon prestanka pregledavanja ovih materijala ili nakon prestanka ove licence, morate uni\u0161titi sve preuzete materijale u svom posjedu, bilo u elektroni\u010dkom ili tiskanom obliku.<\/p>\n\n\n\n<p>3. Odricanje od odgovornosti Materijali na web stranici SharkFreeApp-a pru\u017eaju se &quot;kakvi jesu&quot;. SharkFreeApp ne daje nikakva jamstva, izri\u010dita ili implicitna, te se ovime odri\u010de i negira sva druga jamstva, uklju\u010duju\u0107i, bez ograni\u010denja, implicitna jamstva ili uvjete prodajnosti, prikladnosti za odre\u0111enu svrhu ili nekr\u0161enja intelektualnog vlasni\u0161tva ili drugog kr\u0161enja prava. Nadalje, SharkFreeApp ne jam\u010di niti daje nikakve izjave u vezi s to\u010dno\u0161\u0107u, vjerojatnim rezultatima ili pouzdano\u0161\u0107u kori\u0161tenja materijala na svojoj web stranici ili na drugi na\u010din u vezi s takvim materijalima ili na bilo kojim stranicama povezanim s ovom stranicom.<\/p>\n\n\n\n<p>4. Ograni\u010denja Ni u kojem slu\u010daju SharkFreeApp ili njegovi dobavlja\u010di ne\u0107e biti odgovorni za bilo kakvu \u0161tetu (uklju\u010duju\u0107i, bez ograni\u010denja, \u0161tetu zbog gubitka podataka ili dobiti ili zbog prekida poslovanja) koja proizlazi iz kori\u0161tenja ili nemogu\u0107nosti kori\u0161tenja materijala na web stranici SharkFreeApp-a, \u010dak i ako je SharkFreeApp ili ovla\u0161teni predstavnik SharkFreeApp-a usmeno ili pismeno obavije\u0161ten o mogu\u0107nosti takve \u0161tete. Budu\u0107i da neke jurisdikcije ne dopu\u0161taju ograni\u010denja implicitnih jamstava ili ograni\u010denja odgovornosti za posljedi\u010dnu ili slu\u010dajnu \u0161tetu, ta se ograni\u010denja mo\u017eda ne\u0107e odnositi na vas.<\/p>\n\n\n\n<p>5. To\u010dnost materijala Materijali prikazani na web stranici SharkFreeApp mogu sadr\u017eavati tehni\u010dke, tipografske ili fotografske pogre\u0161ke. SharkFreeApp ne jam\u010di da je bilo koji materijal na njegovoj web stranici to\u010dan, potpun ili a\u017euran. SharkFreeApp mo\u017ee u bilo kojem trenutku bez prethodne najave izvr\u0161iti promjene u materijalima sadr\u017eanim na svojoj web stranici. Me\u0111utim, SharkFreeApp se ne obvezuje a\u017eurirati materijale.<\/p>\n\n\n\n<p>6. Poveznice SharkFreeApp nije pregledao sve stranice povezane s njegovom web stranicom i nije odgovoran za sadr\u017eaj bilo koje takve povezane stranice. Uklju\u010divanje bilo koje poveznice ne podrazumijeva odobravanje stranice od strane SharkFreeApp-a. Kori\u0161tenje bilo koje takve povezane web stranice je na vlastiti rizik korisnika. Izmjene SharkFreeApp mo\u017ee revidirati ove uvjete pru\u017eanja usluge za svoju web stranicu u bilo kojem trenutku bez prethodne najave. Kori\u0161tenjem ove web stranice pristajete na tada\u0161nju va\u017ee\u0107u verziju ovih uvjeta pru\u017eanja usluge.<span style=\"font-size: revert;color: initial;font-family: inherit\">Mjerodavno pravo Ovi uvjeti i odredbe ure\u0111eni su i tuma\u010de se u skladu sa zakonima SharkFreeApp-a te se neopozivo podvrgavate isklju\u010divoj nadle\u017enosti sudova u toj dr\u017eavi ili lokaciji.<\/span><\/p>","protected":false},"excerpt":{"rendered":"<p>1. Termos Ao acessar ao site SharkFreeApp, concorda em cumprir estes termos de servi\u00e7o, todas as leis e regulamentos aplic\u00e1veis [&hellip;]<\/p>","protected":false},"author":97,"featured_media":0,"parent":0,"menu_order":0,"comment_status":"closed","ping_status":"closed","template":"page-nosidebar.php","meta":{"_uag_custom_page_level_css":"","site-sidebar-layout":"default","site-content-layout":"","ast-site-content-layout":"","site-content-style":"default","site-sidebar-style":"default","ast-global-header-display":"","ast-banner-title-visibility":"","ast-main-header-display":"","ast-hfb-above-header-display":"","ast-hfb-below-header-display":"","ast-hfb-mobile-header-display":"","site-post-title":"","ast-breadcrumbs-content":"","ast-featured-img":"","footer-sml-layout":"","theme-transparent-header-meta":"","adv-header-id-meta":"","stick-header-meta":"","header-above-stick-meta":"","header-main-stick-meta":"","header-below-stick-meta":"","astra-migrate-meta-layouts":"default","ast-page-background-enabled":"default","ast-page-background-meta":{"desktop":{"background-color":"var(--ast-global-color-4)","background-image":"","background-repeat":"repeat","background-position":"center center","background-size":"auto","background-attachment":"scroll","background-type":"","background-media":"","overlay-type":"","overlay-color":"","overlay-opacity":"","overlay-gradient":""},"tablet":{"background-color":"","background-image":"","background-repeat":"repeat","background-position":"center center","background-size":"auto","background-attachment":"scroll","background-type":"","background-media":"","overlay-type":"","overlay-color":"","overlay-opacity":"","overlay-gradient":""},"mobile":{"background-color":"","background-image":"","background-repeat":"repeat","background-position":"center center","background-size":"auto","background-attachment":"scroll","background-type":"","background-media":"","overlay-type":"","overlay-color":"","overlay-opacity":"","overlay-gradient":""}},"ast-content-background-meta":{"desktop":{"background-color":"var(--ast-global-color-5)","background-image":"","background-repeat":"repeat","background-position":"center center","background-size":"auto","background-attachment":"scroll","background-type":"","background-media":"","overlay-type":"","overlay-color":"","overlay-opacity":"","overlay-gradient":""},"tablet":{"background-color":"var(--ast-global-color-5)","background-image":"","background-repeat":"repeat","background-position":"center center","background-size":"auto","background-attachment":"scroll","background-type":"","background-media":"","overlay-type":"","overlay-color":"","overlay-opacity":"","overlay-gradient":""},"mobile":{"background-color":"var(--ast-global-color-5)","background-image":"","background-repeat":"repeat","background-position":"center center","background-size":"auto","background-attachment":"scroll","background-type":"","background-media":"","overlay-type":"","overlay-color":"","overlay-opacity":"","overlay-gradient":""}},"footnotes":""},"yoast_head":"<!-- This site is optimized with the Yoast SEO Premium plugin v18.7 (Yoast SEO v23.3) - https:\/\/yoast.com\/wordpress\/plugins\/seo\/ -->\n<title>Termos de Uso - Shark Free App<\/title>\n<meta name=\"robots\" content=\"index, follow, max-snippet:-1, max-image-preview:large, max-video-preview:-1\" \/>\n<link rel=\"canonical\" href=\"https:\/\/sharkfreeapp.com\/hr\/termos-de-uso\/\" \/>\n<meta property=\"og:locale\" content=\"hr_HR\" \/>\n<meta property=\"og:type\" content=\"article\" \/>\n<meta property=\"og:title\" content=\"Termos de Uso\" \/>\n<meta property=\"og:description\" content=\"1. Termos Ao acessar ao site SharkFreeApp, concorda em cumprir estes termos de servi\u00e7o, todas as leis e regulamentos aplic\u00e1veis [&hellip;]\" \/>\n<meta property=\"og:url\" content=\"https:\/\/sharkfreeapp.com\/hr\/termos-de-uso\/\" \/>\n<meta property=\"og:site_name\" content=\"Shark Free App\" \/>\n<meta property=\"article:modified_time\" content=\"2024-10-01T11:52:49+00:00\" \/>\n<meta name=\"twitter:card\" content=\"summary_large_image\" \/>\n<meta name=\"twitter:label1\" content=\"Est. reading time\" \/>\n\t<meta name=\"twitter:data1\" content=\"3 minute\" \/>\n<script type=\"application\/ld+json\" class=\"yoast-schema-graph\">{\"@context\":\"https:\/\/schema.org\",\"@graph\":[{\"@type\":\"WebPage\",\"@id\":\"https:\/\/sharkfreeapp.com\/termos-de-uso\/\",\"url\":\"https:\/\/sharkfreeapp.com\/termos-de-uso\/\",\"name\":\"Termos de Uso - Shark Free App\",\"isPartOf\":{\"@id\":\"https:\/\/sharkfreeapp.com\/#website\"},\"datePublished\":\"2021-10-11T07:05:47+00:00\",\"dateModified\":\"2024-10-01T11:52:49+00:00\",\"breadcrumb\":{\"@id\":\"https:\/\/sharkfreeapp.com\/termos-de-uso\/#breadcrumb\"},\"inLanguage\":\"hr\",\"potentialAction\":[{\"@type\":\"ReadAction\",\"target\":[\"https:\/\/sharkfreeapp.com\/termos-de-uso\/\"]}]},{\"@type\":\"BreadcrumbList\",\"@id\":\"https:\/\/sharkfreeapp.com\/termos-de-uso\/#breadcrumb\",\"itemListElement\":[{\"@type\":\"ListItem\",\"position\":1,\"name\":\"Home\",\"item\":\"https:\/\/sharkfreeapp.com\/\"},{\"@type\":\"ListItem\",\"position\":2,\"name\":\"Termos de Uso\"}]},{\"@type\":\"WebSite\",\"@id\":\"https:\/\/sharkfreeapp.com\/#website\",\"url\":\"https:\/\/sharkfreeapp.com\/\",\"name\":\"Shark Free App\",\"description\":\"\",\"publisher\":{\"@id\":\"https:\/\/sharkfreeapp.com\/#organization\"},\"potentialAction\":[{\"@type\":\"SearchAction\",\"target\":{\"@type\":\"EntryPoint\",\"urlTemplate\":\"https:\/\/sharkfreeapp.com\/?s={search_term_string}\"},\"query-input\":\"required name=search_term_string\"}],\"inLanguage\":\"hr\"},{\"@type\":\"Organization\",\"@id\":\"https:\/\/sharkfreeapp.com\/#organization\",\"name\":\"Shark Free App\",\"url\":\"https:\/\/sharkfreeapp.com\/\",\"logo\":{\"@type\":\"ImageObject\",\"inLanguage\":\"hr\",\"@id\":\"https:\/\/sharkfreeapp.com\/#\/schema\/logo\/image\/\",\"url\":\"https:\/\/sharkfreeapp.com\/wp-content\/uploads\/sites\/99\/2023\/10\/cropped-Shark-Free-App-Logo_600px.png\",\"contentUrl\":\"https:\/\/sharkfreeapp.com\/wp-content\/uploads\/sites\/99\/2023\/10\/cropped-Shark-Free-App-Logo_600px.png\",\"width\":600,\"height\":208,\"caption\":\"Shark Free App\"},\"image\":{\"@id\":\"https:\/\/sharkfreeapp.com\/#\/schema\/logo\/image\/\"}}]}<\/script>\n<!-- \/ Yoast SEO Premium plugin. -->","yoast_head_json":{"title":"Termos de Uso - Shark Free App","robots":{"index":"index","follow":"follow","max-snippet":"max-snippet:-1","max-image-preview":"max-image-preview:large","max-video-preview":"max-video-preview:-1"},"canonical":"https:\/\/sharkfreeapp.com\/hr\/termos-de-uso\/","og_locale":"hr_HR","og_type":"article","og_title":"Termos de Uso","og_description":"1. Termos Ao acessar ao site SharkFreeApp, concorda em cumprir estes termos de servi\u00e7o, todas as leis e regulamentos aplic\u00e1veis [&hellip;]","og_url":"https:\/\/sharkfreeapp.com\/hr\/termos-de-uso\/","og_site_name":"Shark Free App","article_modified_time":"2024-10-01T11:52:49+00:00","twitter_card":"summary_large_image","twitter_misc":{"Est. reading time":"3 minute"},"schema":{"@context":"https:\/\/schema.org","@graph":[{"@type":"WebPage","@id":"https:\/\/sharkfreeapp.com\/termos-de-uso\/","url":"https:\/\/sharkfreeapp.com\/termos-de-uso\/","name":"Termos de Uso - Shark Free App","isPartOf":{"@id":"https:\/\/sharkfreeapp.com\/#website"},"datePublished":"2021-10-11T07:05:47+00:00","dateModified":"2024-10-01T11:52:49+00:00","breadcrumb":{"@id":"https:\/\/sharkfreeapp.com\/termos-de-uso\/#breadcrumb"},"inLanguage":"hr","potentialAction":[{"@type":"ReadAction","target":["https:\/\/sharkfreeapp.com\/termos-de-uso\/"]}]},{"@type":"BreadcrumbList","@id":"https:\/\/sharkfreeapp.com\/termos-de-uso\/#breadcrumb","itemListElement":[{"@type":"ListItem","position":1,"name":"Home","item":"https:\/\/sharkfreeapp.com\/"},{"@type":"ListItem","position":2,"name":"Termos de Uso"}]},{"@type":"WebSite","@id":"https:\/\/sharkfreeapp.com\/#website","url":"https:\/\/sharkfreeapp.com\/","name":"Shark Free App","description":"","publisher":{"@id":"https:\/\/sharkfreeapp.com\/#organization"},"potentialAction":[{"@type":"SearchAction","target":{"@type":"EntryPoint","urlTemplate":"https:\/\/sharkfreeapp.com\/?s={search_term_string}"},"query-input":"required name=search_term_string"}],"inLanguage":"hr"},{"@type":"Organization","@id":"https:\/\/sharkfreeapp.com\/#organization","name":"Shark Free App","url":"https:\/\/sharkfreeapp.com\/","logo":{"@type":"ImageObject","inLanguage":"hr","@id":"https:\/\/sharkfreeapp.com\/#\/schema\/logo\/image\/","url":"https:\/\/sharkfreeapp.com\/wp-content\/uploads\/sites\/99\/2023\/10\/cropped-Shark-Free-App-Logo_600px.png","contentUrl":"https:\/\/sharkfreeapp.com\/wp-content\/uploads\/sites\/99\/2023\/10\/cropped-Shark-Free-App-Logo_600px.png","width":600,"height":208,"caption":"Shark Free App"},"image":{"@id":"https:\/\/sharkfreeapp.com\/#\/schema\/logo\/image\/"}}]}},"uagb_featured_image_src":{"full":false,"thumbnail":false,"medium":false,"medium_large":false,"large":false,"1536x1536":false,"2048x2048":false,"trp-custom-language-flag":false},"uagb_author_info":{"display_name":"pedrosantosfirefe","author_link":"https:\/\/sharkfreeapp.com\/hr\/author\/pedrosantosfirefe\/"},"uagb_comment_info":0,"uagb_excerpt":"1. Termos Ao acessar ao site SharkFreeApp, concorda em cumprir estes termos de servi\u00e7o, todas as leis e regulamentos aplic\u00e1veis [&hellip;]","_links":{"self":[{"href":"https:\/\/sharkfreeapp.com\/hr\/wp-json\/wp\/v2\/pages\/22336"}],"collection":[{"href":"https:\/\/sharkfreeapp.com\/hr\/wp-json\/wp\/v2\/pages"}],"about":[{"href":"https:\/\/sharkfreeapp.com\/hr\/wp-json\/wp\/v2\/types\/page"}],"author":[{"embeddable":true,"href":"https:\/\/sharkfreeapp.com\/hr\/wp-json\/wp\/v2\/users\/97"}],"replies":[{"embeddable":true,"href":"https:\/\/sharkfreeapp.com\/hr\/wp-json\/wp\/v2\/comments?post=22336"}],"version-history":[{"count":2,"href":"https:\/\/sharkfreeapp.com\/hr\/wp-json\/wp\/v2\/pages\/22336\/revisions"}],"predecessor-version":[{"id":29026,"href":"https:\/\/sharkfreeapp.com\/hr\/wp-json\/wp\/v2\/pages\/22336\/revisions\/29026"}],"wp:attachment":[{"href":"https:\/\/sharkfreeapp.com\/hr\/wp-json\/wp\/v2\/media?parent=22336"}],"curies":[{"name":"wp","href":"https:\/\/api.w.org\/{rel}","templated":true}]}}