{"id":7,"date":"2025-09-16T07:23:12","date_gmt":"2025-09-16T07:23:12","guid":{"rendered":"https:\/\/sharkfreeapp.com\/about-us\/"},"modified":"2025-09-16T07:23:22","modified_gmt":"2025-09-16T07:23:22","slug":"about-us","status":"publish","type":"page","link":"https:\/\/sharkfreeapp.com\/hr\/about-us\/","title":{"rendered":"O nama"},"content":{"rendered":"<div class=\"wp-block-uagb-container uag-blocks-common-selector uagb-block-d8b2f056 alignfull uagb-is-root-container\"><div class=\"uagb-container-inner-blocks-wrap\">\n<div class=\"wp-block-uagb-advanced-heading uagb-block-6ff4f5ff\"><h1 class=\"uagb-heading-text\">O nama<\/h1><\/div>\n\n\n\n<div class=\"wp-block-uagb-image uagb-block-c43d2685 wp-block-uagb-image--layout-default wp-block-uagb-image--effect-static wp-block-uagb-image--align-none uag-blocks-common-selector\" style=\"--z-index-desktop:undefined;;--z-index-tablet:1;;--z-index-mobile:undefined;\"><figure class=\"wp-block-uagb-image__figure\"><img decoding=\"async\" srcset=\"https:\/\/sharkfreeapp.com\/wp-content\/uploads\/sites\/99\/2021\/05\/inner-page-hero-img.jpg ,https:\/\/sharkfreeapp.com\/wp-content\/uploads\/sites\/99\/2021\/05\/inner-page-hero-img.jpg 780w, https:\/\/sharkfreeapp.com\/wp-content\/uploads\/sites\/99\/2021\/05\/inner-page-hero-img.jpg 360w\" sizes=\"(max-width: 480px) 150px\" src=\"https:\/\/sharkfreeapp.com\/wp-content\/uploads\/sites\/99\/2021\/05\/inner-page-hero-img.jpg\" alt=\"\" class=\"uag-image-135\" width=\"600\" height=\"319\" title=\"\" loading=\"lazy\" role=\"img\"\/><\/figure><\/div>\n<\/div><\/div>\n\n\n\n<div class=\"wp-block-uagb-container uag-blocks-common-selector uagb-block-87097184 alignfull uagb-is-root-container\"><div class=\"uagb-container-inner-blocks-wrap\">\n<div class=\"wp-block-uagb-advanced-heading uagb-block-860f22fa\"><h2 class=\"uagb-heading-text\">Treniranje za prvake!<\/h2><\/div>\n\n\n\n<div class=\"wp-block-uagb-container uagb-layout-grid uagb-block-27cc4cd9 alignfull uagb-is-root-container\"><div class=\"uagb-container-inner-blocks-wrap\">\n<div class=\"wp-block-uagb-image uagb-block-e6df50da wp-block-uagb-image--layout-default wp-block-uagb-image--effect-static wp-block-uagb-image--align-none\"><figure class=\"wp-block-uagb-image__figure\"><img decoding=\"async\" srcset=\"https:\/\/sharkfreeapp.com\/wp-content\/uploads\/sites\/99\/2021\/05\/home-about-img.jpg ,https:\/\/sharkfreeapp.com\/wp-content\/uploads\/sites\/99\/2021\/05\/home-about-img.jpg 780w, https:\/\/sharkfreeapp.com\/wp-content\/uploads\/sites\/99\/2021\/05\/home-about-img.jpg 360w\" sizes=\"(max-width: 480px) 150px\" src=\"https:\/\/sharkfreeapp.com\/wp-content\/uploads\/sites\/99\/2021\/05\/home-about-img.jpg\" alt=\"\" class=\"uag-image-80\" width=\"600\" height=\"480\" title=\"\" loading=\"lazy\" role=\"img\"\/><\/figure><\/div>\n\n\n\n<div class=\"wp-block-uagb-info-box uagb-block-87689283 uagb-infobox__content-wrap  uagb-infobox-icon-above-title uagb-infobox-image-valign-top\"><div class=\"uagb-ifb-content\"><div class=\"uagb-ifb-title-wrap\"><h4 class=\"uagb-ifb-title\">Usredoto\u010dimo se na prihode, ve\u0107u dobit, produktivne timove, pobolj\u0161ane nov\u010dane tokove i jednostavno vi\u0161e mira.<\/h4><\/div><p class=\"uagb-ifb-desc\">S 10 godina iskustva u pomaganju rastu tvrtki, usavr\u0161ili smo vje\u0161tine razumijevanja poslovnih zahtjeva bez obzira na industriju kojoj slu\u017ee. Na\u0161i klijenti variraju od malih startupova do ve\u0107ih korporacija koje \u017eele podi\u0107i svoje poslovanje na vi\u0161u razinu.<br><br>Pomogli smo poduzetnicima da pokrenu posao, izgrade produktivne timove i maksimalno iskoriste dostupne resurse.<\/p><\/div><\/div>\n<\/div><\/div>\n\n\n\n<div class=\"wp-block-uagb-container uagb-layout-grid uagb-block-41452f58 alignfull uagb-is-root-container\"><div class=\"uagb-container-inner-blocks-wrap\">\n<div class=\"wp-block-uagb-advanced-heading uagb-block-b87c2a9f\"><h3 class=\"uagb-heading-text\">Misija.<\/h3><p class=\"uagb-desc-text\">Unesite jasno\u0107u u prioritete, strategije i prilike unutar tvrtki ili uloga kako biste im pomogli da postignu iznimne rezultate koje \u017eele.<\/p><\/div>\n\n\n\n<div class=\"wp-block-uagb-advanced-heading uagb-block-2e30fbf9\"><h3 class=\"uagb-heading-text\">Vizija.<\/h3><p class=\"uagb-desc-text\">Trudimo se omogu\u0107iti na\u0161im klijentima jasan smjer, fokus i postizanje uspjeha u svim podru\u010djima svog poslovanja.<\/p><\/div>\n<\/div><\/div>\n<\/div><\/div>\n\n\n\n<div class=\"wp-block-uagb-container uagb-block-2efce2cd alignfull uagb-is-root-container\"><div class=\"uagb-container-inner-blocks-wrap\">\n<div class=\"wp-block-uagb-advanced-heading uagb-block-d68d0a27\"><h2 class=\"uagb-heading-text\">Na\u0161 tim<\/h2><\/div>\n\n\n\n<div class=\"wp-block-uagb-container uagb-block-60faf64a alignfull uagb-is-root-container\"><div class=\"uagb-container-inner-blocks-wrap\">\n<div class=\"wp-block-uagb-info-box uagb-block-9f4422ce uagb-infobox__content-wrap  uagb-infobox-icon-above-title uagb-infobox-image-valign-top wp-block-uagb-info-box--has-margin\"><div class=\"uagb-infobox-margin-wrapper\"><div class=\"uagb-ifb-content\"><div class=\"uagb-ifb-image-content\"><img decoding=\"async\" src=\"https:\/\/sharkfreeapp.com\/wp-content\/uploads\/sites\/99\/2021\/05\/team-1.jpg\" alt=\"\" width=\"500\" height=\"500\" loading=\"lazy\"\/><\/div><div class=\"uagb-ifb-title-wrap\"><span class=\"uagb-ifb-title-prefix\">Martin Stommer<\/span><h6 class=\"uagb-ifb-title\">Osniva\u010d \/ Izvr\u0161ni direktor<\/h6><\/div><p class=\"uagb-ifb-desc\">Martin je etablirani poslovni trener s vi\u0161e od 12 godina iskustva. Njegov na\u010din podu\u010davanja i vo\u0111enja odra\u017eava njegovu susretljivu i prijateljsku prirodu.<\/p><\/div><\/div><\/div>\n\n\n\n<div class=\"wp-block-uagb-info-box uagb-block-c3874dab uagb-infobox__content-wrap  uagb-infobox-icon-above-title uagb-infobox-image-valign-top wp-block-uagb-info-box--has-margin\"><div class=\"uagb-infobox-margin-wrapper\"><div class=\"uagb-ifb-content\"><div class=\"uagb-ifb-image-content\"><img decoding=\"async\" src=\"https:\/\/sharkfreeapp.com\/wp-content\/uploads\/sites\/99\/2021\/05\/team-2.jpg\" alt=\"\" width=\"500\" height=\"500\" loading=\"lazy\"\/><\/div><div class=\"uagb-ifb-title-wrap\"><span class=\"uagb-ifb-title-prefix\">Barbara Cooper<\/span><h6 class=\"uagb-ifb-title\">Osniva\u010d \/ Izvr\u0161ni direktor<\/h6><\/div><p class=\"uagb-ifb-desc\">Barbara je nagra\u0111ivana trenerica koja je pomogla vi\u0161e od 25 tvrtki da pokrenu i napreduju online. Voli komunicirati i sklapati prijateljstva.<\/p><\/div><\/div><\/div>\n\n\n\n<div class=\"wp-block-uagb-info-box uagb-block-e98108b0 uagb-infobox__content-wrap  uagb-infobox-icon-above-title uagb-infobox-image-valign-top wp-block-uagb-info-box--has-margin\"><div class=\"uagb-infobox-margin-wrapper\"><div class=\"uagb-ifb-content\"><div class=\"uagb-ifb-image-content\"><img decoding=\"async\" src=\"https:\/\/sharkfreeapp.com\/wp-content\/uploads\/sites\/99\/2021\/05\/team-3-1.jpg\" alt=\"\" width=\"500\" height=\"500\" loading=\"lazy\"\/><\/div><div class=\"uagb-ifb-title-wrap\"><span class=\"uagb-ifb-title-prefix\">Jason Ester<\/span><h6 class=\"uagb-ifb-title\">Osniva\u010d \/ Izvr\u0161ni direktor<\/h6><\/div><p class=\"uagb-ifb-desc\">Diplomirao je na jednom od vode\u0107ih sveu\u010dili\u0161ta i stru\u010dnjak je za pomo\u0107 IT tvrtkama u rastu, a Jason je bio prijatelj i vodi\u010d mnogim poduzetnicima u nastajanju.<\/p><\/div><\/div><\/div>\n<\/div><\/div>\n<\/div><\/div>\n\n\n\n<div class=\"wp-block-uagb-container uagb-block-05fd2311 alignfull uagb-is-root-container\"><div class=\"uagb-container-inner-blocks-wrap\">\n<div class=\"wp-block-uagb-info-box uagb-block-5f43401b uagb-infobox__content-wrap  uagb-infobox-icon-above-title uagb-infobox-image-valign-top wp-block-uagb-info-box--has-margin\"><div class=\"uagb-infobox-margin-wrapper\"><div class=\"uagb-ifb-content\"><div class=\"uagb-ifb-title-wrap\"><h2 class=\"uagb-ifb-title\">Prevladajte svoje prepreke. Zatra\u017eite poslovni coaching ve\u0107 danas!<\/h2><\/div><div class=\"uagb-ifb-button-wrapper wp-block-button\"><a href=\"#\" class=\"uagb-infobox-cta-link wp-block-button__link\" target=\"_self\" rel=\"noopener noreferrer\" onclick=\"return false;\"><span class=\"uagb-inline-editing\">konzultacije o knjizi<\/span><\/a><\/div><\/div><\/div><\/div>\n<\/div><\/div>","protected":false},"excerpt":{"rendered":"<p>About Us Coaching for Champions!\u200b Mission. Bring clarity to the priorities, strategies and opportunities within businesses or roles to help [&hellip;]<\/p>","protected":false},"author":2,"featured_media":0,"parent":0,"menu_order":0,"comment_status":"closed","ping_status":"closed","template":"","meta":{"_uag_custom_page_level_css":"","site-sidebar-layout":"no-sidebar","site-content-layout":"plain-container","ast-site-content-layout":"normal-width-container","site-content-style":"unboxed","site-sidebar-style":"unboxed","ast-global-header-display":"","ast-banner-title-visibility":"","ast-main-header-display":"","ast-hfb-above-header-display":"","ast-hfb-below-header-display":"","ast-hfb-mobile-header-display":"","site-post-title":"disabled","ast-breadcrumbs-content":"","ast-featured-img":"","footer-sml-layout":"","theme-transparent-header-meta":"default","adv-header-id-meta":"","stick-header-meta":"","header-above-stick-meta":"","header-main-stick-meta":"","header-below-stick-meta":"","astra-migrate-meta-layouts":"set","ast-page-background-enabled":"default","ast-page-background-meta":{"desktop":{"background-color":"var(--ast-global-color-4)","background-image":"","background-repeat":"repeat","background-position":"center center","background-size":"auto","background-attachment":"scroll","background-type":"","background-media":"","overlay-type":"","overlay-color":"","overlay-opacity":"","overlay-gradient":""},"tablet":{"background-color":"","background-image":"","background-repeat":"repeat","background-position":"center center","background-size":"auto","background-attachment":"scroll","background-type":"","background-media":"","overlay-type":"","overlay-color":"","overlay-opacity":"","overlay-gradient":""},"mobile":{"background-color":"","background-image":"","background-repeat":"repeat","background-position":"center center","background-size":"auto","background-attachment":"scroll","background-type":"","background-media":"","overlay-type":"","overlay-color":"","overlay-opacity":"","overlay-gradient":""}},"ast-content-background-meta":{"desktop":{"background-color":"var(--ast-global-color-5)","background-image":"","background-repeat":"repeat","background-position":"center center","background-size":"auto","background-attachment":"scroll","background-type":"","background-media":"","overlay-type":"","overlay-color":"","overlay-opacity":"","overlay-gradient":""},"tablet":{"background-color":"var(--ast-global-color-5)","background-image":"","background-repeat":"repeat","background-position":"center center","background-size":"auto","background-attachment":"scroll","background-type":"","background-media":"","overlay-type":"","overlay-color":"","overlay-opacity":"","overlay-gradient":""},"mobile":{"background-color":"var(--ast-global-color-5)","background-image":"","background-repeat":"repeat","background-position":"center center","background-size":"auto","background-attachment":"scroll","background-type":"","background-media":"","overlay-type":"","overlay-color":"","overlay-opacity":"","overlay-gradient":""}},"footnotes":""},"yoast_head":"<!-- This site is optimized with the Yoast SEO Premium plugin v18.7 (Yoast SEO v23.3) - https:\/\/yoast.com\/wordpress\/plugins\/seo\/ -->\n<title>About Us - Shark Free App<\/title>\n<meta name=\"robots\" content=\"index, follow, max-snippet:-1, max-image-preview:large, max-video-preview:-1\" \/>\n<link rel=\"canonical\" href=\"https:\/\/sharkfreeapp.com\/hr\/about-us\/\" \/>\n<meta property=\"og:locale\" content=\"hr_HR\" \/>\n<meta property=\"og:type\" content=\"article\" \/>\n<meta property=\"og:title\" content=\"About Us\" \/>\n<meta property=\"og:description\" content=\"About Us Coaching for Champions!\u200b Mission. Bring clarity to the priorities, strategies and opportunities within businesses or roles to help [&hellip;]\" \/>\n<meta property=\"og:url\" content=\"https:\/\/sharkfreeapp.com\/hr\/about-us\/\" \/>\n<meta property=\"og:site_name\" content=\"Shark Free App\" \/>\n<meta property=\"article:modified_time\" content=\"2025-09-16T07:23:22+00:00\" \/>\n<meta property=\"og:image\" content=\"https:\/\/sharkfreeapp.com\/wp-content\/uploads\/sites\/99\/2021\/05\/inner-page-hero-img.jpg\" \/>\n<meta name=\"twitter:card\" content=\"summary_large_image\" \/>\n<meta name=\"twitter:label1\" content=\"Est. reading time\" \/>\n\t<meta name=\"twitter:data1\" content=\"2 minute\" \/>\n<script type=\"application\/ld+json\" class=\"yoast-schema-graph\">{\"@context\":\"https:\/\/schema.org\",\"@graph\":[{\"@type\":\"WebPage\",\"@id\":\"https:\/\/sharkfreeapp.com\/about-us\/\",\"url\":\"https:\/\/sharkfreeapp.com\/about-us\/\",\"name\":\"About Us - Shark Free App\",\"isPartOf\":{\"@id\":\"https:\/\/sharkfreeapp.com\/#website\"},\"primaryImageOfPage\":{\"@id\":\"https:\/\/sharkfreeapp.com\/about-us\/#primaryimage\"},\"image\":{\"@id\":\"https:\/\/sharkfreeapp.com\/about-us\/#primaryimage\"},\"thumbnailUrl\":\"https:\/\/sharkfreeapp.com\/wp-content\/uploads\/sites\/99\/2021\/05\/inner-page-hero-img.jpg\",\"datePublished\":\"2025-09-16T07:23:12+00:00\",\"dateModified\":\"2025-09-16T07:23:22+00:00\",\"breadcrumb\":{\"@id\":\"https:\/\/sharkfreeapp.com\/about-us\/#breadcrumb\"},\"inLanguage\":\"hr\",\"potentialAction\":[{\"@type\":\"ReadAction\",\"target\":[\"https:\/\/sharkfreeapp.com\/about-us\/\"]}]},{\"@type\":\"ImageObject\",\"inLanguage\":\"hr\",\"@id\":\"https:\/\/sharkfreeapp.com\/about-us\/#primaryimage\",\"url\":\"https:\/\/sharkfreeapp.com\/wp-content\/uploads\/sites\/99\/2021\/05\/inner-page-hero-img.jpg\",\"contentUrl\":\"https:\/\/sharkfreeapp.com\/wp-content\/uploads\/sites\/99\/2021\/05\/inner-page-hero-img.jpg\"},{\"@type\":\"BreadcrumbList\",\"@id\":\"https:\/\/sharkfreeapp.com\/about-us\/#breadcrumb\",\"itemListElement\":[{\"@type\":\"ListItem\",\"position\":1,\"name\":\"Home\",\"item\":\"https:\/\/sharkfreeapp.com\/\"},{\"@type\":\"ListItem\",\"position\":2,\"name\":\"About Us\"}]},{\"@type\":\"WebSite\",\"@id\":\"https:\/\/sharkfreeapp.com\/#website\",\"url\":\"https:\/\/sharkfreeapp.com\/\",\"name\":\"Shark Free App\",\"description\":\"\",\"publisher\":{\"@id\":\"https:\/\/sharkfreeapp.com\/#organization\"},\"potentialAction\":[{\"@type\":\"SearchAction\",\"target\":{\"@type\":\"EntryPoint\",\"urlTemplate\":\"https:\/\/sharkfreeapp.com\/?s={search_term_string}\"},\"query-input\":\"required name=search_term_string\"}],\"inLanguage\":\"hr\"},{\"@type\":\"Organization\",\"@id\":\"https:\/\/sharkfreeapp.com\/#organization\",\"name\":\"Shark Free App\",\"url\":\"https:\/\/sharkfreeapp.com\/\",\"logo\":{\"@type\":\"ImageObject\",\"inLanguage\":\"hr\",\"@id\":\"https:\/\/sharkfreeapp.com\/#\/schema\/logo\/image\/\",\"url\":\"https:\/\/sharkfreeapp.com\/wp-content\/uploads\/sites\/99\/2023\/10\/cropped-Shark-Free-App-Logo_600px.png\",\"contentUrl\":\"https:\/\/sharkfreeapp.com\/wp-content\/uploads\/sites\/99\/2023\/10\/cropped-Shark-Free-App-Logo_600px.png\",\"width\":600,\"height\":208,\"caption\":\"Shark Free App\"},\"image\":{\"@id\":\"https:\/\/sharkfreeapp.com\/#\/schema\/logo\/image\/\"}}]}<\/script>\n<!-- \/ Yoast SEO Premium plugin. -->","yoast_head_json":{"title":"About Us - Shark Free App","robots":{"index":"index","follow":"follow","max-snippet":"max-snippet:-1","max-image-preview":"max-image-preview:large","max-video-preview":"max-video-preview:-1"},"canonical":"https:\/\/sharkfreeapp.com\/hr\/about-us\/","og_locale":"hr_HR","og_type":"article","og_title":"About Us","og_description":"About Us Coaching for Champions!\u200b Mission. Bring clarity to the priorities, strategies and opportunities within businesses or roles to help [&hellip;]","og_url":"https:\/\/sharkfreeapp.com\/hr\/about-us\/","og_site_name":"Shark Free App","article_modified_time":"2025-09-16T07:23:22+00:00","og_image":[{"url":"https:\/\/sharkfreeapp.com\/wp-content\/uploads\/sites\/99\/2021\/05\/inner-page-hero-img.jpg"}],"twitter_card":"summary_large_image","twitter_misc":{"Est. reading time":"2 minute"},"schema":{"@context":"https:\/\/schema.org","@graph":[{"@type":"WebPage","@id":"https:\/\/sharkfreeapp.com\/about-us\/","url":"https:\/\/sharkfreeapp.com\/about-us\/","name":"About Us - Shark Free App","isPartOf":{"@id":"https:\/\/sharkfreeapp.com\/#website"},"primaryImageOfPage":{"@id":"https:\/\/sharkfreeapp.com\/about-us\/#primaryimage"},"image":{"@id":"https:\/\/sharkfreeapp.com\/about-us\/#primaryimage"},"thumbnailUrl":"https:\/\/sharkfreeapp.com\/wp-content\/uploads\/sites\/99\/2021\/05\/inner-page-hero-img.jpg","datePublished":"2025-09-16T07:23:12+00:00","dateModified":"2025-09-16T07:23:22+00:00","breadcrumb":{"@id":"https:\/\/sharkfreeapp.com\/about-us\/#breadcrumb"},"inLanguage":"hr","potentialAction":[{"@type":"ReadAction","target":["https:\/\/sharkfreeapp.com\/about-us\/"]}]},{"@type":"ImageObject","inLanguage":"hr","@id":"https:\/\/sharkfreeapp.com\/about-us\/#primaryimage","url":"https:\/\/sharkfreeapp.com\/wp-content\/uploads\/sites\/99\/2021\/05\/inner-page-hero-img.jpg","contentUrl":"https:\/\/sharkfreeapp.com\/wp-content\/uploads\/sites\/99\/2021\/05\/inner-page-hero-img.jpg"},{"@type":"BreadcrumbList","@id":"https:\/\/sharkfreeapp.com\/about-us\/#breadcrumb","itemListElement":[{"@type":"ListItem","position":1,"name":"Home","item":"https:\/\/sharkfreeapp.com\/"},{"@type":"ListItem","position":2,"name":"About Us"}]},{"@type":"WebSite","@id":"https:\/\/sharkfreeapp.com\/#website","url":"https:\/\/sharkfreeapp.com\/","name":"Shark Free App","description":"","publisher":{"@id":"https:\/\/sharkfreeapp.com\/#organization"},"potentialAction":[{"@type":"SearchAction","target":{"@type":"EntryPoint","urlTemplate":"https:\/\/sharkfreeapp.com\/?s={search_term_string}"},"query-input":"required name=search_term_string"}],"inLanguage":"hr"},{"@type":"Organization","@id":"https:\/\/sharkfreeapp.com\/#organization","name":"Shark Free App","url":"https:\/\/sharkfreeapp.com\/","logo":{"@type":"ImageObject","inLanguage":"hr","@id":"https:\/\/sharkfreeapp.com\/#\/schema\/logo\/image\/","url":"https:\/\/sharkfreeapp.com\/wp-content\/uploads\/sites\/99\/2023\/10\/cropped-Shark-Free-App-Logo_600px.png","contentUrl":"https:\/\/sharkfreeapp.com\/wp-content\/uploads\/sites\/99\/2023\/10\/cropped-Shark-Free-App-Logo_600px.png","width":600,"height":208,"caption":"Shark Free App"},"image":{"@id":"https:\/\/sharkfreeapp.com\/#\/schema\/logo\/image\/"}}]}},"uagb_featured_image_src":{"full":false,"thumbnail":false,"medium":false,"medium_large":false,"large":false,"1536x1536":false,"2048x2048":false,"trp-custom-language-flag":false},"uagb_author_info":{"display_name":"lcgianni","author_link":"https:\/\/sharkfreeapp.com\/hr\/author\/lcgianni\/"},"uagb_comment_info":0,"uagb_excerpt":"About Us Coaching for Champions!\u200b Mission. Bring clarity to the priorities, strategies and opportunities within businesses or roles to help [&hellip;]","_links":{"self":[{"href":"https:\/\/sharkfreeapp.com\/hr\/wp-json\/wp\/v2\/pages\/7"}],"collection":[{"href":"https:\/\/sharkfreeapp.com\/hr\/wp-json\/wp\/v2\/pages"}],"about":[{"href":"https:\/\/sharkfreeapp.com\/hr\/wp-json\/wp\/v2\/types\/page"}],"author":[{"embeddable":true,"href":"https:\/\/sharkfreeapp.com\/hr\/wp-json\/wp\/v2\/users\/2"}],"replies":[{"embeddable":true,"href":"https:\/\/sharkfreeapp.com\/hr\/wp-json\/wp\/v2\/comments?post=7"}],"version-history":[{"count":1,"href":"https:\/\/sharkfreeapp.com\/hr\/wp-json\/wp\/v2\/pages\/7\/revisions"}],"predecessor-version":[{"id":31108,"href":"https:\/\/sharkfreeapp.com\/hr\/wp-json\/wp\/v2\/pages\/7\/revisions\/31108"}],"wp:attachment":[{"href":"https:\/\/sharkfreeapp.com\/hr\/wp-json\/wp\/v2\/media?parent=7"}],"curies":[{"name":"wp","href":"https:\/\/api.w.org\/{rel}","templated":true}]}}