{"id":9709,"date":"2022-12-22T09:09:06","date_gmt":"2022-12-22T09:09:06","guid":{"rendered":"https:\/\/stwsports.com\/?page_id=9709"},"modified":"2025-04-08T14:11:37","modified_gmt":"2025-04-08T14:11:37","slug":"dmca","status":"publish","type":"page","link":"https:\/\/sharkfreeapp.com\/hr\/dmca\/","title":{"rendered":"DMCA"},"content":{"rendered":"<h3 class=\"wp-block-heading\">Pravila Zakona o autorskim pravima digitalnog tisu\u0107lje\u0107a<\/h3>\n\n\n\n<p>Dobrodo\u0161li na (\u201eStranicu\u201c). Po\u0161tujemo prava intelektualnog vlasni\u0161tva drugih ba\u0161 kao \u0161to o\u010dekujemo da drugi po\u0161tuju na\u0161a prava. U skladu sa Zakonom o autorskim pravima digitalnog tisu\u0107lje\u0107a (DMCA), Naslov 17, Zakonik Sjedinjenih Dr\u017eava, Odjeljak 512(c), vlasnik autorskih prava ili njegov zastupnik mogu nam podnijeti obavijest o uklanjanju putem na\u0161eg DMCA agenta navedenog u nastavku. Kao davatelj internetskih usluga, imamo pravo tra\u017eiti imunitet od navedenih zahtjeva za kr\u0161enje autorskih prava u skladu s odredbama \u201esigurne luke\u201c DMCA-a. Da biste nam podnijeli zahtjev za kr\u0161enje autorskih prava u dobroj vjeri, morate nam podnijeti obavijest koja navodi sljede\u0107e podatke:<\/p>\n\n\n\n<p><strong>Obavijest o kr\u0161enju prava \u2013 Zahtjev<\/strong><\/p>\n\n\n\n<p>1. Fizi\u010dki ili elektroni\u010dki potpis vlasnika autorskih prava (ili osobe ovla\u0161tene za djelovanje u ime vlasnika);<br>2. Identifikacija djela za\u0161ti\u0107enog autorskim pravima za koje se tvrdi da su povrije\u0111ena;<br>3. Identifikacija materijala koji kr\u0161i autorska prava i koji treba ukloniti te informacije koje su razumno dovoljne da omogu\u0107e pru\u017eatelju usluga lociranje materijala. [Molimo vas da po\u0161aljete URL doti\u010dne stranice kako biste nam pomogli u identificiranju djela koje navodno kr\u0161i autorska prava];<br>4. Informacije koje su razumno dovoljne da omogu\u0107e pru\u017eatelju usluga da kontaktira stranku koja se \u017eali, uklju\u010duju\u0107i va\u0161e ime, fizi\u010dku adresu, adresu e-po\u0161te, broj telefona i broj faksa;<br>5. Izjava da stranka koja se \u017eali u dobroj vjeri vjeruje da je kori\u0161tenje materijala neovla\u0161teno od strane zastupnika za autorska prava; i<br>6. Izjava da su informacije u obavijesti to\u010dne i, pod kaznenom odgovorno\u0161\u0107u za krivokletstvo, da je stranka koja se \u017eali ovla\u0161tena djelovati u ime vlasnika autorskih prava.<\/p>\n\n\n\n<p>\u010clanak 512(f) Naslova 17. Zakona o sudovima SAD-a (Naslov 17. USC) predvi\u0111a kazne za gra\u0111ansku od\u0161tetu, uklju\u010duju\u0107i tro\u0161kove i odvjetni\u010dke tro\u0161kove, protiv svake osobe koja svjesno i materijalno la\u017eno predstavi odre\u0111ene informacije u obavijesti o kr\u0161enju prema \u010dlanku 512(c)(3.) Zakona o sudovima SAD-a 17.<\/p>\n\n\n\n<p>Sve obavijesti o uklanjanju sadr\u017eaja \u0161aljite putem na\u0161e stranice za kontakt. Molimo vas da ih po\u0161aljete e-po\u0161tom radi br\u017eeg rje\u0161avanja.<\/p>\n\n\n\n<p>Imajte na umu da mo\u017eemo podijeliti identitet i podatke u bilo kojoj tu\u017ebi za kr\u0161enje autorskih prava koju primimo s navodnim prekr\u0161iteljem. Podno\u0161enjem tu\u017ebe prihva\u0107ate i sla\u017eete se da se va\u0161 identitet i tu\u017eba mogu priop\u0107iti navodnom prekr\u0161itelju.<\/p>\n\n\n\n<p><strong>Protuobavje\u0161tenje \u2013 Vra\u0107anje materijala<\/strong><\/p>\n\n\n\n<p>Ako ste primili obavijest o uklanjanju materijala zbog tu\u017ebe za kr\u0161enje autorskih prava, mo\u017eete nam dostaviti protuobavijest u nastojanju da se sporni materijal vrati na stranicu. Navedena obavijest mora biti dostavljena u pisanom obliku na\u0161em DMCA agentu i mora sadr\u017eavati sljede\u0107e elemente u skladu s odjeljkom 512(g)(3) Zakona o autorskim pravima SAD-a SAD-a 17:<\/p>\n\n\n\n<p>1. Va\u0161 fizi\u010dki ili elektroni\u010dki potpis.<br>2. Opis materijala koji je uklonjen i izvorna lokacija materijala prije uklanjanja.<br>3. Izjava pod kaznenom odgovorno\u0161\u0107u za krivokletstvo da u dobroj vjeri vjerujete da je materijal uklonjen ili onemogu\u0107en kao rezultat pogre\u0161ke ili pogre\u0161ne identifikacije materijala koji treba ukloniti ili onemogu\u0107iti.<br>4. Va\u0161e ime, adresa i telefonski broj te izjava da pristajete na nadle\u017enost saveznog okru\u017enog suda za sudski okrug u kojem se adresa nalazi (ili ako ste izvan Sjedinjenih Dr\u017eava, da pristajete na nadle\u017enost bilo kojeg sudskog okruga u kojem se mo\u017ee na\u0107i pru\u017eatelj usluga) te da \u0107ete prihvatiti dostavu poziva od osobe ili tvrtke koja je dostavila izvornu obavijest o kr\u0161enju.<br>5. Po\u0161aljite svoju protuobavje\u0161tenje putem na\u0161e stranice za kontakt. Preporu\u010duje se e-po\u0161ta.<\/p>\n\n\n\n<p><strong>Pravila za ponovljene prekr\u0161itelje<\/strong><\/p>\n\n\n\n<p>Kr\u0161enje autorskih prava shva\u0107amo vrlo ozbiljno. U skladu sa zahtjevima politike o ponovljenim kr\u0161enjima Zakona o autorskim pravima digitalnog tisu\u0107lje\u0107a (DMCA), vodimo popis DMCA obavijesti od nositelja autorskih prava i u dobroj vjeri nastojimo identificirati sve ponovljene prekr\u0161itelje. Oni koji prekr\u0161e na\u0161a interna pravila o ponovljenim kr\u0161enjima bit \u0107e im ukinuti ra\u010duni.<\/p>\n\n\n\n<p><strong>Izmjene<\/strong><\/p>\n\n\n\n<p>Pridr\u017eavamo pravo izmjene sadr\u017eaja ove stranice i njezinih pravila za rje\u0161avanje DMCA zahtjeva u bilo kojem trenutku iz bilo kojeg razloga. Poti\u010demo vas da \u010desto provjeravate ova pravila radi eventualnih promjena.<\/p>","protected":false},"excerpt":{"rendered":"<p>Digital Millennium Copyright Act Policy Welcome to (the \u201dSite\u201d).We respect the intellectual property rights of others just as we expect [&hellip;]<\/p>","protected":false},"author":127,"featured_media":0,"parent":0,"menu_order":0,"comment_status":"closed","ping_status":"closed","template":"page-nosidebar.php","meta":{"_uag_custom_page_level_css":"","site-sidebar-layout":"default","site-content-layout":"","ast-site-content-layout":"","site-content-style":"default","site-sidebar-style":"default","ast-global-header-display":"","ast-banner-title-visibility":"","ast-main-header-display":"","ast-hfb-above-header-display":"","ast-hfb-below-header-display":"","ast-hfb-mobile-header-display":"","site-post-title":"","ast-breadcrumbs-content":"","ast-featured-img":"","footer-sml-layout":"","theme-transparent-header-meta":"","adv-header-id-meta":"","stick-header-meta":"","header-above-stick-meta":"","header-main-stick-meta":"","header-below-stick-meta":"","astra-migrate-meta-layouts":"default","ast-page-background-enabled":"default","ast-page-background-meta":{"desktop":{"background-color":"var(--ast-global-color-4)","background-image":"","background-repeat":"repeat","background-position":"center center","background-size":"auto","background-attachment":"scroll","background-type":"","background-media":"","overlay-type":"","overlay-color":"","overlay-opacity":"","overlay-gradient":""},"tablet":{"background-color":"","background-image":"","background-repeat":"repeat","background-position":"center center","background-size":"auto","background-attachment":"scroll","background-type":"","background-media":"","overlay-type":"","overlay-color":"","overlay-opacity":"","overlay-gradient":""},"mobile":{"background-color":"","background-image":"","background-repeat":"repeat","background-position":"center center","background-size":"auto","background-attachment":"scroll","background-type":"","background-media":"","overlay-type":"","overlay-color":"","overlay-opacity":"","overlay-gradient":""}},"ast-content-background-meta":{"desktop":{"background-color":"var(--ast-global-color-5)","background-image":"","background-repeat":"repeat","background-position":"center center","background-size":"auto","background-attachment":"scroll","background-type":"","background-media":"","overlay-type":"","overlay-color":"","overlay-opacity":"","overlay-gradient":""},"tablet":{"background-color":"var(--ast-global-color-5)","background-image":"","background-repeat":"repeat","background-position":"center center","background-size":"auto","background-attachment":"scroll","background-type":"","background-media":"","overlay-type":"","overlay-color":"","overlay-opacity":"","overlay-gradient":""},"mobile":{"background-color":"var(--ast-global-color-5)","background-image":"","background-repeat":"repeat","background-position":"center center","background-size":"auto","background-attachment":"scroll","background-type":"","background-media":"","overlay-type":"","overlay-color":"","overlay-opacity":"","overlay-gradient":""}},"footnotes":""},"yoast_head":"<!-- This site is optimized with the Yoast SEO Premium plugin v18.7 (Yoast SEO v23.3) - https:\/\/yoast.com\/wordpress\/plugins\/seo\/ -->\n<title>DMCA - Shark Free App<\/title>\n<meta name=\"robots\" content=\"index, follow, max-snippet:-1, max-image-preview:large, max-video-preview:-1\" \/>\n<link rel=\"canonical\" href=\"https:\/\/sharkfreeapp.com\/hr\/dmca\/\" \/>\n<meta property=\"og:locale\" content=\"hr_HR\" \/>\n<meta property=\"og:type\" content=\"article\" \/>\n<meta property=\"og:title\" content=\"DMCA\" \/>\n<meta property=\"og:description\" content=\"Digital Millennium Copyright Act Policy Welcome to (the \u201dSite\u201d).We respect the intellectual property rights of others just as we expect [&hellip;]\" \/>\n<meta property=\"og:url\" content=\"https:\/\/sharkfreeapp.com\/hr\/dmca\/\" \/>\n<meta property=\"og:site_name\" content=\"Shark Free App\" \/>\n<meta property=\"article:modified_time\" content=\"2025-04-08T14:11:37+00:00\" \/>\n<meta name=\"twitter:card\" content=\"summary_large_image\" \/>\n<meta name=\"twitter:label1\" content=\"Est. reading time\" \/>\n\t<meta name=\"twitter:data1\" content=\"4 minute\" \/>\n<script type=\"application\/ld+json\" class=\"yoast-schema-graph\">{\"@context\":\"https:\/\/schema.org\",\"@graph\":[{\"@type\":\"WebPage\",\"@id\":\"https:\/\/sharkfreeapp.com\/dmca\/\",\"url\":\"https:\/\/sharkfreeapp.com\/dmca\/\",\"name\":\"DMCA - Shark Free App\",\"isPartOf\":{\"@id\":\"https:\/\/sharkfreeapp.com\/#website\"},\"datePublished\":\"2022-12-22T09:09:06+00:00\",\"dateModified\":\"2025-04-08T14:11:37+00:00\",\"breadcrumb\":{\"@id\":\"https:\/\/sharkfreeapp.com\/dmca\/#breadcrumb\"},\"inLanguage\":\"hr\",\"potentialAction\":[{\"@type\":\"ReadAction\",\"target\":[\"https:\/\/sharkfreeapp.com\/dmca\/\"]}]},{\"@type\":\"BreadcrumbList\",\"@id\":\"https:\/\/sharkfreeapp.com\/dmca\/#breadcrumb\",\"itemListElement\":[{\"@type\":\"ListItem\",\"position\":1,\"name\":\"Home\",\"item\":\"https:\/\/sharkfreeapp.com\/\"},{\"@type\":\"ListItem\",\"position\":2,\"name\":\"DMCA\"}]},{\"@type\":\"WebSite\",\"@id\":\"https:\/\/sharkfreeapp.com\/#website\",\"url\":\"https:\/\/sharkfreeapp.com\/\",\"name\":\"Shark Free App\",\"description\":\"\",\"publisher\":{\"@id\":\"https:\/\/sharkfreeapp.com\/#organization\"},\"potentialAction\":[{\"@type\":\"SearchAction\",\"target\":{\"@type\":\"EntryPoint\",\"urlTemplate\":\"https:\/\/sharkfreeapp.com\/?s={search_term_string}\"},\"query-input\":\"required name=search_term_string\"}],\"inLanguage\":\"hr\"},{\"@type\":\"Organization\",\"@id\":\"https:\/\/sharkfreeapp.com\/#organization\",\"name\":\"Shark Free App\",\"url\":\"https:\/\/sharkfreeapp.com\/\",\"logo\":{\"@type\":\"ImageObject\",\"inLanguage\":\"hr\",\"@id\":\"https:\/\/sharkfreeapp.com\/#\/schema\/logo\/image\/\",\"url\":\"https:\/\/sharkfreeapp.com\/wp-content\/uploads\/sites\/99\/2023\/10\/cropped-Shark-Free-App-Logo_600px.png\",\"contentUrl\":\"https:\/\/sharkfreeapp.com\/wp-content\/uploads\/sites\/99\/2023\/10\/cropped-Shark-Free-App-Logo_600px.png\",\"width\":600,\"height\":208,\"caption\":\"Shark Free App\"},\"image\":{\"@id\":\"https:\/\/sharkfreeapp.com\/#\/schema\/logo\/image\/\"}}]}<\/script>\n<!-- \/ Yoast SEO Premium plugin. -->","yoast_head_json":{"title":"DMCA - Shark Free App","robots":{"index":"index","follow":"follow","max-snippet":"max-snippet:-1","max-image-preview":"max-image-preview:large","max-video-preview":"max-video-preview:-1"},"canonical":"https:\/\/sharkfreeapp.com\/hr\/dmca\/","og_locale":"hr_HR","og_type":"article","og_title":"DMCA","og_description":"Digital Millennium Copyright Act Policy Welcome to (the \u201dSite\u201d).We respect the intellectual property rights of others just as we expect [&hellip;]","og_url":"https:\/\/sharkfreeapp.com\/hr\/dmca\/","og_site_name":"Shark Free App","article_modified_time":"2025-04-08T14:11:37+00:00","twitter_card":"summary_large_image","twitter_misc":{"Est. reading time":"4 minute"},"schema":{"@context":"https:\/\/schema.org","@graph":[{"@type":"WebPage","@id":"https:\/\/sharkfreeapp.com\/dmca\/","url":"https:\/\/sharkfreeapp.com\/dmca\/","name":"DMCA - Shark Free App","isPartOf":{"@id":"https:\/\/sharkfreeapp.com\/#website"},"datePublished":"2022-12-22T09:09:06+00:00","dateModified":"2025-04-08T14:11:37+00:00","breadcrumb":{"@id":"https:\/\/sharkfreeapp.com\/dmca\/#breadcrumb"},"inLanguage":"hr","potentialAction":[{"@type":"ReadAction","target":["https:\/\/sharkfreeapp.com\/dmca\/"]}]},{"@type":"BreadcrumbList","@id":"https:\/\/sharkfreeapp.com\/dmca\/#breadcrumb","itemListElement":[{"@type":"ListItem","position":1,"name":"Home","item":"https:\/\/sharkfreeapp.com\/"},{"@type":"ListItem","position":2,"name":"DMCA"}]},{"@type":"WebSite","@id":"https:\/\/sharkfreeapp.com\/#website","url":"https:\/\/sharkfreeapp.com\/","name":"Shark Free App","description":"","publisher":{"@id":"https:\/\/sharkfreeapp.com\/#organization"},"potentialAction":[{"@type":"SearchAction","target":{"@type":"EntryPoint","urlTemplate":"https:\/\/sharkfreeapp.com\/?s={search_term_string}"},"query-input":"required name=search_term_string"}],"inLanguage":"hr"},{"@type":"Organization","@id":"https:\/\/sharkfreeapp.com\/#organization","name":"Shark Free App","url":"https:\/\/sharkfreeapp.com\/","logo":{"@type":"ImageObject","inLanguage":"hr","@id":"https:\/\/sharkfreeapp.com\/#\/schema\/logo\/image\/","url":"https:\/\/sharkfreeapp.com\/wp-content\/uploads\/sites\/99\/2023\/10\/cropped-Shark-Free-App-Logo_600px.png","contentUrl":"https:\/\/sharkfreeapp.com\/wp-content\/uploads\/sites\/99\/2023\/10\/cropped-Shark-Free-App-Logo_600px.png","width":600,"height":208,"caption":"Shark Free App"},"image":{"@id":"https:\/\/sharkfreeapp.com\/#\/schema\/logo\/image\/"}}]}},"uagb_featured_image_src":{"full":false,"thumbnail":false,"medium":false,"medium_large":false,"large":false,"1536x1536":false,"2048x2048":false,"trp-custom-language-flag":false},"uagb_author_info":{"display_name":"tais","author_link":"https:\/\/sharkfreeapp.com\/hr\/author\/tais\/"},"uagb_comment_info":0,"uagb_excerpt":"Digital Millennium Copyright Act Policy Welcome to (the \u201dSite\u201d).We respect the intellectual property rights of others just as we expect [&hellip;]","_links":{"self":[{"href":"https:\/\/sharkfreeapp.com\/hr\/wp-json\/wp\/v2\/pages\/9709"}],"collection":[{"href":"https:\/\/sharkfreeapp.com\/hr\/wp-json\/wp\/v2\/pages"}],"about":[{"href":"https:\/\/sharkfreeapp.com\/hr\/wp-json\/wp\/v2\/types\/page"}],"author":[{"embeddable":true,"href":"https:\/\/sharkfreeapp.com\/hr\/wp-json\/wp\/v2\/users\/127"}],"replies":[{"embeddable":true,"href":"https:\/\/sharkfreeapp.com\/hr\/wp-json\/wp\/v2\/comments?post=9709"}],"version-history":[{"count":1,"href":"https:\/\/sharkfreeapp.com\/hr\/wp-json\/wp\/v2\/pages\/9709\/revisions"}],"predecessor-version":[{"id":30682,"href":"https:\/\/sharkfreeapp.com\/hr\/wp-json\/wp\/v2\/pages\/9709\/revisions\/30682"}],"wp:attachment":[{"href":"https:\/\/sharkfreeapp.com\/hr\/wp-json\/wp\/v2\/media?parent=9709"}],"curies":[{"name":"wp","href":"https:\/\/api.w.org\/{rel}","templated":true}]}}