{"id":9711,"date":"2022-12-22T09:12:02","date_gmt":"2022-12-22T09:12:02","guid":{"rendered":"https:\/\/stwsports.com\/?page_id=9711"},"modified":"2024-10-01T11:48:03","modified_gmt":"2024-10-01T11:48:03","slug":"politica-de-cookies","status":"publish","type":"page","link":"https:\/\/sharkfreeapp.com\/hr\/politica-de-cookies\/","title":{"rendered":"Pravila o kola\u010di\u0107ima"},"content":{"rendered":"<p>Posve\u0107eni smo za\u0161titi va\u0161e privatnosti na mre\u017ei. Koje podatke prikupljamo? Prikupljamo podatke od vas kada posjetite na\u0161u web stranicu. Kada po\u0161aljete podatke ili se registrirate na na\u0161oj stranici, mo\u017eda \u0107ete biti zamoljeni da unesete svoje: ime ili adresu e-po\u0161te. Me\u0111utim, na\u0161u stranicu mo\u017eete posjetiti anonimno. Za \u0161to koristimo va\u0161e podatke? Bilo koji od podataka koje prikupljamo od vas mo\u017ee se koristiti na jedan od sljede\u0107ih na\u010dina: Za pobolj\u0161anje na\u0161e stranice Za pobolj\u0161anje korisni\u010dke usluge Kako \u0161titimo va\u0161e podatke? Provodimo razne sigurnosne mjere kako bismo odr\u017eali sigurnost va\u0161ih osobnih podataka kada naru\u010dite ili unesete, po\u0161aljete ili pristupite svojim osobnim podacima. Kola\u010di\u0107i Kola\u010di\u0107i su male datoteke koje web-mjesto ili njegov davatelj usluga prenosi na tvrdi disk va\u0161eg ra\u010dunala putem va\u0161eg web preglednika (ako dopustite) koji omogu\u0107uje web-mjestima ili sustavima davatelja usluga da prepoznaju va\u0161 preglednik te zabilje\u017ee i zapamte odre\u0111ene podatke. Kola\u010di\u0107e koristimo kako bismo razumjeli i spremili va\u0161e postavke za budu\u0107e posjete. Samo ova Pravila o privatnosti na mre\u017ei Ova Pravila o privatnosti na mre\u017ei primjenjuju se samo na podatke prikupljene putem na\u0161e web stranice, a ne na podatke prikupljene izvan mre\u017ee. Promjene na\u0161ih Pravila o privatnosti Ako odlu\u010dimo promijeniti na\u0161a pravila o privatnosti, objavit \u0107emo te promjene na ovoj stranici. Ako imate bilo kakvih pitanja ili prijedloga u vezi s na\u0161im Pravilima o privatnosti, kontaktirajte nas i uskoro \u0107emo vam se javiti.<\/p>\n\n\n\n<h2 class=\"wp-block-heading\">KONTAKTNI PODACI<\/h2>\n\n\n\n<p>Adresa za dopisivanje: Rua das Acacias, Sumar\u00e9, SP, Brazil<br \/>Telefon: +55929996-5008<\/p>\n\n\n\n<p>Kontakt e-mail: contato@sharkfreeapp.com<\/p>\n\n\n\n<p>&nbsp;<\/p>","protected":false},"excerpt":{"rendered":"<p>Est\u00e1 empenhada em proteger sua privacidade on-line. Que informa\u00e7\u00f5es coletamos? Coletamos informa\u00e7\u00f5es de voc\u00ea quando visita nosso site. Ao enviar [&hellip;]<\/p>","protected":false},"author":97,"featured_media":0,"parent":0,"menu_order":0,"comment_status":"closed","ping_status":"closed","template":"page-nosidebar.php","meta":{"_uag_custom_page_level_css":"","site-sidebar-layout":"default","site-content-layout":"","ast-site-content-layout":"","site-content-style":"default","site-sidebar-style":"default","ast-global-header-display":"","ast-banner-title-visibility":"","ast-main-header-display":"","ast-hfb-above-header-display":"","ast-hfb-below-header-display":"","ast-hfb-mobile-header-display":"","site-post-title":"","ast-breadcrumbs-content":"","ast-featured-img":"","footer-sml-layout":"","theme-transparent-header-meta":"","adv-header-id-meta":"","stick-header-meta":"","header-above-stick-meta":"","header-main-stick-meta":"","header-below-stick-meta":"","astra-migrate-meta-layouts":"default","ast-page-background-enabled":"default","ast-page-background-meta":{"desktop":{"background-color":"var(--ast-global-color-4)","background-image":"","background-repeat":"repeat","background-position":"center center","background-size":"auto","background-attachment":"scroll","background-type":"","background-media":"","overlay-type":"","overlay-color":"","overlay-opacity":"","overlay-gradient":""},"tablet":{"background-color":"","background-image":"","background-repeat":"repeat","background-position":"center center","background-size":"auto","background-attachment":"scroll","background-type":"","background-media":"","overlay-type":"","overlay-color":"","overlay-opacity":"","overlay-gradient":""},"mobile":{"background-color":"","background-image":"","background-repeat":"repeat","background-position":"center center","background-size":"auto","background-attachment":"scroll","background-type":"","background-media":"","overlay-type":"","overlay-color":"","overlay-opacity":"","overlay-gradient":""}},"ast-content-background-meta":{"desktop":{"background-color":"var(--ast-global-color-5)","background-image":"","background-repeat":"repeat","background-position":"center center","background-size":"auto","background-attachment":"scroll","background-type":"","background-media":"","overlay-type":"","overlay-color":"","overlay-opacity":"","overlay-gradient":""},"tablet":{"background-color":"var(--ast-global-color-5)","background-image":"","background-repeat":"repeat","background-position":"center center","background-size":"auto","background-attachment":"scroll","background-type":"","background-media":"","overlay-type":"","overlay-color":"","overlay-opacity":"","overlay-gradient":""},"mobile":{"background-color":"var(--ast-global-color-5)","background-image":"","background-repeat":"repeat","background-position":"center center","background-size":"auto","background-attachment":"scroll","background-type":"","background-media":"","overlay-type":"","overlay-color":"","overlay-opacity":"","overlay-gradient":""}},"footnotes":""},"yoast_head":"<!-- This site is optimized with the Yoast SEO Premium plugin v18.7 (Yoast SEO v23.3) - https:\/\/yoast.com\/wordpress\/plugins\/seo\/ -->\n<title>Pol\u00edtica de Cookies - Shark Free App<\/title>\n<meta name=\"robots\" content=\"index, follow, max-snippet:-1, max-image-preview:large, max-video-preview:-1\" \/>\n<link rel=\"canonical\" href=\"https:\/\/sharkfreeapp.com\/hr\/politica-de-cookies\/\" \/>\n<meta property=\"og:locale\" content=\"hr_HR\" \/>\n<meta property=\"og:type\" content=\"article\" \/>\n<meta property=\"og:title\" content=\"Pol\u00edtica de Cookies\" \/>\n<meta property=\"og:description\" content=\"Est\u00e1 empenhada em proteger sua privacidade on-line. Que informa\u00e7\u00f5es coletamos? Coletamos informa\u00e7\u00f5es de voc\u00ea quando visita nosso site. Ao enviar [&hellip;]\" \/>\n<meta property=\"og:url\" content=\"https:\/\/sharkfreeapp.com\/hr\/politica-de-cookies\/\" \/>\n<meta property=\"og:site_name\" content=\"Shark Free App\" \/>\n<meta property=\"article:modified_time\" content=\"2024-10-01T11:48:03+00:00\" \/>\n<meta name=\"twitter:card\" content=\"summary_large_image\" \/>\n<meta name=\"twitter:label1\" content=\"Est. reading time\" \/>\n\t<meta name=\"twitter:data1\" content=\"2 minute\" \/>\n<script type=\"application\/ld+json\" class=\"yoast-schema-graph\">{\"@context\":\"https:\/\/schema.org\",\"@graph\":[{\"@type\":\"WebPage\",\"@id\":\"https:\/\/sharkfreeapp.com\/politica-de-cookies\/\",\"url\":\"https:\/\/sharkfreeapp.com\/politica-de-cookies\/\",\"name\":\"Pol\u00edtica de Cookies - Shark Free App\",\"isPartOf\":{\"@id\":\"https:\/\/sharkfreeapp.com\/#website\"},\"datePublished\":\"2022-12-22T09:12:02+00:00\",\"dateModified\":\"2024-10-01T11:48:03+00:00\",\"breadcrumb\":{\"@id\":\"https:\/\/sharkfreeapp.com\/politica-de-cookies\/#breadcrumb\"},\"inLanguage\":\"hr\",\"potentialAction\":[{\"@type\":\"ReadAction\",\"target\":[\"https:\/\/sharkfreeapp.com\/politica-de-cookies\/\"]}]},{\"@type\":\"BreadcrumbList\",\"@id\":\"https:\/\/sharkfreeapp.com\/politica-de-cookies\/#breadcrumb\",\"itemListElement\":[{\"@type\":\"ListItem\",\"position\":1,\"name\":\"Home\",\"item\":\"https:\/\/sharkfreeapp.com\/\"},{\"@type\":\"ListItem\",\"position\":2,\"name\":\"Pol\u00edtica de Cookies\"}]},{\"@type\":\"WebSite\",\"@id\":\"https:\/\/sharkfreeapp.com\/#website\",\"url\":\"https:\/\/sharkfreeapp.com\/\",\"name\":\"Shark Free App\",\"description\":\"\",\"publisher\":{\"@id\":\"https:\/\/sharkfreeapp.com\/#organization\"},\"potentialAction\":[{\"@type\":\"SearchAction\",\"target\":{\"@type\":\"EntryPoint\",\"urlTemplate\":\"https:\/\/sharkfreeapp.com\/?s={search_term_string}\"},\"query-input\":\"required name=search_term_string\"}],\"inLanguage\":\"hr\"},{\"@type\":\"Organization\",\"@id\":\"https:\/\/sharkfreeapp.com\/#organization\",\"name\":\"Shark Free App\",\"url\":\"https:\/\/sharkfreeapp.com\/\",\"logo\":{\"@type\":\"ImageObject\",\"inLanguage\":\"hr\",\"@id\":\"https:\/\/sharkfreeapp.com\/#\/schema\/logo\/image\/\",\"url\":\"https:\/\/sharkfreeapp.com\/wp-content\/uploads\/sites\/99\/2023\/10\/cropped-Shark-Free-App-Logo_600px.png\",\"contentUrl\":\"https:\/\/sharkfreeapp.com\/wp-content\/uploads\/sites\/99\/2023\/10\/cropped-Shark-Free-App-Logo_600px.png\",\"width\":600,\"height\":208,\"caption\":\"Shark Free App\"},\"image\":{\"@id\":\"https:\/\/sharkfreeapp.com\/#\/schema\/logo\/image\/\"}}]}<\/script>\n<!-- \/ Yoast SEO Premium plugin. -->","yoast_head_json":{"title":"Pol\u00edtica de Cookies - Shark Free App","robots":{"index":"index","follow":"follow","max-snippet":"max-snippet:-1","max-image-preview":"max-image-preview:large","max-video-preview":"max-video-preview:-1"},"canonical":"https:\/\/sharkfreeapp.com\/hr\/politica-de-cookies\/","og_locale":"hr_HR","og_type":"article","og_title":"Pol\u00edtica de Cookies","og_description":"Est\u00e1 empenhada em proteger sua privacidade on-line. Que informa\u00e7\u00f5es coletamos? Coletamos informa\u00e7\u00f5es de voc\u00ea quando visita nosso site. Ao enviar [&hellip;]","og_url":"https:\/\/sharkfreeapp.com\/hr\/politica-de-cookies\/","og_site_name":"Shark Free App","article_modified_time":"2024-10-01T11:48:03+00:00","twitter_card":"summary_large_image","twitter_misc":{"Est. reading time":"2 minute"},"schema":{"@context":"https:\/\/schema.org","@graph":[{"@type":"WebPage","@id":"https:\/\/sharkfreeapp.com\/politica-de-cookies\/","url":"https:\/\/sharkfreeapp.com\/politica-de-cookies\/","name":"Pol\u00edtica de Cookies - Shark Free App","isPartOf":{"@id":"https:\/\/sharkfreeapp.com\/#website"},"datePublished":"2022-12-22T09:12:02+00:00","dateModified":"2024-10-01T11:48:03+00:00","breadcrumb":{"@id":"https:\/\/sharkfreeapp.com\/politica-de-cookies\/#breadcrumb"},"inLanguage":"hr","potentialAction":[{"@type":"ReadAction","target":["https:\/\/sharkfreeapp.com\/politica-de-cookies\/"]}]},{"@type":"BreadcrumbList","@id":"https:\/\/sharkfreeapp.com\/politica-de-cookies\/#breadcrumb","itemListElement":[{"@type":"ListItem","position":1,"name":"Home","item":"https:\/\/sharkfreeapp.com\/"},{"@type":"ListItem","position":2,"name":"Pol\u00edtica de Cookies"}]},{"@type":"WebSite","@id":"https:\/\/sharkfreeapp.com\/#website","url":"https:\/\/sharkfreeapp.com\/","name":"Shark Free App","description":"","publisher":{"@id":"https:\/\/sharkfreeapp.com\/#organization"},"potentialAction":[{"@type":"SearchAction","target":{"@type":"EntryPoint","urlTemplate":"https:\/\/sharkfreeapp.com\/?s={search_term_string}"},"query-input":"required name=search_term_string"}],"inLanguage":"hr"},{"@type":"Organization","@id":"https:\/\/sharkfreeapp.com\/#organization","name":"Shark Free App","url":"https:\/\/sharkfreeapp.com\/","logo":{"@type":"ImageObject","inLanguage":"hr","@id":"https:\/\/sharkfreeapp.com\/#\/schema\/logo\/image\/","url":"https:\/\/sharkfreeapp.com\/wp-content\/uploads\/sites\/99\/2023\/10\/cropped-Shark-Free-App-Logo_600px.png","contentUrl":"https:\/\/sharkfreeapp.com\/wp-content\/uploads\/sites\/99\/2023\/10\/cropped-Shark-Free-App-Logo_600px.png","width":600,"height":208,"caption":"Shark Free App"},"image":{"@id":"https:\/\/sharkfreeapp.com\/#\/schema\/logo\/image\/"}}]}},"uagb_featured_image_src":{"full":false,"thumbnail":false,"medium":false,"medium_large":false,"large":false,"1536x1536":false,"2048x2048":false,"trp-custom-language-flag":false},"uagb_author_info":{"display_name":"pedrosantosfirefe","author_link":"https:\/\/sharkfreeapp.com\/hr\/author\/pedrosantosfirefe\/"},"uagb_comment_info":0,"uagb_excerpt":"Est\u00e1 empenhada em proteger sua privacidade on-line. Que informa\u00e7\u00f5es coletamos? Coletamos informa\u00e7\u00f5es de voc\u00ea quando visita nosso site. Ao enviar [&hellip;]","_links":{"self":[{"href":"https:\/\/sharkfreeapp.com\/hr\/wp-json\/wp\/v2\/pages\/9711"}],"collection":[{"href":"https:\/\/sharkfreeapp.com\/hr\/wp-json\/wp\/v2\/pages"}],"about":[{"href":"https:\/\/sharkfreeapp.com\/hr\/wp-json\/wp\/v2\/types\/page"}],"author":[{"embeddable":true,"href":"https:\/\/sharkfreeapp.com\/hr\/wp-json\/wp\/v2\/users\/97"}],"replies":[{"embeddable":true,"href":"https:\/\/sharkfreeapp.com\/hr\/wp-json\/wp\/v2\/comments?post=9711"}],"version-history":[{"count":1,"href":"https:\/\/sharkfreeapp.com\/hr\/wp-json\/wp\/v2\/pages\/9711\/revisions"}],"predecessor-version":[{"id":29018,"href":"https:\/\/sharkfreeapp.com\/hr\/wp-json\/wp\/v2\/pages\/9711\/revisions\/29018"}],"wp:attachment":[{"href":"https:\/\/sharkfreeapp.com\/hr\/wp-json\/wp\/v2\/media?parent=9711"}],"curies":[{"name":"wp","href":"https:\/\/api.w.org\/{rel}","templated":true}]}}