{"id":6969,"date":"2023-08-07T12:50:16","date_gmt":"2023-08-07T12:50:16","guid":{"rendered":"https:\/\/sharkfreeapp.com\/?page_id=6969"},"modified":"2024-10-01T11:49:48","modified_gmt":"2024-10-01T11:49:48","slug":"termos-de-servico","status":"publish","type":"page","link":"https:\/\/sharkfreeapp.com\/it\/termos-de-servico\/","title":{"rendered":"Termini di servizio"},"content":{"rendered":"<h2 class=\"wp-block-heading\">1. Termini<\/h2>\n\n\n\n<p>Quando si accede al sito web <a href=\"https:\/\/sharkfreeapp.com\/it\/\">SharkFreeApp <\/a>, accetti di rispettare i presenti termini di servizio, tutte le leggi e i regolamenti applicabili e accetti di essere responsabile del rispetto di tutte le leggi locali applicabili. Se non sei d&#039;accordo con uno qualsiasi di questi termini, ti \u00e8 vietato utilizzare o accedere a questo sito. I materiali contenuti in questo sito sono protetti dalle leggi applicabili sul copyright e sui marchi.<\/p>\n\n\n\n<h2 class=\"wp-block-heading\">2. Utilizzo della licenza<\/h2>\n\n\n\n<p>\u00c8 concesso il permesso di scaricare temporaneamente una copia dei materiali (informazioni o software) sul sito web di SharkFreeApp solo per la visualizzazione transitoria personale e non commerciale. Questa \u00e8 la concessione di una licenza, non un trasferimento di titolo, e con questa licenza non puoi:<\/p>\n\n\n\n<ol>\n<li>modificare o copiare i materiali;<\/li>\n\n\n\n<li>utilizzare i materiali per qualsiasi scopo commerciale o per esposizione pubblica (commerciale o non commerciale);<\/li>\n\n\n\n<li>tentare di decompilare o decodificare qualsiasi software contenuto nel sito web di SharkFreeApp;<\/li>\n\n\n\n<li>rimuovere qualsiasi copyright o altra notazione proprietaria dai materiali; O<\/li>\n\n\n\n<li>trasferire i materiali a un&#039;altra persona o eseguire il &quot;mirroring&quot; dei materiali su qualsiasi altro server.<\/li>\n<\/ol>\n\n\n\n<p>Questa licenza terminer\u00e0 automaticamente in caso di violazione di una qualsiasi di queste restrizioni e potr\u00e0 essere terminata da SharkFreeApp in qualsiasi momento. Al termine della visualizzazione di questi materiali o al termine della presente licenza, \u00e8 necessario eliminare qualsiasi materiale scaricato in proprio possesso sia in formato elettronico che stampato.<\/p>\n\n\n\n<h2 class=\"wp-block-heading\">3. Dichiarazione di non responsabilit\u00e0<\/h2>\n\n\n\n<ol>\n<li>I materiali sul sito web di SharkFreeApp sono forniti &quot;cos\u00ec come sono&quot;. SharkFreeApp non fornisce alcuna garanzia, espressa o implicita, e con la presente esclude e nega tutte le altre garanzie, incluse, senza limitazioni, garanzie implicite o condizioni di commerciabilit\u00e0, idoneit\u00e0 per uno scopo particolare o non violazione della propriet\u00e0 intellettuale o altra violazione dei diritti.<\/li>\n\n\n\n<li>Inoltre, SharkFreeApp non garantisce n\u00e9 rilascia alcuna dichiarazione riguardante l&#039;accuratezza, i probabili risultati o l&#039;affidabilit\u00e0 dell&#039;uso dei materiali sul proprio sito Web o altrimenti relativi a tali materiali o su qualsiasi sito collegato a questo sito.<\/li>\n<\/ol>\n\n\n\n<h2 class=\"wp-block-heading\">4. Limitazioni<\/h2>\n\n\n\n<p>In nessun caso SharkFreeApp o i suoi fornitori saranno responsabili per eventuali danni (inclusi, senza limitazione, danni per perdita di dati o profitti o dovuti a interruzione dell&#039;attivit\u00e0) derivanti dall&#039;uso o dall&#039;impossibilit\u00e0 di utilizzare i materiali su SharkFreeApp, anche se SharkFreeApp o un rappresentante autorizzato di SharkFreeApp sia stato informato oralmente o per iscritto della possibilit\u00e0 di tali danni. Poich\u00e9 alcune giurisdizioni non consentono limitazioni sulle garanzie implicite o limitazioni di responsabilit\u00e0 per danni consequenziali o incidentali, tali limitazioni potrebbero non applicarsi all&#039;utente.<\/p>\n\n\n\n<h2 class=\"wp-block-heading\">5. Precisione dei materiali<\/h2>\n\n\n\n<p>I materiali che appaiono sul sito web di SharkFreeApp potrebbero includere errori tecnici, tipografici o fotografici. SharkFreeApp non garantisce che i materiali presenti sul proprio sito web siano accurati, completi o aggiornati. SharkFreeApp pu\u00f2 apportare modifiche ai materiali contenuti nel proprio sito Web in qualsiasi momento senza preavviso. Tuttavia SharkFreeApp non si assume alcun impegno ad aggiornare i materiali.<\/p>\n\n\n\n<h2 class=\"wp-block-heading\">6. Collegamenti<\/h2>\n\n\n\n<p>SharkFreeApp non ha esaminato tutti i siti collegati al suo sito Web e non \u00e8 responsabile per i contenuti di alcun sito collegato. L&#039;inclusione di qualsiasi collegamento non implica l&#039;approvazione del sito da parte di SharkFreeApp. L&#039;utilizzo di qualsiasi sito collegato \u00e8 a rischio e pericolo dell&#039;utente.<\/p>\n\n\n\n<h3 class=\"wp-block-heading\">Modifiche<\/h3>\n\n\n\n<p>SharkFreeApp pu\u00f2 modificare i presenti termini di servizio per il proprio sito web in qualsiasi momento senza preavviso. Utilizzando questo sito Web, accetti di essere vincolato dalla versione corrente di questi termini di servizio.<\/p>\n\n\n\n<h3 class=\"wp-block-heading\">Legge applicabile<\/h3>\n\n\n\n<p>I presenti termini e condizioni sono regolati e interpretati in conformit\u00e0 con le leggi di SharkFreeApp e ti sottoponi irrevocabilmente alla giurisdizione esclusiva dei tribunali di quello Stato o luogo.<\/p>","protected":false},"excerpt":{"rendered":"<p>1. Termos Ao acessar ao site SharkFreeApp , concorda em cumprir estes termos de servi\u00e7o, todas as leis e regulamentos [&hellip;]<\/p>","protected":false},"author":97,"featured_media":0,"parent":0,"menu_order":0,"comment_status":"closed","ping_status":"closed","template":"page-nosidebar.php","meta":{"_uag_custom_page_level_css":"","site-sidebar-layout":"default","site-content-layout":"","ast-site-content-layout":"","site-content-style":"default","site-sidebar-style":"default","ast-global-header-display":"","ast-banner-title-visibility":"","ast-main-header-display":"","ast-hfb-above-header-display":"","ast-hfb-below-header-display":"","ast-hfb-mobile-header-display":"","site-post-title":"","ast-breadcrumbs-content":"","ast-featured-img":"","footer-sml-layout":"","theme-transparent-header-meta":"","adv-header-id-meta":"","stick-header-meta":"","header-above-stick-meta":"","header-main-stick-meta":"","header-below-stick-meta":"","astra-migrate-meta-layouts":"default","ast-page-background-enabled":"default","ast-page-background-meta":{"desktop":{"background-color":"var(--ast-global-color-4)","background-image":"","background-repeat":"repeat","background-position":"center center","background-size":"auto","background-attachment":"scroll","background-type":"","background-media":"","overlay-type":"","overlay-color":"","overlay-opacity":"","overlay-gradient":""},"tablet":{"background-color":"","background-image":"","background-repeat":"repeat","background-position":"center center","background-size":"auto","background-attachment":"scroll","background-type":"","background-media":"","overlay-type":"","overlay-color":"","overlay-opacity":"","overlay-gradient":""},"mobile":{"background-color":"","background-image":"","background-repeat":"repeat","background-position":"center center","background-size":"auto","background-attachment":"scroll","background-type":"","background-media":"","overlay-type":"","overlay-color":"","overlay-opacity":"","overlay-gradient":""}},"ast-content-background-meta":{"desktop":{"background-color":"var(--ast-global-color-5)","background-image":"","background-repeat":"repeat","background-position":"center center","background-size":"auto","background-attachment":"scroll","background-type":"","background-media":"","overlay-type":"","overlay-color":"","overlay-opacity":"","overlay-gradient":""},"tablet":{"background-color":"var(--ast-global-color-5)","background-image":"","background-repeat":"repeat","background-position":"center center","background-size":"auto","background-attachment":"scroll","background-type":"","background-media":"","overlay-type":"","overlay-color":"","overlay-opacity":"","overlay-gradient":""},"mobile":{"background-color":"var(--ast-global-color-5)","background-image":"","background-repeat":"repeat","background-position":"center center","background-size":"auto","background-attachment":"scroll","background-type":"","background-media":"","overlay-type":"","overlay-color":"","overlay-opacity":"","overlay-gradient":""}},"footnotes":""},"yoast_head":"<!-- This site is optimized with the Yoast SEO Premium plugin v18.7 (Yoast SEO v23.3) - https:\/\/yoast.com\/wordpress\/plugins\/seo\/ -->\n<title>Termos de Servi\u00e7o - Shark Free App<\/title>\n<meta name=\"robots\" content=\"index, follow, max-snippet:-1, max-image-preview:large, max-video-preview:-1\" \/>\n<link rel=\"canonical\" href=\"https:\/\/sharkfreeapp.com\/it\/termos-de-servico\/\" \/>\n<meta property=\"og:locale\" content=\"it_IT\" \/>\n<meta property=\"og:type\" content=\"article\" \/>\n<meta property=\"og:title\" content=\"Termos de Servi\u00e7o\" \/>\n<meta property=\"og:description\" content=\"1. Termos Ao acessar ao site SharkFreeApp , concorda em cumprir estes termos de servi\u00e7o, todas as leis e regulamentos [&hellip;]\" \/>\n<meta property=\"og:url\" content=\"https:\/\/sharkfreeapp.com\/it\/termos-de-servico\/\" \/>\n<meta property=\"og:site_name\" content=\"Shark Free App\" \/>\n<meta property=\"article:modified_time\" content=\"2024-10-01T11:49:48+00:00\" \/>\n<meta name=\"twitter:card\" content=\"summary_large_image\" \/>\n<meta name=\"twitter:label1\" content=\"Est. reading time\" \/>\n\t<meta name=\"twitter:data1\" content=\"3 minuti\" \/>\n<script type=\"application\/ld+json\" class=\"yoast-schema-graph\">{\"@context\":\"https:\/\/schema.org\",\"@graph\":[{\"@type\":\"WebPage\",\"@id\":\"https:\/\/sharkfreeapp.com\/termos-de-servico\/\",\"url\":\"https:\/\/sharkfreeapp.com\/termos-de-servico\/\",\"name\":\"Termos de Servi\u00e7o - Shark Free App\",\"isPartOf\":{\"@id\":\"https:\/\/sharkfreeapp.com\/#website\"},\"datePublished\":\"2023-08-07T12:50:16+00:00\",\"dateModified\":\"2024-10-01T11:49:48+00:00\",\"breadcrumb\":{\"@id\":\"https:\/\/sharkfreeapp.com\/termos-de-servico\/#breadcrumb\"},\"inLanguage\":\"it-IT\",\"potentialAction\":[{\"@type\":\"ReadAction\",\"target\":[\"https:\/\/sharkfreeapp.com\/termos-de-servico\/\"]}]},{\"@type\":\"BreadcrumbList\",\"@id\":\"https:\/\/sharkfreeapp.com\/termos-de-servico\/#breadcrumb\",\"itemListElement\":[{\"@type\":\"ListItem\",\"position\":1,\"name\":\"Home\",\"item\":\"https:\/\/sharkfreeapp.com\/\"},{\"@type\":\"ListItem\",\"position\":2,\"name\":\"Termos de Servi\u00e7o\"}]},{\"@type\":\"WebSite\",\"@id\":\"https:\/\/sharkfreeapp.com\/#website\",\"url\":\"https:\/\/sharkfreeapp.com\/\",\"name\":\"Shark Free App\",\"description\":\"\",\"publisher\":{\"@id\":\"https:\/\/sharkfreeapp.com\/#organization\"},\"potentialAction\":[{\"@type\":\"SearchAction\",\"target\":{\"@type\":\"EntryPoint\",\"urlTemplate\":\"https:\/\/sharkfreeapp.com\/?s={search_term_string}\"},\"query-input\":\"required name=search_term_string\"}],\"inLanguage\":\"it-IT\"},{\"@type\":\"Organization\",\"@id\":\"https:\/\/sharkfreeapp.com\/#organization\",\"name\":\"Shark Free App\",\"url\":\"https:\/\/sharkfreeapp.com\/\",\"logo\":{\"@type\":\"ImageObject\",\"inLanguage\":\"it-IT\",\"@id\":\"https:\/\/sharkfreeapp.com\/#\/schema\/logo\/image\/\",\"url\":\"https:\/\/sharkfreeapp.com\/wp-content\/uploads\/sites\/99\/2023\/10\/cropped-Shark-Free-App-Logo_600px.png\",\"contentUrl\":\"https:\/\/sharkfreeapp.com\/wp-content\/uploads\/sites\/99\/2023\/10\/cropped-Shark-Free-App-Logo_600px.png\",\"width\":600,\"height\":208,\"caption\":\"Shark Free App\"},\"image\":{\"@id\":\"https:\/\/sharkfreeapp.com\/#\/schema\/logo\/image\/\"}}]}<\/script>\n<!-- \/ Yoast SEO Premium plugin. -->","yoast_head_json":{"title":"Termos de Servi\u00e7o - Shark Free App","robots":{"index":"index","follow":"follow","max-snippet":"max-snippet:-1","max-image-preview":"max-image-preview:large","max-video-preview":"max-video-preview:-1"},"canonical":"https:\/\/sharkfreeapp.com\/it\/termos-de-servico\/","og_locale":"it_IT","og_type":"article","og_title":"Termos de Servi\u00e7o","og_description":"1. Termos Ao acessar ao site SharkFreeApp , concorda em cumprir estes termos de servi\u00e7o, todas as leis e regulamentos [&hellip;]","og_url":"https:\/\/sharkfreeapp.com\/it\/termos-de-servico\/","og_site_name":"Shark Free App","article_modified_time":"2024-10-01T11:49:48+00:00","twitter_card":"summary_large_image","twitter_misc":{"Est. reading time":"3 minuti"},"schema":{"@context":"https:\/\/schema.org","@graph":[{"@type":"WebPage","@id":"https:\/\/sharkfreeapp.com\/termos-de-servico\/","url":"https:\/\/sharkfreeapp.com\/termos-de-servico\/","name":"Termos de Servi\u00e7o - Shark Free App","isPartOf":{"@id":"https:\/\/sharkfreeapp.com\/#website"},"datePublished":"2023-08-07T12:50:16+00:00","dateModified":"2024-10-01T11:49:48+00:00","breadcrumb":{"@id":"https:\/\/sharkfreeapp.com\/termos-de-servico\/#breadcrumb"},"inLanguage":"it-IT","potentialAction":[{"@type":"ReadAction","target":["https:\/\/sharkfreeapp.com\/termos-de-servico\/"]}]},{"@type":"BreadcrumbList","@id":"https:\/\/sharkfreeapp.com\/termos-de-servico\/#breadcrumb","itemListElement":[{"@type":"ListItem","position":1,"name":"Home","item":"https:\/\/sharkfreeapp.com\/"},{"@type":"ListItem","position":2,"name":"Termos de Servi\u00e7o"}]},{"@type":"WebSite","@id":"https:\/\/sharkfreeapp.com\/#website","url":"https:\/\/sharkfreeapp.com\/","name":"Shark Free App","description":"","publisher":{"@id":"https:\/\/sharkfreeapp.com\/#organization"},"potentialAction":[{"@type":"SearchAction","target":{"@type":"EntryPoint","urlTemplate":"https:\/\/sharkfreeapp.com\/?s={search_term_string}"},"query-input":"required name=search_term_string"}],"inLanguage":"it-IT"},{"@type":"Organization","@id":"https:\/\/sharkfreeapp.com\/#organization","name":"Shark Free App","url":"https:\/\/sharkfreeapp.com\/","logo":{"@type":"ImageObject","inLanguage":"it-IT","@id":"https:\/\/sharkfreeapp.com\/#\/schema\/logo\/image\/","url":"https:\/\/sharkfreeapp.com\/wp-content\/uploads\/sites\/99\/2023\/10\/cropped-Shark-Free-App-Logo_600px.png","contentUrl":"https:\/\/sharkfreeapp.com\/wp-content\/uploads\/sites\/99\/2023\/10\/cropped-Shark-Free-App-Logo_600px.png","width":600,"height":208,"caption":"Shark Free App"},"image":{"@id":"https:\/\/sharkfreeapp.com\/#\/schema\/logo\/image\/"}}]}},"uagb_featured_image_src":{"full":false,"thumbnail":false,"medium":false,"medium_large":false,"large":false,"1536x1536":false,"2048x2048":false,"trp-custom-language-flag":false},"uagb_author_info":{"display_name":"pedrosantosfirefe","author_link":"https:\/\/sharkfreeapp.com\/it\/author\/pedrosantosfirefe\/"},"uagb_comment_info":0,"uagb_excerpt":"1. Termos Ao acessar ao site SharkFreeApp , concorda em cumprir estes termos de servi\u00e7o, todas as leis e regulamentos [&hellip;]","_links":{"self":[{"href":"https:\/\/sharkfreeapp.com\/it\/wp-json\/wp\/v2\/pages\/6969"}],"collection":[{"href":"https:\/\/sharkfreeapp.com\/it\/wp-json\/wp\/v2\/pages"}],"about":[{"href":"https:\/\/sharkfreeapp.com\/it\/wp-json\/wp\/v2\/types\/page"}],"author":[{"embeddable":true,"href":"https:\/\/sharkfreeapp.com\/it\/wp-json\/wp\/v2\/users\/97"}],"replies":[{"embeddable":true,"href":"https:\/\/sharkfreeapp.com\/it\/wp-json\/wp\/v2\/comments?post=6969"}],"version-history":[{"count":1,"href":"https:\/\/sharkfreeapp.com\/it\/wp-json\/wp\/v2\/pages\/6969\/revisions"}],"predecessor-version":[{"id":29023,"href":"https:\/\/sharkfreeapp.com\/it\/wp-json\/wp\/v2\/pages\/6969\/revisions\/29023"}],"wp:attachment":[{"href":"https:\/\/sharkfreeapp.com\/it\/wp-json\/wp\/v2\/media?parent=6969"}],"curies":[{"name":"wp","href":"https:\/\/api.w.org\/{rel}","templated":true}]}}