{"id":9709,"date":"2022-12-22T09:09:06","date_gmt":"2022-12-22T09:09:06","guid":{"rendered":"https:\/\/stwsports.com\/?page_id=9709"},"modified":"2025-04-08T14:11:37","modified_gmt":"2025-04-08T14:11:37","slug":"dmca","status":"publish","type":"page","link":"https:\/\/sharkfreeapp.com\/it\/dmca\/","title":{"rendered":"DMCA"},"content":{"rendered":"<h3 class=\"wp-block-heading\">Politica del Digital Millennium Copyright Act<\/h3>\n\n\n\n<p>Benvenuti su (il &quot;Sito&quot;). Rispettiamo i diritti di propriet\u00e0 intellettuale degli altri proprio come ci aspettiamo che gli altri rispettino i nostri diritti. Ai sensi del Digital Millennium Copyright Act, Titolo 17, Codice degli Stati Uniti, Sezione 512(c), un titolare del copyright o il suo agente pu\u00f2 inviarci un avviso di rimozione tramite il nostro agente DMCA elencato di seguito. In qualit\u00e0 di fornitore di servizi Internet, abbiamo il diritto di richiedere l&#039;immunit\u00e0 da tali denunce di violazione ai sensi delle disposizioni &quot;safe harbour&quot; del DMCA. Per inviarci un reclamo per violazione in buona fede, \u00e8 necessario inviarci una notifica che contenga le seguenti informazioni:<\/p>\n\n\n\n<p><strong>Avviso di violazione \u2013 Reclamo<\/strong><\/p>\n\n\n\n<p>1. Una firma fisica o elettronica del proprietario del copyright (o di qualcuno autorizzato ad agire per conto del proprietario);<br>2. Identificazione dell&#039;opera protetta da copyright che si ritiene sia stata violata;<br>3. Identificazione del materiale in violazione da rimuovere e informazioni ragionevolmente sufficienti per consentire al fornitore di servizi di individuare il materiale. [Si prega di inviare l&#039;URL della pagina in questione per aiutarci a identificare l&#039;opera apparentemente offensiva];<br>4. Informazioni ragionevolmente sufficienti per consentire al fornitore di servizi di contattare la parte reclamante, inclusi nome, indirizzo fisico, indirizzo e-mail, numero di telefono e numero di fax;<br>5. Una dichiarazione attestante che la parte reclamante ritiene in buona fede che l&#039;uso del materiale non \u00e8 autorizzato dall&#039;agente del copyright; E<br>6. Una dichiarazione attestante che le informazioni contenute nella notifica sono accurate e, sotto pena di spergiuro, che la parte ricorrente \u00e8 autorizzata ad agire per conto del proprietario del copyright.<\/p>\n\n\n\n<p>Il titolo 17 USC \u00a7512(f) prevede sanzioni per danni civili, inclusi costi e spese legali, contro qualsiasi persona che travisa consapevolmente e materialmente determinate informazioni in una notifica di violazione ai sensi del 17 USC \u00a7512(c)(3).<\/p>\n\n\n\n<p>Invia tutti gli avvisi di rimozione tramite la nostra pagina dei contatti. Si prega di inviare via e-mail per una pronta attenzione.<\/p>\n\n\n\n<p>Tieni presente che potremmo condividere l&#039;identit\u00e0 e le informazioni in qualsiasi reclamo di violazione del copyright che riceviamo con il presunto trasgressore. Inviando un reclamo, comprendi, accetti e accetti che la tua identit\u00e0 e il tuo reclamo possano essere comunicati al presunto trasgressore.<\/p>\n\n\n\n<p><strong>Contronotifica \u2013 Ripristino del materiale<\/strong><\/p>\n\n\n\n<p>Se hai ricevuto un avviso di rimozione del materiale a causa di un reclamo per violazione del copyright, puoi fornirci una contronotifica nel tentativo di ripristinare il materiale in questione sul sito. Tale notifica deve essere data per iscritto al nostro Agente DMCA e deve contenere sostanzialmente i seguenti elementi ai sensi della Sezione 512(g)(3) 17 USC:<\/p>\n\n\n\n<p>1. La tua firma fisica o elettronica.<br>2. Una descrizione del materiale che \u00e8 stato rimosso e la posizione originale del materiale prima che fosse rimosso.<br>3. Una dichiarazione sotto pena di spergiuro in cui si afferma in buona fede che il materiale \u00e8 stato rimosso o disattivato a seguito di un errore o di un&#039;errata identificazione del materiale da rimuovere o disattivare.<br>4. Il tuo nome, indirizzo e numero di telefono e una dichiarazione in cui acconsenti alla giurisdizione del tribunale distrettuale federale per il distretto giudiziario in cui si trova l&#039;indirizzo (o se sei al di fuori degli Stati Uniti, che acconsenti a giurisdizione di qualsiasi distretto giudiziario in cui si trova il fornitore di servizi) e che accetterai la notifica del processo dalla persona o societ\u00e0 che ha fornito la notifica di violazione originale.<br>5. Invia la tua contronotifica tramite la nostra pagina dei contatti. L&#039;e-mail \u00e8 altamente raccomandata.<\/p>\n\n\n\n<p><strong>Ripetizione della politica sui contraffattori<\/strong><\/p>\n\n\n\n<p>Prendiamo molto sul serio la violazione del copyright. In conformit\u00e0 ai requisiti della politica sui trasgressori recidivi del Digital Millennium Copyright Act, conserviamo un elenco di notifiche DMCA da parte dei titolari di copyright e facciamo uno sforzo in buona fede per identificare eventuali trasgressori recidivi. Coloro che violano la nostra politica interna sui trasgressori recidivi vedranno i loro account chiusi.<\/p>\n\n\n\n<p><strong>Modifiche<\/strong><\/p>\n\n\n\n<p>Ci riserviamo il diritto di modificare i contenuti di questa pagina e la sua politica per la gestione dei reclami DMCA in qualsiasi momento e per qualsiasi motivo. Ti invitiamo a ricontrollare frequentemente questa politica per eventuali modifiche.<\/p>","protected":false},"excerpt":{"rendered":"<p>Digital Millennium Copyright Act Policy Welcome to (the \u201dSite\u201d).We respect the intellectual property rights of others just as we expect [&hellip;]<\/p>","protected":false},"author":127,"featured_media":0,"parent":0,"menu_order":0,"comment_status":"closed","ping_status":"closed","template":"page-nosidebar.php","meta":{"_uag_custom_page_level_css":"","site-sidebar-layout":"default","site-content-layout":"","ast-site-content-layout":"","site-content-style":"default","site-sidebar-style":"default","ast-global-header-display":"","ast-banner-title-visibility":"","ast-main-header-display":"","ast-hfb-above-header-display":"","ast-hfb-below-header-display":"","ast-hfb-mobile-header-display":"","site-post-title":"","ast-breadcrumbs-content":"","ast-featured-img":"","footer-sml-layout":"","theme-transparent-header-meta":"","adv-header-id-meta":"","stick-header-meta":"","header-above-stick-meta":"","header-main-stick-meta":"","header-below-stick-meta":"","astra-migrate-meta-layouts":"default","ast-page-background-enabled":"default","ast-page-background-meta":{"desktop":{"background-color":"var(--ast-global-color-4)","background-image":"","background-repeat":"repeat","background-position":"center center","background-size":"auto","background-attachment":"scroll","background-type":"","background-media":"","overlay-type":"","overlay-color":"","overlay-opacity":"","overlay-gradient":""},"tablet":{"background-color":"","background-image":"","background-repeat":"repeat","background-position":"center center","background-size":"auto","background-attachment":"scroll","background-type":"","background-media":"","overlay-type":"","overlay-color":"","overlay-opacity":"","overlay-gradient":""},"mobile":{"background-color":"","background-image":"","background-repeat":"repeat","background-position":"center center","background-size":"auto","background-attachment":"scroll","background-type":"","background-media":"","overlay-type":"","overlay-color":"","overlay-opacity":"","overlay-gradient":""}},"ast-content-background-meta":{"desktop":{"background-color":"var(--ast-global-color-5)","background-image":"","background-repeat":"repeat","background-position":"center center","background-size":"auto","background-attachment":"scroll","background-type":"","background-media":"","overlay-type":"","overlay-color":"","overlay-opacity":"","overlay-gradient":""},"tablet":{"background-color":"var(--ast-global-color-5)","background-image":"","background-repeat":"repeat","background-position":"center center","background-size":"auto","background-attachment":"scroll","background-type":"","background-media":"","overlay-type":"","overlay-color":"","overlay-opacity":"","overlay-gradient":""},"mobile":{"background-color":"var(--ast-global-color-5)","background-image":"","background-repeat":"repeat","background-position":"center center","background-size":"auto","background-attachment":"scroll","background-type":"","background-media":"","overlay-type":"","overlay-color":"","overlay-opacity":"","overlay-gradient":""}},"footnotes":""},"yoast_head":"<!-- This site is optimized with the Yoast SEO Premium plugin v18.7 (Yoast SEO v23.3) - https:\/\/yoast.com\/wordpress\/plugins\/seo\/ -->\n<title>DMCA - Shark Free App<\/title>\n<meta name=\"robots\" content=\"index, follow, max-snippet:-1, max-image-preview:large, max-video-preview:-1\" \/>\n<link rel=\"canonical\" href=\"https:\/\/sharkfreeapp.com\/it\/dmca\/\" \/>\n<meta property=\"og:locale\" content=\"it_IT\" \/>\n<meta property=\"og:type\" content=\"article\" \/>\n<meta property=\"og:title\" content=\"DMCA\" \/>\n<meta property=\"og:description\" content=\"Digital Millennium Copyright Act Policy Welcome to (the \u201dSite\u201d).We respect the intellectual property rights of others just as we expect [&hellip;]\" \/>\n<meta property=\"og:url\" content=\"https:\/\/sharkfreeapp.com\/it\/dmca\/\" \/>\n<meta property=\"og:site_name\" content=\"Shark Free App\" \/>\n<meta property=\"article:modified_time\" content=\"2025-04-08T14:11:37+00:00\" \/>\n<meta name=\"twitter:card\" content=\"summary_large_image\" \/>\n<meta name=\"twitter:label1\" content=\"Est. reading time\" \/>\n\t<meta name=\"twitter:data1\" content=\"4 minuti\" \/>\n<script type=\"application\/ld+json\" class=\"yoast-schema-graph\">{\"@context\":\"https:\/\/schema.org\",\"@graph\":[{\"@type\":\"WebPage\",\"@id\":\"https:\/\/sharkfreeapp.com\/dmca\/\",\"url\":\"https:\/\/sharkfreeapp.com\/dmca\/\",\"name\":\"DMCA - Shark Free App\",\"isPartOf\":{\"@id\":\"https:\/\/sharkfreeapp.com\/#website\"},\"datePublished\":\"2022-12-22T09:09:06+00:00\",\"dateModified\":\"2025-04-08T14:11:37+00:00\",\"breadcrumb\":{\"@id\":\"https:\/\/sharkfreeapp.com\/dmca\/#breadcrumb\"},\"inLanguage\":\"it-IT\",\"potentialAction\":[{\"@type\":\"ReadAction\",\"target\":[\"https:\/\/sharkfreeapp.com\/dmca\/\"]}]},{\"@type\":\"BreadcrumbList\",\"@id\":\"https:\/\/sharkfreeapp.com\/dmca\/#breadcrumb\",\"itemListElement\":[{\"@type\":\"ListItem\",\"position\":1,\"name\":\"Home\",\"item\":\"https:\/\/sharkfreeapp.com\/\"},{\"@type\":\"ListItem\",\"position\":2,\"name\":\"DMCA\"}]},{\"@type\":\"WebSite\",\"@id\":\"https:\/\/sharkfreeapp.com\/#website\",\"url\":\"https:\/\/sharkfreeapp.com\/\",\"name\":\"Shark Free App\",\"description\":\"\",\"publisher\":{\"@id\":\"https:\/\/sharkfreeapp.com\/#organization\"},\"potentialAction\":[{\"@type\":\"SearchAction\",\"target\":{\"@type\":\"EntryPoint\",\"urlTemplate\":\"https:\/\/sharkfreeapp.com\/?s={search_term_string}\"},\"query-input\":\"required name=search_term_string\"}],\"inLanguage\":\"it-IT\"},{\"@type\":\"Organization\",\"@id\":\"https:\/\/sharkfreeapp.com\/#organization\",\"name\":\"Shark Free App\",\"url\":\"https:\/\/sharkfreeapp.com\/\",\"logo\":{\"@type\":\"ImageObject\",\"inLanguage\":\"it-IT\",\"@id\":\"https:\/\/sharkfreeapp.com\/#\/schema\/logo\/image\/\",\"url\":\"https:\/\/sharkfreeapp.com\/wp-content\/uploads\/sites\/99\/2023\/10\/cropped-Shark-Free-App-Logo_600px.png\",\"contentUrl\":\"https:\/\/sharkfreeapp.com\/wp-content\/uploads\/sites\/99\/2023\/10\/cropped-Shark-Free-App-Logo_600px.png\",\"width\":600,\"height\":208,\"caption\":\"Shark Free App\"},\"image\":{\"@id\":\"https:\/\/sharkfreeapp.com\/#\/schema\/logo\/image\/\"}}]}<\/script>\n<!-- \/ Yoast SEO Premium plugin. -->","yoast_head_json":{"title":"DMCA - Shark Free App","robots":{"index":"index","follow":"follow","max-snippet":"max-snippet:-1","max-image-preview":"max-image-preview:large","max-video-preview":"max-video-preview:-1"},"canonical":"https:\/\/sharkfreeapp.com\/it\/dmca\/","og_locale":"it_IT","og_type":"article","og_title":"DMCA","og_description":"Digital Millennium Copyright Act Policy Welcome to (the \u201dSite\u201d).We respect the intellectual property rights of others just as we expect [&hellip;]","og_url":"https:\/\/sharkfreeapp.com\/it\/dmca\/","og_site_name":"Shark Free App","article_modified_time":"2025-04-08T14:11:37+00:00","twitter_card":"summary_large_image","twitter_misc":{"Est. reading time":"4 minuti"},"schema":{"@context":"https:\/\/schema.org","@graph":[{"@type":"WebPage","@id":"https:\/\/sharkfreeapp.com\/dmca\/","url":"https:\/\/sharkfreeapp.com\/dmca\/","name":"DMCA - Shark Free App","isPartOf":{"@id":"https:\/\/sharkfreeapp.com\/#website"},"datePublished":"2022-12-22T09:09:06+00:00","dateModified":"2025-04-08T14:11:37+00:00","breadcrumb":{"@id":"https:\/\/sharkfreeapp.com\/dmca\/#breadcrumb"},"inLanguage":"it-IT","potentialAction":[{"@type":"ReadAction","target":["https:\/\/sharkfreeapp.com\/dmca\/"]}]},{"@type":"BreadcrumbList","@id":"https:\/\/sharkfreeapp.com\/dmca\/#breadcrumb","itemListElement":[{"@type":"ListItem","position":1,"name":"Home","item":"https:\/\/sharkfreeapp.com\/"},{"@type":"ListItem","position":2,"name":"DMCA"}]},{"@type":"WebSite","@id":"https:\/\/sharkfreeapp.com\/#website","url":"https:\/\/sharkfreeapp.com\/","name":"Shark Free App","description":"","publisher":{"@id":"https:\/\/sharkfreeapp.com\/#organization"},"potentialAction":[{"@type":"SearchAction","target":{"@type":"EntryPoint","urlTemplate":"https:\/\/sharkfreeapp.com\/?s={search_term_string}"},"query-input":"required name=search_term_string"}],"inLanguage":"it-IT"},{"@type":"Organization","@id":"https:\/\/sharkfreeapp.com\/#organization","name":"Shark Free App","url":"https:\/\/sharkfreeapp.com\/","logo":{"@type":"ImageObject","inLanguage":"it-IT","@id":"https:\/\/sharkfreeapp.com\/#\/schema\/logo\/image\/","url":"https:\/\/sharkfreeapp.com\/wp-content\/uploads\/sites\/99\/2023\/10\/cropped-Shark-Free-App-Logo_600px.png","contentUrl":"https:\/\/sharkfreeapp.com\/wp-content\/uploads\/sites\/99\/2023\/10\/cropped-Shark-Free-App-Logo_600px.png","width":600,"height":208,"caption":"Shark Free App"},"image":{"@id":"https:\/\/sharkfreeapp.com\/#\/schema\/logo\/image\/"}}]}},"uagb_featured_image_src":{"full":false,"thumbnail":false,"medium":false,"medium_large":false,"large":false,"1536x1536":false,"2048x2048":false,"trp-custom-language-flag":false},"uagb_author_info":{"display_name":"tais","author_link":"https:\/\/sharkfreeapp.com\/it\/author\/tais\/"},"uagb_comment_info":0,"uagb_excerpt":"Digital Millennium Copyright Act Policy Welcome to (the \u201dSite\u201d).We respect the intellectual property rights of others just as we expect [&hellip;]","_links":{"self":[{"href":"https:\/\/sharkfreeapp.com\/it\/wp-json\/wp\/v2\/pages\/9709"}],"collection":[{"href":"https:\/\/sharkfreeapp.com\/it\/wp-json\/wp\/v2\/pages"}],"about":[{"href":"https:\/\/sharkfreeapp.com\/it\/wp-json\/wp\/v2\/types\/page"}],"author":[{"embeddable":true,"href":"https:\/\/sharkfreeapp.com\/it\/wp-json\/wp\/v2\/users\/127"}],"replies":[{"embeddable":true,"href":"https:\/\/sharkfreeapp.com\/it\/wp-json\/wp\/v2\/comments?post=9709"}],"version-history":[{"count":1,"href":"https:\/\/sharkfreeapp.com\/it\/wp-json\/wp\/v2\/pages\/9709\/revisions"}],"predecessor-version":[{"id":30682,"href":"https:\/\/sharkfreeapp.com\/it\/wp-json\/wp\/v2\/pages\/9709\/revisions\/30682"}],"wp:attachment":[{"href":"https:\/\/sharkfreeapp.com\/it\/wp-json\/wp\/v2\/media?parent=9709"}],"curies":[{"name":"wp","href":"https:\/\/api.w.org\/{rel}","templated":true}]}}