{"id":23919,"date":"2023-10-25T14:14:58","date_gmt":"2023-10-25T17:14:58","guid":{"rendered":"https:\/\/sharkfreeapp.com\/?page_id=23919"},"modified":"2024-10-01T11:49:18","modified_gmt":"2024-10-01T11:49:18","slug":"sobre-nos","status":"publish","type":"page","link":"https:\/\/sharkfreeapp.com\/pl\/sobre-nos\/","title":{"rendered":"O nas"},"content":{"rendered":"<div class=\"is-style-default wp-block-site-logo\"><a href=\"https:\/\/sharkfreeapp.com\/pl\/\" class=\"custom-logo-link\" rel=\"home\"><img loading=\"lazy\" decoding=\"async\" width=\"500\" height=\"173\" src=\"https:\/\/sharkfreeapp.com\/wp-content\/uploads\/sites\/99\/2023\/10\/cropped-Shark-Free-App-Logo_600px.png\" class=\"custom-logo\" alt=\"Shark Free App\" srcset=\"https:\/\/sharkfreeapp.com\/wp-content\/uploads\/sites\/99\/2023\/10\/cropped-Shark-Free-App-Logo_600px.png 600w, https:\/\/sharkfreeapp.com\/wp-content\/uploads\/sites\/99\/2023\/10\/cropped-Shark-Free-App-Logo_600px-300x104.png 300w, https:\/\/sharkfreeapp.com\/wp-content\/uploads\/sites\/99\/2023\/10\/cropped-Shark-Free-App-Logo_600px-18x6.png 18w\" sizes=\"(max-width: 500px) 100vw, 500px\" \/><\/a><\/div>\n\n\n<h2 class=\"wp-block-heading\">Troch\u0119 o nas<\/h2>\n\n\n\n<p>Aplikacja Shark Free to co\u015b wi\u0119cej ni\u017c tylko strona informacyjna o technologii, aplikacjach, grach i ciekawostkach dnia codziennego. Jeste\u015bmy zaufanym, kompleksowym \u017ar\u00f3d\u0142em wiedzy, kt\u00f3re ma pom\u00f3c Ci odkrywa\u0107 i rozumie\u0107 \u015bwiat technologii w przyst\u0119pny i pouczaj\u0105cy spos\u00f3b.<\/p>\n\n\n\n<p>W \u015bwiecie, w kt\u00f3rym technologia odgrywa coraz wa\u017cniejsz\u0105 rol\u0119 w naszym \u017cyciu, niezwykle wa\u017cne jest, aby by\u0107 dobrze poinformowanym i by\u0107 na bie\u017c\u0105co. Celem bezp\u0142atnej aplikacji Shark jest dostarczanie dok\u0142adnych i istotnych informacji na najwa\u017cniejsze tematy, od najnowszych trend\u00f3w mobilnych po porady i wskaz\u00f3wki dotycz\u0105ce optymalizacji korzystania z technologii.<\/p>\n\n\n\n<p>Naszym g\u0142\u00f3wnym celem jest dostarczanie wysokiej jako\u015bci i warto\u015bciowych tre\u015bci, a robimy to krok po kroku. Przegl\u0105daj\u0105c nasz\u0105 witryn\u0119, znajdziesz szczeg\u00f3\u0142owe samouczki, kt\u00f3re przeprowadz\u0105 Ci\u0119 przez ka\u017cdy krok, dzi\u0119ki czemu mo\u017cesz z \u0142atwo\u015bci\u0105 wykona\u0107 wszystkie czynno\u015bci, nawet je\u015bli jeste\u015b pocz\u0105tkuj\u0105cy. Jeste\u015bmy tutaj, aby obja\u015bni\u0107 technologi\u0119 i zapewni\u0107 ka\u017cdemu maksymalne wykorzystanie jej potencja\u0142u.<\/p>\n\n\n\n<p>Technologia: Technologia stale si\u0119 rozwija, a naszym zadaniem jest informowanie Ci\u0119 o najnowszych innowacjach. Niezale\u017cnie od tego, czy jest to nowy smartfon, prze\u0142om w sztucznej inteligencji, czy aktualizacja oprogramowania, zapewniamy dog\u0142\u0119bn\u0105 analiz\u0119 i informacje o nowo\u015bciach ze \u015bwiata technologii. Dzi\u0119ki temu mo\u017cesz podejmowa\u0107 \u015bwiadome decyzje przy wyborze urz\u0105dze\u0144 i us\u0142ug.<\/p>\n\n\n\n<p>Aplikacje: aplikacje stanowi\u0105 podstawow\u0105 cz\u0119\u015b\u0107 naszych urz\u0105dze\u0144 mobilnych i sposobu, w jaki wchodzimy w interakcj\u0119 z technologi\u0105. W bezp\u0142atnej aplikacji Shark znajdziesz szczeg\u00f3\u0142owe recenzje popularnych aplikacji, rekomendacje dotycz\u0105ce przydatnych narz\u0119dzi i poradniki dotycz\u0105ce efektywnego korzystania z aplikacji. Niezale\u017cnie od tego, czy jeste\u015b u\u017cytkownikiem Androida, czy iOS, jeste\u015bmy tutaj, aby pom\u00f3c Ci znale\u017a\u0107 najlepsze aplikacje do Twoich potrzeb.<\/p>\n\n\n\n<p>Gry: Gry to przyjemna forma rozrywki i stale rozwijaj\u0105ca si\u0119 bran\u017ca. Analizujemy gry na wszystkie platformy, od konsol po gry mobilne. Niezale\u017cnie od tego, czy szukasz rekomendacji gier, wskaz\u00f3wek dotycz\u0105cych rozgrywki, czy informacji o najnowszych wydaniach, wszystko to i wiele wi\u0119cej znajdziesz na naszej stronie.<\/p>\n\n\n\n<p>Ciekawostki dnia codziennego: Technologia nie jest jedyn\u0105 rzecz\u0105, kt\u00f3ra czyni \u015bwiat interesuj\u0105cym. Na naszej stronie omawiamy tak\u017ce r\u00f3\u017cnorodne fakty z \u017cycia codziennego, pocz\u0105wszy od intryguj\u0105cych fakt\u00f3w o wszech\u015bwiecie, a sko\u0144czywszy na praktycznych wskaz\u00f3wkach u\u0142atwiaj\u0105cych \u017cycie. Chcemy zapewni\u0107 Ci rozrywk\u0119 i informacje we wszystkich aspektach \u017cycia.<\/p>\n\n\n\n<p>Nasze samouczki: nasze samouczki s\u0105 sercem bezp\u0142atnej aplikacji Shark. Ka\u017cdy przewodnik krok po kroku zosta\u0142 opracowany z dba\u0142o\u015bci\u0105 o szczeg\u00f3\u0142y. Wyja\u015bniaj\u0105 nie tylko, jak co\u015b zrobi\u0107, ale tak\u017ce dlaczego stoj\u0105 za ka\u017cdym krokiem. Pomaga to w pe\u0142ni zrozumie\u0107 procesy i koncepcje z nimi zwi\u0105zane. Ponadto jeste\u015bmy otwarci na sugestie dotycz\u0105ce tutoriali, wi\u0119c je\u015bli masz jakie\u015b konkretne pytania lub pro\u015bby, skontaktuj si\u0119 z nami.<\/p>\n\n\n\n<p>Nasze zaanga\u017cowanie spo\u0142eczne: w aplikacji Shark Free cenimy spo\u0142eczno\u015b\u0107 czytelnik\u00f3w, kt\u00f3rzy nas wspieraj\u0105. Nieustannie poszukujemy opinii i sugestii dotycz\u0105cych ulepszenia naszych tre\u015bci i us\u0142ug. Je\u015bli masz pytania, uwagi lub pomys\u0142y, ch\u0119tnie je us\u0142yszymy. Tw\u00f3j g\u0142os jest dla nas wa\u017cny.<\/p>\n\n\n\n<p>Kr\u00f3tko m\u00f3wi\u0105c, bezp\u0142atna aplikacja Shark to niezawodne i pouczaj\u0105ce \u017ar\u00f3d\u0142o wszystkiego, co dotyczy technologii, aplikacji, gier i ciekawostek dnia codziennego. Nasz\u0105 misj\u0105 jest zapewnienie Ci wiedzy, kt\u00f3ra pomo\u017ce Ci w pe\u0142ni wykorzysta\u0107 Twoj\u0105 podr\u00f3\u017c technologiczn\u0105. Przegl\u0105daj nasz\u0105 stron\u0119 internetow\u0105, odkryj nasze szczeg\u00f3\u0142owe samouczki i b\u0105d\u017a na bie\u017c\u0105co z najnowszymi wiadomo\u015bciami i trendami technologicznymi. Do\u0142\u0105cz do naszej spo\u0142eczno\u015bci i wyrusz w ekscytuj\u0105c\u0105 podr\u00f3\u017c pe\u0142n\u0105 odkry\u0107 technologicznych. Jeste\u015bmy po to, aby udost\u0119pni\u0107 technologi\u0119 ka\u017cdemu.<\/p>\n\n\n\n<h2 class=\"wp-block-heading\">Czy nadal masz pytania?<\/h2>\n\n\n\n<h2 class=\"wp-block-heading\">Oto kilka odpowiedzi na cz\u0119sto zadawane pytania.<\/h2>\n\n\n\n<p><a>Czy ca\u0142a zawarto\u015b\u0107 jest bezp\u0142atna?<\/a><\/p>\n\n\n\n<p>Tak i zawsze tak b\u0119dzie! Nasz\u0105 misj\u0105 jest dostarczanie odwiedzaj\u0105cym nasz\u0105 stron\u0119 internetow\u0105 bezp\u0142atnych tre\u015bci wysokiej jako\u015bci.<\/p>\n\n\n\n<p><a>Jak skontaktowa\u0107 si\u0119 ze Stron\u0105?<\/a><\/p>\n\n\n\n<p>Mo\u017cesz skontaktowa\u0107 si\u0119 z nami poprzez nasz\u0105 stron\u0119 kontaktow\u0105:&nbsp;<b><u><a href=\"https:\/\/sharkfreeapp.com\/pl\/contato\/\">https:\/\/sharkfreeapp.com\/contato\/<\/a><\/u><\/b><\/p>\n\n\n\n<p><a>Jak wygl\u0105da nasza praca?<\/a><\/p>\n\n\n\n<p>Nasz zesp\u00f3\u0142 tworz\u0105 ludzie, kt\u00f3rzy uwielbiaj\u0105 bada\u0107 technologi\u0119, gry, ciekawostki i og\u00f3lnie sprawy bie\u017c\u0105ce. Ca\u0142a zawarto\u015b\u0107 dost\u0119pna na stronie jest i zawsze b\u0119dzie bezp\u0142atna! Aby zapewni\u0107 to bezp\u0142atnie, nasza strona internetowa zapewnia reklamodawcom przestrze\u0144 do reklamowania swoich produkt\u00f3w.<\/p>\n\n\n\n<p><a>Czy witryna jest wiarygodna? <\/a><\/p>\n\n\n\n<p>Tak! Nasza strona internetowa posiada ca\u0142\u0105 technologi\u0119 niezb\u0119dn\u0105 dla bezpiecze\u0144stwa naszych u\u017cytkownik\u00f3w. Wszystkie publikowane tutaj informacje s\u0105 sprawdzane przed publikacj\u0105.<\/p>","protected":false},"excerpt":{"rendered":"<p>Kilka s\u0142\u00f3w o nas Shark Free App to co\u015b wi\u0119cej ni\u017c tylko informacyjna strona internetowa o technologii, aplikacjach i grach [\u2026]<\/p>","protected":false},"author":97,"featured_media":0,"parent":0,"menu_order":0,"comment_status":"closed","ping_status":"closed","template":"page-nosidebar.php","meta":{"_uag_custom_page_level_css":"","site-sidebar-layout":"default","site-content-layout":"","ast-site-content-layout":"","site-content-style":"default","site-sidebar-style":"default","ast-global-header-display":"","ast-banner-title-visibility":"","ast-main-header-display":"","ast-hfb-above-header-display":"","ast-hfb-below-header-display":"","ast-hfb-mobile-header-display":"","site-post-title":"","ast-breadcrumbs-content":"","ast-featured-img":"","footer-sml-layout":"","theme-transparent-header-meta":"","adv-header-id-meta":"","stick-header-meta":"","header-above-stick-meta":"","header-main-stick-meta":"","header-below-stick-meta":"","astra-migrate-meta-layouts":"default","ast-page-background-enabled":"default","ast-page-background-meta":{"desktop":{"background-color":"var(--ast-global-color-4)","background-image":"","background-repeat":"repeat","background-position":"center center","background-size":"auto","background-attachment":"scroll","background-type":"","background-media":"","overlay-type":"","overlay-color":"","overlay-opacity":"","overlay-gradient":""},"tablet":{"background-color":"","background-image":"","background-repeat":"repeat","background-position":"center center","background-size":"auto","background-attachment":"scroll","background-type":"","background-media":"","overlay-type":"","overlay-color":"","overlay-opacity":"","overlay-gradient":""},"mobile":{"background-color":"","background-image":"","background-repeat":"repeat","background-position":"center center","background-size":"auto","background-attachment":"scroll","background-type":"","background-media":"","overlay-type":"","overlay-color":"","overlay-opacity":"","overlay-gradient":""}},"ast-content-background-meta":{"desktop":{"background-color":"var(--ast-global-color-5)","background-image":"","background-repeat":"repeat","background-position":"center center","background-size":"auto","background-attachment":"scroll","background-type":"","background-media":"","overlay-type":"","overlay-color":"","overlay-opacity":"","overlay-gradient":""},"tablet":{"background-color":"var(--ast-global-color-5)","background-image":"","background-repeat":"repeat","background-position":"center center","background-size":"auto","background-attachment":"scroll","background-type":"","background-media":"","overlay-type":"","overlay-color":"","overlay-opacity":"","overlay-gradient":""},"mobile":{"background-color":"var(--ast-global-color-5)","background-image":"","background-repeat":"repeat","background-position":"center center","background-size":"auto","background-attachment":"scroll","background-type":"","background-media":"","overlay-type":"","overlay-color":"","overlay-opacity":"","overlay-gradient":""}},"footnotes":""},"yoast_head":"<!-- This site is optimized with the Yoast SEO Premium plugin v18.7 (Yoast SEO v23.3) - https:\/\/yoast.com\/wordpress\/plugins\/seo\/ -->\n<title>Sobre N\u00f3s - Shark Free App<\/title>\n<meta name=\"robots\" content=\"index, follow, max-snippet:-1, max-image-preview:large, max-video-preview:-1\" \/>\n<link rel=\"canonical\" href=\"https:\/\/sharkfreeapp.com\/pl\/sobre-nos\/\" \/>\n<meta property=\"og:locale\" content=\"pl_PL\" \/>\n<meta property=\"og:type\" content=\"article\" \/>\n<meta property=\"og:title\" content=\"Sobre N\u00f3s\" \/>\n<meta property=\"og:description\" content=\"Um Pouco Sobre N\u00f3s O Shark Free App \u00e9 mais do que apenas um site informativo sobre tecnologia, aplicativos, games [&hellip;]\" \/>\n<meta property=\"og:url\" content=\"https:\/\/sharkfreeapp.com\/pl\/sobre-nos\/\" \/>\n<meta property=\"og:site_name\" content=\"Shark Free App\" \/>\n<meta property=\"article:modified_time\" content=\"2024-10-01T11:49:18+00:00\" \/>\n<meta name=\"twitter:card\" content=\"summary_large_image\" \/>\n<meta name=\"twitter:label1\" content=\"Est. reading time\" \/>\n\t<meta name=\"twitter:data1\" content=\"4 minuty\" \/>\n<script type=\"application\/ld+json\" class=\"yoast-schema-graph\">{\"@context\":\"https:\/\/schema.org\",\"@graph\":[{\"@type\":\"WebPage\",\"@id\":\"https:\/\/sharkfreeapp.com\/sobre-nos\/\",\"url\":\"https:\/\/sharkfreeapp.com\/sobre-nos\/\",\"name\":\"Sobre N\u00f3s - Shark Free App\",\"isPartOf\":{\"@id\":\"https:\/\/sharkfreeapp.com\/#website\"},\"datePublished\":\"2023-10-25T17:14:58+00:00\",\"dateModified\":\"2024-10-01T11:49:18+00:00\",\"breadcrumb\":{\"@id\":\"https:\/\/sharkfreeapp.com\/sobre-nos\/#breadcrumb\"},\"inLanguage\":\"pl-PL\",\"potentialAction\":[{\"@type\":\"ReadAction\",\"target\":[\"https:\/\/sharkfreeapp.com\/sobre-nos\/\"]}]},{\"@type\":\"BreadcrumbList\",\"@id\":\"https:\/\/sharkfreeapp.com\/sobre-nos\/#breadcrumb\",\"itemListElement\":[{\"@type\":\"ListItem\",\"position\":1,\"name\":\"Home\",\"item\":\"https:\/\/sharkfreeapp.com\/\"},{\"@type\":\"ListItem\",\"position\":2,\"name\":\"Sobre N\u00f3s\"}]},{\"@type\":\"WebSite\",\"@id\":\"https:\/\/sharkfreeapp.com\/#website\",\"url\":\"https:\/\/sharkfreeapp.com\/\",\"name\":\"Shark Free App\",\"description\":\"\",\"publisher\":{\"@id\":\"https:\/\/sharkfreeapp.com\/#organization\"},\"potentialAction\":[{\"@type\":\"SearchAction\",\"target\":{\"@type\":\"EntryPoint\",\"urlTemplate\":\"https:\/\/sharkfreeapp.com\/?s={search_term_string}\"},\"query-input\":\"required name=search_term_string\"}],\"inLanguage\":\"pl-PL\"},{\"@type\":\"Organization\",\"@id\":\"https:\/\/sharkfreeapp.com\/#organization\",\"name\":\"Shark Free App\",\"url\":\"https:\/\/sharkfreeapp.com\/\",\"logo\":{\"@type\":\"ImageObject\",\"inLanguage\":\"pl-PL\",\"@id\":\"https:\/\/sharkfreeapp.com\/#\/schema\/logo\/image\/\",\"url\":\"https:\/\/sharkfreeapp.com\/wp-content\/uploads\/sites\/99\/2023\/10\/cropped-Shark-Free-App-Logo_600px.png\",\"contentUrl\":\"https:\/\/sharkfreeapp.com\/wp-content\/uploads\/sites\/99\/2023\/10\/cropped-Shark-Free-App-Logo_600px.png\",\"width\":600,\"height\":208,\"caption\":\"Shark Free App\"},\"image\":{\"@id\":\"https:\/\/sharkfreeapp.com\/#\/schema\/logo\/image\/\"}}]}<\/script>\n<!-- \/ Yoast SEO Premium plugin. -->","yoast_head_json":{"title":"Sobre N\u00f3s - Shark Free App","robots":{"index":"index","follow":"follow","max-snippet":"max-snippet:-1","max-image-preview":"max-image-preview:large","max-video-preview":"max-video-preview:-1"},"canonical":"https:\/\/sharkfreeapp.com\/pl\/sobre-nos\/","og_locale":"pl_PL","og_type":"article","og_title":"Sobre N\u00f3s","og_description":"Um Pouco Sobre N\u00f3s O Shark Free App \u00e9 mais do que apenas um site informativo sobre tecnologia, aplicativos, games [&hellip;]","og_url":"https:\/\/sharkfreeapp.com\/pl\/sobre-nos\/","og_site_name":"Shark Free App","article_modified_time":"2024-10-01T11:49:18+00:00","twitter_card":"summary_large_image","twitter_misc":{"Est. reading time":"4 minuty"},"schema":{"@context":"https:\/\/schema.org","@graph":[{"@type":"WebPage","@id":"https:\/\/sharkfreeapp.com\/sobre-nos\/","url":"https:\/\/sharkfreeapp.com\/sobre-nos\/","name":"Sobre N\u00f3s - Shark Free App","isPartOf":{"@id":"https:\/\/sharkfreeapp.com\/#website"},"datePublished":"2023-10-25T17:14:58+00:00","dateModified":"2024-10-01T11:49:18+00:00","breadcrumb":{"@id":"https:\/\/sharkfreeapp.com\/sobre-nos\/#breadcrumb"},"inLanguage":"pl-PL","potentialAction":[{"@type":"ReadAction","target":["https:\/\/sharkfreeapp.com\/sobre-nos\/"]}]},{"@type":"BreadcrumbList","@id":"https:\/\/sharkfreeapp.com\/sobre-nos\/#breadcrumb","itemListElement":[{"@type":"ListItem","position":1,"name":"Home","item":"https:\/\/sharkfreeapp.com\/"},{"@type":"ListItem","position":2,"name":"Sobre N\u00f3s"}]},{"@type":"WebSite","@id":"https:\/\/sharkfreeapp.com\/#website","url":"https:\/\/sharkfreeapp.com\/","name":"Shark Free App","description":"","publisher":{"@id":"https:\/\/sharkfreeapp.com\/#organization"},"potentialAction":[{"@type":"SearchAction","target":{"@type":"EntryPoint","urlTemplate":"https:\/\/sharkfreeapp.com\/?s={search_term_string}"},"query-input":"required name=search_term_string"}],"inLanguage":"pl-PL"},{"@type":"Organization","@id":"https:\/\/sharkfreeapp.com\/#organization","name":"Shark Free App","url":"https:\/\/sharkfreeapp.com\/","logo":{"@type":"ImageObject","inLanguage":"pl-PL","@id":"https:\/\/sharkfreeapp.com\/#\/schema\/logo\/image\/","url":"https:\/\/sharkfreeapp.com\/wp-content\/uploads\/sites\/99\/2023\/10\/cropped-Shark-Free-App-Logo_600px.png","contentUrl":"https:\/\/sharkfreeapp.com\/wp-content\/uploads\/sites\/99\/2023\/10\/cropped-Shark-Free-App-Logo_600px.png","width":600,"height":208,"caption":"Shark Free App"},"image":{"@id":"https:\/\/sharkfreeapp.com\/#\/schema\/logo\/image\/"}}]}},"uagb_featured_image_src":{"full":false,"thumbnail":false,"medium":false,"medium_large":false,"large":false,"1536x1536":false,"2048x2048":false,"trp-custom-language-flag":false},"uagb_author_info":{"display_name":"pedrosantosfirefe","author_link":"https:\/\/sharkfreeapp.com\/pl\/author\/pedrosantosfirefe\/"},"uagb_comment_info":0,"uagb_excerpt":"Um Pouco Sobre N\u00f3s O Shark Free App \u00e9 mais do que apenas um site informativo sobre tecnologia, aplicativos, games [&hellip;]","_links":{"self":[{"href":"https:\/\/sharkfreeapp.com\/pl\/wp-json\/wp\/v2\/pages\/23919"}],"collection":[{"href":"https:\/\/sharkfreeapp.com\/pl\/wp-json\/wp\/v2\/pages"}],"about":[{"href":"https:\/\/sharkfreeapp.com\/pl\/wp-json\/wp\/v2\/types\/page"}],"author":[{"embeddable":true,"href":"https:\/\/sharkfreeapp.com\/pl\/wp-json\/wp\/v2\/users\/97"}],"replies":[{"embeddable":true,"href":"https:\/\/sharkfreeapp.com\/pl\/wp-json\/wp\/v2\/comments?post=23919"}],"version-history":[{"count":2,"href":"https:\/\/sharkfreeapp.com\/pl\/wp-json\/wp\/v2\/pages\/23919\/revisions"}],"predecessor-version":[{"id":29021,"href":"https:\/\/sharkfreeapp.com\/pl\/wp-json\/wp\/v2\/pages\/23919\/revisions\/29021"}],"wp:attachment":[{"href":"https:\/\/sharkfreeapp.com\/pl\/wp-json\/wp\/v2\/media?parent=23919"}],"curies":[{"name":"wp","href":"https:\/\/api.w.org\/{rel}","templated":true}]}}