{"id":9709,"date":"2022-12-22T09:09:06","date_gmt":"2022-12-22T09:09:06","guid":{"rendered":"https:\/\/stwsports.com\/?page_id=9709"},"modified":"2025-04-08T14:11:37","modified_gmt":"2025-04-08T14:11:37","slug":"dmca","status":"publish","type":"page","link":"https:\/\/sharkfreeapp.com\/pl\/dmca\/","title":{"rendered":"DMCA"},"content":{"rendered":"<h3 class=\"wp-block-heading\">Zasady obowi\u0105zuj\u0105ce w ramach ustawy Digital Millennium Copyright Act<\/h3>\n\n\n\n<p>Witamy w (\u201eWitrynie\u201d). Szanujemy prawa w\u0142asno\u015bci intelektualnej innych os\u00f3b, tak samo jak oczekujemy, \u017ce inni b\u0119d\u0105 szanowa\u0107 nasze prawa. Zgodnie z ustaw\u0105 Digital Millennium Copyright Act, tytu\u0142 17, Kodeks Stan\u00f3w Zjednoczonych, sekcja 512(c), w\u0142a\u015bciciel praw autorskich lub jego agent mo\u017ce przes\u0142a\u0107 nam \u017c\u0105danie usuni\u0119cia tre\u015bci za po\u015brednictwem naszego agenta DMCA wymienionego poni\u017cej. Jako dostawca us\u0142ug internetowych jeste\u015bmy uprawnieni do ubiegania si\u0119 o zwolnienie z roszcze\u0144 zwi\u0105zanych z naruszeniem prawa zgodnie z postanowieniami \u201ebezpiecznej przystani\u201d ustawy DMCA. Aby w dobrej wierze zg\u0142osi\u0107 nam roszczenie o naruszenie przepis\u00f3w, nale\u017cy przes\u0142a\u0107 nam powiadomienie zawieraj\u0105ce nast\u0119puj\u0105ce informacje:<\/p>\n\n\n\n<p><strong>Zawiadomienie o naruszeniu \u2013 Roszczenie<\/strong><\/p>\n\n\n\n<p>1. Fizyczny lub elektroniczny podpis w\u0142a\u015bciciela praw autorskich (lub osoby upowa\u017cnionej do dzia\u0142ania w imieniu w\u0142a\u015bciciela);<br>2. Identyfikacja utworu chronionego prawem autorskim, co do kt\u00f3rego zarzuca si\u0119 naruszenie;<br>3. Identyfikacja materia\u0142u naruszaj\u0105cego prawo, kt\u00f3ry ma zosta\u0107 usuni\u0119ty, oraz informacje w miar\u0119 wystarczaj\u0105ce, aby umo\u017cliwi\u0107 us\u0142ugodawcy zlokalizowanie materia\u0142u. [Prosz\u0119 poda\u0107 adres URL danej strony, aby pom\u00f3c nam w zidentyfikowaniu dzie\u0142a, kt\u00f3re najwyra\u017aniej narusza prawo];<br>4. Informacje wystarczaj\u0105ce, aby umo\u017cliwi\u0107 us\u0142ugodawcy skontaktowanie si\u0119 ze stron\u0105 sk\u0142adaj\u0105c\u0105 skarg\u0119, w tym imi\u0119 i nazwisko, adres fizyczny, adres e-mail, numer telefonu i numer faksu;<br>5. O\u015bwiadczenie, \u017ce strona sk\u0142adaj\u0105ca skarg\u0119 w dobrej wierze uwa\u017ca, \u017ce wykorzystanie materia\u0142u jest nieuprawnione przez agenta ds. praw autorskich; I<br>6. O\u015bwiadczenie, \u017ce informacje zawarte w zg\u0142oszeniu s\u0105 zgodne z prawd\u0105 oraz pod rygorem odpowiedzialno\u015bci za sk\u0142adanie fa\u0142szywych zezna\u0144, \u017ce sk\u0142adaj\u0105cy skarg\u0119 jest umocowany do dzia\u0142ania w imieniu w\u0142a\u015bciciela praw autorskich.<\/p>\n\n\n\n<p>Tytu\u0142 17 USC \u00a7512(f) przewiduje kary z tytu\u0142u odszkodowania cywilnego, w tym koszty i honoraria adwokackie, wobec ka\u017cdej osoby, kt\u00f3ra \u015bwiadomie i materialnie wprowadza w b\u0142\u0105d pewne informacje w powiadomieniu o naruszeniu na podstawie 17 USC \u00a7512(c)(3).<\/p>\n\n\n\n<p>Wysy\u0142aj wszystkie powiadomienia o usuni\u0119ciu za po\u015brednictwem naszej strony kontaktowej. Prosimy o przes\u0142anie e-mailem w celu uzyskania szybkiej uwagi.<\/p>\n\n\n\n<p>Nale\u017cy pami\u0119ta\u0107, \u017ce mo\u017cemy udost\u0119pni\u0107 to\u017csamo\u015b\u0107 i informacje domniemanemu sprawcy naruszenia praw autorskich w ka\u017cdym otrzymanym przez nas pozwie dotycz\u0105cym naruszenia praw autorskich. Przesy\u0142aj\u0105c roszczenie, akceptujesz i zgadzasz si\u0119, \u017ce Twoja to\u017csamo\u015b\u0107 i roszczenie mog\u0105 zosta\u0107 przekazane domniemanemu sprawcy naruszenia.<\/p>\n\n\n\n<p><strong>Roszczenie wzajemne \u2013 przywr\u00f3cenie materia\u0142u<\/strong><\/p>\n\n\n\n<p>Je\u015bli otrzyma\u0142e\u015b powiadomienie o usuni\u0119ciu materia\u0142u w zwi\u0105zku z roszczeniem o naruszenie praw autorskich, mo\u017cesz przes\u0142a\u0107 nam roszczenie wzajemne, staraj\u0105c si\u0119 przywr\u00f3ci\u0107 dany materia\u0142 w witrynie. Powiadomienie to musi zosta\u0107 przekazane naszemu agentowi DMCA na pi\u015bmie i musi zasadniczo zawiera\u0107 nast\u0119puj\u0105ce elementy zgodnie z 17 USC, sekcja 512 (g) (3):<\/p>\n\n\n\n<p>1. Tw\u00f3j podpis fizyczny lub elektroniczny.<br>2. Opis zdejmowanego materia\u0142u i pierwotna lokalizacja materia\u0142u przed zdj\u0119ciem.<br>3. O\u015bwiadczenie pod rygorem odpowiedzialno\u015bci karnej za krzywoprzysi\u0119stwo, \u017ce w dobrej wierze wierzysz, \u017ce materia\u0142 zosta\u0142 usuni\u0119ty lub unieruchomiony w wyniku pomy\u0142ki lub b\u0142\u0119dnej identyfikacji materia\u0142u, kt\u00f3ry ma zosta\u0107 usuni\u0119ty lub unieruchomiony.<br>4. Twoje imi\u0119 i nazwisko, adres i numer telefonu oraz o\u015bwiadczenie, \u017ce zgadzasz si\u0119 na jurysdykcj\u0119 federalnego s\u0105du rejonowego dla okr\u0119gu s\u0105dowego, w kt\u00f3rym znajduje si\u0119 adres (lub, je\u015bli przebywasz poza Stanami Zjednoczonymi, \u017ce wyra\u017casz zgod\u0119 na jurysdykcja dowolnego okr\u0119gu s\u0105dowego, w kt\u00f3rym znajduje si\u0119 us\u0142ugodawca) oraz \u017ce przyjmiesz dor\u0119czenie procesu od osoby lub firmy, kt\u00f3ra dostarczy\u0142a pierwotne powiadomienie o naruszeniu prawa.<br>5. Wy\u015blij roszczenie wzajemne za po\u015brednictwem naszej strony kontaktowej. E-mail jest wysoce zalecany.<\/p>\n\n\n\n<p><strong>Powt\u00f3rz zasady dotycz\u0105ce os\u00f3b naruszaj\u0105cych zasady<\/strong><\/p>\n\n\n\n<p>Bardzo powa\u017cnie podchodzimy do narusze\u0144 praw autorskich. Zgodnie z wymogami ustawy Digital Millennium Copyright Act dotycz\u0105cymi wielokrotnych narusze\u0144, prowadzimy list\u0119 powiadomie\u0144 DMCA od w\u0142a\u015bcicieli praw autorskich i dok\u0142adamy w dobrej wierze wysi\u0142k\u00f3w, aby zidentyfikowa\u0107 wszelkich powtarzaj\u0105cych si\u0119 sprawc\u00f3w narusze\u0144. Konta os\u00f3b, kt\u00f3re narusz\u0105 nasz\u0105 wewn\u0119trzn\u0105 polityk\u0119 dotycz\u0105c\u0105 powtarzaj\u0105cych si\u0119 narusze\u0144, zostan\u0105 usuni\u0119te.<\/p>\n\n\n\n<p><strong>Modyfikacje<\/strong><\/p>\n\n\n\n<p>Zastrzegamy sobie prawo do modyfikowania zawarto\u015bci tej strony i jej zasad post\u0119powania z roszczeniami DMCA w dowolnym momencie i z dowolnego powodu. Zach\u0119camy do cz\u0119stego sprawdzania niniejszej polityki pod k\u0105tem ewentualnych zmian.<\/p>","protected":false},"excerpt":{"rendered":"<p>Digital Millennium Copyright Act Policy Welcome to (the \u201dSite\u201d).We respect the intellectual property rights of others just as we expect [&hellip;]<\/p>","protected":false},"author":127,"featured_media":0,"parent":0,"menu_order":0,"comment_status":"closed","ping_status":"closed","template":"page-nosidebar.php","meta":{"_uag_custom_page_level_css":"","site-sidebar-layout":"default","site-content-layout":"","ast-site-content-layout":"","site-content-style":"default","site-sidebar-style":"default","ast-global-header-display":"","ast-banner-title-visibility":"","ast-main-header-display":"","ast-hfb-above-header-display":"","ast-hfb-below-header-display":"","ast-hfb-mobile-header-display":"","site-post-title":"","ast-breadcrumbs-content":"","ast-featured-img":"","footer-sml-layout":"","theme-transparent-header-meta":"","adv-header-id-meta":"","stick-header-meta":"","header-above-stick-meta":"","header-main-stick-meta":"","header-below-stick-meta":"","astra-migrate-meta-layouts":"default","ast-page-background-enabled":"default","ast-page-background-meta":{"desktop":{"background-color":"var(--ast-global-color-4)","background-image":"","background-repeat":"repeat","background-position":"center center","background-size":"auto","background-attachment":"scroll","background-type":"","background-media":"","overlay-type":"","overlay-color":"","overlay-opacity":"","overlay-gradient":""},"tablet":{"background-color":"","background-image":"","background-repeat":"repeat","background-position":"center center","background-size":"auto","background-attachment":"scroll","background-type":"","background-media":"","overlay-type":"","overlay-color":"","overlay-opacity":"","overlay-gradient":""},"mobile":{"background-color":"","background-image":"","background-repeat":"repeat","background-position":"center center","background-size":"auto","background-attachment":"scroll","background-type":"","background-media":"","overlay-type":"","overlay-color":"","overlay-opacity":"","overlay-gradient":""}},"ast-content-background-meta":{"desktop":{"background-color":"var(--ast-global-color-5)","background-image":"","background-repeat":"repeat","background-position":"center center","background-size":"auto","background-attachment":"scroll","background-type":"","background-media":"","overlay-type":"","overlay-color":"","overlay-opacity":"","overlay-gradient":""},"tablet":{"background-color":"var(--ast-global-color-5)","background-image":"","background-repeat":"repeat","background-position":"center center","background-size":"auto","background-attachment":"scroll","background-type":"","background-media":"","overlay-type":"","overlay-color":"","overlay-opacity":"","overlay-gradient":""},"mobile":{"background-color":"var(--ast-global-color-5)","background-image":"","background-repeat":"repeat","background-position":"center center","background-size":"auto","background-attachment":"scroll","background-type":"","background-media":"","overlay-type":"","overlay-color":"","overlay-opacity":"","overlay-gradient":""}},"footnotes":""},"yoast_head":"<!-- This site is optimized with the Yoast SEO Premium plugin v18.7 (Yoast SEO v23.3) - https:\/\/yoast.com\/wordpress\/plugins\/seo\/ -->\n<title>DMCA - Shark Free App<\/title>\n<meta name=\"robots\" content=\"index, follow, max-snippet:-1, max-image-preview:large, max-video-preview:-1\" \/>\n<link rel=\"canonical\" href=\"https:\/\/sharkfreeapp.com\/pl\/dmca\/\" \/>\n<meta property=\"og:locale\" content=\"pl_PL\" \/>\n<meta property=\"og:type\" content=\"article\" \/>\n<meta property=\"og:title\" content=\"DMCA\" \/>\n<meta property=\"og:description\" content=\"Digital Millennium Copyright Act Policy Welcome to (the \u201dSite\u201d).We respect the intellectual property rights of others just as we expect [&hellip;]\" \/>\n<meta property=\"og:url\" content=\"https:\/\/sharkfreeapp.com\/pl\/dmca\/\" \/>\n<meta property=\"og:site_name\" content=\"Shark Free App\" \/>\n<meta property=\"article:modified_time\" content=\"2025-04-08T14:11:37+00:00\" \/>\n<meta name=\"twitter:card\" content=\"summary_large_image\" \/>\n<meta name=\"twitter:label1\" content=\"Est. reading time\" \/>\n\t<meta name=\"twitter:data1\" content=\"4 minuty\" \/>\n<script type=\"application\/ld+json\" class=\"yoast-schema-graph\">{\"@context\":\"https:\/\/schema.org\",\"@graph\":[{\"@type\":\"WebPage\",\"@id\":\"https:\/\/sharkfreeapp.com\/dmca\/\",\"url\":\"https:\/\/sharkfreeapp.com\/dmca\/\",\"name\":\"DMCA - Shark Free App\",\"isPartOf\":{\"@id\":\"https:\/\/sharkfreeapp.com\/#website\"},\"datePublished\":\"2022-12-22T09:09:06+00:00\",\"dateModified\":\"2025-04-08T14:11:37+00:00\",\"breadcrumb\":{\"@id\":\"https:\/\/sharkfreeapp.com\/dmca\/#breadcrumb\"},\"inLanguage\":\"pl-PL\",\"potentialAction\":[{\"@type\":\"ReadAction\",\"target\":[\"https:\/\/sharkfreeapp.com\/dmca\/\"]}]},{\"@type\":\"BreadcrumbList\",\"@id\":\"https:\/\/sharkfreeapp.com\/dmca\/#breadcrumb\",\"itemListElement\":[{\"@type\":\"ListItem\",\"position\":1,\"name\":\"Home\",\"item\":\"https:\/\/sharkfreeapp.com\/\"},{\"@type\":\"ListItem\",\"position\":2,\"name\":\"DMCA\"}]},{\"@type\":\"WebSite\",\"@id\":\"https:\/\/sharkfreeapp.com\/#website\",\"url\":\"https:\/\/sharkfreeapp.com\/\",\"name\":\"Shark Free App\",\"description\":\"\",\"publisher\":{\"@id\":\"https:\/\/sharkfreeapp.com\/#organization\"},\"potentialAction\":[{\"@type\":\"SearchAction\",\"target\":{\"@type\":\"EntryPoint\",\"urlTemplate\":\"https:\/\/sharkfreeapp.com\/?s={search_term_string}\"},\"query-input\":\"required name=search_term_string\"}],\"inLanguage\":\"pl-PL\"},{\"@type\":\"Organization\",\"@id\":\"https:\/\/sharkfreeapp.com\/#organization\",\"name\":\"Shark Free App\",\"url\":\"https:\/\/sharkfreeapp.com\/\",\"logo\":{\"@type\":\"ImageObject\",\"inLanguage\":\"pl-PL\",\"@id\":\"https:\/\/sharkfreeapp.com\/#\/schema\/logo\/image\/\",\"url\":\"https:\/\/sharkfreeapp.com\/wp-content\/uploads\/sites\/99\/2023\/10\/cropped-Shark-Free-App-Logo_600px.png\",\"contentUrl\":\"https:\/\/sharkfreeapp.com\/wp-content\/uploads\/sites\/99\/2023\/10\/cropped-Shark-Free-App-Logo_600px.png\",\"width\":600,\"height\":208,\"caption\":\"Shark Free App\"},\"image\":{\"@id\":\"https:\/\/sharkfreeapp.com\/#\/schema\/logo\/image\/\"}}]}<\/script>\n<!-- \/ Yoast SEO Premium plugin. -->","yoast_head_json":{"title":"DMCA - Shark Free App","robots":{"index":"index","follow":"follow","max-snippet":"max-snippet:-1","max-image-preview":"max-image-preview:large","max-video-preview":"max-video-preview:-1"},"canonical":"https:\/\/sharkfreeapp.com\/pl\/dmca\/","og_locale":"pl_PL","og_type":"article","og_title":"DMCA","og_description":"Digital Millennium Copyright Act Policy Welcome to (the \u201dSite\u201d).We respect the intellectual property rights of others just as we expect [&hellip;]","og_url":"https:\/\/sharkfreeapp.com\/pl\/dmca\/","og_site_name":"Shark Free App","article_modified_time":"2025-04-08T14:11:37+00:00","twitter_card":"summary_large_image","twitter_misc":{"Est. reading time":"4 minuty"},"schema":{"@context":"https:\/\/schema.org","@graph":[{"@type":"WebPage","@id":"https:\/\/sharkfreeapp.com\/dmca\/","url":"https:\/\/sharkfreeapp.com\/dmca\/","name":"DMCA - Shark Free App","isPartOf":{"@id":"https:\/\/sharkfreeapp.com\/#website"},"datePublished":"2022-12-22T09:09:06+00:00","dateModified":"2025-04-08T14:11:37+00:00","breadcrumb":{"@id":"https:\/\/sharkfreeapp.com\/dmca\/#breadcrumb"},"inLanguage":"pl-PL","potentialAction":[{"@type":"ReadAction","target":["https:\/\/sharkfreeapp.com\/dmca\/"]}]},{"@type":"BreadcrumbList","@id":"https:\/\/sharkfreeapp.com\/dmca\/#breadcrumb","itemListElement":[{"@type":"ListItem","position":1,"name":"Home","item":"https:\/\/sharkfreeapp.com\/"},{"@type":"ListItem","position":2,"name":"DMCA"}]},{"@type":"WebSite","@id":"https:\/\/sharkfreeapp.com\/#website","url":"https:\/\/sharkfreeapp.com\/","name":"Shark Free App","description":"","publisher":{"@id":"https:\/\/sharkfreeapp.com\/#organization"},"potentialAction":[{"@type":"SearchAction","target":{"@type":"EntryPoint","urlTemplate":"https:\/\/sharkfreeapp.com\/?s={search_term_string}"},"query-input":"required name=search_term_string"}],"inLanguage":"pl-PL"},{"@type":"Organization","@id":"https:\/\/sharkfreeapp.com\/#organization","name":"Shark Free App","url":"https:\/\/sharkfreeapp.com\/","logo":{"@type":"ImageObject","inLanguage":"pl-PL","@id":"https:\/\/sharkfreeapp.com\/#\/schema\/logo\/image\/","url":"https:\/\/sharkfreeapp.com\/wp-content\/uploads\/sites\/99\/2023\/10\/cropped-Shark-Free-App-Logo_600px.png","contentUrl":"https:\/\/sharkfreeapp.com\/wp-content\/uploads\/sites\/99\/2023\/10\/cropped-Shark-Free-App-Logo_600px.png","width":600,"height":208,"caption":"Shark Free App"},"image":{"@id":"https:\/\/sharkfreeapp.com\/#\/schema\/logo\/image\/"}}]}},"uagb_featured_image_src":{"full":false,"thumbnail":false,"medium":false,"medium_large":false,"large":false,"1536x1536":false,"2048x2048":false,"trp-custom-language-flag":false},"uagb_author_info":{"display_name":"tais","author_link":"https:\/\/sharkfreeapp.com\/pl\/author\/tais\/"},"uagb_comment_info":0,"uagb_excerpt":"Digital Millennium Copyright Act Policy Welcome to (the \u201dSite\u201d).We respect the intellectual property rights of others just as we expect [&hellip;]","_links":{"self":[{"href":"https:\/\/sharkfreeapp.com\/pl\/wp-json\/wp\/v2\/pages\/9709"}],"collection":[{"href":"https:\/\/sharkfreeapp.com\/pl\/wp-json\/wp\/v2\/pages"}],"about":[{"href":"https:\/\/sharkfreeapp.com\/pl\/wp-json\/wp\/v2\/types\/page"}],"author":[{"embeddable":true,"href":"https:\/\/sharkfreeapp.com\/pl\/wp-json\/wp\/v2\/users\/127"}],"replies":[{"embeddable":true,"href":"https:\/\/sharkfreeapp.com\/pl\/wp-json\/wp\/v2\/comments?post=9709"}],"version-history":[{"count":1,"href":"https:\/\/sharkfreeapp.com\/pl\/wp-json\/wp\/v2\/pages\/9709\/revisions"}],"predecessor-version":[{"id":30682,"href":"https:\/\/sharkfreeapp.com\/pl\/wp-json\/wp\/v2\/pages\/9709\/revisions\/30682"}],"wp:attachment":[{"href":"https:\/\/sharkfreeapp.com\/pl\/wp-json\/wp\/v2\/media?parent=9709"}],"curies":[{"name":"wp","href":"https:\/\/api.w.org\/{rel}","templated":true}]}}