{"id":9711,"date":"2022-12-22T09:12:02","date_gmt":"2022-12-22T09:12:02","guid":{"rendered":"https:\/\/stwsports.com\/?page_id=9711"},"modified":"2024-10-01T11:48:03","modified_gmt":"2024-10-01T11:48:03","slug":"politica-de-cookies","status":"publish","type":"page","link":"https:\/\/sharkfreeapp.com\/pl\/politica-de-cookies\/","title":{"rendered":"Polityka plik\u00f3w cookies"},"content":{"rendered":"<p>Zale\u017cy nam na ochronie Twojej prywatno\u015bci w Internecie. Jakie informacje zbieramy? Zbieramy informacje od Ciebie, gdy odwiedzasz nasz\u0105 stron\u0119 internetow\u0105. Podczas przesy\u0142ania lub rejestracji na naszej stronie mo\u017cesz zosta\u0107 poproszony o podanie: imienia i nazwiska lub adresu e-mail. Mo\u017cesz jednak odwiedza\u0107 nasz\u0105 stron\u0119 anonimowo. Do czego wykorzystujemy Twoje dane? Wszelkie informacje, kt\u00f3re od Ciebie zbieramy, mog\u0105 zosta\u0107 wykorzystane w jeden z nast\u0119puj\u0105cych sposob\u00f3w: W celu ulepszenia naszej witryny internetowej W celu poprawy obs\u0142ugi klienta Jak chronimy Twoje dane? Wdra\u017camy r\u00f3\u017cnorodne \u015brodki bezpiecze\u0144stwa, aby zachowa\u0107 bezpiecze\u0144stwo Twoich danych osobowych podczas sk\u0142adania zam\u00f3wienia, wprowadzania, przesy\u0142ania lub uzyskiwania dost\u0119pu do Twoich danych osobowych. Pliki cookie Pliki cookie to ma\u0142e pliki, kt\u00f3re witryna lub jej dostawca us\u0142ug przesy\u0142a na dysk twardy Twojego komputera za po\u015brednictwem przegl\u0105darki (je\u015bli na to pozwalasz), kt\u00f3re umo\u017cliwiaj\u0105 witrynom lub systemom us\u0142ugodawcy rozpoznanie Twojej przegl\u0105darki oraz przechwycenie i zapami\u0119tanie okre\u015blonych informacji. Do tego u\u017cywamy plik\u00f3w cookie zrozumie\u0107 i zapisa\u0107 Twoje preferencje na potrzeby przysz\u0142ych wizyt. Niniejsza Polityka prywatno\u015bci w Internecie Niniejsza Polityka prywatno\u015bci w Internecie dotyczy wy\u0142\u0105cznie informacji zebranych za po\u015brednictwem naszej witryny internetowej, a nie informacji zebranych w trybie offline. Zmiany w naszej Polityce prywatno\u015bci Je\u015bli zdecydujemy si\u0119 zmieni\u0107 nasz\u0105 polityk\u0119 prywatno\u015bci, opublikujemy te zmiany na tej stronie. Je\u015bli masz jakie\u015b pytania lub sugestie dotycz\u0105ce naszej Polityki prywatno\u015bci, skontaktuj si\u0119 z nami, a my wkr\u00f3tce si\u0119 z Tob\u0105 skontaktujemy.<\/p>\n\n\n\n<h2 class=\"wp-block-heading\">INFORMACJE KONTAKTOWE<\/h2>\n\n\n\n<p>Adres do korespondencji: Rua das ac\u00e1cias, Sumar\u00e9, SP, Brazylia<br \/>Telefon: +55929996-5008<\/p>\n\n\n\n<p>Adres e-mail do kontaktu: contato@sharkfreeapp.com<\/p>\n\n\n\n<p>&nbsp;<\/p>","protected":false},"excerpt":{"rendered":"<p>Est\u00e1 empenhada em proteger sua privacidade on-line. Que informa\u00e7\u00f5es coletamos? Coletamos informa\u00e7\u00f5es de voc\u00ea quando visita nosso site. Ao enviar [&hellip;]<\/p>","protected":false},"author":97,"featured_media":0,"parent":0,"menu_order":0,"comment_status":"closed","ping_status":"closed","template":"page-nosidebar.php","meta":{"_uag_custom_page_level_css":"","site-sidebar-layout":"default","site-content-layout":"","ast-site-content-layout":"","site-content-style":"default","site-sidebar-style":"default","ast-global-header-display":"","ast-banner-title-visibility":"","ast-main-header-display":"","ast-hfb-above-header-display":"","ast-hfb-below-header-display":"","ast-hfb-mobile-header-display":"","site-post-title":"","ast-breadcrumbs-content":"","ast-featured-img":"","footer-sml-layout":"","theme-transparent-header-meta":"","adv-header-id-meta":"","stick-header-meta":"","header-above-stick-meta":"","header-main-stick-meta":"","header-below-stick-meta":"","astra-migrate-meta-layouts":"default","ast-page-background-enabled":"default","ast-page-background-meta":{"desktop":{"background-color":"var(--ast-global-color-4)","background-image":"","background-repeat":"repeat","background-position":"center center","background-size":"auto","background-attachment":"scroll","background-type":"","background-media":"","overlay-type":"","overlay-color":"","overlay-opacity":"","overlay-gradient":""},"tablet":{"background-color":"","background-image":"","background-repeat":"repeat","background-position":"center center","background-size":"auto","background-attachment":"scroll","background-type":"","background-media":"","overlay-type":"","overlay-color":"","overlay-opacity":"","overlay-gradient":""},"mobile":{"background-color":"","background-image":"","background-repeat":"repeat","background-position":"center center","background-size":"auto","background-attachment":"scroll","background-type":"","background-media":"","overlay-type":"","overlay-color":"","overlay-opacity":"","overlay-gradient":""}},"ast-content-background-meta":{"desktop":{"background-color":"var(--ast-global-color-5)","background-image":"","background-repeat":"repeat","background-position":"center center","background-size":"auto","background-attachment":"scroll","background-type":"","background-media":"","overlay-type":"","overlay-color":"","overlay-opacity":"","overlay-gradient":""},"tablet":{"background-color":"var(--ast-global-color-5)","background-image":"","background-repeat":"repeat","background-position":"center center","background-size":"auto","background-attachment":"scroll","background-type":"","background-media":"","overlay-type":"","overlay-color":"","overlay-opacity":"","overlay-gradient":""},"mobile":{"background-color":"var(--ast-global-color-5)","background-image":"","background-repeat":"repeat","background-position":"center center","background-size":"auto","background-attachment":"scroll","background-type":"","background-media":"","overlay-type":"","overlay-color":"","overlay-opacity":"","overlay-gradient":""}},"footnotes":""},"yoast_head":"<!-- This site is optimized with the Yoast SEO Premium plugin v18.7 (Yoast SEO v23.3) - https:\/\/yoast.com\/wordpress\/plugins\/seo\/ -->\n<title>Pol\u00edtica de Cookies - Shark Free App<\/title>\n<meta name=\"robots\" content=\"index, follow, max-snippet:-1, max-image-preview:large, max-video-preview:-1\" \/>\n<link rel=\"canonical\" href=\"https:\/\/sharkfreeapp.com\/pl\/politica-de-cookies\/\" \/>\n<meta property=\"og:locale\" content=\"pl_PL\" \/>\n<meta property=\"og:type\" content=\"article\" \/>\n<meta property=\"og:title\" content=\"Pol\u00edtica de Cookies\" \/>\n<meta property=\"og:description\" content=\"Est\u00e1 empenhada em proteger sua privacidade on-line. Que informa\u00e7\u00f5es coletamos? Coletamos informa\u00e7\u00f5es de voc\u00ea quando visita nosso site. Ao enviar [&hellip;]\" \/>\n<meta property=\"og:url\" content=\"https:\/\/sharkfreeapp.com\/pl\/politica-de-cookies\/\" \/>\n<meta property=\"og:site_name\" content=\"Shark Free App\" \/>\n<meta property=\"article:modified_time\" content=\"2024-10-01T11:48:03+00:00\" \/>\n<meta name=\"twitter:card\" content=\"summary_large_image\" \/>\n<meta name=\"twitter:label1\" content=\"Est. reading time\" \/>\n\t<meta name=\"twitter:data1\" content=\"2 minuty\" \/>\n<script type=\"application\/ld+json\" class=\"yoast-schema-graph\">{\"@context\":\"https:\/\/schema.org\",\"@graph\":[{\"@type\":\"WebPage\",\"@id\":\"https:\/\/sharkfreeapp.com\/politica-de-cookies\/\",\"url\":\"https:\/\/sharkfreeapp.com\/politica-de-cookies\/\",\"name\":\"Pol\u00edtica de Cookies - Shark Free App\",\"isPartOf\":{\"@id\":\"https:\/\/sharkfreeapp.com\/#website\"},\"datePublished\":\"2022-12-22T09:12:02+00:00\",\"dateModified\":\"2024-10-01T11:48:03+00:00\",\"breadcrumb\":{\"@id\":\"https:\/\/sharkfreeapp.com\/politica-de-cookies\/#breadcrumb\"},\"inLanguage\":\"pl-PL\",\"potentialAction\":[{\"@type\":\"ReadAction\",\"target\":[\"https:\/\/sharkfreeapp.com\/politica-de-cookies\/\"]}]},{\"@type\":\"BreadcrumbList\",\"@id\":\"https:\/\/sharkfreeapp.com\/politica-de-cookies\/#breadcrumb\",\"itemListElement\":[{\"@type\":\"ListItem\",\"position\":1,\"name\":\"Home\",\"item\":\"https:\/\/sharkfreeapp.com\/\"},{\"@type\":\"ListItem\",\"position\":2,\"name\":\"Pol\u00edtica de Cookies\"}]},{\"@type\":\"WebSite\",\"@id\":\"https:\/\/sharkfreeapp.com\/#website\",\"url\":\"https:\/\/sharkfreeapp.com\/\",\"name\":\"Shark Free App\",\"description\":\"\",\"publisher\":{\"@id\":\"https:\/\/sharkfreeapp.com\/#organization\"},\"potentialAction\":[{\"@type\":\"SearchAction\",\"target\":{\"@type\":\"EntryPoint\",\"urlTemplate\":\"https:\/\/sharkfreeapp.com\/?s={search_term_string}\"},\"query-input\":\"required name=search_term_string\"}],\"inLanguage\":\"pl-PL\"},{\"@type\":\"Organization\",\"@id\":\"https:\/\/sharkfreeapp.com\/#organization\",\"name\":\"Shark Free App\",\"url\":\"https:\/\/sharkfreeapp.com\/\",\"logo\":{\"@type\":\"ImageObject\",\"inLanguage\":\"pl-PL\",\"@id\":\"https:\/\/sharkfreeapp.com\/#\/schema\/logo\/image\/\",\"url\":\"https:\/\/sharkfreeapp.com\/wp-content\/uploads\/sites\/99\/2023\/10\/cropped-Shark-Free-App-Logo_600px.png\",\"contentUrl\":\"https:\/\/sharkfreeapp.com\/wp-content\/uploads\/sites\/99\/2023\/10\/cropped-Shark-Free-App-Logo_600px.png\",\"width\":600,\"height\":208,\"caption\":\"Shark Free App\"},\"image\":{\"@id\":\"https:\/\/sharkfreeapp.com\/#\/schema\/logo\/image\/\"}}]}<\/script>\n<!-- \/ Yoast SEO Premium plugin. -->","yoast_head_json":{"title":"Pol\u00edtica de Cookies - Shark Free App","robots":{"index":"index","follow":"follow","max-snippet":"max-snippet:-1","max-image-preview":"max-image-preview:large","max-video-preview":"max-video-preview:-1"},"canonical":"https:\/\/sharkfreeapp.com\/pl\/politica-de-cookies\/","og_locale":"pl_PL","og_type":"article","og_title":"Pol\u00edtica de Cookies","og_description":"Est\u00e1 empenhada em proteger sua privacidade on-line. Que informa\u00e7\u00f5es coletamos? Coletamos informa\u00e7\u00f5es de voc\u00ea quando visita nosso site. Ao enviar [&hellip;]","og_url":"https:\/\/sharkfreeapp.com\/pl\/politica-de-cookies\/","og_site_name":"Shark Free App","article_modified_time":"2024-10-01T11:48:03+00:00","twitter_card":"summary_large_image","twitter_misc":{"Est. reading time":"2 minuty"},"schema":{"@context":"https:\/\/schema.org","@graph":[{"@type":"WebPage","@id":"https:\/\/sharkfreeapp.com\/politica-de-cookies\/","url":"https:\/\/sharkfreeapp.com\/politica-de-cookies\/","name":"Pol\u00edtica de Cookies - Shark Free App","isPartOf":{"@id":"https:\/\/sharkfreeapp.com\/#website"},"datePublished":"2022-12-22T09:12:02+00:00","dateModified":"2024-10-01T11:48:03+00:00","breadcrumb":{"@id":"https:\/\/sharkfreeapp.com\/politica-de-cookies\/#breadcrumb"},"inLanguage":"pl-PL","potentialAction":[{"@type":"ReadAction","target":["https:\/\/sharkfreeapp.com\/politica-de-cookies\/"]}]},{"@type":"BreadcrumbList","@id":"https:\/\/sharkfreeapp.com\/politica-de-cookies\/#breadcrumb","itemListElement":[{"@type":"ListItem","position":1,"name":"Home","item":"https:\/\/sharkfreeapp.com\/"},{"@type":"ListItem","position":2,"name":"Pol\u00edtica de Cookies"}]},{"@type":"WebSite","@id":"https:\/\/sharkfreeapp.com\/#website","url":"https:\/\/sharkfreeapp.com\/","name":"Shark Free App","description":"","publisher":{"@id":"https:\/\/sharkfreeapp.com\/#organization"},"potentialAction":[{"@type":"SearchAction","target":{"@type":"EntryPoint","urlTemplate":"https:\/\/sharkfreeapp.com\/?s={search_term_string}"},"query-input":"required name=search_term_string"}],"inLanguage":"pl-PL"},{"@type":"Organization","@id":"https:\/\/sharkfreeapp.com\/#organization","name":"Shark Free App","url":"https:\/\/sharkfreeapp.com\/","logo":{"@type":"ImageObject","inLanguage":"pl-PL","@id":"https:\/\/sharkfreeapp.com\/#\/schema\/logo\/image\/","url":"https:\/\/sharkfreeapp.com\/wp-content\/uploads\/sites\/99\/2023\/10\/cropped-Shark-Free-App-Logo_600px.png","contentUrl":"https:\/\/sharkfreeapp.com\/wp-content\/uploads\/sites\/99\/2023\/10\/cropped-Shark-Free-App-Logo_600px.png","width":600,"height":208,"caption":"Shark Free App"},"image":{"@id":"https:\/\/sharkfreeapp.com\/#\/schema\/logo\/image\/"}}]}},"uagb_featured_image_src":{"full":false,"thumbnail":false,"medium":false,"medium_large":false,"large":false,"1536x1536":false,"2048x2048":false,"trp-custom-language-flag":false},"uagb_author_info":{"display_name":"pedrosantosfirefe","author_link":"https:\/\/sharkfreeapp.com\/pl\/author\/pedrosantosfirefe\/"},"uagb_comment_info":0,"uagb_excerpt":"Est\u00e1 empenhada em proteger sua privacidade on-line. Que informa\u00e7\u00f5es coletamos? Coletamos informa\u00e7\u00f5es de voc\u00ea quando visita nosso site. Ao enviar [&hellip;]","_links":{"self":[{"href":"https:\/\/sharkfreeapp.com\/pl\/wp-json\/wp\/v2\/pages\/9711"}],"collection":[{"href":"https:\/\/sharkfreeapp.com\/pl\/wp-json\/wp\/v2\/pages"}],"about":[{"href":"https:\/\/sharkfreeapp.com\/pl\/wp-json\/wp\/v2\/types\/page"}],"author":[{"embeddable":true,"href":"https:\/\/sharkfreeapp.com\/pl\/wp-json\/wp\/v2\/users\/97"}],"replies":[{"embeddable":true,"href":"https:\/\/sharkfreeapp.com\/pl\/wp-json\/wp\/v2\/comments?post=9711"}],"version-history":[{"count":1,"href":"https:\/\/sharkfreeapp.com\/pl\/wp-json\/wp\/v2\/pages\/9711\/revisions"}],"predecessor-version":[{"id":29018,"href":"https:\/\/sharkfreeapp.com\/pl\/wp-json\/wp\/v2\/pages\/9711\/revisions\/29018"}],"wp:attachment":[{"href":"https:\/\/sharkfreeapp.com\/pl\/wp-json\/wp\/v2\/media?parent=9711"}],"curies":[{"name":"wp","href":"https:\/\/api.w.org\/{rel}","templated":true}]}}