{"id":23843,"date":"2023-10-19T10:45:56","date_gmt":"2023-10-19T13:45:56","guid":{"rendered":"https:\/\/sharkfreeapp.com\/?page_id=23843"},"modified":"2025-11-20T18:42:55","modified_gmt":"2025-11-20T18:42:55","slug":"contato","status":"publish","type":"page","link":"https:\/\/sharkfreeapp.com\/sr\/contato\/","title":{"rendered":"\u041a\u043e\u043d\u0442\u0430\u043a\u0442"},"content":{"rendered":"<figure class=\"wp-block-image\"><img decoding=\"async\" src=\"http:\/\/sharkfreeapp.com\/wp-content\/uploads\/sites\/99\/2023\/10\/Prancheta-2-copia-1024x356.png\" alt=\"\" \/><\/figure>\n\n\n\n<h2 class=\"wp-block-heading\">\u041a\u043e\u043d\u0442\u0430\u043a\u0442<\/h2>\n\n\n\n<h2 class=\"wp-block-heading\">\u0414\u0430 \u043b\u0438 \u0458\u043e\u0448 \u0443\u0432\u0435\u043a \u0438\u043c\u0430\u0442\u0435 \u043f\u0438\u0442\u0430\u045a\u0430?<\/h2>\n\n\n\n<h2 class=\"wp-block-heading\">\u0415\u0432\u043e \u043d\u0435\u043a\u0438\u0445 \u043e\u0434\u0433\u043e\u0432\u043e\u0440\u0430 \u043d\u0430 \u0447\u0435\u0441\u0442\u043e \u043f\u043e\u0441\u0442\u0430\u0432\u0459\u0430\u043d\u0430 \u043f\u0438\u0442\u0430\u045a\u0430.<\/h2>\n\n\n\n<p><a>\u0414\u0430 \u043b\u0438 \u0458\u0435 \u0441\u0430\u0432 \u0441\u0430\u0434\u0440\u0436\u0430\u0458 \u0431\u0435\u0441\u043f\u043b\u0430\u0442\u0430\u043d?<\/a><\/p>\n\n\n\n<p>\u0414\u0430, \u0438 \u0443\u0432\u0435\u043a \u045b\u0435 \u0431\u0438\u0442\u0438! \u041d\u0430\u0448\u0430 \u043c\u0438\u0441\u0438\u0458\u0430 \u0458\u0435 \u0434\u0430 \u043f\u043e\u0441\u0435\u0442\u0438\u043e\u0446\u0438\u043c\u0430 \u043d\u0430\u0448\u0435 \u0432\u0435\u0431 \u0441\u0442\u0440\u0430\u043d\u0438\u0446\u0435 \u043f\u0440\u0443\u0436\u0438\u043c\u043e \u0431\u0435\u0441\u043f\u043b\u0430\u0442\u0430\u043d, \u043a\u0432\u0430\u043b\u0438\u0442\u0435\u0442\u0430\u043d \u0441\u0430\u0434\u0440\u0436\u0430\u0458.<\/p>\n\n\n\n<p><a>\u041a\u0430\u043a\u043e \u043a\u043e\u043d\u0442\u0430\u043a\u0442\u0438\u0440\u0430\u0442\u0438 \u0441\u0430\u0458\u0442?<\/a><\/p>\n\n\n\n<p>\u041c\u043e\u0436\u0435\u0442\u0435 \u043d\u0430\u0441 \u043a\u043e\u043d\u0442\u0430\u043a\u0442\u0438\u0440\u0430\u0442\u0438 \u043f\u0443\u0442\u0435\u043c \u043d\u0430\u0448\u0435 \u043a\u043e\u043d\u0442\u0430\u043a\u0442 \u0441\u0442\u0440\u0430\u043d\u0438\u0446\u0435:&nbsp;<b><u><a href=\"https:\/\/sharkfreeapp.com\/sr\/contato\/\">https:\/\/sharkfreeapp.com\/contato\/<\/a><\/u><\/b><\/p>\n\n\n\n<p><a>\u041a\u0430\u043a\u043e \u0444\u0443\u043d\u043a\u0446\u0438\u043e\u043d\u0438\u0448\u0435 \u043d\u0430\u0448 \u0440\u0430\u0434?<\/a><\/p>\n\n\n\n<p>\u041d\u0430\u0448 \u0442\u0438\u043c \u0441\u0435 \u0441\u0430\u0441\u0442\u043e\u0458\u0438 \u043e\u0434 \u0459\u0443\u0434\u0438 \u043a\u043e\u0458\u0438 \u0432\u043e\u043b\u0435 \u0434\u0430 \u0438\u0441\u0442\u0440\u0430\u0436\u0443\u0458\u0443 \u0442\u0435\u0445\u043d\u043e\u043b\u043e\u0433\u0438\u0458\u0443, \u0438\u0433\u0440\u0435, \u0437\u0430\u043d\u0438\u043c\u0459\u0438\u0432\u043e\u0441\u0442\u0438 \u0438 \u0430\u043a\u0442\u0443\u0435\u043b\u043d\u0435 \u0434\u043e\u0433\u0430\u0452\u0430\u0458\u0435 \u0443\u043e\u043f\u0448\u0442\u0435. \u0421\u0430\u0432 \u0441\u0430\u0434\u0440\u0436\u0430\u0458 \u0434\u043e\u0441\u0442\u0443\u043f\u0430\u043d \u043d\u0430 \u0441\u0430\u0458\u0442\u0443 \u0458\u0435 \u0431\u0435\u0441\u043f\u043b\u0430\u0442\u0430\u043d \u0438 \u0443\u0432\u0435\u043a \u045b\u0435 \u0431\u0438\u0442\u0438! \u0410 \u0434\u0430 \u0431\u0438\u0441\u043c\u043e \u043f\u0440\u0443\u0436\u0438\u043b\u0438 \u043e\u0432\u0443 \u0431\u0435\u0441\u043f\u043b\u0430\u0442\u043d\u0443 \u0443\u0441\u043b\u0443\u0433\u0443, \u043d\u0430\u0448 \u0441\u0430\u0458\u0442 \u043f\u0440\u0443\u0436\u0430 \u043f\u0440\u043e\u0441\u0442\u043e\u0440 \u0437\u0430 \u043e\u0433\u043b\u0430\u0448\u0438\u0432\u0430\u0447\u0435 \u0434\u0430 \u0440\u0435\u043a\u043b\u0430\u043c\u0438\u0440\u0430\u0458\u0443 \u0441\u0432\u043e\u0458\u0435 \u043f\u0440\u043e\u0438\u0437\u0432\u043e\u0434\u0435.<\/p>\n\n\n\n<p><a>\u0414\u0430 \u043b\u0438 \u0458\u0435 \u0441\u0430\u0458\u0442 \u043f\u043e\u0443\u0437\u0434\u0430\u043d? <\/a><\/p>\n\n\n\n<p>\u0414\u0430! \u041d\u0430\u0448\u0430 \u0432\u0435\u0431 \u0441\u0442\u0440\u0430\u043d\u0438\u0446\u0430 \u0438\u043c\u0430 \u0441\u0432\u0443 \u043f\u043e\u0442\u0440\u0435\u0431\u043d\u0443 \u0442\u0435\u0445\u043d\u043e\u043b\u043e\u0433\u0438\u0458\u0443 \u0437\u0430 \u0431\u0435\u0437\u0431\u0435\u0434\u043d\u043e\u0441\u0442 \u043d\u0430\u0448\u0438\u0445 \u043a\u043e\u0440\u0438\u0441\u043d\u0438\u043a\u0430. \u0418\u0430\u043a\u043e \u0441\u0435 \u0438\u043d\u0444\u043e\u0440\u043c\u0430\u0446\u0438\u0458\u0435 \u043e\u0431\u0458\u0430\u0432\u0459\u0443\u0458\u0443 \u043e\u0432\u0434\u0435, \u0441\u0432\u0435 \u0441\u0435 \u043f\u0440\u043e\u0432\u0435\u0440\u0430\u0432\u0430 \u043f\u0440\u0435 \u043e\u0431\u0458\u0430\u0432\u0459\u0438\u0432\u0430\u045a\u0430.<\/p>\n\n\n<div class=\"wpforms-container wpforms-block wpforms-block-cc234a93-021f-4047-902f-b9462d53c933\" id=\"wpforms-31203\"><form id=\"wpforms-form-31203\" class=\"wpforms-validate wpforms-form wpforms-ajax-form\" data-formid=\"31203\" method=\"post\" enctype=\"multipart\/form-data\" action=\"\/sr\/wp-json\/wp\/v2\/pages\/23843\" data-token=\"d8d4e9e5a37ca1558bdd60b59b0f4db4\" data-token-time=\"1775904363\" data-trp-original-action=\"\/sr\/wp-json\/wp\/v2\/pages\/23843\"><noscript class=\"wpforms-error-noscript\">Please enable JavaScript in your browser to complete this form.<\/noscript><div class=\"wpforms-field-container\">\t\t<div id=\"wpforms-31203-field_4-container\"\n\t\t\tclass=\"wpforms-field wpforms-field-text\"\n\t\t\tdata-field-type=\"text\"\n\t\t\tdata-field-id=\"4\"\n\t\t\t>\n\t\t\t<label class=\"wpforms-field-label\" for=\"wpforms-31203-field_4\" >Mensagem Nome E-mail<\/label>\n\t\t\t<input type=\"text\" id=\"wpforms-31203-field_4\" class=\"wpforms-field-medium\" name=\"wpforms[fields][4]\" >\n\t\t<\/div>\n\t\t<div id=\"wpforms-31203-field_1-container\" class=\"wpforms-field wpforms-field-name\" data-field-id=\"1\"><label class=\"wpforms-field-label\">\u0418\u043c\u0435 <span class=\"wpforms-required-label\">*<\/span><\/label><div class=\"wpforms-field-row wpforms-field-medium\"><div class=\"wpforms-field-row-block wpforms-first wpforms-one-half\"><input type=\"text\" id=\"wpforms-31203-field_1\" class=\"wpforms-field-name-first wpforms-field-required\" name=\"wpforms[fields][1][first]\" required><label for=\"wpforms-31203-field_1\" class=\"wpforms-field-sublabel after\">First<\/label><\/div><div class=\"wpforms-field-row-block wpforms-one-half\"><input type=\"text\" id=\"wpforms-31203-field_1-last\" class=\"wpforms-field-name-last wpforms-field-required\" name=\"wpforms[fields][1][last]\" required><label for=\"wpforms-31203-field_1-last\" class=\"wpforms-field-sublabel after\">Last<\/label><\/div><\/div><\/div><div id=\"wpforms-31203-field_2-container\" class=\"wpforms-field wpforms-field-email\" data-field-id=\"2\"><label class=\"wpforms-field-label\" for=\"wpforms-31203-field_2\">\u0415-\u043f\u043e\u0448\u0442\u0430 <span class=\"wpforms-required-label\">*<\/span><\/label><input type=\"email\" id=\"wpforms-31203-field_2\" class=\"wpforms-field-medium wpforms-field-required\" name=\"wpforms[fields][2]\" spellcheck=\"false\" required><\/div><div id=\"wpforms-31203-field_3-container\" class=\"wpforms-field wpforms-field-textarea\" data-field-id=\"3\"><label class=\"wpforms-field-label\" for=\"wpforms-31203-field_3\">\u041a\u043e\u043c\u0435\u043d\u0442\u0430\u0440 \u0438\u043b\u0438 \u043f\u043e\u0440\u0443\u043a\u0430<\/label><textarea id=\"wpforms-31203-field_3\" class=\"wpforms-field-medium\" name=\"wpforms[fields][3]\" ><\/textarea><\/div><script>\n\t\t\t\t( function() {\n\t\t\t\t\tconst style = document.createElement( 'style' );\n\t\t\t\t\tstyle.appendChild( document.createTextNode( '#wpforms-31203-field_4-container { position: absolute !important; overflow: hidden !important; display: inline !important; height: 1px !important; width: 1px !important; z-index: -1000 !important; padding: 0 !important; } #wpforms-31203-field_4-container input { visibility: hidden; } #wpforms-conversational-form-page #wpforms-31203-field_4-container label { counter-increment: none; }' ) );\n\t\t\t\t\tdocument.head.appendChild( style );\n\t\t\t\t\tdocument.currentScript?.remove();\n\t\t\t\t} )();\n\t\t\t<\/script><\/div><!-- .wpforms-field-container --><div class=\"wpforms-submit-container\" ><input type=\"hidden\" name=\"wpforms[id]\" value=\"31203\"><input type=\"hidden\" name=\"page_title\" value=\"\"><input type=\"hidden\" name=\"page_url\" value=\"https:\/\/sharkfreeapp.com\/sr\/wp-json\/wp\/v2\/pages\/23843\"><input type=\"hidden\" name=\"url_referer\" value=\"\"><button type=\"submit\" name=\"wpforms[submit]\" id=\"wpforms-submit-31203\" class=\"wpforms-submit\" data-alt-text=\"Enviando\u2026\" data-submit-text=\"Enviar\" aria-live=\"assertive\" value=\"wpforms-submit\">\u0417\u0430 \u0441\u043b\u0430\u045a\u0435<\/button><img loading=\"lazy\" decoding=\"async\" src=\"https:\/\/sharkfreeapp.com\/wp-content\/plugins\/wpforms-lite\/assets\/images\/submit-spin.svg\" class=\"wpforms-submit-spinner\" style=\"display: none;\" width=\"26\" height=\"26\" alt=\"Loading\"><\/div><input type=\"hidden\" name=\"trp-form-language\" value=\"sr\"\/><\/form><\/div>  <!-- .wpforms-container -->","protected":false},"excerpt":{"rendered":"<p>Contato Voc\u00ea ainda tem d\u00favidas? Aqui est\u00e3o algumas respostas para d\u00favidas frequentes. Todo Conteudo \u00e9 Gratuito? Sim, e sempre ser\u00e1! [&hellip;]<\/p>","protected":false},"author":97,"featured_media":0,"parent":0,"menu_order":0,"comment_status":"closed","ping_status":"closed","template":"","meta":{"_uag_custom_page_level_css":"","site-sidebar-layout":"default","site-content-layout":"","ast-site-content-layout":"default","site-content-style":"default","site-sidebar-style":"default","ast-global-header-display":"","ast-banner-title-visibility":"","ast-main-header-display":"","ast-hfb-above-header-display":"","ast-hfb-below-header-display":"","ast-hfb-mobile-header-display":"","site-post-title":"","ast-breadcrumbs-content":"","ast-featured-img":"","footer-sml-layout":"","theme-transparent-header-meta":"","adv-header-id-meta":"","stick-header-meta":"","header-above-stick-meta":"","header-main-stick-meta":"","header-below-stick-meta":"","astra-migrate-meta-layouts":"set","ast-page-background-enabled":"default","ast-page-background-meta":{"desktop":{"background-color":"var(--ast-global-color-4)","background-image":"","background-repeat":"repeat","background-position":"center center","background-size":"auto","background-attachment":"scroll","background-type":"","background-media":"","overlay-type":"","overlay-color":"","overlay-opacity":"","overlay-gradient":""},"tablet":{"background-color":"","background-image":"","background-repeat":"repeat","background-position":"center center","background-size":"auto","background-attachment":"scroll","background-type":"","background-media":"","overlay-type":"","overlay-color":"","overlay-opacity":"","overlay-gradient":""},"mobile":{"background-color":"","background-image":"","background-repeat":"repeat","background-position":"center center","background-size":"auto","background-attachment":"scroll","background-type":"","background-media":"","overlay-type":"","overlay-color":"","overlay-opacity":"","overlay-gradient":""}},"ast-content-background-meta":{"desktop":{"background-color":"var(--ast-global-color-5)","background-image":"","background-repeat":"repeat","background-position":"center center","background-size":"auto","background-attachment":"scroll","background-type":"","background-media":"","overlay-type":"","overlay-color":"","overlay-opacity":"","overlay-gradient":""},"tablet":{"background-color":"var(--ast-global-color-5)","background-image":"","background-repeat":"repeat","background-position":"center center","background-size":"auto","background-attachment":"scroll","background-type":"","background-media":"","overlay-type":"","overlay-color":"","overlay-opacity":"","overlay-gradient":""},"mobile":{"background-color":"var(--ast-global-color-5)","background-image":"","background-repeat":"repeat","background-position":"center center","background-size":"auto","background-attachment":"scroll","background-type":"","background-media":"","overlay-type":"","overlay-color":"","overlay-opacity":"","overlay-gradient":""}},"footnotes":""},"yoast_head":"<!-- This site is optimized with the Yoast SEO Premium plugin v18.7 (Yoast SEO v23.3) - https:\/\/yoast.com\/wordpress\/plugins\/seo\/ -->\n<title>Contato - Shark Free App<\/title>\n<meta name=\"robots\" content=\"index, follow, max-snippet:-1, max-image-preview:large, max-video-preview:-1\" \/>\n<link rel=\"canonical\" href=\"https:\/\/sharkfreeapp.com\/sr\/contato\/\" \/>\n<meta property=\"og:locale\" content=\"sr_RS\" \/>\n<meta property=\"og:type\" content=\"article\" \/>\n<meta property=\"og:title\" content=\"Contato\" \/>\n<meta property=\"og:description\" content=\"Contato Voc\u00ea ainda tem d\u00favidas? Aqui est\u00e3o algumas respostas para d\u00favidas frequentes. Todo Conteudo \u00e9 Gratuito? Sim, e sempre ser\u00e1! [&hellip;]\" \/>\n<meta property=\"og:url\" content=\"https:\/\/sharkfreeapp.com\/sr\/contato\/\" \/>\n<meta property=\"og:site_name\" content=\"Shark Free App\" \/>\n<meta property=\"article:modified_time\" content=\"2025-11-20T18:42:55+00:00\" \/>\n<meta property=\"og:image\" content=\"http:\/\/sharkfreeapp.com\/wp-content\/uploads\/sites\/99\/2023\/10\/Prancheta-2-copia-1024x356.png\" \/>\n<meta name=\"twitter:card\" content=\"summary_large_image\" \/>\n<meta name=\"twitter:label1\" content=\"Est. reading time\" \/>\n\t<meta name=\"twitter:data1\" content=\"1 \u043c\u0438\u043d\u0443\u0442\" \/>\n<script type=\"application\/ld+json\" class=\"yoast-schema-graph\">{\"@context\":\"https:\/\/schema.org\",\"@graph\":[{\"@type\":\"WebPage\",\"@id\":\"https:\/\/sharkfreeapp.com\/contato\/\",\"url\":\"https:\/\/sharkfreeapp.com\/contato\/\",\"name\":\"Contato - Shark Free App\",\"isPartOf\":{\"@id\":\"https:\/\/sharkfreeapp.com\/#website\"},\"primaryImageOfPage\":{\"@id\":\"https:\/\/sharkfreeapp.com\/contato\/#primaryimage\"},\"image\":{\"@id\":\"https:\/\/sharkfreeapp.com\/contato\/#primaryimage\"},\"thumbnailUrl\":\"http:\/\/sharkfreeapp.com\/wp-content\/uploads\/sites\/99\/2023\/10\/Prancheta-2-copia-1024x356.png\",\"datePublished\":\"2023-10-19T13:45:56+00:00\",\"dateModified\":\"2025-11-20T18:42:55+00:00\",\"breadcrumb\":{\"@id\":\"https:\/\/sharkfreeapp.com\/contato\/#breadcrumb\"},\"inLanguage\":\"sr-RS\",\"potentialAction\":[{\"@type\":\"ReadAction\",\"target\":[\"https:\/\/sharkfreeapp.com\/contato\/\"]}]},{\"@type\":\"ImageObject\",\"inLanguage\":\"sr-RS\",\"@id\":\"https:\/\/sharkfreeapp.com\/contato\/#primaryimage\",\"url\":\"http:\/\/sharkfreeapp.com\/wp-content\/uploads\/sites\/99\/2023\/10\/Prancheta-2-copia-1024x356.png\",\"contentUrl\":\"http:\/\/sharkfreeapp.com\/wp-content\/uploads\/sites\/99\/2023\/10\/Prancheta-2-copia-1024x356.png\"},{\"@type\":\"BreadcrumbList\",\"@id\":\"https:\/\/sharkfreeapp.com\/contato\/#breadcrumb\",\"itemListElement\":[{\"@type\":\"ListItem\",\"position\":1,\"name\":\"Home\",\"item\":\"https:\/\/sharkfreeapp.com\/\"},{\"@type\":\"ListItem\",\"position\":2,\"name\":\"Contato\"}]},{\"@type\":\"WebSite\",\"@id\":\"https:\/\/sharkfreeapp.com\/#website\",\"url\":\"https:\/\/sharkfreeapp.com\/\",\"name\":\"Shark Free App\",\"description\":\"\",\"publisher\":{\"@id\":\"https:\/\/sharkfreeapp.com\/#organization\"},\"potentialAction\":[{\"@type\":\"SearchAction\",\"target\":{\"@type\":\"EntryPoint\",\"urlTemplate\":\"https:\/\/sharkfreeapp.com\/?s={search_term_string}\"},\"query-input\":\"required name=search_term_string\"}],\"inLanguage\":\"sr-RS\"},{\"@type\":\"Organization\",\"@id\":\"https:\/\/sharkfreeapp.com\/#organization\",\"name\":\"Shark Free App\",\"url\":\"https:\/\/sharkfreeapp.com\/\",\"logo\":{\"@type\":\"ImageObject\",\"inLanguage\":\"sr-RS\",\"@id\":\"https:\/\/sharkfreeapp.com\/#\/schema\/logo\/image\/\",\"url\":\"https:\/\/sharkfreeapp.com\/wp-content\/uploads\/sites\/99\/2023\/10\/cropped-Shark-Free-App-Logo_600px.png\",\"contentUrl\":\"https:\/\/sharkfreeapp.com\/wp-content\/uploads\/sites\/99\/2023\/10\/cropped-Shark-Free-App-Logo_600px.png\",\"width\":600,\"height\":208,\"caption\":\"Shark Free App\"},\"image\":{\"@id\":\"https:\/\/sharkfreeapp.com\/#\/schema\/logo\/image\/\"}}]}<\/script>\n<!-- \/ Yoast SEO Premium plugin. -->","yoast_head_json":{"title":"Contato - Shark Free App","robots":{"index":"index","follow":"follow","max-snippet":"max-snippet:-1","max-image-preview":"max-image-preview:large","max-video-preview":"max-video-preview:-1"},"canonical":"https:\/\/sharkfreeapp.com\/sr\/contato\/","og_locale":"sr_RS","og_type":"article","og_title":"Contato","og_description":"Contato Voc\u00ea ainda tem d\u00favidas? Aqui est\u00e3o algumas respostas para d\u00favidas frequentes. Todo Conteudo \u00e9 Gratuito? Sim, e sempre ser\u00e1! [&hellip;]","og_url":"https:\/\/sharkfreeapp.com\/sr\/contato\/","og_site_name":"Shark Free App","article_modified_time":"2025-11-20T18:42:55+00:00","og_image":[{"url":"http:\/\/sharkfreeapp.com\/wp-content\/uploads\/sites\/99\/2023\/10\/Prancheta-2-copia-1024x356.png"}],"twitter_card":"summary_large_image","twitter_misc":{"Est. reading time":"1 \u043c\u0438\u043d\u0443\u0442"},"schema":{"@context":"https:\/\/schema.org","@graph":[{"@type":"WebPage","@id":"https:\/\/sharkfreeapp.com\/contato\/","url":"https:\/\/sharkfreeapp.com\/contato\/","name":"Contato - Shark Free App","isPartOf":{"@id":"https:\/\/sharkfreeapp.com\/#website"},"primaryImageOfPage":{"@id":"https:\/\/sharkfreeapp.com\/contato\/#primaryimage"},"image":{"@id":"https:\/\/sharkfreeapp.com\/contato\/#primaryimage"},"thumbnailUrl":"http:\/\/sharkfreeapp.com\/wp-content\/uploads\/sites\/99\/2023\/10\/Prancheta-2-copia-1024x356.png","datePublished":"2023-10-19T13:45:56+00:00","dateModified":"2025-11-20T18:42:55+00:00","breadcrumb":{"@id":"https:\/\/sharkfreeapp.com\/contato\/#breadcrumb"},"inLanguage":"sr-RS","potentialAction":[{"@type":"ReadAction","target":["https:\/\/sharkfreeapp.com\/contato\/"]}]},{"@type":"ImageObject","inLanguage":"sr-RS","@id":"https:\/\/sharkfreeapp.com\/contato\/#primaryimage","url":"http:\/\/sharkfreeapp.com\/wp-content\/uploads\/sites\/99\/2023\/10\/Prancheta-2-copia-1024x356.png","contentUrl":"http:\/\/sharkfreeapp.com\/wp-content\/uploads\/sites\/99\/2023\/10\/Prancheta-2-copia-1024x356.png"},{"@type":"BreadcrumbList","@id":"https:\/\/sharkfreeapp.com\/contato\/#breadcrumb","itemListElement":[{"@type":"ListItem","position":1,"name":"Home","item":"https:\/\/sharkfreeapp.com\/"},{"@type":"ListItem","position":2,"name":"Contato"}]},{"@type":"WebSite","@id":"https:\/\/sharkfreeapp.com\/#website","url":"https:\/\/sharkfreeapp.com\/","name":"Shark Free App","description":"","publisher":{"@id":"https:\/\/sharkfreeapp.com\/#organization"},"potentialAction":[{"@type":"SearchAction","target":{"@type":"EntryPoint","urlTemplate":"https:\/\/sharkfreeapp.com\/?s={search_term_string}"},"query-input":"required name=search_term_string"}],"inLanguage":"sr-RS"},{"@type":"Organization","@id":"https:\/\/sharkfreeapp.com\/#organization","name":"Shark Free App","url":"https:\/\/sharkfreeapp.com\/","logo":{"@type":"ImageObject","inLanguage":"sr-RS","@id":"https:\/\/sharkfreeapp.com\/#\/schema\/logo\/image\/","url":"https:\/\/sharkfreeapp.com\/wp-content\/uploads\/sites\/99\/2023\/10\/cropped-Shark-Free-App-Logo_600px.png","contentUrl":"https:\/\/sharkfreeapp.com\/wp-content\/uploads\/sites\/99\/2023\/10\/cropped-Shark-Free-App-Logo_600px.png","width":600,"height":208,"caption":"Shark Free App"},"image":{"@id":"https:\/\/sharkfreeapp.com\/#\/schema\/logo\/image\/"}}]}},"uagb_featured_image_src":{"full":false,"thumbnail":false,"medium":false,"medium_large":false,"large":false,"1536x1536":false,"2048x2048":false,"trp-custom-language-flag":false},"uagb_author_info":{"display_name":"pedrosantosfirefe","author_link":"https:\/\/sharkfreeapp.com\/sr\/author\/pedrosantosfirefe\/"},"uagb_comment_info":0,"uagb_excerpt":"Contato Voc\u00ea ainda tem d\u00favidas? Aqui est\u00e3o algumas respostas para d\u00favidas frequentes. Todo Conteudo \u00e9 Gratuito? Sim, e sempre ser\u00e1! [&hellip;]","_links":{"self":[{"href":"https:\/\/sharkfreeapp.com\/sr\/wp-json\/wp\/v2\/pages\/23843"}],"collection":[{"href":"https:\/\/sharkfreeapp.com\/sr\/wp-json\/wp\/v2\/pages"}],"about":[{"href":"https:\/\/sharkfreeapp.com\/sr\/wp-json\/wp\/v2\/types\/page"}],"author":[{"embeddable":true,"href":"https:\/\/sharkfreeapp.com\/sr\/wp-json\/wp\/v2\/users\/97"}],"replies":[{"embeddable":true,"href":"https:\/\/sharkfreeapp.com\/sr\/wp-json\/wp\/v2\/comments?post=23843"}],"version-history":[{"count":3,"href":"https:\/\/sharkfreeapp.com\/sr\/wp-json\/wp\/v2\/pages\/23843\/revisions"}],"predecessor-version":[{"id":31205,"href":"https:\/\/sharkfreeapp.com\/sr\/wp-json\/wp\/v2\/pages\/23843\/revisions\/31205"}],"wp:attachment":[{"href":"https:\/\/sharkfreeapp.com\/sr\/wp-json\/wp\/v2\/media?parent=23843"}],"curies":[{"name":"wp","href":"https:\/\/api.w.org\/{rel}","templated":true}]}}